{"id":11426,"date":"2023-09-22T08:30:08","date_gmt":"2023-09-22T06:30:08","guid":{"rendered":"http:\/\/www.maria-koenigin.de\/?page_id=11426"},"modified":"2024-12-09T14:21:39","modified_gmt":"2024-12-09T13:21:39","slug":"mathe-olympiade","status":"publish","type":"page","link":"http:\/\/www.maria-koenigin.de\/?page_id=11426","title":{"rendered":"Mathe Olympiade"},"content":{"rendered":"<h1><strong>\u201eCitius, altiu<\/strong><strong>s, fortius\u201c<\/strong><\/h1>\n<div id=\"attachment_11429\" style=\"width: 310px\" class=\"wp-caption alignnone\"><img loading=\"lazy\" decoding=\"async\" aria-describedby=\"caption-attachment-11429\" class=\"wp-image-11429\" src=\"http:\/\/www.maria-koenigin.de\/wordpress\/wp-content\/uploads\/2022\/12\/MO_Logo.jpg\" alt=\"\" width=\"300\" height=\"300\" srcset=\"http:\/\/www.maria-koenigin.de\/wordpress\/wp-content\/uploads\/2022\/12\/MO_Logo.jpg 250w, http:\/\/www.maria-koenigin.de\/wordpress\/wp-content\/uploads\/2022\/12\/MO_Logo-150x150.jpg 150w\" sizes=\"auto, (max-width: 300px) 100vw, 300px\" \/><p id=\"caption-attachment-11429\" class=\"wp-caption-text\">Quelle: https:\/\/mathe-nrw.de\/wettbewerb\/ (5.10.23)<\/p><\/div>\n<p style=\"text-align: justify;\">Die Mathematik-Olympiade ist ein j\u00e4hrlich bundesweit angebotener Wettbewerb, an dem \u00fcber 200.000 Sch\u00fclerinnen und Sch\u00fcler insgesamt teilnehmen. Die Mathematik-Olympiade hat eine bis in das Schuljahr 1961\/62 zur\u00fcckreichende Tradition. Sie bietet allen interessierten Sch\u00fclerinnen und Sch\u00fclern die M\u00f6glichkeit, ihre besondere Leistungsf\u00e4higkeit auf mathematischem Gebiet unter Beweis zu stellen. Der nach Altersstufen gegliederte Wettbewerb f\u00fcr die Klassen 3 bis Q2 erfordert logisches Denken, Kombinationsf\u00e4higkeit und kreativen Umgang mit mathematischen Methoden. Die Teilnahme am Wettbewerb regt h\u00e4ufig zu einer weit \u00fcber den Unterricht hinausreichenden Besch\u00e4ftigung mit der Mathematik an. In den unteren Klassenstufen dominiert als Motiv oft der Spa\u00df am rational-logischen Denken. Bei den \u00c4lteren besteht das Interesse dagegen mehr darin, eigene mathematische F\u00e4higkeiten an der Bearbeitung anspruchsvoller Aufgaben zu erproben, zu festigen und weiterzuentwickeln. Die Mathematik-Olympiade ist dabei ein Stufenwettbewerb, die Leistungsst\u00e4rksten einer Stufe qualifizieren sich f\u00fcr die n\u00e4chstfolgende (Schulrunde ab Schuljahresbeginn \u00a0Regionalrunde<\/p>\n<p><img loading=\"lazy\" decoding=\"async\" class=\"alignnone wp-image-15061 size-full\" src=\"http:\/\/www.maria-koenigin.de\/wordpress\/wp-content\/uploads\/2024\/12\/Mathe-Olympiadekl.jpg\" alt=\"\" width=\"640\" height=\"647\" srcset=\"http:\/\/www.maria-koenigin.de\/wordpress\/wp-content\/uploads\/2024\/12\/Mathe-Olympiadekl.jpg 640w, http:\/\/www.maria-koenigin.de\/wordpress\/wp-content\/uploads\/2024\/12\/Mathe-Olympiadekl-297x300.jpg 297w, http:\/\/www.maria-koenigin.de\/wordpress\/wp-content\/uploads\/2024\/12\/Mathe-Olympiadekl-624x631.jpg 624w\" sizes=\"auto, (max-width: 640px) 100vw, 640px\" \/><\/p>\n<p style=\"text-align: justify;\">Anfang\/Mitte November Landesrunde Ende Februar \u00a0Bundesrunde Anfang\/Mitte Juni). Wenn du Interesse hast, so laden wird dich herzlich ein an der ersten Stufe, der Schulrunde teilzunehmen. Durch diesen Hausaufgabenwettbewerb, der am Anfang des Schuljahres stattfindet, kannst du dich dann f\u00fcr die Regionalrunde qualifiziert, welche in jedem Jahr an einem anderen Gymnasium des Kreises Olpe ausgetragen wird und du dich mit ca. 60 Sch\u00fclerinnen und Sch\u00fclern der anderen Gymnasien des Kreises Olpe in einer dreist\u00fcndigen Klausur messen kannst. Nach einem st\u00e4rkenden Mittagessen und Begleitprogramm folgt schlie\u00dflich der H\u00f6hepunkt, die Preisverleihung. Belegst du hier einen ersten Platz so geht es in die dritte Stufe, die Landesrunde, welche in einer Universit\u00e4t in NRW ausgetragen. Geh\u00f6rst du auch hier zu den Besten folgt schlie\u00dflich die Bundesrunde.<\/p>\n<p style=\"text-align: justify;\"><img loading=\"lazy\" decoding=\"async\" class=\"alignnone wp-image-11427\" src=\"http:\/\/www.maria-koenigin.de\/wordpress\/wp-content\/uploads\/2022\/12\/Bild_Platz-1-286x300.jpg\" alt=\"\" width=\"350\" height=\"368\" srcset=\"http:\/\/www.maria-koenigin.de\/wordpress\/wp-content\/uploads\/2022\/12\/Bild_Platz-1-286x300.jpg 286w, http:\/\/www.maria-koenigin.de\/wordpress\/wp-content\/uploads\/2022\/12\/Bild_Platz-1-975x1024.jpg 975w, http:\/\/www.maria-koenigin.de\/wordpress\/wp-content\/uploads\/2022\/12\/Bild_Platz-1-768x807.jpg 768w, http:\/\/www.maria-koenigin.de\/wordpress\/wp-content\/uploads\/2022\/12\/Bild_Platz-1-1462x1536.jpg 1462w, http:\/\/www.maria-koenigin.de\/wordpress\/wp-content\/uploads\/2022\/12\/Bild_Platz-1-1950x2048.jpg 1950w, http:\/\/www.maria-koenigin.de\/wordpress\/wp-content\/uploads\/2022\/12\/Bild_Platz-1-624x655.jpg 624w\" sizes=\"auto, (max-width: 350px) 100vw, 350px\" \/><\/p>\n<p style=\"text-align: justify;\">Wir w\u00fcrden uns freuen, wenn auch du beim n\u00e4chsten Mal dabei bist. Bei Fragen zur Mathematik-Olympiade kannst du gerne Herrn Quast\u00a0 oder Frau Wirtz\u00a0 ansprechen.<\/p>\n<p>Weitere Infos und Aufgabenbeispiele findest du unter: <a href=\"https:\/\/www.mathematik-olympiaden.de\/moev\/index.php\">Mathe Olympiade<\/a><\/p>\n<p><a href=\"http:\/\/www.maria-koenigin.de\/?page_id=12734\">zur\u00fcck<\/a> zur \u00dcbersicht der Wettbewerbe<\/p>\n","protected":false},"excerpt":{"rendered":"<p>\u201eCitius, altius, fortius\u201c Die Mathematik-Olympiade ist ein j\u00e4hrlich bundesweit angebotener Wettbewerb, an dem \u00fcber 200.000 Sch\u00fclerinnen und Sch\u00fcler insgesamt teilnehmen. Die Mathematik-Olympiade hat eine bis in das Schuljahr 1961\/62 zur\u00fcckreichende Tradition. Sie bietet allen interessierten Sch\u00fclerinnen und Sch\u00fclern die M\u00f6glichkeit, ihre besondere Leistungsf\u00e4higkeit auf mathematischem Gebiet unter Beweis zu stellen. Der nach Altersstufen gegliederte Wettbewerb [&hellip;]<\/p>\n","protected":false},"author":14,"featured_media":0,"parent":0,"menu_order":0,"comment_status":"closed","ping_status":"closed","template":"","meta":{"ngg_post_thumbnail":0,"_mc_calendar":[],"footnotes":""},"class_list":["post-11426","page","type-page","status-publish","hentry"],"_links":{"self":[{"href":"http:\/\/www.maria-koenigin.de\/index.php?rest_route=\/wp\/v2\/pages\/11426","targetHints":{"allow":["GET"]}}],"collection":[{"href":"http:\/\/www.maria-koenigin.de\/index.php?rest_route=\/wp\/v2\/pages"}],"about":[{"href":"http:\/\/www.maria-koenigin.de\/index.php?rest_route=\/wp\/v2\/types\/page"}],"author":[{"embeddable":true,"href":"http:\/\/www.maria-koenigin.de\/index.php?rest_route=\/wp\/v2\/users\/14"}],"replies":[{"embeddable":true,"href":"http:\/\/www.maria-koenigin.de\/index.php?rest_route=%2Fwp%2Fv2%2Fcomments&post=11426"}],"version-history":[{"count":16,"href":"http:\/\/www.maria-koenigin.de\/index.php?rest_route=\/wp\/v2\/pages\/11426\/revisions"}],"predecessor-version":[{"id":16133,"href":"http:\/\/www.maria-koenigin.de\/index.php?rest_route=\/wp\/v2\/pages\/11426\/revisions\/16133"}],"wp:attachment":[{"href":"http:\/\/www.maria-koenigin.de\/index.php?rest_route=%2Fwp%2Fv2%2Fmedia&parent=11426"}],"curies":[{"name":"wp","href":"https:\/\/api.w.org\/{rel}","templated":true}]}}