{"id":11901,"date":"2023-10-09T19:39:21","date_gmt":"2023-10-09T17:39:21","guid":{"rendered":"http:\/\/www.maria-koenigin.de\/?page_id=11901"},"modified":"2025-04-23T15:41:49","modified_gmt":"2025-04-23T13:41:49","slug":"mint-ins-land","status":"publish","type":"page","link":"http:\/\/www.maria-koenigin.de\/?page_id=11901","title":{"rendered":"MINT ins Land"},"content":{"rendered":"<h1><strong>Ab in den MINT-Truck!<\/strong><\/h1>\n<p><img loading=\"lazy\" decoding=\"async\" class=\"alignnone wp-image-11902\" src=\"http:\/\/www.maria-koenigin.de\/wordpress\/wp-content\/uploads\/2023\/02\/bild.png\" alt=\"\" width=\"300\" height=\"347\" \/><\/p>\n<p style=\"text-align: justify;\">Du hast Interesse an Naturwissenschaften? Du\u00a0 m\u00f6chtest dich \u00fcber den Unterricht hinaus mit aktuellen Themen und Alltagsbeispielen aus diesem Bereich besch\u00e4ftigen? Du bist in der Unter- oder Mittelstufe? Dann ist das Projekt \u201eMINT ins Land\u201c genau das Richtige f\u00fcr dich!<\/p>\n<p style=\"text-align: justify;\">Das Projekt \u201cMINT ins Land\u201c ist ein au\u00dferschulisches Angebot von der Universit\u00e4t Siegen in Kooperation mit dem Kreis Olpe, um dir die M\u00f6glichkeit zu bieten, mit modernen Techniken und interessanten Experimenten \u00a0aus den Bereichen Mathematik, Biologie, Chemie, Physik und Technik praktisch zu arbeiten und Ger\u00e4te zu benutzen bzw. Aufgaben zu bearbeiten, die es sonst so in der Form im Regelunterricht an deiner Schule nicht gibt. Das Projekt findet deshalb auch nicht in der Schule statt, sondern in einem speziell ausger\u00fcsteten MINT Truck, der alle zwei Wochen an verschiedenen Stationen im Kreis Olpe. In der Projektphase kannst du dabei aus verschiedenen Themengebieten ausw\u00e4hlen, an denen du jeweils eine Stunde pro Treffen im 14-t\u00e4gigen Rhythmus arbeitest. Eine Mehrfachauswahl ist auch m\u00f6glich! Die genauen Zeitpl\u00e4ne f\u00fcr die einzelnen Standorte, Infos \u00fcber die Projekte und das Anmeldeformular findest du unter folgendem <span style=\"color: #0000ff;\"><a style=\"color: #0000ff;\" href=\"https:\/\/mintinsland.de\/\" target=\"_blank\" rel=\"noopener\">Link<\/a>.<\/span><\/p>\n<p style=\"text-align: justify;\">Das Projekt ist \u00fcbrigens komplett kostenlos! Wenn du noch Fragen hast, kannst du dich gerne per Mail oder pers\u00f6nlich bei mir melden.<\/p>\n<p style=\"text-align: justify;\"><strong>Ansprechpartner:<\/strong> Matthias Walter<\/p>\n<p><a href=\"http:\/\/www.maria-koenigin.de\/?page_id=12736\">zur\u00fcck<\/a> zur \u00dcbersicht der Angebote<\/p>\n","protected":false},"excerpt":{"rendered":"<p>Ab in den MINT-Truck! Du hast Interesse an Naturwissenschaften? Du\u00a0 m\u00f6chtest dich \u00fcber den Unterricht hinaus mit aktuellen Themen und Alltagsbeispielen aus diesem Bereich besch\u00e4ftigen? Du bist in der Unter- oder Mittelstufe? Dann ist das Projekt \u201eMINT ins Land\u201c genau das Richtige f\u00fcr dich! Das Projekt \u201cMINT ins Land\u201c ist ein au\u00dferschulisches Angebot von der [&hellip;]<\/p>\n","protected":false},"author":14,"featured_media":0,"parent":0,"menu_order":0,"comment_status":"closed","ping_status":"closed","template":"","meta":{"ngg_post_thumbnail":0,"_mc_calendar":[],"footnotes":""},"class_list":["post-11901","page","type-page","status-publish","hentry"],"_links":{"self":[{"href":"http:\/\/www.maria-koenigin.de\/index.php?rest_route=\/wp\/v2\/pages\/11901","targetHints":{"allow":["GET"]}}],"collection":[{"href":"http:\/\/www.maria-koenigin.de\/index.php?rest_route=\/wp\/v2\/pages"}],"about":[{"href":"http:\/\/www.maria-koenigin.de\/index.php?rest_route=\/wp\/v2\/types\/page"}],"author":[{"embeddable":true,"href":"http:\/\/www.maria-koenigin.de\/index.php?rest_route=\/wp\/v2\/users\/14"}],"replies":[{"embeddable":true,"href":"http:\/\/www.maria-koenigin.de\/index.php?rest_route=%2Fwp%2Fv2%2Fcomments&post=11901"}],"version-history":[{"count":17,"href":"http:\/\/www.maria-koenigin.de\/index.php?rest_route=\/wp\/v2\/pages\/11901\/revisions"}],"predecessor-version":[{"id":16145,"href":"http:\/\/www.maria-koenigin.de\/index.php?rest_route=\/wp\/v2\/pages\/11901\/revisions\/16145"}],"wp:attachment":[{"href":"http:\/\/www.maria-koenigin.de\/index.php?rest_route=%2Fwp%2Fv2%2Fmedia&parent=11901"}],"curies":[{"name":"wp","href":"https:\/\/api.w.org\/{rel}","templated":true}]}}