{"id":11906,"date":"2023-10-05T18:18:10","date_gmt":"2023-10-05T16:18:10","guid":{"rendered":"http:\/\/www.maria-koenigin.de\/?page_id=11906"},"modified":"2025-04-23T15:30:55","modified_gmt":"2025-04-23T13:30:55","slug":"kaenguru-wettbewerb","status":"publish","type":"page","link":"http:\/\/www.maria-koenigin.de\/?page_id=11906","title":{"rendered":"K\u00e4nguru Wettbewerb"},"content":{"rendered":"<h1><strong>Internationaler K\u00e4nguru-Wettbewerb der Mathematik \u2013 <\/strong><strong>oder was hat ein K\u00e4nguru mit Mathematik zu tun???<\/strong><\/h1>\n<div id=\"attachment_12860\" style=\"width: 310px\" class=\"wp-caption alignnone\"><img loading=\"lazy\" decoding=\"async\" aria-describedby=\"caption-attachment-12860\" class=\"wp-image-12860\" src=\"http:\/\/www.maria-koenigin.de\/wordpress\/wp-content\/uploads\/2023\/10\/Bild4-300x300.png\" alt=\"\" width=\"300\" height=\"300\" srcset=\"http:\/\/www.maria-koenigin.de\/wordpress\/wp-content\/uploads\/2023\/10\/Bild4-300x300.png 300w, http:\/\/www.maria-koenigin.de\/wordpress\/wp-content\/uploads\/2023\/10\/Bild4-150x150.png 150w, http:\/\/www.maria-koenigin.de\/wordpress\/wp-content\/uploads\/2023\/10\/Bild4-624x625.png 624w, http:\/\/www.maria-koenigin.de\/wordpress\/wp-content\/uploads\/2023\/10\/Bild4.png 697w\" sizes=\"auto, (max-width: 300px) 100vw, 300px\" \/><p id=\"caption-attachment-12860\" class=\"wp-caption-text\">Quelle: https:\/\/www.mathe-kaenguru.de\/ (5.10.23)<\/p><\/div>\n<p style=\"text-align: left;\">Hast Du schon etwas vor am 3. Donnerstag im M\u00e4rz? Dann mach doch mit beim Internationalen K\u00e4nguru-Wettbewerb der Mathematik! Dieser Wettbewerb findet an unserer Schule allj\u00e4hrlich statt und macht Lust auf Rechnen, Knobeln und \u201ekreatives um-die-Ecke-Denken\u201c. Der Wettbewerb wird zentral durch den Verein Mathematik\u00adwettbewerb K\u00e4nguru e.V., der seinen Sitz an der Humboldt-Universit\u00e4t zu Berlin hat, vorbereitet und ausgewertet.<\/p>\n<p style=\"text-align: left;\">Im Jahr 2022 nahmen deutschlandweit insgesamt 685.000 Sch\u00fclerinnen und Sch\u00fcler an \u00fcber 9400 Schulen an dem K\u00e4nguru-Wettbewerb teil. \u00a088 Teilnehmerinnen und Teilnehmer aus den Klassen 5 bis 12 stellten sich an unserer Schule den Mathematikaufgaben der etwas anderen Art<\/p>\n<p style=\"text-align: justify;\">Die Teilnehmerinnen und Teilnehmer erwarten in Wettbewerbsaufgaben, die oft heiter und manchmal auch etwas \u00fcberraschend sind, da sie ganz anders als die gewohnten Aufgaben aus dem Mathematikunterricht sein k\u00f6nnen. Ein Teil der Aufgaben kann mithilfe von Grundkenntnissen aus dem Schulunterricht gel\u00f6st werden. Hinzu kommen eine Reihe von Aufgaben, die mit etwas Kreativit\u00e4t, Pfiffigkeit oder gesundem Menschenverstand zu bew\u00e4ltigen sind und die sich sehr gut eignen, mathematische Arbeitsweisen \u2013 unterhaltsam \u2013 zu trainieren. Der Spa\u00df am Knobeln und mathematischen Denken steht also ganz klar im Vordergrund!<\/p>\n<p style=\"text-align: justify;\"><img loading=\"lazy\" decoding=\"async\" class=\"alignnone size-full wp-image-10970\" src=\"http:\/\/www.maria-koenigin.de\/wordpress\/wp-content\/uploads\/2022\/07\/Kaenguru-1.jpg\" alt=\"\" width=\"640\" height=\"480\" srcset=\"http:\/\/www.maria-koenigin.de\/wordpress\/wp-content\/uploads\/2022\/07\/Kaenguru-1.jpg 640w, http:\/\/www.maria-koenigin.de\/wordpress\/wp-content\/uploads\/2022\/07\/Kaenguru-1-300x225.jpg 300w, http:\/\/www.maria-koenigin.de\/wordpress\/wp-content\/uploads\/2022\/07\/Kaenguru-1-624x468.jpg 624w\" sizes=\"auto, (max-width: 640px) 100vw, 640px\" \/><\/p>\n<p style=\"text-align: justify;\">Alle Teilnehmerinnen und Teilnehmer werden f\u00fcr ihre Leistungen mit einer pers\u00f6nlichen Urkunde, einer Brosch\u00fcre mit den Aufgaben sowie einem kleinen, kreativen Knobelspiel belohnt. Dar\u00fcber hinaus werden die deutschlandweit erfolgreichsten Teilnehmer pr\u00e4miert. Die erfolgreichsten 5% eines Jahrgangs erhalten besondere Preise. Regelm\u00e4\u00dfig z\u00e4hlen dazu auch Sch\u00fclerinnen und Sch\u00fcler von unserer Schule. Sie d\u00fcrfen sich freuen \u00fcber:<\/p>\n<ul>\n<li><strong> Preise<\/strong>&#8211; Experimentierk\u00e4sten und anspruchsvolle Strategiespiele sowie f\u00fcr die Allerbesten aus den Klassen 7 bis 10 Einladungen zum DATCH-Dreil\u00e4nderwettbewerb und in internationale Mathe-Camps.<\/li>\n<li><strong> Preise<\/strong>&#8211; B\u00fccher, komplizierte Puzzles und interessante Spiele zum Spielen zu zweit oder allein, mit denen man auf anregende Weise vorauszuplanen lernt.<\/li>\n<li><strong> Preise<\/strong>&#8211; kleine B\u00fccher oder Spiele, Puzzles und interessante Kartenspiele.<\/li>\n<\/ul>\n<p style=\"text-align: justify;\">Au\u00dferdem darf sich die Teilnehmerin oder der Teilnehmer, der den weitesten \u201eK\u00e4nguru-Sprung\u201c geschafft hat, \u00fcber ein sch\u00f6nes K\u00e4nguru-T-Shirt freuen. Dazu m\u00fcssen \u201enur\u201c unter allen Teilnehmern der Schule die meisten Aufgaben in Folge richtig gel\u00f6st werden.<\/p>\n<p style=\"text-align: justify;\">Also, bist Du dabei? Wir freuen uns, Dich beim n\u00e4chsten K\u00e4nguru-Wettbewerb begr\u00fc\u00dfen zu d\u00fcrfen. Alle weiteren Infos bekommst Du \u00fcber Deine Mathelehrerin oder Deinen Mathelehrer.<\/p>\n<p>Bei Fragen kannst Du Dich gern an Deine Mathelehrerin oder Deinen Mathelehrer oder an Frau Schell wenden.<\/p>\n<p>Aufgaben aus den vergangenen Jahren findest Du unter: <a href=\"http:\/\/www.mathe-kaenguru.de\" target=\"_blank\" rel=\"noopener\">www.mathe-kaenguru.de<\/a><\/p>\n<p>Schau mal rein \u2013 es lohnt sich &#x1f60a;.<\/p>\n<p><a href=\"http:\/\/www.maria-koenigin.de\/?page_id=12734\">zur\u00fcck<\/a> zur \u00dcbersicht der Wettbewerbe<\/p>\n","protected":false},"excerpt":{"rendered":"<p>Internationaler K\u00e4nguru-Wettbewerb der Mathematik \u2013 oder was hat ein K\u00e4nguru mit Mathematik zu tun??? Hast Du schon etwas vor am 3. Donnerstag im M\u00e4rz? Dann mach doch mit beim Internationalen K\u00e4nguru-Wettbewerb der Mathematik! Dieser Wettbewerb findet an unserer Schule allj\u00e4hrlich statt und macht Lust auf Rechnen, Knobeln und \u201ekreatives um-die-Ecke-Denken\u201c. Der Wettbewerb wird zentral durch [&hellip;]<\/p>\n","protected":false},"author":14,"featured_media":0,"parent":0,"menu_order":0,"comment_status":"closed","ping_status":"closed","template":"","meta":{"ngg_post_thumbnail":0,"_mc_calendar":[],"footnotes":""},"class_list":["post-11906","page","type-page","status-publish","hentry"],"_links":{"self":[{"href":"http:\/\/www.maria-koenigin.de\/index.php?rest_route=\/wp\/v2\/pages\/11906","targetHints":{"allow":["GET"]}}],"collection":[{"href":"http:\/\/www.maria-koenigin.de\/index.php?rest_route=\/wp\/v2\/pages"}],"about":[{"href":"http:\/\/www.maria-koenigin.de\/index.php?rest_route=\/wp\/v2\/types\/page"}],"author":[{"embeddable":true,"href":"http:\/\/www.maria-koenigin.de\/index.php?rest_route=\/wp\/v2\/users\/14"}],"replies":[{"embeddable":true,"href":"http:\/\/www.maria-koenigin.de\/index.php?rest_route=%2Fwp%2Fv2%2Fcomments&post=11906"}],"version-history":[{"count":14,"href":"http:\/\/www.maria-koenigin.de\/index.php?rest_route=\/wp\/v2\/pages\/11906\/revisions"}],"predecessor-version":[{"id":12871,"href":"http:\/\/www.maria-koenigin.de\/index.php?rest_route=\/wp\/v2\/pages\/11906\/revisions\/12871"}],"wp:attachment":[{"href":"http:\/\/www.maria-koenigin.de\/index.php?rest_route=%2Fwp%2Fv2%2Fmedia&parent=11906"}],"curies":[{"name":"wp","href":"https:\/\/api.w.org\/{rel}","templated":true}]}}