{"id":11912,"date":"2023-10-09T19:26:27","date_gmt":"2023-10-09T17:26:27","guid":{"rendered":"http:\/\/www.maria-koenigin.de\/?page_id=11912"},"modified":"2025-04-23T15:42:35","modified_gmt":"2025-04-23T13:42:35","slug":"technik-camp","status":"publish","type":"page","link":"http:\/\/www.maria-koenigin.de\/?page_id=11912","title":{"rendered":"Technik Camp"},"content":{"rendered":"<h1>Kennst du schon das Technik Camp?<\/h1>\n<p style=\"text-align: justify;\"><img loading=\"lazy\" decoding=\"async\" class=\"alignnone wp-image-11918\" src=\"http:\/\/www.maria-koenigin.de\/wordpress\/wp-content\/uploads\/2023\/02\/Slide_TC-1_09_sRGB-300x194.jpg\" alt=\"\" width=\"350\" height=\"226\" srcset=\"http:\/\/www.maria-koenigin.de\/wordpress\/wp-content\/uploads\/2023\/02\/Slide_TC-1_09_sRGB-300x194.jpg 300w, http:\/\/www.maria-koenigin.de\/wordpress\/wp-content\/uploads\/2023\/02\/Slide_TC-1_09_sRGB-1024x661.jpg 1024w, http:\/\/www.maria-koenigin.de\/wordpress\/wp-content\/uploads\/2023\/02\/Slide_TC-1_09_sRGB-768x495.jpg 768w, http:\/\/www.maria-koenigin.de\/wordpress\/wp-content\/uploads\/2023\/02\/Slide_TC-1_09_sRGB-1536x991.jpg 1536w, http:\/\/www.maria-koenigin.de\/wordpress\/wp-content\/uploads\/2023\/02\/Slide_TC-1_09_sRGB-2048x1321.jpg 2048w, http:\/\/www.maria-koenigin.de\/wordpress\/wp-content\/uploads\/2023\/02\/Slide_TC-1_09_sRGB-624x403.jpg 624w\" sizes=\"auto, (max-width: 350px) 100vw, 350px\" \/><\/p>\n<p style=\"text-align: justify;\">Die Lehrwerkstatt Attendorn (LEWA) bietet in drei verschiedenen TechnikCamps Sch\u00fclerinnen und Sch\u00fclern w\u00e4hrend der Oster-, Sommer- und Herbstferien die M\u00f6glichkeit erste Einblicke in MINT-Berufe zu gewinnen. Spielerisch werden mit den TechnikCampern verschiedene Roboter zusammengebaut und programmiert. Das Beste: Die Roboter d\u00fcrfen anschlie\u00dfend auch mit nach Hause genommen werden! Insgesamt werden drei verschiedene TechnikCamps den Altersstufen der Klassen 6 \u2013 10 entsprechend angeboten. \u00a0Um so vielen Sch\u00fclern wie m\u00f6glich das Angebot f\u00fcr die Begeisterung an Technik unterbreiten zu k\u00f6nnen, besuchen uns Auszubildende der LEWA zweimal je Schuljahr, um euch das TechnikCamp kurz vorzustellen und die Anmeldungen zu verteilen. F\u00fcr weitere Informationen oder ein entsprechendes Anmeldeformular kannst du mich jederzeit pers\u00f6nlich oder per Mail ansprechen .<\/p>\n<p style=\"text-align: justify;\"><strong>Ansprechpartner: <\/strong>Matthias Walter<\/p>\n<p style=\"text-align: justify;\">Im Folgenden findet ihr noch aktuelle Informationen zur n\u00e4chsten Veranstaltung: <a href=\"http:\/\/www.maria-koenigin.de\/wordpress\/wp-content\/uploads\/2025\/02\/Termine_TechnikCamp_2025.pdf\" target=\"_blank\" rel=\"noopener\">Info<\/a><\/p>\n<p><a href=\"http:\/\/www.maria-koenigin.de\/?page_id=12736\">zur\u00fcck<\/a> zur \u00dcbersicht der Angebote<\/p>\n","protected":false},"excerpt":{"rendered":"<p>Kennst du schon das Technik Camp? Die Lehrwerkstatt Attendorn (LEWA) bietet in drei verschiedenen TechnikCamps Sch\u00fclerinnen und Sch\u00fclern w\u00e4hrend der Oster-, Sommer- und Herbstferien die M\u00f6glichkeit erste Einblicke in MINT-Berufe zu gewinnen. Spielerisch werden mit den TechnikCampern verschiedene Roboter zusammengebaut und programmiert. Das Beste: Die Roboter d\u00fcrfen anschlie\u00dfend auch mit nach Hause genommen werden! Insgesamt [&hellip;]<\/p>\n","protected":false},"author":14,"featured_media":0,"parent":0,"menu_order":0,"comment_status":"closed","ping_status":"closed","template":"","meta":{"ngg_post_thumbnail":0,"_mc_calendar":[],"footnotes":""},"class_list":["post-11912","page","type-page","status-publish","hentry"],"_links":{"self":[{"href":"http:\/\/www.maria-koenigin.de\/index.php?rest_route=\/wp\/v2\/pages\/11912","targetHints":{"allow":["GET"]}}],"collection":[{"href":"http:\/\/www.maria-koenigin.de\/index.php?rest_route=\/wp\/v2\/pages"}],"about":[{"href":"http:\/\/www.maria-koenigin.de\/index.php?rest_route=\/wp\/v2\/types\/page"}],"author":[{"embeddable":true,"href":"http:\/\/www.maria-koenigin.de\/index.php?rest_route=\/wp\/v2\/users\/14"}],"replies":[{"embeddable":true,"href":"http:\/\/www.maria-koenigin.de\/index.php?rest_route=%2Fwp%2Fv2%2Fcomments&post=11912"}],"version-history":[{"count":15,"href":"http:\/\/www.maria-koenigin.de\/index.php?rest_route=\/wp\/v2\/pages\/11912\/revisions"}],"predecessor-version":[{"id":16147,"href":"http:\/\/www.maria-koenigin.de\/index.php?rest_route=\/wp\/v2\/pages\/11912\/revisions\/16147"}],"wp:attachment":[{"href":"http:\/\/www.maria-koenigin.de\/index.php?rest_route=%2Fwp%2Fv2%2Fmedia&parent=11912"}],"curies":[{"name":"wp","href":"https:\/\/api.w.org\/{rel}","templated":true}]}}