{"id":12052,"date":"2023-09-12T08:57:29","date_gmt":"2023-09-12T06:57:29","guid":{"rendered":"http:\/\/www.maria-koenigin.de\/?page_id=12052"},"modified":"2024-04-12T15:21:37","modified_gmt":"2024-04-12T13:21:37","slug":"oekologischer-seminartag","status":"publish","type":"page","link":"http:\/\/www.maria-koenigin.de\/?page_id=12052","title":{"rendered":"\u00d6kologischer Seminartag"},"content":{"rendered":"<p style=\"text-align: justify;\"><img loading=\"lazy\" decoding=\"async\" class=\"alignnone wp-image-12650 size-large\" src=\"http:\/\/www.maria-koenigin.de\/wordpress\/wp-content\/uploads\/2023\/09\/IMG_3629-1024x576.jpg\" alt=\"\" width=\"625\" height=\"352\" srcset=\"http:\/\/www.maria-koenigin.de\/wordpress\/wp-content\/uploads\/2023\/09\/IMG_3629-1024x576.jpg 1024w, http:\/\/www.maria-koenigin.de\/wordpress\/wp-content\/uploads\/2023\/09\/IMG_3629-300x169.jpg 300w, http:\/\/www.maria-koenigin.de\/wordpress\/wp-content\/uploads\/2023\/09\/IMG_3629-768x432.jpg 768w, http:\/\/www.maria-koenigin.de\/wordpress\/wp-content\/uploads\/2023\/09\/IMG_3629-1536x864.jpg 1536w, http:\/\/www.maria-koenigin.de\/wordpress\/wp-content\/uploads\/2023\/09\/IMG_3629-2048x1152.jpg 2048w, http:\/\/www.maria-koenigin.de\/wordpress\/wp-content\/uploads\/2023\/09\/IMG_3629-624x351.jpg 624w\" sizes=\"auto, (max-width: 625px) 100vw, 625px\" \/><\/p>\n<p style=\"text-align: justify;\">Der \u00f6kologische Projekttag ist fester Bestandteil im Jahresablauf unserer Schule. Mit diesem Exkursionstag versucht die Fachschaft Biologie den Themenbereich \u201e\u00d6kologie und Umwelt\u201c f\u00fcr die Sch\u00fcler des Abiturjahrgangs konkret werden zu lassen. Die Sch\u00fcler besuchen verschiedene Einrichtungen im Kreis Olpe, um Umweltprobleme und L\u00f6sungsm\u00f6glichkeiten vor Ort kennen zu lernen. Durch Gespr\u00e4che mit Fachleuten vor Ort an \u00f6kologischen Brennpunkten im Umland der Schule und damit auch im allt\u00e4glichen Erfahrungsraum der Sch\u00fcler soll es gelingen, Lerninhalte aus Unterricht und Schulb\u00fcchern st\u00e4rker ins reale Leben zu holen. Die angehenden Abiturientinnen und Abiturienten besuchten in den letzten Jahren in Kleingruppen die folgenden Ziele, bei denen die angegebenen Schwerpunkte thematisiert wurden:<\/p>\n<ul>\n<li>Ruhrverband &#8211; Kl\u00e4ranlage Maumke: Funktionsweise einer 3-stufigen Kl\u00e4ranlage;<\/li>\n<li>Sita Umwelt Service GmbH Lennestadt (Sonderabfallanlage): M\u00fclltrennung, M\u00fcllvermeidung, Sonderabfallbehandlung, Notwendigkeit hoher Sicherheitsstandards;<\/li>\n<li>Olper Entsorgungszentrum: Deponienachsorge, Bioabfallkompostwerk, regenerative Energiequellen (Holzhackschnitzel);<\/li>\n<li>Windkraftanlage auf dem St\u00f6ppel und Wasserkraftanlage in Langenei \u2013 \u00f6kologische Auswirkungen, Akzeptanz in der Bev\u00f6lkerung; Gymnasium Maria K\u00f6nigin &#8211; Schulprogramm &#8211; Seite 20<\/li>\n<li>Biogasanlage in Grevenbr\u00fcck \u2013 \u00f6kologische Auswirkungen durch Anbau von Energiepflanzen bzw. Chancen durch Nutzung regenerativer Energiequellen;<\/li>\n<li>Ein Bio-Bauernhof \u2013 Vergleich mit der konventionellen Landwirtschaft;<\/li>\n<li>Ein Forstrevier: sauerl\u00e4ndische Fichtenmonokultur, Waldsterben, neue Bewirtschaftungsmethoden, Langzeitfolgen von Kyrill.<\/li>\n<\/ul>\n<p><img loading=\"lazy\" decoding=\"async\" class=\"alignnone wp-image-12952\" src=\"http:\/\/www.maria-koenigin.de\/wordpress\/wp-content\/uploads\/2023\/10\/IMG_3658-300x225.jpg\" alt=\"\" width=\"350\" height=\"263\" srcset=\"http:\/\/www.maria-koenigin.de\/wordpress\/wp-content\/uploads\/2023\/10\/IMG_3658-300x225.jpg 300w, http:\/\/www.maria-koenigin.de\/wordpress\/wp-content\/uploads\/2023\/10\/IMG_3658-1024x768.jpg 1024w, http:\/\/www.maria-koenigin.de\/wordpress\/wp-content\/uploads\/2023\/10\/IMG_3658-768x576.jpg 768w, http:\/\/www.maria-koenigin.de\/wordpress\/wp-content\/uploads\/2023\/10\/IMG_3658-1536x1152.jpg 1536w, http:\/\/www.maria-koenigin.de\/wordpress\/wp-content\/uploads\/2023\/10\/IMG_3658-2048x1536.jpg 2048w, http:\/\/www.maria-koenigin.de\/wordpress\/wp-content\/uploads\/2023\/10\/IMG_3658-624x468.jpg 624w\" sizes=\"auto, (max-width: 350px) 100vw, 350px\" \/><\/p>\n<p style=\"text-align: justify;\">Den Sch\u00fclerinnen und Sch\u00fclern, die die Themen im Zusammenhang mit ihrem Exkursionsziel anhand spezieller Fragen vorbereitet haben, werden vor Ort sehr ausf\u00fchrlich und anschaulich die entsprechenden Anlagen und spezifischen Themen vorgestellt. Auch die Auswirkungen des eigenen Verhaltens auf die Umwelt werden vor Ort aufgezeigt. Beeindruckt zeigen sich die Sch\u00fclerinnen und Sch\u00fcler insbesondere von der Komplexit\u00e4t der Problematik. Zudem begr\u00fc\u00dfen sie die M\u00f6glichkeit, Einblick in Unternehmen und Abl\u00e4ufe zu bekommen, die sonst in ihrem Alltag keine Rolle spielen. Nach den Exkursionen treffen sich alle Gruppen in der Schule und bereiten eine Pr\u00e4sentation vor, in der die fachlichen Hintergr\u00fcnde zu ihrem Thema vorgestellt und die Erfahrungen vor Ort vermittelt werden. In einer Nachbesprechung findet anschlie\u00dfend ein gruppen\u00fcbergreifender Austausch \u00fcber Inhalte und Eindr\u00fccke des Tages statt. So wird den Sch\u00fclerinnen und Sch\u00fclern auch die Bedeutung der Naturwissenschaften sehr praxisorientiert vor Augen gef\u00fchrt.<\/p>\n<p><img loading=\"lazy\" decoding=\"async\" class=\"alignnone wp-image-12679 size-large\" src=\"http:\/\/www.maria-koenigin.de\/wordpress\/wp-content\/uploads\/2023\/09\/WhatsApp-Bild-2023-09-14-um-07.42.31-1024x768.jpg\" alt=\"\" width=\"625\" height=\"469\" srcset=\"http:\/\/www.maria-koenigin.de\/wordpress\/wp-content\/uploads\/2023\/09\/WhatsApp-Bild-2023-09-14-um-07.42.31-1024x768.jpg 1024w, http:\/\/www.maria-koenigin.de\/wordpress\/wp-content\/uploads\/2023\/09\/WhatsApp-Bild-2023-09-14-um-07.42.31-300x225.jpg 300w, http:\/\/www.maria-koenigin.de\/wordpress\/wp-content\/uploads\/2023\/09\/WhatsApp-Bild-2023-09-14-um-07.42.31-768x576.jpg 768w, http:\/\/www.maria-koenigin.de\/wordpress\/wp-content\/uploads\/2023\/09\/WhatsApp-Bild-2023-09-14-um-07.42.31-1536x1152.jpg 1536w, http:\/\/www.maria-koenigin.de\/wordpress\/wp-content\/uploads\/2023\/09\/WhatsApp-Bild-2023-09-14-um-07.42.31-624x468.jpg 624w, http:\/\/www.maria-koenigin.de\/wordpress\/wp-content\/uploads\/2023\/09\/WhatsApp-Bild-2023-09-14-um-07.42.31.jpg 1600w\" sizes=\"auto, (max-width: 625px) 100vw, 625px\" \/><\/p>\n<p><a href=\"http:\/\/www.maria-koenigin.de\/?page_id=12736\">zur\u00fcck<\/a> zur \u00dcbersicht der Angebote<\/p>\n","protected":false},"excerpt":{"rendered":"<p>Der \u00f6kologische Projekttag ist fester Bestandteil im Jahresablauf unserer Schule. Mit diesem Exkursionstag versucht die Fachschaft Biologie den Themenbereich \u201e\u00d6kologie und Umwelt\u201c f\u00fcr die Sch\u00fcler des Abiturjahrgangs konkret werden zu lassen. Die Sch\u00fcler besuchen verschiedene Einrichtungen im Kreis Olpe, um Umweltprobleme und L\u00f6sungsm\u00f6glichkeiten vor Ort kennen zu lernen. Durch Gespr\u00e4che mit Fachleuten vor Ort an [&hellip;]<\/p>\n","protected":false},"author":13,"featured_media":0,"parent":0,"menu_order":0,"comment_status":"closed","ping_status":"closed","template":"","meta":{"ngg_post_thumbnail":0,"_mc_calendar":[],"footnotes":""},"class_list":["post-12052","page","type-page","status-publish","hentry"],"_links":{"self":[{"href":"http:\/\/www.maria-koenigin.de\/index.php?rest_route=\/wp\/v2\/pages\/12052","targetHints":{"allow":["GET"]}}],"collection":[{"href":"http:\/\/www.maria-koenigin.de\/index.php?rest_route=\/wp\/v2\/pages"}],"about":[{"href":"http:\/\/www.maria-koenigin.de\/index.php?rest_route=\/wp\/v2\/types\/page"}],"author":[{"embeddable":true,"href":"http:\/\/www.maria-koenigin.de\/index.php?rest_route=\/wp\/v2\/users\/13"}],"replies":[{"embeddable":true,"href":"http:\/\/www.maria-koenigin.de\/index.php?rest_route=%2Fwp%2Fv2%2Fcomments&post=12052"}],"version-history":[{"count":11,"href":"http:\/\/www.maria-koenigin.de\/index.php?rest_route=\/wp\/v2\/pages\/12052\/revisions"}],"predecessor-version":[{"id":14186,"href":"http:\/\/www.maria-koenigin.de\/index.php?rest_route=\/wp\/v2\/pages\/12052\/revisions\/14186"}],"wp:attachment":[{"href":"http:\/\/www.maria-koenigin.de\/index.php?rest_route=%2Fwp%2Fv2%2Fmedia&parent=12052"}],"curies":[{"name":"wp","href":"https:\/\/api.w.org\/{rel}","templated":true}]}}