{"id":12625,"date":"2023-10-09T19:14:43","date_gmt":"2023-10-09T17:14:43","guid":{"rendered":"http:\/\/www.maria-koenigin.de\/?page_id=12625"},"modified":"2024-04-12T15:15:04","modified_gmt":"2024-04-12T13:15:04","slug":"zoobesuch-der-5er-klassen","status":"publish","type":"page","link":"http:\/\/www.maria-koenigin.de\/?page_id=12625","title":{"rendered":"Zoobesuch der 5er Klassen"},"content":{"rendered":"<p><img loading=\"lazy\" decoding=\"async\" class=\"alignnone wp-image-12627 size-large\" src=\"http:\/\/www.maria-koenigin.de\/wordpress\/wp-content\/uploads\/2023\/09\/IMG_9925-1024x768.jpeg\" alt=\"\" width=\"625\" height=\"469\" srcset=\"http:\/\/www.maria-koenigin.de\/wordpress\/wp-content\/uploads\/2023\/09\/IMG_9925-1024x768.jpeg 1024w, http:\/\/www.maria-koenigin.de\/wordpress\/wp-content\/uploads\/2023\/09\/IMG_9925-300x225.jpeg 300w, http:\/\/www.maria-koenigin.de\/wordpress\/wp-content\/uploads\/2023\/09\/IMG_9925-768x576.jpeg 768w, http:\/\/www.maria-koenigin.de\/wordpress\/wp-content\/uploads\/2023\/09\/IMG_9925-1536x1152.jpeg 1536w, http:\/\/www.maria-koenigin.de\/wordpress\/wp-content\/uploads\/2023\/09\/IMG_9925-2048x1536.jpeg 2048w, http:\/\/www.maria-koenigin.de\/wordpress\/wp-content\/uploads\/2023\/09\/IMG_9925-624x468.jpeg 624w\" sizes=\"auto, (max-width: 625px) 100vw, 625px\" \/><\/p>\n<p>Im Allwetterzoo M\u00fcnster kann man abtauchen in Ozeane oder von den gem\u00e4\u00dfigten Breiten bis in den tiefsten Dschungel verschiedene Arten kennenlernen. Dieses Erlebnis wird all unseren 5er Klassen j\u00e4hrich angeboten.<\/p>\n<p>Thema der Exkursion ist <strong>\u201eVerwandtschaft der Affen \u2013 Wir sind viele!\u201c.<\/strong><\/p>\n<p>Zuerst steht die Einf\u00fchrung in das Thema durch die Zooschule auf dem Plan. Hier werden die Sch\u00fclerinnen und Sch\u00fcler auf Aufgaben vorbereitet, die w\u00e4hrend der Exkursion gel\u00f6st werden sollen. In kleinen Forschergruppen k\u00f6nnen so Fragen zu unseren Verwandten mithilfe der Informationstafeln oder durch Beobachtungen der verschiedenen Arten beantwortet werden. Kleine Krallen\u00e4ffchen, \u201eschlaue\u201c Kapuziner aber auch m\u00e4chtige Gorillas k\u00f6nnen hierbei genauer studiert werden.<\/p>\n<p><img loading=\"lazy\" decoding=\"async\" class=\"alignnone wp-image-12629\" src=\"http:\/\/www.maria-koenigin.de\/wordpress\/wp-content\/uploads\/2023\/09\/IMG_9947-768x1024.jpeg\" alt=\"\" width=\"350\" height=\"467\" srcset=\"http:\/\/www.maria-koenigin.de\/wordpress\/wp-content\/uploads\/2023\/09\/IMG_9947-768x1024.jpeg 768w, http:\/\/www.maria-koenigin.de\/wordpress\/wp-content\/uploads\/2023\/09\/IMG_9947-225x300.jpeg 225w, http:\/\/www.maria-koenigin.de\/wordpress\/wp-content\/uploads\/2023\/09\/IMG_9947-1152x1536.jpeg 1152w, http:\/\/www.maria-koenigin.de\/wordpress\/wp-content\/uploads\/2023\/09\/IMG_9947-1536x2048.jpeg 1536w, http:\/\/www.maria-koenigin.de\/wordpress\/wp-content\/uploads\/2023\/09\/IMG_9947-624x832.jpeg 624w, http:\/\/www.maria-koenigin.de\/wordpress\/wp-content\/uploads\/2023\/09\/IMG_9947-scaled.jpeg 1920w\" sizes=\"auto, (max-width: 350px) 100vw, 350px\" \/><\/p>\n<p style=\"text-align: justify;\">Im Anschluss an die Zooschule haben die Sch\u00fclerinnen und Sch\u00fcler noch gen\u00fcgend Zeit den restlichen Zoo zu erkunden. Besonders beeindruckend sind hierbei die Elefantenf\u00fctterung und die Pinguinwanderung. Auch das Internationale Zentrum f\u00fcr Schildkr\u00f6tenschutz, bei dem viele der am meisten bedrohten Schildkr\u00f6tenarten der Welt gesch\u00fctzt und aufgezogen werden, ist f\u00fcr die Sch\u00fclerinnen und Sch\u00fclerinnen immer wieder beeindruckend.<\/p>\n<p style=\"text-align: justify;\"><img loading=\"lazy\" decoding=\"async\" class=\"alignnone wp-image-12628 size-large\" src=\"http:\/\/www.maria-koenigin.de\/wordpress\/wp-content\/uploads\/2023\/09\/IMG_9943-1024x768.jpeg\" alt=\"\" width=\"625\" height=\"469\" srcset=\"http:\/\/www.maria-koenigin.de\/wordpress\/wp-content\/uploads\/2023\/09\/IMG_9943-1024x768.jpeg 1024w, http:\/\/www.maria-koenigin.de\/wordpress\/wp-content\/uploads\/2023\/09\/IMG_9943-300x225.jpeg 300w, http:\/\/www.maria-koenigin.de\/wordpress\/wp-content\/uploads\/2023\/09\/IMG_9943-768x576.jpeg 768w, http:\/\/www.maria-koenigin.de\/wordpress\/wp-content\/uploads\/2023\/09\/IMG_9943-1536x1152.jpeg 1536w, http:\/\/www.maria-koenigin.de\/wordpress\/wp-content\/uploads\/2023\/09\/IMG_9943-2048x1536.jpeg 2048w, http:\/\/www.maria-koenigin.de\/wordpress\/wp-content\/uploads\/2023\/09\/IMG_9943-624x468.jpeg 624w\" sizes=\"auto, (max-width: 625px) 100vw, 625px\" \/><\/p>\n<p><a href=\"http:\/\/www.maria-koenigin.de\/?page_id=12736\">zur\u00fcck<\/a> zur \u00dcbersicht der Angebote<\/p>\n","protected":false},"excerpt":{"rendered":"<p>Im Allwetterzoo M\u00fcnster kann man abtauchen in Ozeane oder von den gem\u00e4\u00dfigten Breiten bis in den tiefsten Dschungel verschiedene Arten kennenlernen. Dieses Erlebnis wird all unseren 5er Klassen j\u00e4hrich angeboten. Thema der Exkursion ist \u201eVerwandtschaft der Affen \u2013 Wir sind viele!\u201c. Zuerst steht die Einf\u00fchrung in das Thema durch die Zooschule auf dem Plan. Hier [&hellip;]<\/p>\n","protected":false},"author":14,"featured_media":0,"parent":0,"menu_order":0,"comment_status":"closed","ping_status":"closed","template":"","meta":{"ngg_post_thumbnail":0,"_mc_calendar":[],"footnotes":""},"class_list":["post-12625","page","type-page","status-publish","hentry"],"_links":{"self":[{"href":"http:\/\/www.maria-koenigin.de\/index.php?rest_route=\/wp\/v2\/pages\/12625","targetHints":{"allow":["GET"]}}],"collection":[{"href":"http:\/\/www.maria-koenigin.de\/index.php?rest_route=\/wp\/v2\/pages"}],"about":[{"href":"http:\/\/www.maria-koenigin.de\/index.php?rest_route=\/wp\/v2\/types\/page"}],"author":[{"embeddable":true,"href":"http:\/\/www.maria-koenigin.de\/index.php?rest_route=\/wp\/v2\/users\/14"}],"replies":[{"embeddable":true,"href":"http:\/\/www.maria-koenigin.de\/index.php?rest_route=%2Fwp%2Fv2%2Fcomments&post=12625"}],"version-history":[{"count":8,"href":"http:\/\/www.maria-koenigin.de\/index.php?rest_route=\/wp\/v2\/pages\/12625\/revisions"}],"predecessor-version":[{"id":14172,"href":"http:\/\/www.maria-koenigin.de\/index.php?rest_route=\/wp\/v2\/pages\/12625\/revisions\/14172"}],"wp:attachment":[{"href":"http:\/\/www.maria-koenigin.de\/index.php?rest_route=%2Fwp%2Fv2%2Fmedia&parent=12625"}],"curies":[{"name":"wp","href":"https:\/\/api.w.org\/{rel}","templated":true}]}}