{"id":129,"date":"2014-07-29T19:38:26","date_gmt":"2014-07-29T17:38:26","guid":{"rendered":"http:\/\/mkwordpress.bertels-online.com\/?page_id=129"},"modified":"2025-10-15T01:31:10","modified_gmt":"2025-10-14T23:31:10","slug":"hausaufgabenbetreuung","status":"publish","type":"page","link":"http:\/\/www.maria-koenigin.de\/?page_id=129","title":{"rendered":"\u00dcbermittagsbetreuung"},"content":{"rendered":"<p style=\"text-align: justify;\"><img loading=\"lazy\" decoding=\"async\" class=\"alignnone wp-image-15106 size-large\" src=\"http:\/\/www.maria-koenigin.de\/wordpress\/wp-content\/uploads\/2024\/12\/Logo-Uebermittagsbetreuung-1024x712.jpg\" alt=\"\" width=\"625\" height=\"435\" srcset=\"http:\/\/www.maria-koenigin.de\/wordpress\/wp-content\/uploads\/2024\/12\/Logo-Uebermittagsbetreuung-1024x712.jpg 1024w, http:\/\/www.maria-koenigin.de\/wordpress\/wp-content\/uploads\/2024\/12\/Logo-Uebermittagsbetreuung-300x209.jpg 300w, http:\/\/www.maria-koenigin.de\/wordpress\/wp-content\/uploads\/2024\/12\/Logo-Uebermittagsbetreuung-768x534.jpg 768w, http:\/\/www.maria-koenigin.de\/wordpress\/wp-content\/uploads\/2024\/12\/Logo-Uebermittagsbetreuung-624x434.jpg 624w, http:\/\/www.maria-koenigin.de\/wordpress\/wp-content\/uploads\/2024\/12\/Logo-Uebermittagsbetreuung.jpg 1383w\" sizes=\"auto, (max-width: 625px) 100vw, 625px\" \/><\/p>\n<p style=\"text-align: center;\">Gemeinsam Lernen<\/p>\n<p style=\"text-align: center;\">macht stark,<\/p>\n<p style=\"text-align: center;\">&nbsp;bringt Freude<\/p>\n<p style=\"text-align: center;\">&nbsp;und<\/p>\n<p style=\"text-align: center;\">&nbsp;den dazugeh\u00f6rigen Erfolg<\/p>\n<p>&nbsp;<\/p>\n<p>Das Gymnasium Maria K\u00f6nigin bietet Sch\u00fclern und Sch\u00fclerinnen der Stufen 5 bis 7 t\u00e4glich von 13.30 bis 15.00 Uhr eine <strong>kostenlose \u00dcbermittagsbetreuung<\/strong> an. Sie kann (nach schriftlicher Anmeldung) einmal oder mehrmals in der Woche, aber auch t\u00e4glich besucht werden. Die \u00dcbermittagsbetreuung findet in einer ruhigen und entspannten Atmosph\u00e4re statt:<\/p>\n<p style=\"text-align: justify;\"><img loading=\"lazy\" decoding=\"async\" class=\"alignnone wp-image-15107 size-full\" src=\"http:\/\/www.maria-koenigin.de\/wordpress\/wp-content\/uploads\/2024\/12\/Uebermittagsbetreuung-1.jpg\" alt=\"\" width=\"953\" height=\"582\" srcset=\"http:\/\/www.maria-koenigin.de\/wordpress\/wp-content\/uploads\/2024\/12\/Uebermittagsbetreuung-1.jpg 953w, http:\/\/www.maria-koenigin.de\/wordpress\/wp-content\/uploads\/2024\/12\/Uebermittagsbetreuung-1-300x183.jpg 300w, http:\/\/www.maria-koenigin.de\/wordpress\/wp-content\/uploads\/2024\/12\/Uebermittagsbetreuung-1-768x469.jpg 768w, http:\/\/www.maria-koenigin.de\/wordpress\/wp-content\/uploads\/2024\/12\/Uebermittagsbetreuung-1-624x381.jpg 624w\" sizes=\"auto, (max-width: 953px) 100vw, 953px\" \/><\/p>\n<p>Die Kleingruppen (3 bis 6 Sch\u00fcler) arbeiten unter der Aufsicht qualifizierter und ausgebildeter Oberstufensch\u00fcler oder Studenten. Nach Erledigung der Hausaufgaben stehen schulische Belange im Vordergrund: Vokabeltraining, Lernstoffwiederholung, Vorbereitung auf anstehende Klassenarbeiten, Beseitigung bestehender Unklarheiten, Erschlie\u00dfung neuer L\u00f6sungswege.&nbsp;<\/p>\n<p style=\"text-align: justify;\"><img loading=\"lazy\" decoding=\"async\" class=\"alignnone wp-image-15108 size-large\" src=\"http:\/\/www.maria-koenigin.de\/wordpress\/wp-content\/uploads\/2024\/12\/Uebermittagsbetreuung-2-1024x535.jpg\" alt=\"\" width=\"625\" height=\"327\" srcset=\"http:\/\/www.maria-koenigin.de\/wordpress\/wp-content\/uploads\/2024\/12\/Uebermittagsbetreuung-2-1024x535.jpg 1024w, http:\/\/www.maria-koenigin.de\/wordpress\/wp-content\/uploads\/2024\/12\/Uebermittagsbetreuung-2-300x157.jpg 300w, http:\/\/www.maria-koenigin.de\/wordpress\/wp-content\/uploads\/2024\/12\/Uebermittagsbetreuung-2-768x401.jpg 768w, http:\/\/www.maria-koenigin.de\/wordpress\/wp-content\/uploads\/2024\/12\/Uebermittagsbetreuung-2-624x326.jpg 624w, http:\/\/www.maria-koenigin.de\/wordpress\/wp-content\/uploads\/2024\/12\/Uebermittagsbetreuung-2.jpg 1326w\" sizes=\"auto, (max-width: 625px) 100vw, 625px\" \/><\/p>\n<p>Die Schwerpunkte liegen dabei auf dem Gespr\u00e4chsaustausch sowie auf dem Lernen durch und mit anderen Sch\u00fclern. Zudem wird eine besondere Aufmerksamkeit auf das Erlernen kommunikativer Regeln, die F\u00f6rderung des Ausdrucks sowie das soziale Miteinander gelegt. Das Betreuungsteam ist hinsichtlich des Lernverhaltens der Kinder mit den Eltern im Austausch. Diese haben jederzeit die M\u00f6glichkeit der R\u00fccksprache, beispielsweise per Telefon,&nbsp; am Elternsprechtag oder auch im Rahmen eines pers\u00f6nliches Gespr\u00e4ches.<\/p>\n<p style=\"text-align: justify;\"><img loading=\"lazy\" decoding=\"async\" class=\"alignnone wp-image-1350 size-full\" src=\"http:\/\/www.maria-koenigin.de\/wordpress\/wp-content\/uploads\/2014\/07\/indifoerde03.jpg\" alt=\"\" width=\"600\" height=\"450\" srcset=\"http:\/\/www.maria-koenigin.de\/wordpress\/wp-content\/uploads\/2014\/07\/indifoerde03.jpg 600w, http:\/\/www.maria-koenigin.de\/wordpress\/wp-content\/uploads\/2014\/07\/indifoerde03-300x225.jpg 300w\" sizes=\"auto, (max-width: 600px) 100vw, 600px\" \/><\/p>\n<p>Unter Aufsicht k\u00f6nnen sich die Sch\u00fcler nach Erledigung der Hausaufgaben in Sportangeboten wie Fu\u00dfball, Tischtennis, Seil- und Kletter\u00fcbungen, in Gesellschaftsspielen sowie im kreativen Malen, Basteln oder Backen ausprobieren, Spa\u00df haben und Erfolg erleben.<\/p>\n<p>Leitung der \u00dcbermittagsbetreuung:<\/p>\n<p>Kordula Stellbrink&nbsp; (kordulastellbrink[at]web.de)<\/p>\n<p style=\"text-align: justify;\">Michael Ameling&nbsp; &nbsp; (ameling[at]maria-koenigin.de)<\/p>\n<p style=\"text-align: justify;\">&nbsp;<\/p>\n","protected":false},"excerpt":{"rendered":"<p>Gemeinsam Lernen macht stark, &nbsp;bringt Freude &nbsp;und &nbsp;den dazugeh\u00f6rigen Erfolg &nbsp; Das Gymnasium Maria K\u00f6nigin bietet Sch\u00fclern und Sch\u00fclerinnen der Stufen 5 bis 7 t\u00e4glich von 13.30 bis 15.00 Uhr eine kostenlose \u00dcbermittagsbetreuung an. Sie kann (nach schriftlicher Anmeldung) einmal oder mehrmals in der Woche, aber auch t\u00e4glich besucht werden. Die \u00dcbermittagsbetreuung findet in einer [&hellip;]<\/p>\n","protected":false},"author":1,"featured_media":0,"parent":94,"menu_order":0,"comment_status":"closed","ping_status":"closed","template":"","meta":{"ngg_post_thumbnail":0,"_mc_calendar":[],"footnotes":""},"class_list":["post-129","page","type-page","status-publish","hentry"],"_links":{"self":[{"href":"http:\/\/www.maria-koenigin.de\/index.php?rest_route=\/wp\/v2\/pages\/129","targetHints":{"allow":["GET"]}}],"collection":[{"href":"http:\/\/www.maria-koenigin.de\/index.php?rest_route=\/wp\/v2\/pages"}],"about":[{"href":"http:\/\/www.maria-koenigin.de\/index.php?rest_route=\/wp\/v2\/types\/page"}],"author":[{"embeddable":true,"href":"http:\/\/www.maria-koenigin.de\/index.php?rest_route=\/wp\/v2\/users\/1"}],"replies":[{"embeddable":true,"href":"http:\/\/www.maria-koenigin.de\/index.php?rest_route=%2Fwp%2Fv2%2Fcomments&post=129"}],"version-history":[{"count":15,"href":"http:\/\/www.maria-koenigin.de\/index.php?rest_route=\/wp\/v2\/pages\/129\/revisions"}],"predecessor-version":[{"id":17051,"href":"http:\/\/www.maria-koenigin.de\/index.php?rest_route=\/wp\/v2\/pages\/129\/revisions\/17051"}],"up":[{"embeddable":true,"href":"http:\/\/www.maria-koenigin.de\/index.php?rest_route=\/wp\/v2\/pages\/94"}],"wp:attachment":[{"href":"http:\/\/www.maria-koenigin.de\/index.php?rest_route=%2Fwp%2Fv2%2Fmedia&parent=129"}],"curies":[{"name":"wp","href":"https:\/\/api.w.org\/{rel}","templated":true}]}}