{"id":13109,"date":"2023-10-31T13:19:10","date_gmt":"2023-10-31T12:19:10","guid":{"rendered":"http:\/\/www.maria-koenigin.de\/?page_id=13109"},"modified":"2024-04-12T15:17:58","modified_gmt":"2024-04-12T13:17:58","slug":"ess-geht-um-mehr-essen-ist-leben","status":"publish","type":"page","link":"http:\/\/www.maria-koenigin.de\/?page_id=13109","title":{"rendered":"\u201eEs(s) geht um mehr \u2013 Essen ist Leben\u201c \u2013"},"content":{"rendered":"<h2>Unser Pr\u00e4ventionsprojekt in den Klassen 9<\/h2>\n<p style=\"text-align: justify;\">Im September 2023 hat unsere Schule erstmalig in den Klassen 9 das neue Pr\u00e4ventionsprojekt \u201eEs(s) geht um mehr\u201c durchgef\u00fchrt. Dieses Projekt ist vor dem Hintergrund des Lehrplans f\u00fcr Biologie zu sehen. Der Biologie-Unterricht pausiert zwar in Klasse 9, mit dem Projekt ist das Fach aber dennoch weiterhin pr\u00e4sent.<\/p>\n<p style=\"text-align: justify;\"><img loading=\"lazy\" decoding=\"async\" class=\"alignnone wp-image-13110\" src=\"http:\/\/www.maria-koenigin.de\/wordpress\/wp-content\/uploads\/2023\/10\/3-300x257.jpg\" alt=\"\" width=\"350\" height=\"300\" srcset=\"http:\/\/www.maria-koenigin.de\/wordpress\/wp-content\/uploads\/2023\/10\/3-300x257.jpg 300w, http:\/\/www.maria-koenigin.de\/wordpress\/wp-content\/uploads\/2023\/10\/3-624x534.jpg 624w, http:\/\/www.maria-koenigin.de\/wordpress\/wp-content\/uploads\/2023\/10\/3.jpg 708w\" sizes=\"auto, (max-width: 350px) 100vw, 350px\" \/><\/p>\n<p style=\"text-align: justify;\">Der erste Teil des Projektunterrichts wurde in Kooperation mit der Siegener Einrichtung \u201eLa Vie \u2013 Entwicklungsr\u00e4ume f\u00fcr Menschen gGmbH\u201c durchgef\u00fchrt. In den letzten Jahren, zus\u00e4tzlich verst\u00e4rkt durch die Corona-Pandemie, haben psychische Belastungen von Jugendlichen deutlich zugenommen. Auch die Zahl von Jugendlichen mit problematischem Essverhalten ist stark angestiegen. Genau hier setzt La Vie mit gezielten Pr\u00e4ventionsangeboten an den Schulen an, denn problematisches Essverhalten beginnt meist im Jugendalter. Neben pers\u00f6nlichkeitsbedingten Faktoren kann sozialer Druck durch \u00fcbertriebene Sch\u00f6nheits- und Leistungsideale das Selbstwertgef\u00fchl der jungen Menschen stark beeintr\u00e4chtigen und zu Unsicherheiten bei der Wahrnehmung des eigenen K\u00f6rpers f\u00fchren. Die fr\u00fchzeitige F\u00f6rderung sch\u00fctzender Faktoren ist daher bedeutsam.<\/p>\n<p style=\"text-align: justify;\">Im Rahmen des Projektes wird das Thema zusammen mit Referentinnen und Referenten interaktiv und altersgerecht an Fallbeispielen aufgearbeitet. Ein weiterer Fokus liegt darauf, die Bedeutung von st\u00e4rkenden pers\u00f6nlichen Ressourcen und Umgangsm\u00f6glichkeiten aufzuzeigen. Au\u00dferdem wird auf konkrete Unterst\u00fctzungsangebote in unserer Region hingewiesen.<\/p>\n<p style=\"text-align: justify;\"><img loading=\"lazy\" decoding=\"async\" class=\"alignnone wp-image-13111 size-full\" src=\"http:\/\/www.maria-koenigin.de\/wordpress\/wp-content\/uploads\/2023\/10\/1.jpg\" alt=\"\" width=\"1017\" height=\"571\" srcset=\"http:\/\/www.maria-koenigin.de\/wordpress\/wp-content\/uploads\/2023\/10\/1.jpg 1017w, http:\/\/www.maria-koenigin.de\/wordpress\/wp-content\/uploads\/2023\/10\/1-300x168.jpg 300w, http:\/\/www.maria-koenigin.de\/wordpress\/wp-content\/uploads\/2023\/10\/1-768x431.jpg 768w, http:\/\/www.maria-koenigin.de\/wordpress\/wp-content\/uploads\/2023\/10\/1-624x350.jpg 624w\" sizes=\"auto, (max-width: 1017px) 100vw, 1017px\" \/>F\u00fcr den zweiten Projektbaustein konnten wir f\u00fcr das Jahr 2023 Frau Diplom-\u00d6kotrophologin Eva Hennes, selbst Mutter von zwei unserer Sch\u00fclerinnen, gewinnen. Hier stand das gemeinsame Kochen im Vordergrund. Alle Sch\u00fclerinnen und Sch\u00fcler waren mit vollem Einsatz dabei und hatten gro\u00dfen Spa\u00df am gemeinsamen Zubereiten der Gerichte. Ohne allzu gro\u00dfen Aufwand wurde etwas Leckeres und Gesundes aus vielf\u00e4ltigen Zutaten zubereitet. Es wurden auch neue Lebensmittel entdeckt. Ein mediterraner Nudelsalat, ein fruchtiger Spitzkohlsalat sowie pikant marinierte Kartoffeln, K\u00fcrbisse und S\u00fc\u00dfkartoffeln aus dem Ofen standen auf der Speisekarte. Abgerundet wurde das Men\u00fc durch zwei Nachtischvarianten: ein beeriges Schichtdessert und leckere Waffeln. Letztere einmal ganz anders \u2013 n\u00e4mlich mit Dinkelvollkornmehl, Hafermilch und geriebenem Apfel.Mit diesen tollen Rezepten haben die Sch\u00fclerinnen und Sch\u00fcler gemeinsam ein besonderes \u201eEss-Erlebnis\u201c schaffen k\u00f6nnen. Das Schlemmen und Genie\u00dfen nach getaner Arbeit war dabei nat\u00fcrlich das Allersch\u00f6nste! Alle Klassen haben zur Erinnerung ein Rezeptheft mitsamt Fotos vom Kochevent erhalten. So k\u00f6nnen die leicht gelingenden, vollwertigen Rezepte zuk\u00fcnftig auch zuhause nachgekocht werden.<\/p>\n<p><img loading=\"lazy\" decoding=\"async\" class=\"alignnone wp-image-13112 size-large\" src=\"http:\/\/www.maria-koenigin.de\/wordpress\/wp-content\/uploads\/2023\/10\/2-1024x585.jpg\" alt=\"\" width=\"625\" height=\"357\" srcset=\"http:\/\/www.maria-koenigin.de\/wordpress\/wp-content\/uploads\/2023\/10\/2-1024x585.jpg 1024w, http:\/\/www.maria-koenigin.de\/wordpress\/wp-content\/uploads\/2023\/10\/2-300x171.jpg 300w, http:\/\/www.maria-koenigin.de\/wordpress\/wp-content\/uploads\/2023\/10\/2-768x439.jpg 768w, http:\/\/www.maria-koenigin.de\/wordpress\/wp-content\/uploads\/2023\/10\/2-624x357.jpg 624w, http:\/\/www.maria-koenigin.de\/wordpress\/wp-content\/uploads\/2023\/10\/2.jpg 1386w\" sizes=\"auto, (max-width: 625px) 100vw, 625px\" \/><\/p>\n<p><a href=\"http:\/\/www.maria-koenigin.de\/?page_id=12736\">zur\u00fcck<\/a> zur \u00dcbersicht der Angebote<\/p>\n<p>&nbsp;<\/p>\n<p>&nbsp;<\/p>\n","protected":false},"excerpt":{"rendered":"<p>Unser Pr\u00e4ventionsprojekt in den Klassen 9 Im September 2023 hat unsere Schule erstmalig in den Klassen 9 das neue Pr\u00e4ventionsprojekt \u201eEs(s) geht um mehr\u201c durchgef\u00fchrt. Dieses Projekt ist vor dem Hintergrund des Lehrplans f\u00fcr Biologie zu sehen. Der Biologie-Unterricht pausiert zwar in Klasse 9, mit dem Projekt ist das Fach aber dennoch weiterhin pr\u00e4sent. Der [&hellip;]<\/p>\n","protected":false},"author":14,"featured_media":0,"parent":0,"menu_order":0,"comment_status":"closed","ping_status":"closed","template":"","meta":{"ngg_post_thumbnail":0,"_mc_calendar":[],"footnotes":""},"class_list":["post-13109","page","type-page","status-publish","hentry"],"_links":{"self":[{"href":"http:\/\/www.maria-koenigin.de\/index.php?rest_route=\/wp\/v2\/pages\/13109","targetHints":{"allow":["GET"]}}],"collection":[{"href":"http:\/\/www.maria-koenigin.de\/index.php?rest_route=\/wp\/v2\/pages"}],"about":[{"href":"http:\/\/www.maria-koenigin.de\/index.php?rest_route=\/wp\/v2\/types\/page"}],"author":[{"embeddable":true,"href":"http:\/\/www.maria-koenigin.de\/index.php?rest_route=\/wp\/v2\/users\/14"}],"replies":[{"embeddable":true,"href":"http:\/\/www.maria-koenigin.de\/index.php?rest_route=%2Fwp%2Fv2%2Fcomments&post=13109"}],"version-history":[{"count":11,"href":"http:\/\/www.maria-koenigin.de\/index.php?rest_route=\/wp\/v2\/pages\/13109\/revisions"}],"predecessor-version":[{"id":14179,"href":"http:\/\/www.maria-koenigin.de\/index.php?rest_route=\/wp\/v2\/pages\/13109\/revisions\/14179"}],"wp:attachment":[{"href":"http:\/\/www.maria-koenigin.de\/index.php?rest_route=%2Fwp%2Fv2%2Fmedia&parent=13109"}],"curies":[{"name":"wp","href":"https:\/\/api.w.org\/{rel}","templated":true}]}}