{"id":13340,"date":"2023-12-23T12:40:20","date_gmt":"2023-12-23T11:40:20","guid":{"rendered":"http:\/\/www.maria-koenigin.de\/?page_id=13340"},"modified":"2025-04-23T15:45:07","modified_gmt":"2025-04-23T13:45:07","slug":"authentic-stem","status":"publish","type":"page","link":"http:\/\/www.maria-koenigin.de\/?page_id=13340","title":{"rendered":"Authentic STEM"},"content":{"rendered":"<p style=\"text-align: justify;\"><img loading=\"lazy\" decoding=\"async\" class=\"alignnone wp-image-13341 size-large\" src=\"http:\/\/www.maria-koenigin.de\/wordpress\/wp-content\/uploads\/2023\/12\/Forum-des-Fortschritts-18-1024x683.jpg\" alt=\"\" width=\"625\" height=\"417\" srcset=\"http:\/\/www.maria-koenigin.de\/wordpress\/wp-content\/uploads\/2023\/12\/Forum-des-Fortschritts-18-1024x683.jpg 1024w, http:\/\/www.maria-koenigin.de\/wordpress\/wp-content\/uploads\/2023\/12\/Forum-des-Fortschritts-18-300x200.jpg 300w, http:\/\/www.maria-koenigin.de\/wordpress\/wp-content\/uploads\/2023\/12\/Forum-des-Fortschritts-18-768x512.jpg 768w, http:\/\/www.maria-koenigin.de\/wordpress\/wp-content\/uploads\/2023\/12\/Forum-des-Fortschritts-18-1536x1024.jpg 1536w, http:\/\/www.maria-koenigin.de\/wordpress\/wp-content\/uploads\/2023\/12\/Forum-des-Fortschritts-18-2048x1365.jpg 2048w, http:\/\/www.maria-koenigin.de\/wordpress\/wp-content\/uploads\/2023\/12\/Forum-des-Fortschritts-18-624x416.jpg 624w\" sizes=\"auto, (max-width: 625px) 100vw, 625px\" \/>Authentische Probleml\u00f6sung an echten (mathematischen) Problemen von Unternehmen mit internationalem Kontakt erm\u00f6glichen und dadurch Eindr\u00fccke in Firmen und auch in die Arbeit im Team bekommen \u2013 das ist die Grundidee von Authentic-STEM.<\/p>\n<p style=\"text-align: justify;\">Im Projekt arbeitet man \u00fcber mehrere Monate mit anderen Sch\u00fclerinnen und Sch\u00fclern (auch aus den USA) in sogenannten Solver-Teams an realen und authentischen Problemstellungen von transatlantisch agierenden Unternehmen. Unterst\u00fctzt wird man dabei von Mitarbeitern der Universit\u00e4t Siegen und Vertretern der Unternehmen. Im vergangenen Durchgang kamen die Sch\u00fclerinnen und Sch\u00fcler dabei neben dem MK unter anderem von der \u201eGerman international School (GIS) Washington D. C.\u201c oder der \u201eJohn F. Kennedy School Berlin (JFKS)\u201c.<\/p>\n<p style=\"text-align: justify;\"><img loading=\"lazy\" decoding=\"async\" class=\"alignnone wp-image-13342 size-large\" src=\"http:\/\/www.maria-koenigin.de\/wordpress\/wp-content\/uploads\/2023\/12\/FDF2-MP2_048-1024x683.jpg\" alt=\"\" width=\"625\" height=\"417\" srcset=\"http:\/\/www.maria-koenigin.de\/wordpress\/wp-content\/uploads\/2023\/12\/FDF2-MP2_048-1024x683.jpg 1024w, http:\/\/www.maria-koenigin.de\/wordpress\/wp-content\/uploads\/2023\/12\/FDF2-MP2_048-300x200.jpg 300w, http:\/\/www.maria-koenigin.de\/wordpress\/wp-content\/uploads\/2023\/12\/FDF2-MP2_048-768x512.jpg 768w, http:\/\/www.maria-koenigin.de\/wordpress\/wp-content\/uploads\/2023\/12\/FDF2-MP2_048-1536x1024.jpg 1536w, http:\/\/www.maria-koenigin.de\/wordpress\/wp-content\/uploads\/2023\/12\/FDF2-MP2_048-2048x1365.jpg 2048w, http:\/\/www.maria-koenigin.de\/wordpress\/wp-content\/uploads\/2023\/12\/FDF2-MP2_048-624x416.jpg 624w\" sizes=\"auto, (max-width: 625px) 100vw, 625px\" \/>Schon seit dem nationalen und regionalen Vorg\u00e4nger-Projekt \u201eMINT-Pro\u00b2Digi\u201c sind seit 2020 best\u00e4ndig Sch\u00fclerinnen und Sch\u00fcler des MK in den Projekten beteiligt gewesen und waren auch im ersten gro\u00dfen Durchgang 2023 mit insgesamt sechs Sch\u00fclerinnen und Sch\u00fclern von Klasse 9 bis zur Stufe Q1 bei \u201eAuthentic-STEM\u201c vertreten. In der Abschlussveranstaltung, dem \u201eForum of Innovation\u201c erh\u00e4lt dann jede Gruppe neben einem Zertifikat die M\u00f6glichkeit, ihre erfolgreichen Ergebnisse zu pr\u00e4sentieren.<\/p>\n<p>Klingt das spannend f\u00fcr dich? Eine n\u00e4chste M\u00f6glichkeit zur Teilnahme wird es f\u00fcr Sch\u00fclerinnen und Sch\u00fcler der Klassen 8 bis Q1 ggf. im Schuljahr 2025\/26 geben und wir informieren dich, wenn es soweit ist. Sprich uns gerne an, falls du schon vorher Fragen zum Projekt oder der Teilnahme daran hast.<\/p>\n<p>Weitere Infos finden sich hintern den folgenden Links zum Projekt:<\/p>\n<ul>\n<li><a href=\"https:\/\/www.uni-siegen.de\/fb6\/didaktik\/projekte\/authenticstem\/?lang=de\" target=\"_blank\" rel=\"noopener\">https:\/\/www.uni-siegen.de\/fb6\/didaktik\/projekte\/authenticstem\/?lang=de<\/a><\/li>\n<li><a href=\"https:\/\/www.uni-siegen.de\/fb6\/didaktik\/projekte\/mintcoatnrw\/?lang=de\" target=\"_blank\" rel=\"noopener\">https:\/\/www.uni-siegen.de\/fb6\/didaktik\/projekte\/mintcoatnrw\/?lang=de<\/a><\/li>\n<li><a href=\"https:\/\/www.schulministerium.nrw\/authentic-stem-transatlantisches-projekt-zur-beruflichen-mint-orientierung\" target=\"_blank\" rel=\"noopener\">https:\/\/www.schulministerium.nrw\/authentic-stem-transatlantisches-projekt-zur-beruflichen-mint-orientierung<\/a><\/li>\n<\/ul>\n<p><strong>Ansprechpartner:<\/strong> Magnus Reifenrath, Matthias Walter<\/p>\n<p>Bisherige Berichte:<\/p>\n<ul>\n<li>Erster Durchgang MINTpro2Digi:<br \/>\n<a href=\"https:\/\/www.maria-koenigin.de\/?p=10070\" target=\"_blank\" rel=\"noopener\">https:\/\/www.maria-koenigin.de\/?p=10070<\/a><\/li>\n<li>Zweiter Durchgang MINTpro2Digi:<br \/>\n<a href=\"https:\/\/www.maria-koenigin.de\/?p=10828\" target=\"_blank\" rel=\"noopener\">https:\/\/www.maria-koenigin.de\/?p=10828<\/a><\/li>\n<\/ul>\n<p><a href=\"http:\/\/www.maria-koenigin.de\/?page_id=12736\">zur\u00fcck<\/a> zur \u00dcbersicht der Angebote<\/p>\n","protected":false},"excerpt":{"rendered":"<p>Authentische Probleml\u00f6sung an echten (mathematischen) Problemen von Unternehmen mit internationalem Kontakt erm\u00f6glichen und dadurch Eindr\u00fccke in Firmen und auch in die Arbeit im Team bekommen \u2013 das ist die Grundidee von Authentic-STEM. Im Projekt arbeitet man \u00fcber mehrere Monate mit anderen Sch\u00fclerinnen und Sch\u00fclern (auch aus den USA) in sogenannten Solver-Teams an realen und authentischen [&hellip;]<\/p>\n","protected":false},"author":14,"featured_media":0,"parent":0,"menu_order":0,"comment_status":"closed","ping_status":"closed","template":"","meta":{"ngg_post_thumbnail":0,"_mc_calendar":[],"footnotes":""},"class_list":["post-13340","page","type-page","status-publish","hentry"],"_links":{"self":[{"href":"http:\/\/www.maria-koenigin.de\/index.php?rest_route=\/wp\/v2\/pages\/13340","targetHints":{"allow":["GET"]}}],"collection":[{"href":"http:\/\/www.maria-koenigin.de\/index.php?rest_route=\/wp\/v2\/pages"}],"about":[{"href":"http:\/\/www.maria-koenigin.de\/index.php?rest_route=\/wp\/v2\/types\/page"}],"author":[{"embeddable":true,"href":"http:\/\/www.maria-koenigin.de\/index.php?rest_route=\/wp\/v2\/users\/14"}],"replies":[{"embeddable":true,"href":"http:\/\/www.maria-koenigin.de\/index.php?rest_route=%2Fwp%2Fv2%2Fcomments&post=13340"}],"version-history":[{"count":6,"href":"http:\/\/www.maria-koenigin.de\/index.php?rest_route=\/wp\/v2\/pages\/13340\/revisions"}],"predecessor-version":[{"id":16150,"href":"http:\/\/www.maria-koenigin.de\/index.php?rest_route=\/wp\/v2\/pages\/13340\/revisions\/16150"}],"wp:attachment":[{"href":"http:\/\/www.maria-koenigin.de\/index.php?rest_route=%2Fwp%2Fv2%2Fmedia&parent=13340"}],"curies":[{"name":"wp","href":"https:\/\/api.w.org\/{rel}","templated":true}]}}