{"id":134,"date":"2014-07-29T19:39:58","date_gmt":"2014-07-29T17:39:58","guid":{"rendered":"http:\/\/mkwordpress.bertels-online.com\/?page_id=134"},"modified":"2025-10-15T12:56:52","modified_gmt":"2025-10-15T10:56:52","slug":"sport","status":"publish","type":"page","link":"http:\/\/www.maria-koenigin.de\/?page_id=134","title":{"rendered":"Sport"},"content":{"rendered":"<table border=\"0\">\n<tbody>\n<tr>\n<td><img loading=\"lazy\" decoding=\"async\" class=\"alignnone wp-image-16717 size-full\" src=\"http:\/\/www.maria-koenigin.de\/wordpress\/wp-content\/uploads\/2025\/08\/R7TH0070-Sport-1.jpg\" alt=\"\" width=\"1920\" height=\"1536\" srcset=\"http:\/\/www.maria-koenigin.de\/wordpress\/wp-content\/uploads\/2025\/08\/R7TH0070-Sport-1.jpg 1920w, http:\/\/www.maria-koenigin.de\/wordpress\/wp-content\/uploads\/2025\/08\/R7TH0070-Sport-1-300x240.jpg 300w, http:\/\/www.maria-koenigin.de\/wordpress\/wp-content\/uploads\/2025\/08\/R7TH0070-Sport-1-1024x819.jpg 1024w, http:\/\/www.maria-koenigin.de\/wordpress\/wp-content\/uploads\/2025\/08\/R7TH0070-Sport-1-768x614.jpg 768w, http:\/\/www.maria-koenigin.de\/wordpress\/wp-content\/uploads\/2025\/08\/R7TH0070-Sport-1-1536x1229.jpg 1536w, http:\/\/www.maria-koenigin.de\/wordpress\/wp-content\/uploads\/2025\/08\/R7TH0070-Sport-1-624x499.jpg 624w\" sizes=\"auto, (max-width: 1920px) 100vw, 1920px\" \/><\/td>\n<\/tr>\n<tr>\n<td><strong>Mitglieder der Fachschaft<\/strong><\/td>\n<\/tr>\n<tr>\n<td>Steffen Hebbeker, Kai Kramer, Simon Lauterbach, Nico Rettler, Jennifer Stahl (fehlt), Christoph Tebr\u00fcgge, Moritz Th\u00f6ne, Sebastian Wiese<\/td>\n<\/tr>\n<\/tbody>\n<\/table>\n<p><strong>Downloads<\/strong><\/p>\n<p><a title=\"KLP S1 (G9)\" href=\"http:\/\/www.maria-koenigin.de\/wordpress\/wp-content\/uploads\/2025\/03\/Curriculum_Sport_G9_5-10.pdf\" target=\"_blank\" rel=\"noopener noreferrer\">Kernlehrplan S1 (G9)<\/a><\/p>\n<p><a title=\"KLP Einf\u00fchrungsphase SekII\" href=\"http:\/\/www.maria-koenigin.de\/wordpress\/wp-content\/inhalte\/lehrplaene\/sport\/klp_sport_ef.pdf\" target=\"_blank\" rel=\"noopener noreferrer\">Kernlehrplan Einf\u00fchrungsphase<\/a><\/p>\n<p><a title=\"KLP Q-Phase\" href=\"http:\/\/www.maria-koenigin.de\/wordpress\/wp-content\/inhalte\/lehrplaene\/sport\/klp_sport_q_phase.pdf\" target=\"_blank\" rel=\"noopener noreferrer\">Kernlehrplan Q-Phase<\/a><\/p>\n<p><a title=\"Check der Sportnote\" href=\"http:\/\/www.maria-koenigin.de\/wordpress\/wp-content\/inhalte\/lehrplaene\/sport\/check_sportnote.pdf\" target=\"_blank\" rel=\"noopener noreferrer\">Check der Sportnote<\/a><\/p>\n","protected":false},"excerpt":{"rendered":"<p>Mitglieder der Fachschaft Steffen Hebbeker, Kai Kramer, Simon Lauterbach, Nico Rettler, Jennifer Stahl (fehlt), Christoph Tebr\u00fcgge, Moritz Th\u00f6ne, Sebastian Wiese Downloads Kernlehrplan S1 (G9) Kernlehrplan Einf\u00fchrungsphase Kernlehrplan Q-Phase Check der Sportnote<\/p>\n","protected":false},"author":1,"featured_media":0,"parent":90,"menu_order":0,"comment_status":"closed","ping_status":"closed","template":"","meta":{"ngg_post_thumbnail":0,"_mc_calendar":[],"footnotes":""},"class_list":["post-134","page","type-page","status-publish","hentry"],"_links":{"self":[{"href":"http:\/\/www.maria-koenigin.de\/index.php?rest_route=\/wp\/v2\/pages\/134","targetHints":{"allow":["GET"]}}],"collection":[{"href":"http:\/\/www.maria-koenigin.de\/index.php?rest_route=\/wp\/v2\/pages"}],"about":[{"href":"http:\/\/www.maria-koenigin.de\/index.php?rest_route=\/wp\/v2\/types\/page"}],"author":[{"embeddable":true,"href":"http:\/\/www.maria-koenigin.de\/index.php?rest_route=\/wp\/v2\/users\/1"}],"replies":[{"embeddable":true,"href":"http:\/\/www.maria-koenigin.de\/index.php?rest_route=%2Fwp%2Fv2%2Fcomments&post=134"}],"version-history":[{"count":43,"href":"http:\/\/www.maria-koenigin.de\/index.php?rest_route=\/wp\/v2\/pages\/134\/revisions"}],"predecessor-version":[{"id":17078,"href":"http:\/\/www.maria-koenigin.de\/index.php?rest_route=\/wp\/v2\/pages\/134\/revisions\/17078"}],"up":[{"embeddable":true,"href":"http:\/\/www.maria-koenigin.de\/index.php?rest_route=\/wp\/v2\/pages\/90"}],"wp:attachment":[{"href":"http:\/\/www.maria-koenigin.de\/index.php?rest_route=%2Fwp%2Fv2%2Fmedia&parent=134"}],"curies":[{"name":"wp","href":"https:\/\/api.w.org\/{rel}","templated":true}]}}