{"id":1375,"date":"2015-02-25T08:47:29","date_gmt":"2015-02-25T06:47:29","guid":{"rendered":"http:\/\/www.maria-koenigin.de\/?page_id=1375"},"modified":"2020-01-07T18:04:28","modified_gmt":"2020-01-07T17:04:28","slug":"delf-ag","status":"publish","type":"page","link":"http:\/\/www.maria-koenigin.de\/?page_id=1375","title":{"rendered":"Delf AG"},"content":{"rendered":"<p style=\"text-align: justify;\"><img loading=\"lazy\" decoding=\"async\" class=\"alignnone size-full wp-image-8982\" src=\"http:\/\/www.maria-koenigin.de\/wordpress\/wp-content\/uploads\/2020\/01\/IMG_3_DELF_Henkel_2019.jpg\" alt=\"\" width=\"640\" height=\"480\" srcset=\"http:\/\/www.maria-koenigin.de\/wordpress\/wp-content\/uploads\/2020\/01\/IMG_3_DELF_Henkel_2019.jpg 640w, http:\/\/www.maria-koenigin.de\/wordpress\/wp-content\/uploads\/2020\/01\/IMG_3_DELF_Henkel_2019-300x225.jpg 300w, http:\/\/www.maria-koenigin.de\/wordpress\/wp-content\/uploads\/2020\/01\/IMG_3_DELF_Henkel_2019-624x468.jpg 624w\" sizes=\"auto, (max-width: 640px) 100vw, 640px\" \/>DELF, die Abk\u00fcrzung f\u00fcr \u201e<strong>D<\/strong>ipl\u00f4me d\u2019<strong>\u00c9<\/strong>tudes en <strong>L<\/strong>angue <strong>F<\/strong>ran\u00e7aise\u201c ist die Bezeichnung f\u00fcr ein international anerkanntes und lebenslang g\u00fcltiges Diplom in franz\u00f6sischer Sprache.<\/p>\n<p style=\"text-align: justify;\">Das Gymnasium Maria K\u00f6nigin bietet in jedem Jahr zu Anfang des Schuljahrs die M\u00f6glichkeit, in Form einer Arbeitsgemeinschaft die Diplome f\u00fcr die ersten vier Stufen des \u201eGemeinsamen europ\u00e4ischen Referenzrahmens f\u00fcr Sprachen\u201c zu erwerben. Das Niveau A2 wird angeboten f\u00fcr die Jahrgangsstufe 9, B1 f\u00fcr die Einf\u00fchrungsphase und das Niveau B2 f\u00fcr die Qualifikations-phase 1 (und ggf. 2). Diese Nachweise f\u00fcr franz\u00f6sische Sprachkenntnisse k\u00f6nnen sp\u00e4teren Bewerbungen beigelegt werden und attestieren dem Bewerber dar\u00fcber hinaus die Bereitschaft zus\u00e4tzlichen Engagements.<\/p>\n<p style=\"text-align: justify;\">Die Arbeitsgemeinschaft trifft sich vom Beginn des Schuljahrs an einem Nachmittag im 14-t\u00e4gigen Rhythmus bis zur Pr\u00fcfung im Februar \/ M\u00e4rz, um die Techniken und Methoden des H\u00f6rverstehens, des Leseverstehens, der schriftlichen und der m\u00fcndlichen Textproduktion zu trainieren. Die Pr\u00fcfung besteht aus 2 Teilen, einer schriftlichen Pr\u00fcfung an unserer Schule und einer m\u00fcndlichen Pr\u00fcfung vor einem franz\u00f6sischen Gremium an einer anderen Schule der Region.<\/p>\n<p style=\"text-align: justify;\">Diese Art der Spracherfahrung verbessert nicht nur die Sprachf\u00e4higkeiten, sondern auch das Selbstbewusstsein. Es ist schon ein besonderes Erlebnis, in der Zielsprache anspruchsvolle Aufgaben zu l\u00f6sen und mit einem franz\u00f6sischen Pr\u00fcfer kommunizieren zu k\u00f6nnen.<\/p>\n<p style=\"text-align: justify;\">Ansprechpartner f\u00fcr DELF: Petra Henkel und alle Franz\u00f6sischlehrer<\/p>\n<p>&nbsp;<\/p>\n","protected":false},"excerpt":{"rendered":"<p>DELF, die Abk\u00fcrzung f\u00fcr \u201eDipl\u00f4me d\u2019\u00c9tudes en Langue Fran\u00e7aise\u201c ist die Bezeichnung f\u00fcr ein international anerkanntes und lebenslang g\u00fcltiges Diplom in franz\u00f6sischer Sprache. Das Gymnasium Maria K\u00f6nigin bietet in jedem Jahr zu Anfang des Schuljahrs die M\u00f6glichkeit, in Form einer Arbeitsgemeinschaft die Diplome f\u00fcr die ersten vier Stufen des \u201eGemeinsamen europ\u00e4ischen Referenzrahmens f\u00fcr Sprachen\u201c zu [&hellip;]<\/p>\n","protected":false},"author":1,"featured_media":0,"parent":92,"menu_order":0,"comment_status":"closed","ping_status":"closed","template":"","meta":{"ngg_post_thumbnail":0,"_mc_calendar":[],"footnotes":""},"class_list":["post-1375","page","type-page","status-publish","hentry"],"_links":{"self":[{"href":"http:\/\/www.maria-koenigin.de\/index.php?rest_route=\/wp\/v2\/pages\/1375","targetHints":{"allow":["GET"]}}],"collection":[{"href":"http:\/\/www.maria-koenigin.de\/index.php?rest_route=\/wp\/v2\/pages"}],"about":[{"href":"http:\/\/www.maria-koenigin.de\/index.php?rest_route=\/wp\/v2\/types\/page"}],"author":[{"embeddable":true,"href":"http:\/\/www.maria-koenigin.de\/index.php?rest_route=\/wp\/v2\/users\/1"}],"replies":[{"embeddable":true,"href":"http:\/\/www.maria-koenigin.de\/index.php?rest_route=%2Fwp%2Fv2%2Fcomments&post=1375"}],"version-history":[{"count":3,"href":"http:\/\/www.maria-koenigin.de\/index.php?rest_route=\/wp\/v2\/pages\/1375\/revisions"}],"predecessor-version":[{"id":8983,"href":"http:\/\/www.maria-koenigin.de\/index.php?rest_route=\/wp\/v2\/pages\/1375\/revisions\/8983"}],"up":[{"embeddable":true,"href":"http:\/\/www.maria-koenigin.de\/index.php?rest_route=\/wp\/v2\/pages\/92"}],"wp:attachment":[{"href":"http:\/\/www.maria-koenigin.de\/index.php?rest_route=%2Fwp%2Fv2%2Fmedia&parent=1375"}],"curies":[{"name":"wp","href":"https:\/\/api.w.org\/{rel}","templated":true}]}}