{"id":14127,"date":"2024-04-11T17:03:10","date_gmt":"2024-04-11T15:03:10","guid":{"rendered":"http:\/\/www.maria-koenigin.de\/?page_id=14127"},"modified":"2025-04-23T15:47:03","modified_gmt":"2025-04-23T13:47:03","slug":"workshop-loeten-robotik","status":"publish","type":"page","link":"http:\/\/www.maria-koenigin.de\/?page_id=14127","title":{"rendered":"Workshop: L\u00f6ten\/Robotik"},"content":{"rendered":"<p style=\"text-align: justify;\">Der traditionelle L\u00f6t- und Robotik-Workshop findet zu Beginn des zweiten Halbjahres im Rahmen der Junior Ingenieur Akademie der Jahrgangsstufe 9 in den R\u00e4umlichkeiten der LEWA Attendorn statt. Im ersten Workshop erlernen die Teilnehmenden die Grundlagen zum An- und Abl\u00f6ten von elektrotechnischen Bauteilen (Kondensatoren, Widerst\u00e4nde, LEDs) auf einer Platine. Das Ziel des Workshops ist es, am Ende ein eigenes Gadget (Bin\u00e4ruhr, digitaler W\u00fcrfel u.\u00e4.) aus den gegebenen Komponenten herzustellen.<\/p>\n<p style=\"text-align: justify;\">Im zweiten Workshop steuern und programmieren die Teilnehmer einen echten industriellen Roboterarm. Neben der Funktionsweise des Arms wird hier insbesondere das r\u00e4umliche Vorstellungsverm\u00f6gen auf den drei Koordinatenachsen geschult. In den vergangenen Jahren bestand die Aufgabe darin, das MK-Logo vom Roboterarm eigenst\u00e4ndig zeichnen zu lassen.<\/p>\n<p>Ein Video-Link zur Roboterbewegung gibt es <a href=\"https:\/\/www.youtube.com\/watch?v=qLx2DoDEaFY&amp;feature=youtu.be\" target=\"_blank\" rel=\"noopener\">hier<\/a>!<\/p>\n<p><img loading=\"lazy\" decoding=\"async\" class=\"alignnone wp-image-14119 size-large\" src=\"http:\/\/www.maria-koenigin.de\/wordpress\/wp-content\/uploads\/2024\/04\/20240228_093547-1024x768.jpg\" alt=\"\" width=\"625\" height=\"469\" srcset=\"http:\/\/www.maria-koenigin.de\/wordpress\/wp-content\/uploads\/2024\/04\/20240228_093547-1024x768.jpg 1024w, http:\/\/www.maria-koenigin.de\/wordpress\/wp-content\/uploads\/2024\/04\/20240228_093547-300x225.jpg 300w, http:\/\/www.maria-koenigin.de\/wordpress\/wp-content\/uploads\/2024\/04\/20240228_093547-768x576.jpg 768w, http:\/\/www.maria-koenigin.de\/wordpress\/wp-content\/uploads\/2024\/04\/20240228_093547-1536x1152.jpg 1536w, http:\/\/www.maria-koenigin.de\/wordpress\/wp-content\/uploads\/2024\/04\/20240228_093547-2048x1536.jpg 2048w, http:\/\/www.maria-koenigin.de\/wordpress\/wp-content\/uploads\/2024\/04\/20240228_093547-624x468.jpg 624w\" sizes=\"auto, (max-width: 625px) 100vw, 625px\" \/> <img loading=\"lazy\" decoding=\"async\" class=\"alignnone wp-image-14120 size-large\" src=\"http:\/\/www.maria-koenigin.de\/wordpress\/wp-content\/uploads\/2024\/04\/20240228_100919-1024x768.jpg\" alt=\"\" width=\"625\" height=\"469\" srcset=\"http:\/\/www.maria-koenigin.de\/wordpress\/wp-content\/uploads\/2024\/04\/20240228_100919-1024x768.jpg 1024w, http:\/\/www.maria-koenigin.de\/wordpress\/wp-content\/uploads\/2024\/04\/20240228_100919-300x225.jpg 300w, http:\/\/www.maria-koenigin.de\/wordpress\/wp-content\/uploads\/2024\/04\/20240228_100919-768x576.jpg 768w, http:\/\/www.maria-koenigin.de\/wordpress\/wp-content\/uploads\/2024\/04\/20240228_100919-1536x1152.jpg 1536w, http:\/\/www.maria-koenigin.de\/wordpress\/wp-content\/uploads\/2024\/04\/20240228_100919-2048x1536.jpg 2048w, http:\/\/www.maria-koenigin.de\/wordpress\/wp-content\/uploads\/2024\/04\/20240228_100919-624x468.jpg 624w\" sizes=\"auto, (max-width: 625px) 100vw, 625px\" \/> <img loading=\"lazy\" decoding=\"async\" class=\"alignnone wp-image-14121 size-large\" src=\"http:\/\/www.maria-koenigin.de\/wordpress\/wp-content\/uploads\/2024\/04\/20240228_101036-1024x768.jpg\" alt=\"\" width=\"625\" height=\"469\" srcset=\"http:\/\/www.maria-koenigin.de\/wordpress\/wp-content\/uploads\/2024\/04\/20240228_101036-1024x768.jpg 1024w, http:\/\/www.maria-koenigin.de\/wordpress\/wp-content\/uploads\/2024\/04\/20240228_101036-300x225.jpg 300w, http:\/\/www.maria-koenigin.de\/wordpress\/wp-content\/uploads\/2024\/04\/20240228_101036-768x576.jpg 768w, http:\/\/www.maria-koenigin.de\/wordpress\/wp-content\/uploads\/2024\/04\/20240228_101036-1536x1152.jpg 1536w, http:\/\/www.maria-koenigin.de\/wordpress\/wp-content\/uploads\/2024\/04\/20240228_101036-2048x1536.jpg 2048w, http:\/\/www.maria-koenigin.de\/wordpress\/wp-content\/uploads\/2024\/04\/20240228_101036-624x468.jpg 624w\" sizes=\"auto, (max-width: 625px) 100vw, 625px\" \/> <img loading=\"lazy\" decoding=\"async\" class=\"alignnone wp-image-14122 size-large\" src=\"http:\/\/www.maria-koenigin.de\/wordpress\/wp-content\/uploads\/2024\/04\/20240228_113416-Kopie-1024x768.jpg\" alt=\"\" width=\"625\" height=\"469\" srcset=\"http:\/\/www.maria-koenigin.de\/wordpress\/wp-content\/uploads\/2024\/04\/20240228_113416-Kopie-1024x768.jpg 1024w, http:\/\/www.maria-koenigin.de\/wordpress\/wp-content\/uploads\/2024\/04\/20240228_113416-Kopie-300x225.jpg 300w, http:\/\/www.maria-koenigin.de\/wordpress\/wp-content\/uploads\/2024\/04\/20240228_113416-Kopie-768x576.jpg 768w, http:\/\/www.maria-koenigin.de\/wordpress\/wp-content\/uploads\/2024\/04\/20240228_113416-Kopie-1536x1152.jpg 1536w, http:\/\/www.maria-koenigin.de\/wordpress\/wp-content\/uploads\/2024\/04\/20240228_113416-Kopie-2048x1536.jpg 2048w, http:\/\/www.maria-koenigin.de\/wordpress\/wp-content\/uploads\/2024\/04\/20240228_113416-Kopie-624x468.jpg 624w\" sizes=\"auto, (max-width: 625px) 100vw, 625px\" \/><\/p>\n<p><a href=\"http:\/\/www.maria-koenigin.de\/?page_id=12736\">zur\u00fcck<\/a> zur \u00dcbersicht der Angebote<\/p>\n","protected":false},"excerpt":{"rendered":"<p>Der traditionelle L\u00f6t- und Robotik-Workshop findet zu Beginn des zweiten Halbjahres im Rahmen der Junior Ingenieur Akademie der Jahrgangsstufe 9 in den R\u00e4umlichkeiten der LEWA Attendorn statt. Im ersten Workshop erlernen die Teilnehmenden die Grundlagen zum An- und Abl\u00f6ten von elektrotechnischen Bauteilen (Kondensatoren, Widerst\u00e4nde, LEDs) auf einer Platine. Das Ziel des Workshops ist es, am [&hellip;]<\/p>\n","protected":false},"author":14,"featured_media":0,"parent":0,"menu_order":0,"comment_status":"closed","ping_status":"closed","template":"","meta":{"ngg_post_thumbnail":0,"_mc_calendar":[],"footnotes":""},"class_list":["post-14127","page","type-page","status-publish","hentry"],"_links":{"self":[{"href":"http:\/\/www.maria-koenigin.de\/index.php?rest_route=\/wp\/v2\/pages\/14127","targetHints":{"allow":["GET"]}}],"collection":[{"href":"http:\/\/www.maria-koenigin.de\/index.php?rest_route=\/wp\/v2\/pages"}],"about":[{"href":"http:\/\/www.maria-koenigin.de\/index.php?rest_route=\/wp\/v2\/types\/page"}],"author":[{"embeddable":true,"href":"http:\/\/www.maria-koenigin.de\/index.php?rest_route=\/wp\/v2\/users\/14"}],"replies":[{"embeddable":true,"href":"http:\/\/www.maria-koenigin.de\/index.php?rest_route=%2Fwp%2Fv2%2Fcomments&post=14127"}],"version-history":[{"count":7,"href":"http:\/\/www.maria-koenigin.de\/index.php?rest_route=\/wp\/v2\/pages\/14127\/revisions"}],"predecessor-version":[{"id":14130,"href":"http:\/\/www.maria-koenigin.de\/index.php?rest_route=\/wp\/v2\/pages\/14127\/revisions\/14130"}],"wp:attachment":[{"href":"http:\/\/www.maria-koenigin.de\/index.php?rest_route=%2Fwp%2Fv2%2Fmedia&parent=14127"}],"curies":[{"name":"wp","href":"https:\/\/api.w.org\/{rel}","templated":true}]}}