{"id":14141,"date":"2024-04-11T17:24:13","date_gmt":"2024-04-11T15:24:13","guid":{"rendered":"http:\/\/www.maria-koenigin.de\/?page_id=14141"},"modified":"2025-04-23T15:52:37","modified_gmt":"2025-04-23T13:52:37","slug":"cnc-workshop","status":"publish","type":"page","link":"http:\/\/www.maria-koenigin.de\/?page_id=14141","title":{"rendered":"CNC Workshop"},"content":{"rendered":"<p style=\"text-align: justify;\" data-start=\"103\" data-end=\"493\">Die CNC-Technik ist ein in der Industrie weit verbreitetes computergest\u00fctztes Fertigungsverfahren, das an unserer Schule mithilfe der Schmelzdrahtschneidemaschine FiloCUT umgesetzt wird. Im ersten Halbjahr der Junior Ingenieur Akademie der Jahrgangsstufe 10 erhalten die Sch\u00fclerinnen und Sch\u00fcler im Rahmen des Themengebiets \u201eProduktentwicklung\u201c einen praxisnahen Einblick in diese Fertigungstechnik.<\/p>\n<p data-start=\"103\" data-end=\"493\"><img loading=\"lazy\" decoding=\"async\" class=\"alignnone wp-image-14145 size-large\" src=\"http:\/\/www.maria-koenigin.de\/wordpress\/wp-content\/uploads\/2024\/04\/20231108_114548-1024x768.jpg\" alt=\"\" width=\"625\" height=\"469\" srcset=\"http:\/\/www.maria-koenigin.de\/wordpress\/wp-content\/uploads\/2024\/04\/20231108_114548-1024x768.jpg 1024w, http:\/\/www.maria-koenigin.de\/wordpress\/wp-content\/uploads\/2024\/04\/20231108_114548-300x225.jpg 300w, http:\/\/www.maria-koenigin.de\/wordpress\/wp-content\/uploads\/2024\/04\/20231108_114548-768x576.jpg 768w, http:\/\/www.maria-koenigin.de\/wordpress\/wp-content\/uploads\/2024\/04\/20231108_114548-1536x1152.jpg 1536w, http:\/\/www.maria-koenigin.de\/wordpress\/wp-content\/uploads\/2024\/04\/20231108_114548-2048x1536.jpg 2048w, http:\/\/www.maria-koenigin.de\/wordpress\/wp-content\/uploads\/2024\/04\/20231108_114548-624x468.jpg 624w\" sizes=\"auto, (max-width: 625px) 100vw, 625px\" \/><\/p>\n<p style=\"text-align: justify;\" data-start=\"495\" data-end=\"948\">Dazu wird ein 20-st\u00fcndiger Workshop unter der Leitung von Herrn Denis Anders (TH K\u00f6ln) angeboten, der vom ZDI Olpe finanziert wird. Die Teilnehmenden besch\u00e4ftigen sich dabei nicht nur mit den mathematischen Grundlagen der Vektorrechnung, sondern erwerben auch Programmierkenntnisse, um sowohl einfache als auch komplexe Figuren aus Styrodur zu fertigen. Erg\u00e4nzt wird der Workshop durch eine vierst\u00fcndige Einheit zur Berufs- und Studien-orientierung.<\/p>\n<p>\u00a0<img loading=\"lazy\" decoding=\"async\" class=\"alignnone wp-image-14146 size-large\" src=\"http:\/\/www.maria-koenigin.de\/wordpress\/wp-content\/uploads\/2024\/04\/20231115_145311-1024x768.jpg\" alt=\"\" width=\"625\" height=\"469\" srcset=\"http:\/\/www.maria-koenigin.de\/wordpress\/wp-content\/uploads\/2024\/04\/20231115_145311-1024x768.jpg 1024w, http:\/\/www.maria-koenigin.de\/wordpress\/wp-content\/uploads\/2024\/04\/20231115_145311-300x225.jpg 300w, http:\/\/www.maria-koenigin.de\/wordpress\/wp-content\/uploads\/2024\/04\/20231115_145311-768x576.jpg 768w, http:\/\/www.maria-koenigin.de\/wordpress\/wp-content\/uploads\/2024\/04\/20231115_145311-1536x1152.jpg 1536w, http:\/\/www.maria-koenigin.de\/wordpress\/wp-content\/uploads\/2024\/04\/20231115_145311-2048x1536.jpg 2048w, http:\/\/www.maria-koenigin.de\/wordpress\/wp-content\/uploads\/2024\/04\/20231115_145311-624x468.jpg 624w\" sizes=\"auto, (max-width: 625px) 100vw, 625px\" \/> <img loading=\"lazy\" decoding=\"async\" class=\"alignnone wp-image-14148 size-large\" src=\"http:\/\/www.maria-koenigin.de\/wordpress\/wp-content\/uploads\/2024\/04\/20231206_151014-1024x768.jpg\" alt=\"\" width=\"625\" height=\"469\" srcset=\"http:\/\/www.maria-koenigin.de\/wordpress\/wp-content\/uploads\/2024\/04\/20231206_151014-1024x768.jpg 1024w, http:\/\/www.maria-koenigin.de\/wordpress\/wp-content\/uploads\/2024\/04\/20231206_151014-300x225.jpg 300w, http:\/\/www.maria-koenigin.de\/wordpress\/wp-content\/uploads\/2024\/04\/20231206_151014-768x576.jpg 768w, http:\/\/www.maria-koenigin.de\/wordpress\/wp-content\/uploads\/2024\/04\/20231206_151014-1536x1152.jpg 1536w, http:\/\/www.maria-koenigin.de\/wordpress\/wp-content\/uploads\/2024\/04\/20231206_151014-2048x1536.jpg 2048w, http:\/\/www.maria-koenigin.de\/wordpress\/wp-content\/uploads\/2024\/04\/20231206_151014-624x468.jpg 624w\" sizes=\"auto, (max-width: 625px) 100vw, 625px\" \/><img loading=\"lazy\" decoding=\"async\" class=\"alignnone wp-image-14147 size-large\" src=\"http:\/\/www.maria-koenigin.de\/wordpress\/wp-content\/uploads\/2024\/04\/20231129_153905-1024x768.jpg\" alt=\"\" width=\"625\" height=\"469\" srcset=\"http:\/\/www.maria-koenigin.de\/wordpress\/wp-content\/uploads\/2024\/04\/20231129_153905-1024x768.jpg 1024w, http:\/\/www.maria-koenigin.de\/wordpress\/wp-content\/uploads\/2024\/04\/20231129_153905-300x225.jpg 300w, http:\/\/www.maria-koenigin.de\/wordpress\/wp-content\/uploads\/2024\/04\/20231129_153905-768x576.jpg 768w, http:\/\/www.maria-koenigin.de\/wordpress\/wp-content\/uploads\/2024\/04\/20231129_153905-1536x1152.jpg 1536w, http:\/\/www.maria-koenigin.de\/wordpress\/wp-content\/uploads\/2024\/04\/20231129_153905-2048x1536.jpg 2048w, http:\/\/www.maria-koenigin.de\/wordpress\/wp-content\/uploads\/2024\/04\/20231129_153905-624x468.jpg 624w\" sizes=\"auto, (max-width: 625px) 100vw, 625px\" \/><\/p>\n<p><a href=\"http:\/\/www.maria-koenigin.de\/?page_id=12736\">zur\u00fcck<\/a> zur \u00dcbersicht der Angebote<\/p>\n","protected":false},"excerpt":{"rendered":"<p>Die CNC-Technik ist ein in der Industrie weit verbreitetes computergest\u00fctztes Fertigungsverfahren, das an unserer Schule mithilfe der Schmelzdrahtschneidemaschine FiloCUT umgesetzt wird. Im ersten Halbjahr der Junior Ingenieur Akademie der Jahrgangsstufe 10 erhalten die Sch\u00fclerinnen und Sch\u00fcler im Rahmen des Themengebiets \u201eProduktentwicklung\u201c einen praxisnahen Einblick in diese Fertigungstechnik. Dazu wird ein 20-st\u00fcndiger Workshop unter der Leitung [&hellip;]<\/p>\n","protected":false},"author":14,"featured_media":0,"parent":0,"menu_order":0,"comment_status":"closed","ping_status":"closed","template":"","meta":{"ngg_post_thumbnail":0,"_mc_calendar":[],"footnotes":""},"class_list":["post-14141","page","type-page","status-publish","hentry"],"_links":{"self":[{"href":"http:\/\/www.maria-koenigin.de\/index.php?rest_route=\/wp\/v2\/pages\/14141","targetHints":{"allow":["GET"]}}],"collection":[{"href":"http:\/\/www.maria-koenigin.de\/index.php?rest_route=\/wp\/v2\/pages"}],"about":[{"href":"http:\/\/www.maria-koenigin.de\/index.php?rest_route=\/wp\/v2\/types\/page"}],"author":[{"embeddable":true,"href":"http:\/\/www.maria-koenigin.de\/index.php?rest_route=\/wp\/v2\/users\/14"}],"replies":[{"embeddable":true,"href":"http:\/\/www.maria-koenigin.de\/index.php?rest_route=%2Fwp%2Fv2%2Fcomments&post=14141"}],"version-history":[{"count":8,"href":"http:\/\/www.maria-koenigin.de\/index.php?rest_route=\/wp\/v2\/pages\/14141\/revisions"}],"predecessor-version":[{"id":14144,"href":"http:\/\/www.maria-koenigin.de\/index.php?rest_route=\/wp\/v2\/pages\/14141\/revisions\/14144"}],"wp:attachment":[{"href":"http:\/\/www.maria-koenigin.de\/index.php?rest_route=%2Fwp%2Fv2%2Fmedia&parent=14141"}],"curies":[{"name":"wp","href":"https:\/\/api.w.org\/{rel}","templated":true}]}}