{"id":148,"date":"2014-07-29T20:08:20","date_gmt":"2014-07-29T18:08:20","guid":{"rendered":"http:\/\/mkwordpress.bertels-online.com\/?page_id=148"},"modified":"2025-10-15T12:49:06","modified_gmt":"2025-10-15T10:49:06","slug":"englisch","status":"publish","type":"page","link":"http:\/\/www.maria-koenigin.de\/?page_id=148","title":{"rendered":"Englisch"},"content":{"rendered":"<p>&nbsp;<\/p>\n<table border=\"0\">\n<tbody>\n<tr>\n<td><img loading=\"lazy\" decoding=\"async\" class=\"alignnone wp-image-16684 size-full\" src=\"http:\/\/www.maria-koenigin.de\/wordpress\/wp-content\/uploads\/2025\/08\/R7TH9988-Englisch.jpg\" alt=\"\" width=\"1920\" height=\"1536\" srcset=\"http:\/\/www.maria-koenigin.de\/wordpress\/wp-content\/uploads\/2025\/08\/R7TH9988-Englisch.jpg 1920w, http:\/\/www.maria-koenigin.de\/wordpress\/wp-content\/uploads\/2025\/08\/R7TH9988-Englisch-300x240.jpg 300w, http:\/\/www.maria-koenigin.de\/wordpress\/wp-content\/uploads\/2025\/08\/R7TH9988-Englisch-1024x819.jpg 1024w, http:\/\/www.maria-koenigin.de\/wordpress\/wp-content\/uploads\/2025\/08\/R7TH9988-Englisch-768x614.jpg 768w, http:\/\/www.maria-koenigin.de\/wordpress\/wp-content\/uploads\/2025\/08\/R7TH9988-Englisch-1536x1229.jpg 1536w, http:\/\/www.maria-koenigin.de\/wordpress\/wp-content\/uploads\/2025\/08\/R7TH9988-Englisch-624x499.jpg 624w\" sizes=\"auto, (max-width: 1920px) 100vw, 1920px\" \/><\/td>\n<\/tr>\n<tr>\n<td><strong>Mitglieder der Fachschaft<\/strong><\/td>\n<\/tr>\n<tr>\n<td>Ilse Beul, Katharina Eisen, Ute Fr\u00f6hlich, Ursula Habermann, Katharina Komperna\u00df, Berthold Kresin, Diana K\u00fcmmel, Dorothee Perlicki, Verena Pinner, Ulrich Schamoni, Nadine Schriek, Jennifer Stahl (fehlt), Annabell Herling, Markus Tr\u00f6ster, Teresa Tr\u00f6ster<\/td>\n<\/tr>\n<\/tbody>\n<\/table>\n<p><strong>Downloads<\/strong><\/p>\n<p><a title=\"KLP S1 (G9)\" href=\"http:\/\/www.maria-koenigin.de\/wordpress\/wp-content\/uploads\/2024\/08\/Curriculum_Englisch_G9_5-9.pdf\" target=\"_blank\" rel=\"noopener noreferrer\">Kernlehrplan S1 (G9)<\/a><\/p>\n<p><a title=\"Schulinternes Curriculum Englisch Sek I und II\" href=\"http:\/\/www.maria-koenigin.de\/wordpress\/wp-content\/inhalte\/lehrplaene\/englisch\/klp_englisch.pdf\" target=\"_blank\" rel=\"noopener noreferrer\">Schulinternes Curriculum Englisch Sek I und II<\/a><\/p>\n","protected":false},"excerpt":{"rendered":"<p>&nbsp; Mitglieder der Fachschaft Ilse Beul, Katharina Eisen, Ute Fr\u00f6hlich, Ursula Habermann, Katharina Komperna\u00df, Berthold Kresin, Diana K\u00fcmmel, Dorothee Perlicki, Verena Pinner, Ulrich Schamoni, Nadine Schriek, Jennifer Stahl (fehlt), Annabell Herling, Markus Tr\u00f6ster, Teresa Tr\u00f6ster Downloads Kernlehrplan S1 (G9) Schulinternes Curriculum Englisch Sek I und II<\/p>\n","protected":false},"author":1,"featured_media":0,"parent":146,"menu_order":0,"comment_status":"closed","ping_status":"closed","template":"","meta":{"ngg_post_thumbnail":0,"_mc_calendar":[],"footnotes":""},"class_list":["post-148","page","type-page","status-publish","hentry"],"_links":{"self":[{"href":"http:\/\/www.maria-koenigin.de\/index.php?rest_route=\/wp\/v2\/pages\/148","targetHints":{"allow":["GET"]}}],"collection":[{"href":"http:\/\/www.maria-koenigin.de\/index.php?rest_route=\/wp\/v2\/pages"}],"about":[{"href":"http:\/\/www.maria-koenigin.de\/index.php?rest_route=\/wp\/v2\/types\/page"}],"author":[{"embeddable":true,"href":"http:\/\/www.maria-koenigin.de\/index.php?rest_route=\/wp\/v2\/users\/1"}],"replies":[{"embeddable":true,"href":"http:\/\/www.maria-koenigin.de\/index.php?rest_route=%2Fwp%2Fv2%2Fcomments&post=148"}],"version-history":[{"count":37,"href":"http:\/\/www.maria-koenigin.de\/index.php?rest_route=\/wp\/v2\/pages\/148\/revisions"}],"predecessor-version":[{"id":17061,"href":"http:\/\/www.maria-koenigin.de\/index.php?rest_route=\/wp\/v2\/pages\/148\/revisions\/17061"}],"up":[{"embeddable":true,"href":"http:\/\/www.maria-koenigin.de\/index.php?rest_route=\/wp\/v2\/pages\/146"}],"wp:attachment":[{"href":"http:\/\/www.maria-koenigin.de\/index.php?rest_route=%2Fwp%2Fv2%2Fmedia&parent=148"}],"curies":[{"name":"wp","href":"https:\/\/api.w.org\/{rel}","templated":true}]}}