{"id":164,"date":"2014-07-29T20:10:53","date_gmt":"2014-07-29T18:10:53","guid":{"rendered":"http:\/\/mkwordpress.bertels-online.com\/?page_id=164"},"modified":"2025-10-15T12:51:20","modified_gmt":"2025-10-15T10:51:20","slug":"musik","status":"publish","type":"page","link":"http:\/\/www.maria-koenigin.de\/?page_id=164","title":{"rendered":"Musik"},"content":{"rendered":"<table border=\"0\">\n<tbody>\n<tr>\n<td><img loading=\"lazy\" decoding=\"async\" class=\"alignnone wp-image-16694 size-full\" src=\"http:\/\/www.maria-koenigin.de\/wordpress\/wp-content\/uploads\/2025\/08\/R7TH0028.-Musik.jpg\" alt=\"\" width=\"1920\" height=\"1484\" srcset=\"http:\/\/www.maria-koenigin.de\/wordpress\/wp-content\/uploads\/2025\/08\/R7TH0028.-Musik.jpg 1920w, http:\/\/www.maria-koenigin.de\/wordpress\/wp-content\/uploads\/2025\/08\/R7TH0028.-Musik-300x232.jpg 300w, http:\/\/www.maria-koenigin.de\/wordpress\/wp-content\/uploads\/2025\/08\/R7TH0028.-Musik-1024x791.jpg 1024w, http:\/\/www.maria-koenigin.de\/wordpress\/wp-content\/uploads\/2025\/08\/R7TH0028.-Musik-768x594.jpg 768w, http:\/\/www.maria-koenigin.de\/wordpress\/wp-content\/uploads\/2025\/08\/R7TH0028.-Musik-1536x1187.jpg 1536w, http:\/\/www.maria-koenigin.de\/wordpress\/wp-content\/uploads\/2025\/08\/R7TH0028.-Musik-624x482.jpg 624w\" sizes=\"auto, (max-width: 1920px) 100vw, 1920px\" \/><\/td>\n<\/tr>\n<tr>\n<td><strong>Mitglieder der Fachschaft<\/strong><\/td>\n<\/tr>\n<tr>\n<td>Harald J\u00fcngst, Berthold Kresin, Dr. Frederik Linn, Hendrik Sch\u00f6rmann, Dr. Alexander Sieler (Referendar)<\/td>\n<\/tr>\n<\/tbody>\n<\/table>\n<p><strong>Downloads<\/strong><\/p>\n<p><a title=\"Lehrplan Sek I\" href=\"http:\/\/www.maria-koenigin.de\/wordpress\/wp-content\/inhalte\/lehrplaene\/Musik\/klp_musik_s1.pdf\" target=\"_blank\" rel=\"noopener noreferrer\">Lehrplan Sek I<\/a><\/p>\n<p><a title=\"KLP Einf\u00fchrungsphase SekII\" href=\"http:\/\/www.maria-koenigin.de\/wordpress\/wp-content\/inhalte\/lehrplaene\/Musik\/klp_musik_ef.pdf\" target=\"_blank\" rel=\"noopener noreferrer\">Kernlehrplan Einf\u00fchrungsphase<\/a><\/p>\n<p><a title=\"KLP Q-Phase\" href=\"http:\/\/www.maria-koenigin.de\/wordpress\/wp-content\/inhalte\/lehrplaene\/Musik\/klp_musik_q.pdf\" target=\"_blank\" rel=\"noopener noreferrer\">Kernlehrplan Q-Phase<\/a><\/p>\n<p><a title=\"Lehrplan Sek II\" href=\"http:\/\/www.maria-koenigin.de\/wordpress\/wp-content\/inhalte\/lehrplaene\/lehrplaene-alt-sekII\/musik_sekII[1].pdf\" target=\"_blank\" rel=\"noopener noreferrer\">Lehrplan Sek II<\/a><\/p>\n<p>&nbsp;<\/p>\n","protected":false},"excerpt":{"rendered":"<p>Mitglieder der Fachschaft Harald J\u00fcngst, Berthold Kresin, Dr. Frederik Linn, Hendrik Sch\u00f6rmann, Dr. Alexander Sieler (Referendar) Downloads Lehrplan Sek I Kernlehrplan Einf\u00fchrungsphase Kernlehrplan Q-Phase Lehrplan Sek II &nbsp;<\/p>\n","protected":false},"author":1,"featured_media":0,"parent":144,"menu_order":0,"comment_status":"closed","ping_status":"closed","template":"","meta":{"ngg_post_thumbnail":0,"_mc_calendar":[],"footnotes":""},"class_list":["post-164","page","type-page","status-publish","hentry"],"_links":{"self":[{"href":"http:\/\/www.maria-koenigin.de\/index.php?rest_route=\/wp\/v2\/pages\/164","targetHints":{"allow":["GET"]}}],"collection":[{"href":"http:\/\/www.maria-koenigin.de\/index.php?rest_route=\/wp\/v2\/pages"}],"about":[{"href":"http:\/\/www.maria-koenigin.de\/index.php?rest_route=\/wp\/v2\/types\/page"}],"author":[{"embeddable":true,"href":"http:\/\/www.maria-koenigin.de\/index.php?rest_route=\/wp\/v2\/users\/1"}],"replies":[{"embeddable":true,"href":"http:\/\/www.maria-koenigin.de\/index.php?rest_route=%2Fwp%2Fv2%2Fcomments&post=164"}],"version-history":[{"count":27,"href":"http:\/\/www.maria-koenigin.de\/index.php?rest_route=\/wp\/v2\/pages\/164\/revisions"}],"predecessor-version":[{"id":17066,"href":"http:\/\/www.maria-koenigin.de\/index.php?rest_route=\/wp\/v2\/pages\/164\/revisions\/17066"}],"up":[{"embeddable":true,"href":"http:\/\/www.maria-koenigin.de\/index.php?rest_route=\/wp\/v2\/pages\/144"}],"wp:attachment":[{"href":"http:\/\/www.maria-koenigin.de\/index.php?rest_route=%2Fwp%2Fv2%2Fmedia&parent=164"}],"curies":[{"name":"wp","href":"https:\/\/api.w.org\/{rel}","templated":true}]}}