{"id":16606,"date":"2025-07-30T17:23:23","date_gmt":"2025-07-30T15:23:23","guid":{"rendered":"http:\/\/www.maria-koenigin.de\/?page_id=16606"},"modified":"2025-07-30T17:28:28","modified_gmt":"2025-07-30T15:28:28","slug":"china","status":"publish","type":"page","link":"http:\/\/www.maria-koenigin.de\/?page_id=16606","title":{"rendered":"China"},"content":{"rendered":"<p><strong>Sch\u00fcleraustausch mit China (Jahrgangsstufen EF und Q1)<\/strong><\/p>\n<p>2009 fand erstmals eine deutsch-chinesische Jugendbegegnung mit 15 Sch\u00fcler:innen der Jahrgangsstufen EF bzw. Q1 und einer vergleichbar gro\u00dfen Gruppe von Jugendlichen aus der Volksrepublik China in Zusammenarbeit mit der Akademie Biggesee und der Thomas Foreign Language School (Qingdao) statt. Bis einschlie\u00dflich 2019 konnten wir dieses attraktive Projekt erfolgreich durchf\u00fchren.<\/p>\n<p>Ab dem Schuljahr 2024\/25 ist es nunmehr wieder m\u00f6glich, den Austausch mit unseren Kooperationspartnern anzubieten. Er wird aus Mitteln des Kinder- und Jugendplanes der Bundesregierung sowie dem Bildungsnetzwerk China gef\u00f6rdert.<\/p>\n<p>Ziel der jeweils zehnt\u00e4gigen Veranstaltung, die in den Sommerferien an der Akademie in Attendorn und in der Schulzeit vor den Herbstferien im darauf folgenden Schuljahr in Qingdao organisiert wird, ist die interkulturelle Begegnung mit einem interaktiven und vielseitig ausgerichteten Programm. Die Teilnehmenden k\u00f6nnen sich selbst und ihre L\u00e4nder durch gemeinsame Seminar- und Exkursionserlebnisse kennenlernen und Kontakte kn\u00fcpfen.<\/p>\n<p>Programminhalte der In-Ma\u00dfnahme sind: Pr\u00e4sentationen der Bundesrepublik Deutschland und der Volksrepublik China, Wertediskussionen in gemischten Kleingruppen, eine Zukunftswerkstatt zur Entwicklung einer nachhaltigen Stadt, eine Firmenbesichtigung, drei Tagesausfl\u00fcge z. B. nach K\u00f6ln, Bonn, Frankfurt und ein Tag in einer deutschen Familie. Die Programminhalte der Chinareise umfassen: die Stadtbesichtigung von Qingdao, einen Boots- und einen Landausflug, M\u00e4rkte und Kulinarisches, einen Tag in einer chinesischen Familie, die Teilnahme am Unterricht in einer chinesischen Schule.<\/p>\n<p>Die Teilnehmenden m\u00fcssen zu Beginn des ersten Teils in Deutschland mindestens 16 Jahre alt sein. Die Seminarsprache ist Englisch. Bewerber:innen sollten kulturelles, politisches und historisches Interesse mitbringen und verantwortungsbewusst sein.<\/p>\n<div id=\"attachment_16610\" style=\"width: 2570px\" class=\"wp-caption alignnone\"><a href=\"http:\/\/www.maria-koenigin.de\/wordpress\/wp-content\/uploads\/2025\/07\/Austausch-China-Schuelergruppe-beim-Abendessen-scaled.jpg\"><img loading=\"lazy\" decoding=\"async\" aria-describedby=\"caption-attachment-16610\" class=\"wp-image-16610 size-full\" src=\"http:\/\/www.maria-koenigin.de\/wordpress\/wp-content\/uploads\/2025\/07\/Austausch-China-Schuelergruppe-beim-Abendessen-scaled.jpg\" alt=\"\" width=\"2560\" height=\"1920\" srcset=\"http:\/\/www.maria-koenigin.de\/wordpress\/wp-content\/uploads\/2025\/07\/Austausch-China-Schuelergruppe-beim-Abendessen-scaled.jpg 2560w, http:\/\/www.maria-koenigin.de\/wordpress\/wp-content\/uploads\/2025\/07\/Austausch-China-Schuelergruppe-beim-Abendessen-300x225.jpg 300w, http:\/\/www.maria-koenigin.de\/wordpress\/wp-content\/uploads\/2025\/07\/Austausch-China-Schuelergruppe-beim-Abendessen-1024x768.jpg 1024w, http:\/\/www.maria-koenigin.de\/wordpress\/wp-content\/uploads\/2025\/07\/Austausch-China-Schuelergruppe-beim-Abendessen-768x576.jpg 768w, http:\/\/www.maria-koenigin.de\/wordpress\/wp-content\/uploads\/2025\/07\/Austausch-China-Schuelergruppe-beim-Abendessen-1536x1152.jpg 1536w, http:\/\/www.maria-koenigin.de\/wordpress\/wp-content\/uploads\/2025\/07\/Austausch-China-Schuelergruppe-beim-Abendessen-2048x1536.jpg 2048w, http:\/\/www.maria-koenigin.de\/wordpress\/wp-content\/uploads\/2025\/07\/Austausch-China-Schuelergruppe-beim-Abendessen-624x468.jpg 624w\" sizes=\"auto, (max-width: 2560px) 100vw, 2560px\" \/><\/a><p id=\"caption-attachment-16610\" class=\"wp-caption-text\">Sch\u00fclergruppe beim Abendessen<\/p><\/div>\n","protected":false},"excerpt":{"rendered":"<p>Sch\u00fcleraustausch mit China (Jahrgangsstufen EF und Q1) 2009 fand erstmals eine deutsch-chinesische Jugendbegegnung mit 15 Sch\u00fcler:innen der Jahrgangsstufen EF bzw. Q1 und einer vergleichbar gro\u00dfen Gruppe von Jugendlichen aus der Volksrepublik China in Zusammenarbeit mit der Akademie Biggesee und der Thomas Foreign Language School (Qingdao) statt. Bis einschlie\u00dflich 2019 konnten wir dieses attraktive Projekt erfolgreich [&hellip;]<\/p>\n","protected":false},"author":15,"featured_media":0,"parent":0,"menu_order":0,"comment_status":"closed","ping_status":"closed","template":"","meta":{"ngg_post_thumbnail":0,"_mc_calendar":[],"footnotes":""},"class_list":["post-16606","page","type-page","status-publish","hentry"],"_links":{"self":[{"href":"http:\/\/www.maria-koenigin.de\/index.php?rest_route=\/wp\/v2\/pages\/16606","targetHints":{"allow":["GET"]}}],"collection":[{"href":"http:\/\/www.maria-koenigin.de\/index.php?rest_route=\/wp\/v2\/pages"}],"about":[{"href":"http:\/\/www.maria-koenigin.de\/index.php?rest_route=\/wp\/v2\/types\/page"}],"author":[{"embeddable":true,"href":"http:\/\/www.maria-koenigin.de\/index.php?rest_route=\/wp\/v2\/users\/15"}],"replies":[{"embeddable":true,"href":"http:\/\/www.maria-koenigin.de\/index.php?rest_route=%2Fwp%2Fv2%2Fcomments&post=16606"}],"version-history":[{"count":3,"href":"http:\/\/www.maria-koenigin.de\/index.php?rest_route=\/wp\/v2\/pages\/16606\/revisions"}],"predecessor-version":[{"id":16612,"href":"http:\/\/www.maria-koenigin.de\/index.php?rest_route=\/wp\/v2\/pages\/16606\/revisions\/16612"}],"wp:attachment":[{"href":"http:\/\/www.maria-koenigin.de\/index.php?rest_route=%2Fwp%2Fv2%2Fmedia&parent=16606"}],"curies":[{"name":"wp","href":"https:\/\/api.w.org\/{rel}","templated":true}]}}