{"id":3051,"date":"2015-05-20T09:16:31","date_gmt":"2015-05-20T07:16:31","guid":{"rendered":"http:\/\/www.maria-koenigin.de\/?page_id=3051"},"modified":"2025-11-10T18:31:42","modified_gmt":"2025-11-10T17:31:42","slug":"lehrerausbildung","status":"publish","type":"page","link":"http:\/\/www.maria-koenigin.de\/?page_id=3051","title":{"rendered":"Lehrerausbildung"},"content":{"rendered":"<p style=\"text-align: justify;\">Eine zukunftsorientierte Schule muss einen Schwerpunkt auf eine qualifizierte Ausbildung des eigenen Lehrernachwuchses legen. Unser Gymnasium versteht sich bewusst als eine Ausbildungsschule, an der angehende Lehrkr\u00e4fte im Rahmen der jeweiligen rechtlichen Gegebenheiten (Praktikum, Praxissemester, Vorbereitungsdienst) Praxiserfahrungen sammeln k\u00f6nnen. Dabei werden sie von erfahrenen Ausbildungslehrkr\u00e4ften unterst\u00fctzt und beraten.<\/p>\n<p style=\"text-align: justify;\">Als Ausbildungsschule bietet das Gymnasium Maria K\u00f6nigin vielf\u00e4ltige M\u00f6glichkeiten in den folgenden Bereichen:<\/p>\n<ul>\n<li>Praktika (Eignungs-, Orientierungs- und Blockpraktikum)<\/li>\n<li>Praxissemester<\/li>\n<li>Vorbereitungsdienst (Referendariat)<\/li>\n<li>M\u00f6glichkeiten des Seiteneinstiegs.<\/li>\n<\/ul>\n<p style=\"text-align: justify;\">Mit der neuen Ordnung f\u00fcr den Vorbereitungsdienst und die Staatspr\u00fcfung (OVP vom 10.04.2011) hat das Land Nordrhein-Westfalen die schulpraktische Phase der Lehrer-ausbildung reformiert. Danach wurde die Ausbildung von Lehramtsanw\u00e4rtern auf eine einheitliche Dauer von 18 Monaten verk\u00fcrzt. Das <a href=\"http:\/\/www.maria-koenigin.de\/wordpress\/wp-content\/uploads\/2022\/11\/Ausbildungsprogramm-Maria-Ko\u0308nigin-2022.pdf\" target=\"_blank\" rel=\"noopener\">Ausbildungsprogramm Maria Ko\u0308nigin 2022<\/a> reagiert auf diese Entwicklung. Im Teil A werden die Rechte und Pflichten der an der Ausbildung beteiligten Personen erl\u00e4utert. Der Teil B bezieht sich auf die Ausbildungsinhalte der regelm\u00e4\u00dfig stattfindenden Verf\u00fcgungsstunden mit den Ausbildungskoordinatoren.<\/p>\n<p>Im ersten Schulhalbjahr des Schuljahres 2024\/25 absolvierten f\u00fcnf Studierende der Universit\u00e4t Siegen ihr Praxissemester an Maria K\u00f6nigin. Sie wurden von den Ausbildungskoordinatoren Timo Quast, Dorothee M\u00fcller und Manuel Vormweg betreut.<\/p>\n<div id=\"attachment_16962\" style=\"width: 1010px\" class=\"wp-caption alignnone\"><img loading=\"lazy\" decoding=\"async\" aria-describedby=\"caption-attachment-16962\" class=\"wp-image-16962\" src=\"http:\/\/www.maria-koenigin.de\/wordpress\/wp-content\/uploads\/2025\/10\/Fotos-Praxissemester-scaled.jpg\" alt=\"\" width=\"1000\" height=\"750\" srcset=\"http:\/\/www.maria-koenigin.de\/wordpress\/wp-content\/uploads\/2025\/10\/Fotos-Praxissemester-scaled.jpg 2560w, http:\/\/www.maria-koenigin.de\/wordpress\/wp-content\/uploads\/2025\/10\/Fotos-Praxissemester-300x225.jpg 300w, http:\/\/www.maria-koenigin.de\/wordpress\/wp-content\/uploads\/2025\/10\/Fotos-Praxissemester-1024x768.jpg 1024w, http:\/\/www.maria-koenigin.de\/wordpress\/wp-content\/uploads\/2025\/10\/Fotos-Praxissemester-768x576.jpg 768w, http:\/\/www.maria-koenigin.de\/wordpress\/wp-content\/uploads\/2025\/10\/Fotos-Praxissemester-1536x1152.jpg 1536w, http:\/\/www.maria-koenigin.de\/wordpress\/wp-content\/uploads\/2025\/10\/Fotos-Praxissemester-2048x1536.jpg 2048w, http:\/\/www.maria-koenigin.de\/wordpress\/wp-content\/uploads\/2025\/10\/Fotos-Praxissemester-624x468.jpg 624w\" sizes=\"auto, (max-width: 1000px) 100vw, 1000px\" \/><p id=\"caption-attachment-16962\" class=\"wp-caption-text\">v. l. n. r.: K. Fiebig (Biologie\/Sport), Z. Guntermann (Deutsch\/Sozialwissenschaften), M. Markovic (Spanisch\/Englisch)<\/p><\/div>\n<p style=\"text-align: justify;\">Zum 01.11.2025 haben f\u00fcnf neue Referendare ihren Vorbereitungsdienst an unserer Schule begonnen. Sie werden von den Ausbildungskoordinatoren Timo Quast, Dorothee M\u00fcller und Manuel Vormweg betreut.<\/p>\n<div id=\"attachment_17159\" style=\"width: 2570px\" class=\"wp-caption alignnone\"><img loading=\"lazy\" decoding=\"async\" aria-describedby=\"caption-attachment-17159\" class=\"wp-image-17159 size-full\" src=\"http:\/\/www.maria-koenigin.de\/wordpress\/wp-content\/uploads\/2025\/11\/Referendare-2025-scaled.jpeg\" alt=\"\" width=\"2560\" height=\"2375\" srcset=\"http:\/\/www.maria-koenigin.de\/wordpress\/wp-content\/uploads\/2025\/11\/Referendare-2025-scaled.jpeg 2560w, http:\/\/www.maria-koenigin.de\/wordpress\/wp-content\/uploads\/2025\/11\/Referendare-2025-300x278.jpeg 300w, http:\/\/www.maria-koenigin.de\/wordpress\/wp-content\/uploads\/2025\/11\/Referendare-2025-1024x950.jpeg 1024w, http:\/\/www.maria-koenigin.de\/wordpress\/wp-content\/uploads\/2025\/11\/Referendare-2025-768x713.jpeg 768w, http:\/\/www.maria-koenigin.de\/wordpress\/wp-content\/uploads\/2025\/11\/Referendare-2025-1536x1425.jpeg 1536w, http:\/\/www.maria-koenigin.de\/wordpress\/wp-content\/uploads\/2025\/11\/Referendare-2025-2048x1900.jpeg 2048w, http:\/\/www.maria-koenigin.de\/wordpress\/wp-content\/uploads\/2025\/11\/Referendare-2025-624x579.jpeg 624w\" sizes=\"auto, (max-width: 2560px) 100vw, 2560px\" \/><p id=\"caption-attachment-17159\" class=\"wp-caption-text\">v.l.n.r.: Kim Zacker (D\/Ge), Noah Klein (KR\/Ge), Theresa Salamon (E\/Ku), Amelie Skoluda (D\/Spa), Bj\u00f6rn Paslat (M\/Spo)<\/p><\/div>\n<p style=\"text-align: justify;\">Das Gymnasium Maria K\u00f6nigin freut sich als Ausbildungsschule auch zuk\u00fcnftig auf den Austausch und die Zusammenarbeit mit neuen Kolleginnen und Kollegen, die ihre Ausbildung in den unterschiedlichsten Formen an unserer Schule absolvieren m\u00f6chten.<\/p>\n<p style=\"text-align: justify;\">Sollten Sie Fragen oder Anmerkungen zu der Lehrerausbildung am Gymnasium Maria K\u00f6nigin haben, k\u00f6nnen Sie uns jederzeit per E-Mail (lehrerausbildung@maria-koenigin.de) kontaktieren.<\/p>\n<p style=\"text-align: justify;\">Manuel Vormweg (Ausbildungsbeauftragter)<\/p>\n","protected":false},"excerpt":{"rendered":"<p>Eine zukunftsorientierte Schule muss einen Schwerpunkt auf eine qualifizierte Ausbildung des eigenen Lehrernachwuchses legen. Unser Gymnasium versteht sich bewusst als eine Ausbildungsschule, an der angehende Lehrkr\u00e4fte im Rahmen der jeweiligen rechtlichen Gegebenheiten (Praktikum, Praxissemester, Vorbereitungsdienst) Praxiserfahrungen sammeln k\u00f6nnen. Dabei werden sie von erfahrenen Ausbildungslehrkr\u00e4ften unterst\u00fctzt und beraten. Als Ausbildungsschule bietet das Gymnasium Maria K\u00f6nigin vielf\u00e4ltige [&hellip;]<\/p>\n","protected":false},"author":1,"featured_media":0,"parent":0,"menu_order":0,"comment_status":"closed","ping_status":"closed","template":"","meta":{"ngg_post_thumbnail":0,"_mc_calendar":[],"footnotes":""},"class_list":["post-3051","page","type-page","status-publish","hentry"],"_links":{"self":[{"href":"http:\/\/www.maria-koenigin.de\/index.php?rest_route=\/wp\/v2\/pages\/3051","targetHints":{"allow":["GET"]}}],"collection":[{"href":"http:\/\/www.maria-koenigin.de\/index.php?rest_route=\/wp\/v2\/pages"}],"about":[{"href":"http:\/\/www.maria-koenigin.de\/index.php?rest_route=\/wp\/v2\/types\/page"}],"author":[{"embeddable":true,"href":"http:\/\/www.maria-koenigin.de\/index.php?rest_route=\/wp\/v2\/users\/1"}],"replies":[{"embeddable":true,"href":"http:\/\/www.maria-koenigin.de\/index.php?rest_route=%2Fwp%2Fv2%2Fcomments&post=3051"}],"version-history":[{"count":32,"href":"http:\/\/www.maria-koenigin.de\/index.php?rest_route=\/wp\/v2\/pages\/3051\/revisions"}],"predecessor-version":[{"id":17160,"href":"http:\/\/www.maria-koenigin.de\/index.php?rest_route=\/wp\/v2\/pages\/3051\/revisions\/17160"}],"wp:attachment":[{"href":"http:\/\/www.maria-koenigin.de\/index.php?rest_route=%2Fwp%2Fv2%2Fmedia&parent=3051"}],"curies":[{"name":"wp","href":"https:\/\/api.w.org\/{rel}","templated":true}]}}