{"id":34,"date":"2014-07-29T18:45:43","date_gmt":"2014-07-29T16:45:43","guid":{"rendered":"http:\/\/mkwordpress.bertels-online.com\/?page_id=34"},"modified":"2025-10-15T00:51:04","modified_gmt":"2025-10-14T22:51:04","slug":"ehemaligenverein","status":"publish","type":"page","link":"http:\/\/www.maria-koenigin.de\/?page_id=34","title":{"rendered":"Ehemaligenverein"},"content":{"rendered":"<p style=\"text-align: justify;\">Freundeskreis ehemaliger Sch\u00fclerinnen und Sch\u00fcler des Gymnasiums Maria K\u00f6nigin<\/p>\n<div id=\"attachment_15415\" style=\"width: 2570px\" class=\"wp-caption alignnone\"><img loading=\"lazy\" decoding=\"async\" aria-describedby=\"caption-attachment-15415\" class=\"wp-image-15415 size-full\" src=\"http:\/\/www.maria-koenigin.de\/wordpress\/wp-content\/uploads\/2025\/02\/Vorstand-Ehemaligenverein-2024-2025-scaled.jpg\" alt=\"\" width=\"2560\" height=\"1920\" srcset=\"http:\/\/www.maria-koenigin.de\/wordpress\/wp-content\/uploads\/2025\/02\/Vorstand-Ehemaligenverein-2024-2025-scaled.jpg 2560w, http:\/\/www.maria-koenigin.de\/wordpress\/wp-content\/uploads\/2025\/02\/Vorstand-Ehemaligenverein-2024-2025-300x225.jpg 300w, http:\/\/www.maria-koenigin.de\/wordpress\/wp-content\/uploads\/2025\/02\/Vorstand-Ehemaligenverein-2024-2025-1024x768.jpg 1024w, http:\/\/www.maria-koenigin.de\/wordpress\/wp-content\/uploads\/2025\/02\/Vorstand-Ehemaligenverein-2024-2025-768x576.jpg 768w, http:\/\/www.maria-koenigin.de\/wordpress\/wp-content\/uploads\/2025\/02\/Vorstand-Ehemaligenverein-2024-2025-1536x1152.jpg 1536w, http:\/\/www.maria-koenigin.de\/wordpress\/wp-content\/uploads\/2025\/02\/Vorstand-Ehemaligenverein-2024-2025-2048x1536.jpg 2048w, http:\/\/www.maria-koenigin.de\/wordpress\/wp-content\/uploads\/2025\/02\/Vorstand-Ehemaligenverein-2024-2025-624x468.jpg 624w\" sizes=\"auto, (max-width: 2560px) 100vw, 2560px\" \/><p id=\"caption-attachment-15415\" class=\"wp-caption-text\">von links nach rechts: Simon Lauterbach, Michael Stipp, Bastian Ruhrmann (1. Vorsitzender), Mareike Schulte (Kassiererin), Monika Segref-Lenneper, Manuel Behle (Schriftf\u00fchrer), Fabian Borys (2. Vorsitzender), Nico Rettler<\/p><\/div>\n<p style=\"text-align: justify;\">Der \u201eEhemaligenverein\u201c ist das Angebot ehemaliger Sch\u00fclerinnen und Sch\u00fcler an die Lehrer, den Schultr\u00e4ger und die Sch\u00fcler des Privaten Gymnasiums Maria K\u00f6nigin, die Zeit an MK nicht nur als notwendige vorbeigehende Arbeits- und Ausbildungsphase abzuhaken. Seine Mitglieder wollen sich dar\u00fcber hinaus zu ihrer Schule bekennen, sich mit ihr identifizieren und die Schulentwicklung kritisch wohlwollend begleiten. Sie wollen w\u00e4hrend und auch nach ihrer MK-Zeit ein St\u00fcck Schulgemeinde sein und bleiben. Der Verein dient auch der Erinnerung an die eigene Jugendzeit und ist ein Bekenntnis des Einzelnen zu sich selbst und seiner eigenen pers\u00f6nlichen Geschichte.<br \/>\nEs gibt heute fast 40 Abiturjahrg\u00e4nge mit mehr als 3000 Abiturientinnen und Abiturienten.<br \/>\nDer \u201eEhemaligenverein\u201c ist pr\u00e4sent bei Schulfeiern und Jubil\u00e4en des Gymnasiums Maria K\u00f6nigin, soweit es die Schulgemeinde angeht.<\/p>\n<ul>\n<li style=\"text-align: justify;\">Er organisiert Schulb\u00e4lle f\u00fcr die ehemaligen Abiturienten<\/li>\n<li style=\"text-align: justify;\">Des Weiteren versendet er das MK-Echo an seine Mitglieder und<\/li>\n<li style=\"text-align: justify;\">ist Adressenb\u00f6rse und Vermittler f\u00fcr die Einladungen zu den zehn- und zwanzigj\u00e4hrige Abiturjubil\u00e4en.<\/li>\n<li style=\"text-align: justify;\">Auch sorgt der Ehemaligenverein daf\u00fcr, dass die jeweiligen Abiturienten ein Gruppenfoto ihres Jahrganges erhalten sowie mit einer Tafel auf der \u201eWall of fame\u201c verewigt sind.<\/li>\n<li style=\"text-align: justify;\">Ein wichtiges Anliegen ist ihm zudem, die Oberstufensch\u00fcler \u00fcber m\u00f6gliche Berufsbilder durch die Veranstaltung \u201eEhemalige stellen sich &#8211; Erfahrungen aus Studium und Beruf\u201c zu informieren.<\/li>\n<\/ul>\n<p>Alles in allem kann man sagen, dass sich der Ehemaligenverein das Ziel gesetzt hat,<\/p>\n<ul>\n<li style=\"text-align: justify;\">\u201edie Bildungsziele des Gymnasiums Maria K\u00f6nigin zu f\u00f6rdern,\u201c<\/li>\n<li style=\"text-align: justify;\">\u201edie Verbindung der ehemaligen Sch\u00fclerinnen und Sch\u00fcler untereinander und mit der Schule aufrechtzuerhalten und zu pflegen,\u201c<\/li>\n<li style=\"text-align: justify;\">\u201emitzuhelfen, auch im erweiterten Sinne eine Schulgemeinde zu schaffen und zu erhalten,\u201c<\/li>\n<li style=\"text-align: justify;\">bei der \u201egeistige(n) und materielle(n) Unterst\u00fctzung des Gymnasiums Maria K\u00f6nigin\u201c mitzuhelfen. (Zitate aus der Satzung)<\/li>\n<\/ul>\n<p>&nbsp;<\/p>\n<p><strong>Vorstand:<\/strong><\/p>\n<ul>\n<li>Bastian Ruhrmann (1. Vorsitzender)<\/li>\n<li>Jan Fabian Borys (2. Vorsitzender)<\/li>\n<li>Manuel Behle (Schriftf\u00fchrer)<\/li>\n<li>Mareike Schulte (Kassiererin)<\/li>\n<li>Michael Stipp (Beisitzer)<\/li>\n<li>Simon Lauterbach (Beisitzer)<\/li>\n<li>Monika Segref-Lenneper (Beisitzerin)<\/li>\n<li>Nico Rettler (Beisitzer)<\/li>\n<\/ul>\n<p><strong>Downloads:<\/strong><\/p>\n<ul>\n<li><a href=\"http:\/\/www.maria-koenigin.de\/wordpress\/wp-content\/dokumente\/satzung_ev.pdf\" target=\"_blank\" rel=\"noopener\">Satzung<\/a><\/li>\n<li><a href=\"http:\/\/www.maria-koenigin.de\/wordpress\/wp-content\/dokumente\/beitritt_ev.pdf\" target=\"_blank\" rel=\"noopener\">Beitrittserkl\u00e4rung<\/a><\/li>\n<\/ul>\n","protected":false},"excerpt":{"rendered":"<p>Freundeskreis ehemaliger Sch\u00fclerinnen und Sch\u00fcler des Gymnasiums Maria K\u00f6nigin Der \u201eEhemaligenverein\u201c ist das Angebot ehemaliger Sch\u00fclerinnen und Sch\u00fcler an die Lehrer, den Schultr\u00e4ger und die Sch\u00fcler des Privaten Gymnasiums Maria K\u00f6nigin, die Zeit an MK nicht nur als notwendige vorbeigehende Arbeits- und Ausbildungsphase abzuhaken. Seine Mitglieder wollen sich dar\u00fcber hinaus zu ihrer Schule bekennen, sich [&hellip;]<\/p>\n","protected":false},"author":1,"featured_media":0,"parent":6,"menu_order":0,"comment_status":"closed","ping_status":"closed","template":"","meta":{"ngg_post_thumbnail":0,"_mc_calendar":[],"footnotes":""},"class_list":["post-34","page","type-page","status-publish","hentry"],"_links":{"self":[{"href":"http:\/\/www.maria-koenigin.de\/index.php?rest_route=\/wp\/v2\/pages\/34","targetHints":{"allow":["GET"]}}],"collection":[{"href":"http:\/\/www.maria-koenigin.de\/index.php?rest_route=\/wp\/v2\/pages"}],"about":[{"href":"http:\/\/www.maria-koenigin.de\/index.php?rest_route=\/wp\/v2\/types\/page"}],"author":[{"embeddable":true,"href":"http:\/\/www.maria-koenigin.de\/index.php?rest_route=\/wp\/v2\/users\/1"}],"replies":[{"embeddable":true,"href":"http:\/\/www.maria-koenigin.de\/index.php?rest_route=%2Fwp%2Fv2%2Fcomments&post=34"}],"version-history":[{"count":16,"href":"http:\/\/www.maria-koenigin.de\/index.php?rest_route=\/wp\/v2\/pages\/34\/revisions"}],"predecessor-version":[{"id":17032,"href":"http:\/\/www.maria-koenigin.de\/index.php?rest_route=\/wp\/v2\/pages\/34\/revisions\/17032"}],"up":[{"embeddable":true,"href":"http:\/\/www.maria-koenigin.de\/index.php?rest_route=\/wp\/v2\/pages\/6"}],"wp:attachment":[{"href":"http:\/\/www.maria-koenigin.de\/index.php?rest_route=%2Fwp%2Fv2%2Fmedia&parent=34"}],"curies":[{"name":"wp","href":"https:\/\/api.w.org\/{rel}","templated":true}]}}