{"id":3613,"date":"2015-08-25T15:00:34","date_gmt":"2015-08-25T13:00:34","guid":{"rendered":"http:\/\/www.maria-koenigin.de\/?page_id=3613"},"modified":"2024-04-12T09:42:03","modified_gmt":"2024-04-12T07:42:03","slug":"strategie-ag","status":"publish","type":"page","link":"http:\/\/www.maria-koenigin.de\/?page_id=3613","title":{"rendered":"Strategie AG"},"content":{"rendered":"<p style=\"text-align: justify;\"><strong>Spielen macht Spa\u00df &#8211; die Strategie AG an MK<br \/>\n<\/strong><\/p>\n<p style=\"text-align: justify;\">F\u00fcr Sch\u00fclerinnen und Sch\u00fcler der Klassen 5, 6 und 7 auf der Suche nach spielerischen und geistigen Herausforderungen.<\/p>\n<p style=\"text-align: justify;\"><strong>Zeit:<\/strong><strong> Mittwochs in allen A-Schulwochen in der 7. &amp; 8. Stunde<\/strong><\/p>\n<p style=\"text-align: justify;\"><strong>Was wir spielen:<\/strong><\/p>\n<p style=\"text-align: justify;\">Besondere Tradition in der AG hat das Kartenspiel \u201e<em>Die Siedler von Catan<\/em>\u201c f\u00fcr 2 Personen, das wir in gro\u00dfer Zahl mit Erweiterungen und Turnierset haben.\u00a0Vorhanden ist auch das passende Brettspiel f\u00fcr 4 \u2013 6 Personen mit allen Erweiterungen.<\/p>\n<p><img loading=\"lazy\" decoding=\"async\" class=\"wp-image-9328 aligncenter\" src=\"http:\/\/www.maria-koenigin.de\/wordpress\/wp-content\/uploads\/2020\/05\/Siedler.jpg\" alt=\"\" width=\"390\" height=\"394\" srcset=\"http:\/\/www.maria-koenigin.de\/wordpress\/wp-content\/uploads\/2020\/05\/Siedler.jpg 921w, http:\/\/www.maria-koenigin.de\/wordpress\/wp-content\/uploads\/2020\/05\/Siedler-296x300.jpg 296w, http:\/\/www.maria-koenigin.de\/wordpress\/wp-content\/uploads\/2020\/05\/Siedler-768x777.jpg 768w, http:\/\/www.maria-koenigin.de\/wordpress\/wp-content\/uploads\/2020\/05\/Siedler-624x631.jpg 624w\" sizes=\"auto, (max-width: 390px) 100vw, 390px\" \/><\/p>\n<p style=\"text-align: justify;\">Wir spielen dazu regelm\u00e4\u00dfig spannende und kurzweilige W\u00fcrfelspiele, auf Wunsch nat\u00fcrlich auch klassische Strategiespiele wie Skat und Schach.\u00a0Au\u00dferdem testen wir immer wieder auch neue Spiele, wie z. B. die aktuellen Spiele des Jahres.<\/p>\n<p style=\"text-align: justify;\"><strong>Wir freuen uns auf neue Gesichter und eine Erweiterung unserer Gruppe. Schnuppert doch n\u00e4chsten Mittwoch (A-Woche!) einfach mal rein!<\/strong><\/p>\n<p style=\"text-align: justify;\">Wir treffen uns auf der Bank am Getr\u00e4nkeautomaten vor der Cafeteria.<\/p>\n<p style=\"text-align: justify;\">Bis dann<\/p>\n<p style=\"text-align: justify;\">Euer Thomas Hilger<\/p>\n<p><a href=\"http:\/\/www.maria-koenigin.de\/?page_id=12732\">zur\u00fcck<\/a> zur AG \u00dcbersicht<\/p>\n","protected":false},"excerpt":{"rendered":"<p>Spielen macht Spa\u00df &#8211; die Strategie AG an MK F\u00fcr Sch\u00fclerinnen und Sch\u00fcler der Klassen 5, 6 und 7 auf der Suche nach spielerischen und geistigen Herausforderungen. Zeit: Mittwochs in allen A-Schulwochen in der 7. &amp; 8. Stunde Was wir spielen: Besondere Tradition in der AG hat das Kartenspiel \u201eDie Siedler von Catan\u201c f\u00fcr 2 [&hellip;]<\/p>\n","protected":false},"author":8,"featured_media":0,"parent":92,"menu_order":0,"comment_status":"closed","ping_status":"closed","template":"","meta":{"ngg_post_thumbnail":0,"_mc_calendar":[],"footnotes":""},"class_list":["post-3613","page","type-page","status-publish","hentry"],"_links":{"self":[{"href":"http:\/\/www.maria-koenigin.de\/index.php?rest_route=\/wp\/v2\/pages\/3613","targetHints":{"allow":["GET"]}}],"collection":[{"href":"http:\/\/www.maria-koenigin.de\/index.php?rest_route=\/wp\/v2\/pages"}],"about":[{"href":"http:\/\/www.maria-koenigin.de\/index.php?rest_route=\/wp\/v2\/types\/page"}],"author":[{"embeddable":true,"href":"http:\/\/www.maria-koenigin.de\/index.php?rest_route=\/wp\/v2\/users\/8"}],"replies":[{"embeddable":true,"href":"http:\/\/www.maria-koenigin.de\/index.php?rest_route=%2Fwp%2Fv2%2Fcomments&post=3613"}],"version-history":[{"count":8,"href":"http:\/\/www.maria-koenigin.de\/index.php?rest_route=\/wp\/v2\/pages\/3613\/revisions"}],"predecessor-version":[{"id":14162,"href":"http:\/\/www.maria-koenigin.de\/index.php?rest_route=\/wp\/v2\/pages\/3613\/revisions\/14162"}],"up":[{"embeddable":true,"href":"http:\/\/www.maria-koenigin.de\/index.php?rest_route=\/wp\/v2\/pages\/92"}],"wp:attachment":[{"href":"http:\/\/www.maria-koenigin.de\/index.php?rest_route=%2Fwp%2Fv2%2Fmedia&parent=3613"}],"curies":[{"name":"wp","href":"https:\/\/api.w.org\/{rel}","templated":true}]}}