{"id":3882,"date":"2015-09-13T15:25:08","date_gmt":"2015-09-13T13:25:08","guid":{"rendered":"http:\/\/www.maria-koenigin.de\/?page_id=3882"},"modified":"2025-12-02T09:52:22","modified_gmt":"2025-12-02T08:52:22","slug":"pausenliga","status":"publish","type":"page","link":"http:\/\/www.maria-koenigin.de\/?page_id=3882","title":{"rendered":"Pausenliga"},"content":{"rendered":"<p><a href=\"https:\/\/docs.google.com\/spreadsheets\/d\/1D5JUZq32e0mtxIgrwr8-EWWWFgpCfob1nIHg2bQmsLw\/edit?usp=sharing\" target=\"_blank\" rel=\"noopener noreferrer\">Hier geht\u2019s zu den Spielpl\u00e4nen, Ergebnissen und Tabellen 5 und 6<\/a><\/p>\n<p><a href=\"https:\/\/docs.google.com\/spreadsheets\/d\/1ySmANzf_2Dpbs7fGmej1g3qb6ge0VqJvU1Nd0RKXL7s\/edit?usp=sharing\" target=\"_blank\" rel=\"noopener\">Hier geht\u00b4s zu den Spielpl\u00e4nen, Ergebnissen und Tabellen der Jahrgangsstufe 7<\/a><\/p>\n<h3><img loading=\"lazy\" decoding=\"async\" class=\"aligncenter size-large wp-image-4715\" src=\"http:\/\/www.maria-koenigin.de\/wordpress\/wp-content\/uploads\/2015\/09\/pausenliga_unterstufe-1024x221.jpg\" alt=\"pausenliga_unterstufe\" width=\"625\" height=\"135\" srcset=\"http:\/\/www.maria-koenigin.de\/wordpress\/wp-content\/uploads\/2015\/09\/pausenliga_unterstufe-1024x221.jpg 1024w, http:\/\/www.maria-koenigin.de\/wordpress\/wp-content\/uploads\/2015\/09\/pausenliga_unterstufe-300x65.jpg 300w, http:\/\/www.maria-koenigin.de\/wordpress\/wp-content\/uploads\/2015\/09\/pausenliga_unterstufe-768x166.jpg 768w, http:\/\/www.maria-koenigin.de\/wordpress\/wp-content\/uploads\/2015\/09\/pausenliga_unterstufe-624x134.jpg 624w, http:\/\/www.maria-koenigin.de\/wordpress\/wp-content\/uploads\/2015\/09\/pausenliga_unterstufe.jpg 1109w\" sizes=\"auto, (max-width: 625px) 100vw, 625px\" \/><\/h3>\n<h3><strong>Regeln:<\/strong><\/h3>\n<ul>\n<li>Die Sporthelfer leiten die Spiele als Schiedsrichter. Sie sind verantwortlich f\u00fcr die Zeitnahme, die Ausgabe der Leibchen, das Notieren der Ergebnisse, das Schlichten von Streit und die Erstversorgung bei Verletzungen.<\/li>\n<li>Spielzeit 10 Minuten: zwei Halbzeiten von f\u00fcnf Minuten. Kein Seitenwechsel!<\/li>\n<li>Jede Klasse muss f\u00fcr beide Halbzeiten jeweils ein unterschiedliches Team stellen. Spieler d\u00fcrfen nicht doppelt eingesetzt werden.<\/li>\n<li>Der Sieger eines Spiels bekommt 3 Punkte, der Verlierer 0 Punkte. Bei einem Unentschieden erhalten beide Teams 1 Punkt.<\/li>\n<li>Tritt ein Team aus unwesentlichen Gr\u00fcnden nicht zum Spiel an, so wird das Spiel mit 2:0 Toren gegen dieses Team gewertet.<\/li>\n<li>Tritt ein Klassenteam aus wesentlichen Gr\u00fcnden nicht an, so wird dieses Spiel nachgeholt. Gleiches gilt bei ung\u00fcnstigen Wetterbedingungen.<\/li>\n<li>W\u00e4hrend der gesamten Spielzeit m\u00fcssen mindestens zwei M\u00e4dchen eines Teams auf dem Spielfeld stehen.<\/li>\n<li>In der Halbzeitpause wird das Team ausgewechselt. Ersatzspieler k\u00f6nnen nicht aus dem Team f\u00fcr die andere Halbzeit stammen.<\/li>\n<li>Tore von M\u00e4dchen z\u00e4hlen doppelt! Alle Einw\u00fcrfe und Ecken m\u00fcssen von M\u00e4dchen ausgef\u00fchrt werden.<\/li>\n<li>In allen Spielen gilt Fair Play und Respekt.<\/li>\n<li>Bei Punktgleichheit zweier Klassen um den Pausenligasieg z\u00e4hlt nur der direkte Vergleich, ggf. wird ein Entscheidungsspiel angesetzt. Bei allen anderen Platzierungen z\u00e4hlt das Torverh\u00e4ltnis.<\/li>\n<li>Hinter und neben den Toren ist w\u00e4hrend den Spielen kein Aufenthaltsbereich.<\/li>\n<li>Nach jedem Spiel halten die Klassenkapit\u00e4ne und Sporthelfer gemeinsam das Spielergebnis mit Unterschrift fest. Der Spielplan wird stets wie angegeben durchgef\u00fchrt. Es gibt einen Nachholspielplan.<\/li>\n<li>Anregungen, Beschwerden etc. k\u00f6nnen an die Sporthelfer und Herrn Lauterbach gerichtet werden.<\/li>\n<\/ul>\n<p><strong>Eure Sporthelfer<\/strong><\/p>\n<p>&nbsp;<\/p>\n<p><strong>Sieger Schuljahr 2025\/2026 (Herbst)<\/strong><\/p>\n<p><strong>Klasse 5b<\/strong><\/p>\n<p><img loading=\"lazy\" decoding=\"async\" class=\"alignnone size-full wp-image-17276\" src=\"http:\/\/www.maria-koenigin.de\/wordpress\/wp-content\/uploads\/2025\/12\/Sieger-Pausenliga-Herbst-2025-5b.jpg\" alt=\"\" width=\"1536\" height=\"2048\" srcset=\"http:\/\/www.maria-koenigin.de\/wordpress\/wp-content\/uploads\/2025\/12\/Sieger-Pausenliga-Herbst-2025-5b.jpg 1536w, http:\/\/www.maria-koenigin.de\/wordpress\/wp-content\/uploads\/2025\/12\/Sieger-Pausenliga-Herbst-2025-5b-225x300.jpg 225w, http:\/\/www.maria-koenigin.de\/wordpress\/wp-content\/uploads\/2025\/12\/Sieger-Pausenliga-Herbst-2025-5b-768x1024.jpg 768w, http:\/\/www.maria-koenigin.de\/wordpress\/wp-content\/uploads\/2025\/12\/Sieger-Pausenliga-Herbst-2025-5b-1152x1536.jpg 1152w, http:\/\/www.maria-koenigin.de\/wordpress\/wp-content\/uploads\/2025\/12\/Sieger-Pausenliga-Herbst-2025-5b-624x832.jpg 624w\" sizes=\"auto, (max-width: 1536px) 100vw, 1536px\" \/><\/p>\n<p>&nbsp;<\/p>\n<p><img loading=\"lazy\" decoding=\"async\" class=\"aligncenter size-large wp-image-4714\" src=\"http:\/\/www.maria-koenigin.de\/wordpress\/wp-content\/uploads\/2015\/09\/pausenliga_mittelstufe-1024x223.jpg\" alt=\"pausenliga_mittelstufe\" width=\"625\" height=\"136\" srcset=\"http:\/\/www.maria-koenigin.de\/wordpress\/wp-content\/uploads\/2015\/09\/pausenliga_mittelstufe-1024x223.jpg 1024w, http:\/\/www.maria-koenigin.de\/wordpress\/wp-content\/uploads\/2015\/09\/pausenliga_mittelstufe-300x65.jpg 300w, http:\/\/www.maria-koenigin.de\/wordpress\/wp-content\/uploads\/2015\/09\/pausenliga_mittelstufe-768x168.jpg 768w, http:\/\/www.maria-koenigin.de\/wordpress\/wp-content\/uploads\/2015\/09\/pausenliga_mittelstufe-624x136.jpg 624w, http:\/\/www.maria-koenigin.de\/wordpress\/wp-content\/uploads\/2015\/09\/pausenliga_mittelstufe.jpg 1105w\" sizes=\"auto, (max-width: 625px) 100vw, 625px\" \/><\/p>\n<h3><strong>Regeln:<\/strong><\/h3>\n<ul>\n<li>Offene Pausenliga f\u00fcr Teams der Klassen 7-9. Anmeldung erforderlich.<\/li>\n<li>Spieltag: Donnerstag, 2 &amp; 3. Pause<\/li>\n<li>Spielplan und Ergebnisse sind nur online \u00fcber die MK- Homepage einsehbar.<\/li>\n<li>Die Sporthelfer-\u201ePausenliga\u201c sind f\u00fcr die Ausgabe der Leibchen und des Balles verantwortlich. Nur sie sind befugt den SH-Raum Schl\u00fcssel im Sekretariat zu holen.<\/li>\n<li>Der SH- \u201ePausenliga\u201c kann die Spiele als Schiedsrichter leiten.<\/li>\n<li>Spielzeit 10 Minuten. Jeweils 2 Spiele pro Pause.<\/li>\n<li>4 Feldspieler, 1 Torwart. Es muss kein M\u00e4dchen im Team sein, jedoch spielen hoffentlich einige mit.<\/li>\n<li>Der Sieger eines Spiels bekommt 3 Punkte, der Verlierer 0 Punkte. Bei einem Unentschieden erhalten beide Teams 1 Punkt.<\/li>\n<li>Tritt ein Team aus unwesentlichen Gr\u00fcnden nicht zum Spiel an, so wird das Spiel mit 2:0 Toren gegen dieses Team gewertet.<\/li>\n<li>Tritt ein Team aus wesentlichen Gr\u00fcnden nicht an, so wird dieses Spiel nachgeholt. Gleiches gilt bei ung\u00fcnstigen Wetterbedingungen.<\/li>\n<li>Der Spielplan wird stets wie angegeben durchgef\u00fchrt. Es gibt einen Nachholspielplan.<\/li>\n<li>In allen Spielen gilt Fair Play und Respekt, besonders wenn kein Schiedsrichter pfeift.<\/li>\n<li>Bei Punktgleichheit zweier Klassen um den Pausenligasieg z\u00e4hlt nur der direkte Vergleich, ggf. wird ein Entscheidungsspiel angesetzt. Bei allen anderen Platzierungen z\u00e4hlt das Torverh\u00e4ltnis.<\/li>\n<li>Hinter und neben den Toren ist w\u00e4hrend den Spielen kein Aufenthaltsbereich.<\/li>\n<li>Nach jedem Spiel halten die Teamkapit\u00e4ne gemeinsam das Spielergebnis mit Unterschrift fest.<\/li>\n<li>Das Ergebnis wird zudem von einem Verantwortlichen in einer Online-Tabelle unmittelbar nach Spielende ver\u00f6ffentlicht.<\/li>\n<li>Die Durchf\u00fchrung und Organisation obliegt weites gehend den teilnehmenden Teams.<\/li>\n<li>Anregungen, Beschwerden etc. k\u00f6nnen an Herrn Lauterbach gerichtet werden.<\/li>\n<\/ul>\n<p><strong>Hr. Lauterbach<br \/>\n<\/strong><\/p>\n","protected":false},"excerpt":{"rendered":"<p>Hier geht\u2019s zu den Spielpl\u00e4nen, Ergebnissen und Tabellen 5 und 6 Hier geht\u00b4s zu den Spielpl\u00e4nen, Ergebnissen und Tabellen der Jahrgangsstufe 7 Regeln: Die Sporthelfer leiten die Spiele als Schiedsrichter. Sie sind verantwortlich f\u00fcr die Zeitnahme, die Ausgabe der Leibchen, das Notieren der Ergebnisse, das Schlichten von Streit und die Erstversorgung bei Verletzungen. Spielzeit 10 [&hellip;]<\/p>\n","protected":false},"author":1,"featured_media":0,"parent":104,"menu_order":0,"comment_status":"closed","ping_status":"closed","template":"","meta":{"ngg_post_thumbnail":0,"_mc_calendar":[],"footnotes":""},"class_list":["post-3882","page","type-page","status-publish","hentry"],"_links":{"self":[{"href":"http:\/\/www.maria-koenigin.de\/index.php?rest_route=\/wp\/v2\/pages\/3882","targetHints":{"allow":["GET"]}}],"collection":[{"href":"http:\/\/www.maria-koenigin.de\/index.php?rest_route=\/wp\/v2\/pages"}],"about":[{"href":"http:\/\/www.maria-koenigin.de\/index.php?rest_route=\/wp\/v2\/types\/page"}],"author":[{"embeddable":true,"href":"http:\/\/www.maria-koenigin.de\/index.php?rest_route=\/wp\/v2\/users\/1"}],"replies":[{"embeddable":true,"href":"http:\/\/www.maria-koenigin.de\/index.php?rest_route=%2Fwp%2Fv2%2Fcomments&post=3882"}],"version-history":[{"count":34,"href":"http:\/\/www.maria-koenigin.de\/index.php?rest_route=\/wp\/v2\/pages\/3882\/revisions"}],"predecessor-version":[{"id":15015,"href":"http:\/\/www.maria-koenigin.de\/index.php?rest_route=\/wp\/v2\/pages\/3882\/revisions\/15015"}],"up":[{"embeddable":true,"href":"http:\/\/www.maria-koenigin.de\/index.php?rest_route=\/wp\/v2\/pages\/104"}],"wp:attachment":[{"href":"http:\/\/www.maria-koenigin.de\/index.php?rest_route=%2Fwp%2Fv2%2Fmedia&parent=3882"}],"curies":[{"name":"wp","href":"https:\/\/api.w.org\/{rel}","templated":true}]}}