{"id":4833,"date":"2016-04-12T14:51:03","date_gmt":"2016-04-12T13:51:03","guid":{"rendered":"http:\/\/www.maria-koenigin.de\/?page_id=4833"},"modified":"2025-10-15T01:17:04","modified_gmt":"2025-10-14T23:17:04","slug":"lupo","status":"publish","type":"page","link":"http:\/\/www.maria-koenigin.de\/?page_id=4833","title":{"rendered":"LuPO"},"content":{"rendered":"<p><img loading=\"lazy\" decoding=\"async\" class=\"alignnone wp-image-13588 size-full\" src=\"http:\/\/www.maria-koenigin.de\/wordpress\/wp-content\/uploads\/2024\/01\/LUPO.jpg\" alt=\"\" width=\"600\" height=\"75\" srcset=\"http:\/\/www.maria-koenigin.de\/wordpress\/wp-content\/uploads\/2024\/01\/LUPO.jpg 600w, http:\/\/www.maria-koenigin.de\/wordpress\/wp-content\/uploads\/2024\/01\/LUPO-300x38.jpg 300w\" sizes=\"auto, (max-width: 600px) 100vw, 600px\" \/><\/p>\n<p>Liebe Sch\u00fclerinnen und Sch\u00fcler,<\/p>\n<p>das Schulministerium NRW hat mit <strong>LuPO (Laufbahn- und Planungstool Oberstufe)<\/strong> f\u00fcr die Sch\u00fclerinnen und Sch\u00fcler der Jahrgangsstufe 10 bzw. der gymnasialen Oberstufe eine Beratungssoftware entwickelt und bereitgestellt, die sie bei der Wahl der Kurse in der Oberstufe unterst\u00fctzt. Das Programm erm\u00f6glicht, im Vorfeld der verbindlichen Wahlen in der Schule Belegungsm\u00f6glichkeiten durchzuspielen und sich durch Hinweise dabei beraten zu lassen. Tats\u00e4chlich ber\u00e4t das Programm auch bei fehlerhaften Belegungen oder weist auf m\u00f6gliche Probleme im Fortgang der Laufbahn in der Oberstufe hin.<\/p>\n<p><strong>Bei mk.xschool stellen wir euch LuPO zum Download bereit<\/strong>. Bitte legt einen Ordner (Name z.B. LuPO) auf eurer Festplatte an, in den ihr diese Programm-Datei kopiert. Ein Doppelklick auf diese Datei \u00f6ffnet das Programm. Es erscheint ein Fenster: \u201eBitte w\u00e4hlen Sie eine Beratungsdatei aus.\u201c Diese Datei erhaltet ihr von uns \u00fcber mk.xschool (mit der Endung .lpo). Auch die Beratungsdatei solltet ihr in demselben Ordner, in dem auch das Programm abgespeichert wurde, ablegen. Bitte stellt sicher, dass euch dieser Ordner bis zum Abitur zur Verf\u00fcgung steht, da ihr ihn im Verlauf der Oberstufe f\u00fcr eure weiteren Laufbahnentscheidungen ben\u00f6tigen werdet. Au\u00dferdem erm\u00f6glicht die neuste Lupo-Version eine Berechnung der Abiturergebnisse.<\/p>\n<p>Die Beratungsdatei enth\u00e4lt alle an MK angebotenen F\u00e4cher und auch eure bisherige Belegung der Fremdsprachen, soweit sie uns bekannt ist. Mit Hilfe der Beratungsdatei k\u00f6nnt ihr nun \u2013 wie in der Informationsveranstaltung besprochen \u2013 eure Laufbahn planen und Varianten durchspielen. Das hei\u00dft, ihr f\u00fchrt die Fachwahlen f\u00fcr die Einf\u00fchrungsphase durch und solltet im Anschluss eure weitere Schullaufbahn durch Hochschreiben der Kurse bis Q.2.2 und eine unverbindliche Anwahl von Leistungskursen und Abiturf\u00e4chern schon einmal vorplanen. <strong>Im Rahmen der Fachwahlen sind aber nur die Eintragungen f\u00fcr EF 1.1 verbindlich.<\/strong> Alle weiteren Angaben k\u00f6nnen sp\u00e4ter im Rahmen eurer Wahlm\u00f6glichkeiten wieder umgew\u00e4hlt werden. Nach der Wahl mit Hilfe der Beratungsdatei werden die \u00c4nderungen automatisch gespeichert.<\/p>\n<p>Das H\u00e4kchen bei \u201eBeratungsdatei komprimieren\u201c bitte nicht entfernen!<\/p>\n<p>Nach der Bearbeitung gebt ihr die Datei \u00fcber mk.xschool wieder ab.<\/p>\n<p>Bei Fragen k\u00f6nnt ihr euch gerne an einen eurer Beratungslehrer sowie den Oberstufenkoordinator&nbsp;Herrn Quast (<a href=\"mailto:Timo.Quast@maria-koenigin.de\">Timo.Quast[at]maria-koenigin.de<\/a>) wenden.<\/p>\n<p>Eure Laufbahnen werden von uns kontrolliert. <strong>Beratungsgespr\u00e4che und m\u00f6gliche Umwahlen k\u00f6nnen auch im Anschluss daran noch stattfinden!<\/strong><\/p>\n<p>Viel Erfolg bei eurer Schullaufbahnplanung w\u00fcnscht<\/p>\n<p>das Beratungslehrerteam<\/p>\n<p><u>Wahlbogen<\/u><\/p>\n<p><img loading=\"lazy\" decoding=\"async\" class=\"alignnone wp-image-13587 size-full\" src=\"http:\/\/www.maria-koenigin.de\/wordpress\/wp-content\/uploads\/2024\/01\/LUPO-1-2.jpg\" alt=\"\" width=\"651\" height=\"1004\" srcset=\"http:\/\/www.maria-koenigin.de\/wordpress\/wp-content\/uploads\/2024\/01\/LUPO-1-2.jpg 651w, http:\/\/www.maria-koenigin.de\/wordpress\/wp-content\/uploads\/2024\/01\/LUPO-1-2-195x300.jpg 195w, http:\/\/www.maria-koenigin.de\/wordpress\/wp-content\/uploads\/2024\/01\/LUPO-1-2-624x962.jpg 624w\" sizes=\"auto, (max-width: 651px) 100vw, 651px\" \/><\/p>\n<p><u>Laufbahnbeispiel<\/u><\/p>\n<p><img loading=\"lazy\" decoding=\"async\" class=\"alignnone wp-image-13586 size-full\" src=\"http:\/\/www.maria-koenigin.de\/wordpress\/wp-content\/uploads\/2024\/01\/LUPO-2-2.jpg\" alt=\"\" width=\"647\" height=\"833\" srcset=\"http:\/\/www.maria-koenigin.de\/wordpress\/wp-content\/uploads\/2024\/01\/LUPO-2-2.jpg 647w, http:\/\/www.maria-koenigin.de\/wordpress\/wp-content\/uploads\/2024\/01\/LUPO-2-2-233x300.jpg 233w, http:\/\/www.maria-koenigin.de\/wordpress\/wp-content\/uploads\/2024\/01\/LUPO-2-2-624x803.jpg 624w\" sizes=\"auto, (max-width: 647px) 100vw, 647px\" \/><\/p>\n","protected":false},"excerpt":{"rendered":"<p>Liebe Sch\u00fclerinnen und Sch\u00fcler, das Schulministerium NRW hat mit LuPO (Laufbahn- und Planungstool Oberstufe) f\u00fcr die Sch\u00fclerinnen und Sch\u00fcler der Jahrgangsstufe 10 bzw. der gymnasialen Oberstufe eine Beratungssoftware entwickelt und bereitgestellt, die sie bei der Wahl der Kurse in der Oberstufe unterst\u00fctzt. Das Programm erm\u00f6glicht, im Vorfeld der verbindlichen Wahlen in der Schule Belegungsm\u00f6glichkeiten durchzuspielen [&hellip;]<\/p>\n","protected":false},"author":1,"featured_media":0,"parent":1249,"menu_order":0,"comment_status":"closed","ping_status":"closed","template":"","meta":{"ngg_post_thumbnail":0,"_mc_calendar":[],"footnotes":""},"class_list":["post-4833","page","type-page","status-publish","hentry"],"_links":{"self":[{"href":"http:\/\/www.maria-koenigin.de\/index.php?rest_route=\/wp\/v2\/pages\/4833","targetHints":{"allow":["GET"]}}],"collection":[{"href":"http:\/\/www.maria-koenigin.de\/index.php?rest_route=\/wp\/v2\/pages"}],"about":[{"href":"http:\/\/www.maria-koenigin.de\/index.php?rest_route=\/wp\/v2\/types\/page"}],"author":[{"embeddable":true,"href":"http:\/\/www.maria-koenigin.de\/index.php?rest_route=\/wp\/v2\/users\/1"}],"replies":[{"embeddable":true,"href":"http:\/\/www.maria-koenigin.de\/index.php?rest_route=%2Fwp%2Fv2%2Fcomments&post=4833"}],"version-history":[{"count":4,"href":"http:\/\/www.maria-koenigin.de\/index.php?rest_route=\/wp\/v2\/pages\/4833\/revisions"}],"predecessor-version":[{"id":17040,"href":"http:\/\/www.maria-koenigin.de\/index.php?rest_route=\/wp\/v2\/pages\/4833\/revisions\/17040"}],"up":[{"embeddable":true,"href":"http:\/\/www.maria-koenigin.de\/index.php?rest_route=\/wp\/v2\/pages\/1249"}],"wp:attachment":[{"href":"http:\/\/www.maria-koenigin.de\/index.php?rest_route=%2Fwp%2Fv2%2Fmedia&parent=4833"}],"curies":[{"name":"wp","href":"https:\/\/api.w.org\/{rel}","templated":true}]}}