{"id":5468,"date":"2016-12-24T09:23:15","date_gmt":"2016-12-24T08:23:15","guid":{"rendered":"http:\/\/www.maria-koenigin.de\/?page_id=5468"},"modified":"2016-12-24T09:31:29","modified_gmt":"2016-12-24T08:31:29","slug":"projektkurs-englischsport","status":"publish","type":"page","link":"http:\/\/www.maria-koenigin.de\/?page_id=5468","title":{"rendered":"Projektkurs Englisch\/Sport"},"content":{"rendered":"<p><strong>\u201eBuilding Muscles through Science \u2013 Bodybuilding &amp; Fitness durch evidenzbasierte Trainings- und Ern\u00e4hrungsgrundlagen\u201d. <\/strong><\/p>\n<p style=\"text-align: justify;\">Der seit dem Schuljahr 2015\/16 bestehende Projektkurs Englisch\/Sport bearbeitet im wesentlichen Kern englisch- und deutschsprachige (fachwissenschaftliche) Literatur zu den Thematiken Muskelaufbau, Fettreduktion, Ern\u00e4hrungswissenschaften und Trainingslehre. Anhand der gewonnenen Erkenntnisse erstellen die Teilnehmer eigenst\u00e4ndig individualisierte Trainings- und Ern\u00e4hrungspl\u00e4ne sowie Prinzipien, die in einer umfangreichen Praxisphase umgesetzt und dokumentiert werden. Dabei steht den Teilnehmern der neu eingerichtete Kraftraum des Gymnasiums Maria K\u00f6nigin zur Verf\u00fcgung, so dass es nicht zwingend notwendig ist, einen Vertrag mit einem Fitnessstudio einzugehen, um seine individuellen Ziele zu erreichen.<\/p>\n<p style=\"text-align: justify;\">F\u00fcr die Teilnahme am Projektkurs sind gute englischsprachige Kenntnisse sowie die Bereitschaft, einen zus\u00e4tzlichen Mindestaufwand von drei Trainingstagen im Zeitraum Januar bis M\u00e4rz\/April pro Woche aufzubringen.<\/p>\n<p style=\"text-align: right;\">&nbsp;Stephan Jegust<\/p>\n","protected":false},"excerpt":{"rendered":"<p>\u201eBuilding Muscles through Science \u2013 Bodybuilding &amp; Fitness durch evidenzbasierte Trainings- und Ern\u00e4hrungsgrundlagen\u201d. Der seit dem Schuljahr 2015\/16 bestehende Projektkurs Englisch\/Sport bearbeitet im wesentlichen Kern englisch- und deutschsprachige (fachwissenschaftliche) Literatur zu den Thematiken Muskelaufbau, Fettreduktion, Ern\u00e4hrungswissenschaften und Trainingslehre. Anhand der gewonnenen Erkenntnisse erstellen die Teilnehmer eigenst\u00e4ndig individualisierte Trainings- und Ern\u00e4hrungspl\u00e4ne sowie Prinzipien, die in einer [&hellip;]<\/p>\n","protected":false},"author":1,"featured_media":0,"parent":0,"menu_order":0,"comment_status":"closed","ping_status":"closed","template":"","meta":{"ngg_post_thumbnail":0,"_mc_calendar":[],"footnotes":""},"class_list":["post-5468","page","type-page","status-publish","hentry"],"_links":{"self":[{"href":"http:\/\/www.maria-koenigin.de\/index.php?rest_route=\/wp\/v2\/pages\/5468","targetHints":{"allow":["GET"]}}],"collection":[{"href":"http:\/\/www.maria-koenigin.de\/index.php?rest_route=\/wp\/v2\/pages"}],"about":[{"href":"http:\/\/www.maria-koenigin.de\/index.php?rest_route=\/wp\/v2\/types\/page"}],"author":[{"embeddable":true,"href":"http:\/\/www.maria-koenigin.de\/index.php?rest_route=\/wp\/v2\/users\/1"}],"replies":[{"embeddable":true,"href":"http:\/\/www.maria-koenigin.de\/index.php?rest_route=%2Fwp%2Fv2%2Fcomments&post=5468"}],"version-history":[{"count":2,"href":"http:\/\/www.maria-koenigin.de\/index.php?rest_route=\/wp\/v2\/pages\/5468\/revisions"}],"predecessor-version":[{"id":5476,"href":"http:\/\/www.maria-koenigin.de\/index.php?rest_route=\/wp\/v2\/pages\/5468\/revisions\/5476"}],"wp:attachment":[{"href":"http:\/\/www.maria-koenigin.de\/index.php?rest_route=%2Fwp%2Fv2%2Fmedia&parent=5468"}],"curies":[{"name":"wp","href":"https:\/\/api.w.org\/{rel}","templated":true}]}}