{"id":5473,"date":"2016-12-24T09:30:29","date_gmt":"2016-12-24T08:30:29","guid":{"rendered":"http:\/\/www.maria-koenigin.de\/?page_id=5473"},"modified":"2017-05-31T07:57:59","modified_gmt":"2017-05-31T05:57:59","slug":"projektkurs-deutschkunst","status":"publish","type":"page","link":"http:\/\/www.maria-koenigin.de\/?page_id=5473","title":{"rendered":"Projektkurs Deutsch\/Kunst"},"content":{"rendered":"<h2>Bezug zum Fach Kunst:<\/h2>\n<ul>\n<li>Kunstbetrachtung von Design\n<ul>\n<li>Fotografien, Werbung; ggf. auch Gem\u00e4lde und Plastiken<\/li>\n<\/ul>\n<\/li>\n<li>Kunsthistorischer und gesellschaftlicher Hintergrund zum Design\n<ul>\n<li>Texte bzw. Referate zur Geschichte und zur Entwicklung der Mode vom letzten Jahrhundert bis heute<\/li>\n<\/ul>\n<\/li>\n<li>Gestaltungspraktische Vorhaben zum Design\n<ul>\n<li>Schmuck, Alltagsgegenst\u00e4nde, Kleidungsst\u00fccke, M\u00f6bel ver\u00e4ndern und\/oder neu erfinden<\/li>\n<\/ul>\n<\/li>\n<\/ul>\n<p><b>Ziel des Projektkurses: <\/b>Ausstellung oder \u201eModenschau\u201c an unserer Schule oder in einer kulturellen Einrichtung<\/p>\n<h2>Bezug zum Fach Deutsch:<\/h2>\n<ul>\n<li>Beziehungen zwischen Merkmalen der Kunst und der Literatur\n<ul>\n<li>Design (z.B. Mode) und literarischen Epochen und ihre Merkmale<\/li>\n<\/ul>\n<\/li>\n<li>Literatur und Kunst als Ausdrucksmittel\n<ul>\n<li>Lebensgef\u00fchl, Menschenbild, Gesellschaftskritik, Selbstverwirklichung<\/li>\n<\/ul>\n<\/li>\n<li>Produktives Schreiben \/ Pr\u00e4sentation des Designs\n<ul>\n<li>Texte f\u00fcr das Designte verfassen, \u201eWerbung machen\u201c, aus der Sicht des Objekts den Schaffensprozess reflektieren<\/li>\n<\/ul>\n<\/li>\n<\/ul>\n<p style=\"text-align: right;\">Anke Koch<\/p>\n","protected":false},"excerpt":{"rendered":"<p>Bezug zum Fach Kunst: Kunstbetrachtung von Design Fotografien, Werbung; ggf. auch Gem\u00e4lde und Plastiken Kunsthistorischer und gesellschaftlicher Hintergrund zum Design Texte bzw. Referate zur Geschichte und zur Entwicklung der Mode vom letzten Jahrhundert bis heute Gestaltungspraktische Vorhaben zum Design Schmuck, Alltagsgegenst\u00e4nde, Kleidungsst\u00fccke, M\u00f6bel ver\u00e4ndern und\/oder neu erfinden Ziel des Projektkurses: Ausstellung oder \u201eModenschau\u201c an unserer [&hellip;]<\/p>\n","protected":false},"author":1,"featured_media":0,"parent":0,"menu_order":0,"comment_status":"closed","ping_status":"closed","template":"","meta":{"ngg_post_thumbnail":0,"_mc_calendar":[],"footnotes":""},"class_list":["post-5473","page","type-page","status-publish","hentry"],"_links":{"self":[{"href":"http:\/\/www.maria-koenigin.de\/index.php?rest_route=\/wp\/v2\/pages\/5473","targetHints":{"allow":["GET"]}}],"collection":[{"href":"http:\/\/www.maria-koenigin.de\/index.php?rest_route=\/wp\/v2\/pages"}],"about":[{"href":"http:\/\/www.maria-koenigin.de\/index.php?rest_route=\/wp\/v2\/types\/page"}],"author":[{"embeddable":true,"href":"http:\/\/www.maria-koenigin.de\/index.php?rest_route=\/wp\/v2\/users\/1"}],"replies":[{"embeddable":true,"href":"http:\/\/www.maria-koenigin.de\/index.php?rest_route=%2Fwp%2Fv2%2Fcomments&post=5473"}],"version-history":[{"count":3,"href":"http:\/\/www.maria-koenigin.de\/index.php?rest_route=\/wp\/v2\/pages\/5473\/revisions"}],"predecessor-version":[{"id":6076,"href":"http:\/\/www.maria-koenigin.de\/index.php?rest_route=\/wp\/v2\/pages\/5473\/revisions\/6076"}],"wp:attachment":[{"href":"http:\/\/www.maria-koenigin.de\/index.php?rest_route=%2Fwp%2Fv2%2Fmedia&parent=5473"}],"curies":[{"name":"wp","href":"https:\/\/api.w.org\/{rel}","templated":true}]}}