{"id":5488,"date":"2016-12-31T13:09:14","date_gmt":"2016-12-31T12:09:14","guid":{"rendered":"http:\/\/www.maria-koenigin.de\/?page_id=5488"},"modified":"2017-04-02T10:35:40","modified_gmt":"2017-04-02T08:35:40","slug":"gala","status":"publish","type":"page","link":"http:\/\/www.maria-koenigin.de\/?page_id=5488","title":{"rendered":"Gala"},"content":{"rendered":"<p><strong>Ein wundersch\u00f6ner Abend der Erinnerungen und des Wir-Gef\u00fchls<\/strong><\/p>\n<p><img loading=\"lazy\" decoding=\"async\" class=\"alignnone size-large wp-image-5816\" src=\"http:\/\/www.maria-koenigin.de\/wordpress\/wp-content\/uploads\/2017\/04\/gala17_020-1024x683.jpg\" alt=\"\" width=\"625\" height=\"417\" srcset=\"http:\/\/www.maria-koenigin.de\/wordpress\/wp-content\/uploads\/2017\/04\/gala17_020.jpg 1024w, http:\/\/www.maria-koenigin.de\/wordpress\/wp-content\/uploads\/2017\/04\/gala17_020-300x200.jpg 300w, http:\/\/www.maria-koenigin.de\/wordpress\/wp-content\/uploads\/2017\/04\/gala17_020-768x512.jpg 768w, http:\/\/www.maria-koenigin.de\/wordpress\/wp-content\/uploads\/2017\/04\/gala17_020-624x416.jpg 624w\" sizes=\"auto, (max-width: 625px) 100vw, 625px\" \/><\/p>\n<p style=\"text-align: justify;\">Mehr als 320 G\u00e4ste und&nbsp; 150 Mitwirkende werden diesen Abend wohl so schnell nicht vergessen. Aus Anlass des Jubil\u00e4ums \u201e50 Jahre Gymnasium Maria K\u00f6nigin\u201c hatte die Schule Freunde und F\u00f6rderer, Partner und schulische Gremien&nbsp; zu einem Galaabend eingeladen.<\/p>\n<p style=\"text-align: justify;\">In einer durch aufw\u00e4ndige Licht- und Tontechnik gestalteten Sporthalle begr\u00fc\u00dften Schulleiter Berthold Schleime und Andreas B\u00f6lker mit einem lockeren Dialog die zahlreichen G\u00e4ste.<\/p>\n<p style=\"text-align: justify;\">Das B\u00fchnenprogramm reichte von der Big Band \u00fcber T\u00e4nzerinnen aus der Jahrgangsstufe 12 und die Theater AG spielraum.unlimited&nbsp; bis zum f\u00fcnfzigk\u00f6pfigen Schulorchester und die Gesangsgruppe \u201eMK-Ladies\u201c. &nbsp;Hinzu kamen&nbsp; eine Trampolinvorf\u00fchrung und ein Auftritt der Turn AG.<\/p>\n<p style=\"text-align: justify;\">In drei Gespr\u00e4chsrunden wurden dann Erinnerungen aus f\u00fcnfzig Jahren Maria K\u00f6nigin ausgetauscht und vor allem das Wir-Gef\u00fchl des Gymnasiums&nbsp; gelobt.&nbsp; Dr. Joachim Springmamn, Thomas Grothoff und Martin Dornseifer berichteten \u00fcber die Arbeit des Ehemaligenvereins, &nbsp;Pater Johanes Nies betonte das gegenseitige Vertrauen als charakteristisch f\u00fcr die Schule. Pfarrer Ludger Wollweber, Dr. Antonius Hamers vom Katholischen B\u00fcro in D\u00fcsseldorf und Eva Jansen vom Erzbistum Paderborn w\u00fcrdigten das katholische Profil und das soziale Engagement der Schule. &nbsp;Pater Egon F\u00e4rber, Provinzial der Missionare von der Heiligen Familie, blickte zur\u00fcck auf die Entwicklung&nbsp; der Schule und freute sich \u00fcber den Einzug der Jugendbildungsst\u00e4te \u201eJugendhof Pallotti Lennestadt\u201c &nbsp;in das ehemalige Klostergeb\u00e4ude.<\/p>\n<p style=\"text-align: justify;\">Bei der dritten Runde standen ehemalige Sch\u00fcler des Gymnasiums auf der B\u00fchne: Daniel Schneider ist heute Profi-Musiker und Dirigent, Christian Ro\u00df, Veranstalter von Aktiv- und Gesundheitsreisen, Tobias Metten&nbsp; ist gesch\u00e4ftsf\u00fchrender Gesellschafter bei Metten Fleisch-waren,&nbsp; Ulrike Wesely ist Musikerin und Leiterin des Vereins MUT Sauerland und des Kulturguts Schrabbenhof und Jens Epe arbeitet als technischer Gesch\u00e4ftsf\u00fchrer bei \u201eWorld of VR\u201c in K\u00f6ln. Alle ehemaligen Sch\u00fcler betonten die Bedeutung ihrer Schulzeit f\u00fcr ihren sp\u00e4teren Lebensweg und Karriere.<\/p>\n<p style=\"text-align: justify;\">Die Moderation des Abends hatten mit Juliane Metten-Gardiner ebenfalls eine ehemalige Sch\u00fclerin und mit Natalie Anders und&nbsp; David Assmann zwei aktuelle Sch\u00fcler \u00fcbernommen. Ein Buffet und Getr\u00e4nke in der Pause und Video-Gr\u00fc\u00dfe aus aller Welt &nbsp;vervollst\u00e4ndigten das bunte Programm, das alle G\u00e4ste begeisterte.&nbsp; Der Erl\u00f6s des Abends wird f\u00fcr eine behindertengerechte Ausstattung der Schule eingesetzt werden.<\/p>\n<p style=\"text-align: justify;\"><a href=\"http:\/\/www.maria-koenigin.de\/wordpress\/wp-content\/uploads\/2017\/04\/programmheft.pdf\" target=\"_blank\">Programmheft der Gala<\/a><\/p>\n<p><strong>Gala \u2013 Dankesch\u00f6n<\/strong><\/p>\n<p style=\"text-align: justify;\">Die Gala zum Schuljubil\u00e4um war ein begeisternder Abend f\u00fcr alle G\u00e4ste und Mitwirkende. Dies war nur m\u00f6glich, weil viele Personen dazu beigetragen haben. Unser besonderer Dank geht an:<\/p>\n<ul>\n<li style=\"text-align: justify;\">alle Sch\u00fclerinnen und Sch\u00fcler, die&nbsp; ihre Talente eingesetzt und mit ihrem Einsatz gezeigt haben, was an unserer Schule m\u00f6glich ist&nbsp;&nbsp;<\/li>\n<li style=\"text-align: justify;\">alle ehemaligen Sch\u00fcler, die als Gespr\u00e4chspartner ihre Verbindung zur Schule eindrucksvoll deutlich gemacht haben<\/li>\n<li style=\"text-align: justify;\">alle Gespr\u00e4chspartner, die ihre Wertsch\u00e4tzung unserer Schule und ihrer Arbeit dargestellt haben<\/li>\n<li style=\"text-align: justify;\">Juliane Metten-Gardiner, Natalie Anders und David Assmann, die mit einer lockeren Art durch den Abend gef\u00fchrt haben<\/li>\n<li style=\"text-align: justify;\">alle Kolleginnen und Kollegen, die in unterschiedlicher Weise und mit zus\u00e4tzlichem Einsatz zum Gelingen des Abends beigetragen haben<\/li>\n<li style=\"text-align: justify;\">alle, die durch ihre Spenden einen Beitrag zum behindertengerechten Ausbau der Schule geleistet haben<\/li>\n<li style=\"text-align: justify;\">die Sekret\u00e4rinnen und Hausmeister, die mit viel zus\u00e4tzlichem Einsatz rund um die Gala geholfen haben<\/li>\n<li style=\"text-align: justify;\">die Firma Eventtechnik S\u00fcdwestfalen und Uli Korte, die mit B\u00fchnenaufbau, Beleuchtung und Ton aus unserer Sporthalle eine Eventhalle gemacht haben<\/li>\n<li style=\"text-align: justify;\">Familie Kordes f\u00fcr ein wunderbares Buffet<\/li>\n<li style=\"text-align: justify;\">alle, die durch ihre Ideen und ihren Einsatz den Abend m\u00f6glich gemacht haben<\/li>\n<li style=\"text-align: justify;\">und nicht zuletzt an alle G\u00e4ste, die mit uns gefeiert haben.<\/li>\n<\/ul>\n<p style=\"text-align: justify;\"><strong>Eindr\u00fccke der Gala:<\/strong><\/p>\n<p style=\"text-align: justify;\">ngg_shortcode_0_placeholder<\/p>\n","protected":false},"excerpt":{"rendered":"<p>Ein wundersch\u00f6ner Abend der Erinnerungen und des Wir-Gef\u00fchls Mehr als 320 G\u00e4ste und&nbsp; 150 Mitwirkende werden diesen Abend wohl so schnell nicht vergessen. Aus Anlass des Jubil\u00e4ums \u201e50 Jahre Gymnasium Maria K\u00f6nigin\u201c hatte die Schule Freunde und F\u00f6rderer, Partner und schulische Gremien&nbsp; zu einem Galaabend eingeladen. In einer durch aufw\u00e4ndige Licht- und Tontechnik gestalteten Sporthalle [&hellip;]<\/p>\n","protected":false},"author":1,"featured_media":0,"parent":0,"menu_order":0,"comment_status":"closed","ping_status":"closed","template":"","meta":{"ngg_post_thumbnail":0,"_mc_calendar":[],"footnotes":""},"class_list":["post-5488","page","type-page","status-publish","hentry"],"_links":{"self":[{"href":"http:\/\/www.maria-koenigin.de\/index.php?rest_route=\/wp\/v2\/pages\/5488","targetHints":{"allow":["GET"]}}],"collection":[{"href":"http:\/\/www.maria-koenigin.de\/index.php?rest_route=\/wp\/v2\/pages"}],"about":[{"href":"http:\/\/www.maria-koenigin.de\/index.php?rest_route=\/wp\/v2\/types\/page"}],"author":[{"embeddable":true,"href":"http:\/\/www.maria-koenigin.de\/index.php?rest_route=\/wp\/v2\/users\/1"}],"replies":[{"embeddable":true,"href":"http:\/\/www.maria-koenigin.de\/index.php?rest_route=%2Fwp%2Fv2%2Fcomments&post=5488"}],"version-history":[{"count":7,"href":"http:\/\/www.maria-koenigin.de\/index.php?rest_route=\/wp\/v2\/pages\/5488\/revisions"}],"predecessor-version":[{"id":5826,"href":"http:\/\/www.maria-koenigin.de\/index.php?rest_route=\/wp\/v2\/pages\/5488\/revisions\/5826"}],"wp:attachment":[{"href":"http:\/\/www.maria-koenigin.de\/index.php?rest_route=%2Fwp%2Fv2%2Fmedia&parent=5488"}],"curies":[{"name":"wp","href":"https:\/\/api.w.org\/{rel}","templated":true}]}}