{"id":63,"date":"2014-07-29T19:24:38","date_gmt":"2014-07-29T17:24:38","guid":{"rendered":"http:\/\/mkwordpress.bertels-online.com\/?page_id=63"},"modified":"2025-10-15T00:57:00","modified_gmt":"2025-10-14T22:57:00","slug":"sv","status":"publish","type":"page","link":"http:\/\/www.maria-koenigin.de\/?page_id=63","title":{"rendered":"SV"},"content":{"rendered":"<p style=\"text-align: justify;\">Unsere Sch\u00fclervertretung und Mini-SV im Schuljahr 2025\/26:<\/p>\n<p>SV: Nina Cordes (Sch\u00fclersprecher), Jarne Kirsch (Stellvertreterin), Lea Koch, Lea Cordes, Suraby Thusyanthan, Fabio Lupo, Henry Stinn, Sajuraam Thujendran, Louis Hofmann, Franziska Rameil, Carlotta Hennes, Elmedina Muja<\/p>\n<p>Mini-SV: Cem Oberstadt, Aaron Brouwer, Zoey Gehle, Dana Daus, Nele Berkner, Tony Greitemann<\/p>\n<p>&nbsp;<\/p>\n<p><img loading=\"lazy\" decoding=\"async\" class=\"alignnone wp-image-13739 size-large\" src=\"http:\/\/www.maria-koenigin.de\/wordpress\/wp-content\/uploads\/2024\/02\/Foto-SV-Lehrer-2023-2024-1024x768.jpeg\" alt=\"\" width=\"625\" height=\"469\" srcset=\"http:\/\/www.maria-koenigin.de\/wordpress\/wp-content\/uploads\/2024\/02\/Foto-SV-Lehrer-2023-2024-1024x768.jpeg 1024w, http:\/\/www.maria-koenigin.de\/wordpress\/wp-content\/uploads\/2024\/02\/Foto-SV-Lehrer-2023-2024-300x225.jpeg 300w, http:\/\/www.maria-koenigin.de\/wordpress\/wp-content\/uploads\/2024\/02\/Foto-SV-Lehrer-2023-2024-768x576.jpeg 768w, http:\/\/www.maria-koenigin.de\/wordpress\/wp-content\/uploads\/2024\/02\/Foto-SV-Lehrer-2023-2024-1536x1152.jpeg 1536w, http:\/\/www.maria-koenigin.de\/wordpress\/wp-content\/uploads\/2024\/02\/Foto-SV-Lehrer-2023-2024-2048x1536.jpeg 2048w, http:\/\/www.maria-koenigin.de\/wordpress\/wp-content\/uploads\/2024\/02\/Foto-SV-Lehrer-2023-2024-624x468.jpeg 624w\" sizes=\"auto, (max-width: 625px) 100vw, 625px\" \/>SV-Verbindungslehrer: Herr Reifenrath und Frau Braune<\/p>\n<p style=\"text-align: justify;\">Da ihr nun wisst, wer wir sind, m\u00f6chten wir euch kurz erkl\u00e4ren, was die SV eigentlich f\u00fcr die&nbsp;Sch\u00fclerinnen und Sch\u00fcler von MK leistet und welche unterschiedlichen Aktionen im Verlauf des Schuljahres durchf\u00fchrt werden:<\/p>\n<p style=\"text-align: justify;\"><strong>SV als Ansprechpartner:<\/strong> Die Sch\u00fclervertretung dient als Ansprechpartner und Bindeglied zwischen Lehrern und Sch\u00fclern. Nat\u00fcrlich nehmen wir sehr gerne neue Ideen auf und versuchen diese in die Tat umzusetzen. Als SV kann man viel erreichen und sollte es doch einmal irgendwelche Probleme zwischen Sch\u00fclern und Lehrern oder andere Streitigkeiten geben, bem\u00fcht sich die SV stets darum, die Meinung der Sch\u00fcler gerecht zu vertreten. Bei Problemen kann man sich entweder per Brief (wir haben einen Briefkasten vor unserem SV-Raum) oder auch pers\u00f6nlich an uns wenden. Genau f\u00fcr solche Fragen und W\u00fcnsche sind wir jeden Montag, Mittwoch und Freitag in der zweiten gro\u00dfen Pause in unserem SV-Raum (neben der Cafeteria) ansprechbar.<\/p>\n<p style=\"text-align: justify;\"><strong>SV als Entscheidungstr\u00e4ger:<\/strong> Die SV ist regelm\u00e4\u00dfig in den unterschiedlichen schulischen Arbeitskreisen und der Schulkonferenz vertreten und darf \u00fcber grundlegende Themen mit entscheiden. Denn Sch\u00fcler haben das Recht auf eine Stimme!<\/p>\n<p style=\"text-align: justify;\"><strong>MK-Club:<\/strong> Dieser Club ist ausschlie\u00dflich f\u00fcr die Sch\u00fclerinnen und Sch\u00fcler von MK da und soll nicht nur zu einer st\u00e4rkeren Identifizierung der Sch\u00fcler mit ihrer Schule beitragen, sondern auch das Gemeinschaftsgef\u00fchl st\u00e4rken. Alle Sch\u00fclerinnen und Sch\u00fcler des Gymnasiums, von Klasse 5 bis zur Q2, k\u00f6nnen f\u00fcr einen einmaligen Beitrag von 5 \u20ac Mitglied in diesem Club werden und bekommen eine Mitgliedskarte, mit der sie sich ausweisen k\u00f6nnen. Innerhalb und au\u00dferhalb der Schule erhalten die Mitglieder des Clubs dann gegen Vorlage ihrer Clubkarte und des Sch\u00fclerausweises attraktive Vorteile und Verg\u00fcnstigungen bei Fahrschulen, Eisdielen, Elektrofachgesch\u00e4ften, usw. Eine Auflistung der aktuellen Aktionen und Rabatte findet ihr ebenfalls auf unserer Schulhomepage unter der Rubrik \u201eMK-Club\u201c<\/p>\n<p style=\"text-align: justify;\"><b>Cr\u00eapes<\/b><strong>&nbsp;backen:<\/strong> Um den Schulalltag f\u00fcr jedes Mitglied der Schulgemeinschaft sch\u00f6ner zu gestalten, verkaufen wir von der SV regelm\u00e4\u00dfig Cr\u00eapes, die wir selber backen. Im Zuge dessen wird das ganze Schulgeb\u00e4ude in einen verf\u00fchrerischen Duft geh\u00fcllt und lockt viele Sch\u00fclerinnen und Sch\u00fcler zum SV-Raum.<\/p>\n<p style=\"text-align: justify;\"><strong>Obstsalat mit Joghurt:<\/strong> F\u00fcr eine ausgewogene Ern\u00e4hrung zwischendurch sorgen wir gelegentlich auch durch&nbsp;gesunde Kleinigkeiten wie Joghurt mit Obst.<\/p>\n<p style=\"text-align: justify;\"><strong>Sch\u00fclerausweise:<\/strong>&nbsp;Sch\u00fclerausweise, die bei unterschiedlichen inner- und au\u00dferschulischen Aktionen f\u00fcr Sch\u00fcler vorausgesetzt werden, k\u00f6nnen ebenfalls im SV-Raum erworben werden.<\/p>\n<p style=\"text-align: justify;\"><strong>Liegest\u00fchle:<\/strong> In der Schule mal in der Sonne chillen? An warmen und entspannenden Tagen im Sommer bieten wir unseren Sch\u00fclern in den Freistunden und gro\u00dfen Pausen einen exklusiven Liegestuhl an.<\/p>\n<p style=\"text-align: justify;\"><strong>Nikolaus-Aktion:<\/strong> Bei lieben Kindern darf am 6. Dezember nat\u00fcrlich der Schoko-Nikolaus nicht fehlen. Daher kann man solche jedes Jahr durch die&nbsp;SV &nbsp;an Freunde, Geschwister oder Lehrer auf der Schule verschicken. Die s\u00fc\u00dfen \u00dcberraschungen werden mit kleinen Zetteln versehen, auf denen die Sch\u00fcler ihren Namen und einen lieben Gru\u00df hinterlassen k\u00f6nnen. So hat jeder die M\u00f6glichkeit seinen Mitsch\u00fclern eine kleine Adventsfreude zu bereiten.<\/p>\n<p style=\"text-align: justify;\"><strong>Bonn\/Fortbildung\/PAS-Projekt:<\/strong> Die SV bildet sich selbstverst\u00e4ndlich auch weiter und sucht st\u00e4ndig nach neuen Ideen f\u00fcr den Schulalltag. Auf Grund dessen f\u00e4hrt die SV bereits seit einigen Jahren zu einem Fortbildungswochenende nach Bonn. Aus diesem Projekt nehmen die Sch\u00fcler und auch die Lehrer regelm\u00e4\u00dfig sehr viel mit und werden zus\u00e4tzlich dazu motiviert,&nbsp;sich weiterhin f\u00fcr die Sch\u00fcler und die&nbsp;Schule einzusetzen.<\/p>\n<p style=\"text-align: justify;\">Wir w\u00fcrden uns sehr freuen, wenn wir euren Schulalltag durch unsere Aktionen versch\u00f6nern k\u00f6nnen. Bei Fragen und Anregungen k\u00f6nnt ihr gerne vorbeikommen, den Briefkasten vor unserem SV-Raum nutzen oder uns eine Mail (sv@maria-koenigin.de) schreiben.<\/p>\n<p style=\"text-align: justify;\">Eure Sch\u00fclervertretung des Gymnasiums Maria K\u00f6nigin<\/p>\n","protected":false},"excerpt":{"rendered":"<p>Unsere Sch\u00fclervertretung und Mini-SV im Schuljahr 2025\/26: SV: Nina Cordes (Sch\u00fclersprecher), Jarne Kirsch (Stellvertreterin), Lea Koch, Lea Cordes, Suraby Thusyanthan, Fabio Lupo, Henry Stinn, Sajuraam Thujendran, Louis Hofmann, Franziska Rameil, Carlotta Hennes, Elmedina Muja Mini-SV: Cem Oberstadt, Aaron Brouwer, Zoey Gehle, Dana Daus, Nele Berkner, Tony Greitemann &nbsp; SV-Verbindungslehrer: Herr Reifenrath und Frau Braune Da [&hellip;]<\/p>\n","protected":false},"author":1,"featured_media":0,"parent":52,"menu_order":0,"comment_status":"closed","ping_status":"closed","template":"","meta":{"ngg_post_thumbnail":0,"_mc_calendar":[],"footnotes":""},"class_list":["post-63","page","type-page","status-publish","hentry"],"_links":{"self":[{"href":"http:\/\/www.maria-koenigin.de\/index.php?rest_route=\/wp\/v2\/pages\/63","targetHints":{"allow":["GET"]}}],"collection":[{"href":"http:\/\/www.maria-koenigin.de\/index.php?rest_route=\/wp\/v2\/pages"}],"about":[{"href":"http:\/\/www.maria-koenigin.de\/index.php?rest_route=\/wp\/v2\/types\/page"}],"author":[{"embeddable":true,"href":"http:\/\/www.maria-koenigin.de\/index.php?rest_route=\/wp\/v2\/users\/1"}],"replies":[{"embeddable":true,"href":"http:\/\/www.maria-koenigin.de\/index.php?rest_route=%2Fwp%2Fv2%2Fcomments&post=63"}],"version-history":[{"count":41,"href":"http:\/\/www.maria-koenigin.de\/index.php?rest_route=\/wp\/v2\/pages\/63\/revisions"}],"predecessor-version":[{"id":17033,"href":"http:\/\/www.maria-koenigin.de\/index.php?rest_route=\/wp\/v2\/pages\/63\/revisions\/17033"}],"up":[{"embeddable":true,"href":"http:\/\/www.maria-koenigin.de\/index.php?rest_route=\/wp\/v2\/pages\/52"}],"wp:attachment":[{"href":"http:\/\/www.maria-koenigin.de\/index.php?rest_route=%2Fwp%2Fv2%2Fmedia&parent=63"}],"curies":[{"name":"wp","href":"https:\/\/api.w.org\/{rel}","templated":true}]}}