{"id":67,"date":"2014-07-29T19:25:32","date_gmt":"2014-07-29T17:25:32","guid":{"rendered":"http:\/\/mkwordpress.bertels-online.com\/?page_id=67"},"modified":"2018-12-30T11:37:22","modified_gmt":"2018-12-30T10:37:22","slug":"schueler-genossenschaft","status":"publish","type":"page","link":"http:\/\/www.maria-koenigin.de\/?page_id=67","title":{"rendered":"MKompany"},"content":{"rendered":"<p style=\"text-align: justify;\">\n<p><img loading=\"lazy\" decoding=\"async\" class=\"alignnone size-full wp-image-7746\" src=\"http:\/\/www.maria-koenigin.de\/wordpress\/wp-content\/uploads\/2018\/12\/mkompany18ende.jpg\" alt=\"\" width=\"650\" height=\"488\" srcset=\"http:\/\/www.maria-koenigin.de\/wordpress\/wp-content\/uploads\/2018\/12\/mkompany18ende.jpg 650w, http:\/\/www.maria-koenigin.de\/wordpress\/wp-content\/uploads\/2018\/12\/mkompany18ende-300x225.jpg 300w, http:\/\/www.maria-koenigin.de\/wordpress\/wp-content\/uploads\/2018\/12\/mkompany18ende-624x468.jpg 624w\" sizes=\"auto, (max-width: 650px) 100vw, 650px\" \/><\/p>\n<p style=\"text-align: justify;\">Der Name ist eine Fusion der bereits etablierten Abk\u00fcrzung des Gymnasiums M(aria) K(\u00f6nigin) sowie dem englischen Begriff \u201ecompany\u201c (dt. Firma).<\/p>\n<p style=\"text-align: justify;\">Die 2013 mithilfe der Volksbank gegr\u00fcndete Genossenschaft wird von Sch\u00fclern organisiert und geleitet und zielt prim\u00e4r auf die Entwicklung von Selbstst\u00e4ndigkeit und Gemeinschaftsgef\u00fchl, aber auch der Vermittlung von Firmenstrukturen und Arbeitsabl\u00e4ufen ab.<\/p>\n<p>So ergeben sich bei uns folgende Abteilungen:<\/p>\n<ul>\n<li>Aufsichtsrat<\/li>\n<li>Vorstand<\/li>\n<li>Buchhaltung<\/li>\n<li>Verkauf<\/li>\n<li>Einkauf<\/li>\n<li>Marketing<\/li>\n<\/ul>\n<p style=\"text-align: justify;\">Die Mitglieder setzen sich momentan vor allem aus der Sch\u00fclerschaft zusammen, aber auch Lehrer wie z.B. der Schulleiter Herr Schleime und au\u00dfenstehende Pers\u00f6nlichkeiten wie z.B. der B\u00fcrgermeister Herr Hundt sind Mitgenossen.<\/p>\n<p>Wir hei\u00dfen auch jeder Zeit neue Mitglieder mit gro\u00dfer Freude und offenen Armen willkommen.<\/p>\n<p style=\"text-align: justify;\">Ihr k\u00f6nnt uns in der unteren Pausenhalle die ersten beiden Pausen finden, wo auch der Verkauf stattfindet. Bei uns findet man in erster Linie Schulartikel (so kann man z.B. ein vergessenes Klausurheft schnell ersetzen), aber zu besonderen Anl\u00e4ssen verkaufen wir auch Popcorn und Eis.<\/p>\n<p>Wir w\u00fcrden uns sehr \u00fcber ein Vorbeischauen freuen.<\/p>\n<p>Liebe Gr\u00fc\u00dfe,<\/p>\n<p>Eure MKompany<\/p>\nngg_shortcode_0_placeholder\n","protected":false},"excerpt":{"rendered":"<p>Der Name ist eine Fusion der bereits etablierten Abk\u00fcrzung des Gymnasiums M(aria) K(\u00f6nigin) sowie dem englischen Begriff \u201ecompany\u201c (dt. Firma). Die 2013 mithilfe der Volksbank gegr\u00fcndete Genossenschaft wird von Sch\u00fclern organisiert und geleitet und zielt prim\u00e4r auf die Entwicklung von Selbstst\u00e4ndigkeit und Gemeinschaftsgef\u00fchl, aber auch der Vermittlung von Firmenstrukturen und Arbeitsabl\u00e4ufen ab. So ergeben sich [&hellip;]<\/p>\n","protected":false},"author":1,"featured_media":0,"parent":52,"menu_order":0,"comment_status":"closed","ping_status":"closed","template":"","meta":{"ngg_post_thumbnail":0,"_mc_calendar":[],"footnotes":""},"class_list":["post-67","page","type-page","status-publish","hentry"],"_links":{"self":[{"href":"http:\/\/www.maria-koenigin.de\/index.php?rest_route=\/wp\/v2\/pages\/67","targetHints":{"allow":["GET"]}}],"collection":[{"href":"http:\/\/www.maria-koenigin.de\/index.php?rest_route=\/wp\/v2\/pages"}],"about":[{"href":"http:\/\/www.maria-koenigin.de\/index.php?rest_route=\/wp\/v2\/types\/page"}],"author":[{"embeddable":true,"href":"http:\/\/www.maria-koenigin.de\/index.php?rest_route=\/wp\/v2\/users\/1"}],"replies":[{"embeddable":true,"href":"http:\/\/www.maria-koenigin.de\/index.php?rest_route=%2Fwp%2Fv2%2Fcomments&post=67"}],"version-history":[{"count":10,"href":"http:\/\/www.maria-koenigin.de\/index.php?rest_route=\/wp\/v2\/pages\/67\/revisions"}],"predecessor-version":[{"id":7846,"href":"http:\/\/www.maria-koenigin.de\/index.php?rest_route=\/wp\/v2\/pages\/67\/revisions\/7846"}],"up":[{"embeddable":true,"href":"http:\/\/www.maria-koenigin.de\/index.php?rest_route=\/wp\/v2\/pages\/52"}],"wp:attachment":[{"href":"http:\/\/www.maria-koenigin.de\/index.php?rest_route=%2Fwp%2Fv2%2Fmedia&parent=67"}],"curies":[{"name":"wp","href":"https:\/\/api.w.org\/{rel}","templated":true}]}}