{"id":6791,"date":"2018-01-10T18:27:16","date_gmt":"2018-01-10T17:27:16","guid":{"rendered":"http:\/\/www.maria-koenigin.de\/?page_id=6791"},"modified":"2025-10-15T01:31:52","modified_gmt":"2025-10-14T23:31:52","slug":"ergaenzungsstunden","status":"publish","type":"page","link":"http:\/\/www.maria-koenigin.de\/?page_id=6791","title":{"rendered":"Erg\u00e4nzungsstunden"},"content":{"rendered":"<p>&nbsp;<\/p>\n<h1 style=\"text-align: center;\"><strong>Freiwillig<\/strong><\/h1>\n<h1 style=\"text-align: center;\"><strong>Kostenlos<\/strong><\/h1>\n<h1 style=\"text-align: center;\"><strong>Erteilt von Lehrerinnen und Lehrern<\/strong><\/h1>\n<h1 style=\"text-align: center;\"><strong>Ohne Druck und Zensuren<\/strong><\/h1>\n<p><img loading=\"lazy\" decoding=\"async\" class=\"alignnone wp-image-15110 size-large\" src=\"http:\/\/www.maria-koenigin.de\/wordpress\/wp-content\/uploads\/2024\/12\/Ergaenzungsstunden-1-1024x835.jpg\" alt=\"\" width=\"625\" height=\"510\" srcset=\"http:\/\/www.maria-koenigin.de\/wordpress\/wp-content\/uploads\/2024\/12\/Ergaenzungsstunden-1-1024x835.jpg 1024w, http:\/\/www.maria-koenigin.de\/wordpress\/wp-content\/uploads\/2024\/12\/Ergaenzungsstunden-1-300x245.jpg 300w, http:\/\/www.maria-koenigin.de\/wordpress\/wp-content\/uploads\/2024\/12\/Ergaenzungsstunden-1-768x626.jpg 768w, http:\/\/www.maria-koenigin.de\/wordpress\/wp-content\/uploads\/2024\/12\/Ergaenzungsstunden-1-624x509.jpg 624w, http:\/\/www.maria-koenigin.de\/wordpress\/wp-content\/uploads\/2024\/12\/Ergaenzungsstunden-1.jpg 1320w\" sizes=\"auto, (max-width: 625px) 100vw, 625px\" \/><\/p>\n<p>Ausgehend von den Empfehlungen der Landesregierung bieten wir am Gymnasium Maria K\u00f6nigin seit Beginn des Schuljahres 2016\/17 jeweils eine sog. Erg\u00e4nzungsstunde f\u00fcr die Sch\u00fclerinnen und Sch\u00fcler der Stufen 5 bis 8 an:<\/p>\n<ul>\n<li>Stufe 5: Deutsch<\/li>\n<li>Stufe 6: Deutsch, Englisch, Mathematik<\/li>\n<li>Stufe 7: Englisch, Mathematik, Franz\u00f6sisch, Latein<\/li>\n<li>Stufe 8: Englisch, Mathematik, Franz\u00f6sisch, Latein<\/li>\n<\/ul>\n<p>Die Erg\u00e4nzungsstunden sind f\u00fcr Sch\u00fclerinnen und Sch\u00fcler gedacht, deren momentaner Leistungsstand in dem jeweiligen Fach nur schwach ausreichend oder schlechter ist. Sie werden von dem jeweiligen Fachlehrer zum Besuch der Erg\u00e4nzungsstunde eingeladen, k\u00f6nnen sich aber auch freiwillig f\u00fcr eine Erg\u00e4nzungsstunde anmelden.<\/p>\n<p>Die bisherigen Erfahrungen seit der Einf\u00fchrung dieser Erg\u00e4nzungsstunden haben gezeigt, dass gerade die gezielte F\u00f6rderung der leistungsschw\u00e4cheren Sch\u00fclerinnen und Sch\u00fcler durch einen Fachlehrer zu erfreulichen Lernerfolgen und Leistungsverbesserungen f\u00fchren kann.<\/p>\n<p>Bei R\u00fcckfragen k\u00f6nnen Sie sich gerne an Herrn Ameling wenden, der die Erg\u00e4nzungsstunden koordiniert. (<a href=\"mailto: ameling@maria-koenigin.de\">ameling[at]maria-koenigin.de<\/a>)<\/p>\n<p><img loading=\"lazy\" decoding=\"async\" class=\"alignnone wp-image-15112 size-full\" src=\"http:\/\/www.maria-koenigin.de\/wordpress\/wp-content\/uploads\/2024\/12\/Ergaenzungsstunden-2.jpg\" alt=\"\" width=\"772\" height=\"813\" srcset=\"http:\/\/www.maria-koenigin.de\/wordpress\/wp-content\/uploads\/2024\/12\/Ergaenzungsstunden-2.jpg 772w, http:\/\/www.maria-koenigin.de\/wordpress\/wp-content\/uploads\/2024\/12\/Ergaenzungsstunden-2-285x300.jpg 285w, http:\/\/www.maria-koenigin.de\/wordpress\/wp-content\/uploads\/2024\/12\/Ergaenzungsstunden-2-768x809.jpg 768w, http:\/\/www.maria-koenigin.de\/wordpress\/wp-content\/uploads\/2024\/12\/Ergaenzungsstunden-2-624x657.jpg 624w\" sizes=\"auto, (max-width: 772px) 100vw, 772px\" \/><\/p>\n","protected":false},"excerpt":{"rendered":"<p>&nbsp; Freiwillig Kostenlos Erteilt von Lehrerinnen und Lehrern Ohne Druck und Zensuren Ausgehend von den Empfehlungen der Landesregierung bieten wir am Gymnasium Maria K\u00f6nigin seit Beginn des Schuljahres 2016\/17 jeweils eine sog. Erg\u00e4nzungsstunde f\u00fcr die Sch\u00fclerinnen und Sch\u00fcler der Stufen 5 bis 8 an: Stufe 5: Deutsch Stufe 6: Deutsch, Englisch, Mathematik Stufe 7: Englisch, [&hellip;]<\/p>\n","protected":false},"author":8,"featured_media":0,"parent":0,"menu_order":0,"comment_status":"closed","ping_status":"closed","template":"","meta":{"ngg_post_thumbnail":0,"_mc_calendar":[],"footnotes":""},"class_list":["post-6791","page","type-page","status-publish","hentry"],"_links":{"self":[{"href":"http:\/\/www.maria-koenigin.de\/index.php?rest_route=\/wp\/v2\/pages\/6791","targetHints":{"allow":["GET"]}}],"collection":[{"href":"http:\/\/www.maria-koenigin.de\/index.php?rest_route=\/wp\/v2\/pages"}],"about":[{"href":"http:\/\/www.maria-koenigin.de\/index.php?rest_route=\/wp\/v2\/types\/page"}],"author":[{"embeddable":true,"href":"http:\/\/www.maria-koenigin.de\/index.php?rest_route=\/wp\/v2\/users\/8"}],"replies":[{"embeddable":true,"href":"http:\/\/www.maria-koenigin.de\/index.php?rest_route=%2Fwp%2Fv2%2Fcomments&post=6791"}],"version-history":[{"count":9,"href":"http:\/\/www.maria-koenigin.de\/index.php?rest_route=\/wp\/v2\/pages\/6791\/revisions"}],"predecessor-version":[{"id":17052,"href":"http:\/\/www.maria-koenigin.de\/index.php?rest_route=\/wp\/v2\/pages\/6791\/revisions\/17052"}],"wp:attachment":[{"href":"http:\/\/www.maria-koenigin.de\/index.php?rest_route=%2Fwp%2Fv2%2Fmedia&parent=6791"}],"curies":[{"name":"wp","href":"https:\/\/api.w.org\/{rel}","templated":true}]}}