{"id":73,"date":"2014-07-29T19:26:33","date_gmt":"2014-07-29T17:26:33","guid":{"rendered":"http:\/\/mkwordpress.bertels-online.com\/?page_id=73"},"modified":"2025-11-10T18:39:59","modified_gmt":"2025-11-10T17:39:59","slug":"kollegium","status":"publish","type":"page","link":"http:\/\/www.maria-koenigin.de\/?page_id=73","title":{"rendered":"Kollegium"},"content":{"rendered":"<p><a href=\"http:\/\/www.maria-koenigin.de\/wordpress\/wp-content\/uploads\/2025\/08\/R7TH9955-Kollegium.jpg\" target=\"_blank\" rel=\"noopener\"><img loading=\"lazy\" decoding=\"async\" class=\"alignnone wp-image-16722 size-full\" src=\"http:\/\/www.maria-koenigin.de\/wordpress\/wp-content\/uploads\/2025\/08\/R7TH9955-Kollegium.jpg\" alt=\"\" width=\"1920\" height=\"1080\" srcset=\"http:\/\/www.maria-koenigin.de\/wordpress\/wp-content\/uploads\/2025\/08\/R7TH9955-Kollegium.jpg 1920w, http:\/\/www.maria-koenigin.de\/wordpress\/wp-content\/uploads\/2025\/08\/R7TH9955-Kollegium-300x169.jpg 300w, http:\/\/www.maria-koenigin.de\/wordpress\/wp-content\/uploads\/2025\/08\/R7TH9955-Kollegium-1024x576.jpg 1024w, http:\/\/www.maria-koenigin.de\/wordpress\/wp-content\/uploads\/2025\/08\/R7TH9955-Kollegium-768x432.jpg 768w, http:\/\/www.maria-koenigin.de\/wordpress\/wp-content\/uploads\/2025\/08\/R7TH9955-Kollegium-1536x864.jpg 1536w, http:\/\/www.maria-koenigin.de\/wordpress\/wp-content\/uploads\/2025\/08\/R7TH9955-Kollegium-624x351.jpg 624w\" sizes=\"auto, (max-width: 1920px) 100vw, 1920px\" \/><\/a><\/p>\n<p style=\"text-align: right;\"><a title=\"Kollegiumsarchiv\" href=\"http:\/\/www.maria-koenigin.de\/wordpress\/?page_id=1298\"><strong>Archiv<\/strong><\/a><\/p>\n<table>\n<tbody>\n<tr>\n<th>Lehrerrat<\/th>\n<th>&nbsp;<\/th>\n<th>Mitarbeitervertretung<\/th>\n<\/tr>\n<tr>\n<td>&nbsp;Markus Tr\u00f6ster (Vors.)<\/td>\n<td>&nbsp;<\/td>\n<td>&nbsp;Timo Quast (Vors.)<\/td>\n<\/tr>\n<tr>\n<td>&nbsp;Moritz Th\u00f6ne<\/td>\n<td>&nbsp;<\/td>\n<td>&nbsp;Manuel Vormweg<\/td>\n<\/tr>\n<tr>\n<td>&nbsp;Hanna Reuber<\/td>\n<td>&nbsp;<\/td>\n<td>&nbsp;Ute Fr\u00f6hlich<\/td>\n<\/tr>\n<tr>\n<td>&nbsp;Christina Schlingmann<\/td>\n<td>&nbsp;<\/td>\n<td>&nbsp;Sandra Clemens<\/td>\n<\/tr>\n<tr>\n<td>&nbsp;<\/td>\n<td>&nbsp;<\/td>\n<td>&nbsp;Peter Peil<\/td>\n<\/tr>\n<\/tbody>\n<\/table>\n<div>Alle Kolleginnen und Kollegen verf\u00fcgen \u00fcber eine <strong>Dienstmailadresse<\/strong>, die sich wie folgt zusammensetzt: <strong>Nachname@maria-koenigin.de<\/strong><\/div>\n<div>&nbsp;<\/div>\n<div>\n<table width=\"265\">\n<tbody>\n<tr>\n<td width=\"89\"><strong>Name<\/strong><\/td>\n<td width=\"90\"><strong>Vorname<\/strong><\/td>\n<td width=\"86\"><strong>F\u00e4cher<\/strong><\/td>\n<\/tr>\n<tr>\n<td width=\"89\">Ameling<\/td>\n<td width=\"90\">Michael<\/td>\n<td width=\"86\">L, KR, Ge<\/td>\n<\/tr>\n<tr>\n<td width=\"89\">Bellinger<\/td>\n<td width=\"90\">Julia<\/td>\n<td width=\"86\">Bi, Ch<\/td>\n<\/tr>\n<tr>\n<td width=\"89\">Bertels<\/td>\n<td width=\"90\">Andr\u00e9<\/td>\n<td width=\"86\">M, IF, TC<\/td>\n<\/tr>\n<tr>\n<td width=\"89\">Beul<\/td>\n<td width=\"90\">Ilse<\/td>\n<td width=\"86\">F, E<\/td>\n<\/tr>\n<tr>\n<td width=\"89\">Borys<\/td>\n<td width=\"90\">Jan Fabian<\/td>\n<td width=\"86\">Ek, KR<\/td>\n<\/tr>\n<tr>\n<td width=\"89\">Braune<\/td>\n<td width=\"90\">Lisa<\/td>\n<td width=\"86\">D, S<\/td>\n<\/tr>\n<tr>\n<td width=\"89\">Clemens<\/td>\n<td width=\"90\">Sandra<\/td>\n<td width=\"86\">Ph, M<\/td>\n<\/tr>\n<tr>\n<td width=\"89\">Eickhoff<\/td>\n<td width=\"90\">Daniel<\/td>\n<td width=\"86\">M, IF<\/td>\n<\/tr>\n<tr>\n<td width=\"89\">Eisen<\/td>\n<td width=\"90\">Katharina<\/td>\n<td width=\"86\">E, D<\/td>\n<\/tr>\n<tr>\n<td width=\"89\">Fr\u00f6hlich<\/td>\n<td width=\"90\">Ute<\/td>\n<td width=\"86\">E, D<\/td>\n<\/tr>\n<tr>\n<td width=\"89\">Habermann<\/td>\n<td width=\"90\">Ursula<\/td>\n<td width=\"86\">E, Ge<\/td>\n<\/tr>\n<tr>\n<td width=\"89\">Hebbeker<\/td>\n<td width=\"90\">Steffen<\/td>\n<td width=\"86\">Ek, Sp<\/td>\n<\/tr>\n<tr>\n<td width=\"89\">Herling<\/td>\n<td width=\"90\">Annabell<\/td>\n<td width=\"86\">E, Sowi<\/td>\n<\/tr>\n<tr>\n<td width=\"89\">Hilger<\/td>\n<td width=\"90\">Thomas<\/td>\n<td width=\"86\">D, M, IF<\/td>\n<\/tr>\n<tr>\n<td width=\"89\">J\u00fcngst<\/td>\n<td width=\"90\">Harald<\/td>\n<td width=\"86\">Mu, KR<\/td>\n<\/tr>\n<tr>\n<td width=\"89\">Kaufmann<\/td>\n<td width=\"90\">Ansgar<\/td>\n<td width=\"86\">D, KR<\/td>\n<\/tr>\n<tr>\n<td width=\"89\">Kirchhoff<\/td>\n<td width=\"90\">Rebecca<\/td>\n<td width=\"86\">M, Bi, P\u00e4<\/td>\n<\/tr>\n<tr>\n<td width=\"89\">Klein<\/td>\n<td width=\"90\">Silas<\/td>\n<td width=\"86\">D, Sowi<\/td>\n<\/tr>\n<tr>\n<td width=\"89\">Koch<\/td>\n<td width=\"90\">Anke<\/td>\n<td width=\"86\">D, Ku<\/td>\n<\/tr>\n<tr>\n<td width=\"89\">Komperna\u00df<\/td>\n<td width=\"90\">Katharina<\/td>\n<td width=\"86\">E, S<\/td>\n<\/tr>\n<tr>\n<td width=\"89\">Kramer<\/td>\n<td width=\"90\">Kai<\/td>\n<td width=\"86\">Sp, Ek<\/td>\n<\/tr>\n<tr>\n<td width=\"89\">Kresin<\/td>\n<td width=\"90\">Berthold<\/td>\n<td width=\"86\">E, Mu<\/td>\n<\/tr>\n<tr>\n<td width=\"89\">K\u00fcmmel<\/td>\n<td width=\"90\">Diana<\/td>\n<td width=\"86\">F, E<\/td>\n<\/tr>\n<tr>\n<td width=\"89\">Lauterbach<\/td>\n<td width=\"90\">Simon<\/td>\n<td width=\"86\">Bi, Sp<\/td>\n<\/tr>\n<tr>\n<td width=\"89\">Lingemann<\/td>\n<td width=\"90\">Anne-Kathrin<\/td>\n<td width=\"86\">Ph, M<\/td>\n<\/tr>\n<tr>\n<td width=\"89\">Linn<\/td>\n<td width=\"90\">Dr. Frederik<\/td>\n<td width=\"86\">M, Mu, IF<\/td>\n<\/tr>\n<tr>\n<td width=\"89\">Lohmeyer<\/td>\n<td width=\"90\">Dr. Monika<\/td>\n<td width=\"86\">M, KR<\/td>\n<\/tr>\n<tr>\n<td width=\"89\">N\u00fcckel<\/td>\n<td width=\"90\">Nathaly<\/td>\n<td width=\"86\">S, F<\/td>\n<\/tr>\n<tr>\n<td width=\"89\">Peil<\/td>\n<td width=\"90\">Peter<\/td>\n<td width=\"86\">L, EK<\/td>\n<\/tr>\n<tr>\n<td width=\"89\">Pinner<\/td>\n<td width=\"90\">Verena<\/td>\n<td width=\"86\">S, E<\/td>\n<\/tr>\n<tr>\n<td width=\"89\">Plett<\/td>\n<td width=\"90\">Dennis<\/td>\n<td width=\"86\">M, Bi<\/td>\n<\/tr>\n<tr>\n<td width=\"89\">Quast<\/td>\n<td width=\"90\">Timo<\/td>\n<td width=\"86\">M, Ch, Ph<\/td>\n<\/tr>\n<tr>\n<td width=\"89\">Ramos Garcia<\/td>\n<td width=\"90\">Sonja<\/td>\n<td width=\"86\">D, Ku<\/td>\n<\/tr>\n<tr>\n<td width=\"89\">Reifenrath<\/td>\n<td width=\"90\">Magnus<\/td>\n<td width=\"86\">M, PH<\/td>\n<\/tr>\n<tr>\n<td width=\"89\">Rettler<\/td>\n<td width=\"90\">Nico<\/td>\n<td width=\"86\">M, Sp<\/td>\n<\/tr>\n<tr>\n<td width=\"89\">Reuber<\/td>\n<td width=\"90\">Hanna<\/td>\n<td width=\"86\">D, Sowi<\/td>\n<\/tr>\n<tr>\n<td width=\"89\">Reuter<\/td>\n<td width=\"90\">Simone<\/td>\n<td width=\"86\">D, Sowi<\/td>\n<\/tr>\n<tr>\n<td width=\"89\">Riesel<\/td>\n<td width=\"90\">Tobias<\/td>\n<td width=\"86\">Ge, L, KR<\/td>\n<\/tr>\n<tr>\n<td width=\"89\">Perlicki<\/td>\n<td width=\"90\">Dorothee<\/td>\n<td width=\"86\">L, E<\/td>\n<\/tr>\n<tr>\n<td width=\"89\">Schamoni<\/td>\n<td width=\"90\">Ulrich<\/td>\n<td width=\"86\">L, E, Lit<\/td>\n<\/tr>\n<tr>\n<td width=\"89\">Schell<\/td>\n<td width=\"90\">Christiane<\/td>\n<td width=\"86\">M, Bi, Ek<\/td>\n<\/tr>\n<tr>\n<td width=\"89\">Scherer<\/td>\n<td width=\"90\">Julian<\/td>\n<td width=\"86\">D, Ge, KR<\/td>\n<\/tr>\n<tr>\n<td width=\"89\">Schlingmann<\/td>\n<td width=\"90\">Christina<\/td>\n<td width=\"86\">D, Ku<\/td>\n<\/tr>\n<tr>\n<td width=\"89\">Schmidt<\/td>\n<td width=\"90\">Regina<\/td>\n<td width=\"86\">D, KR<\/td>\n<\/tr>\n<tr>\n<td width=\"89\">Sch\u00f6rmann<\/td>\n<td width=\"90\">Hendrik<\/td>\n<td width=\"86\">D, Mu<\/td>\n<\/tr>\n<tr>\n<td width=\"89\">Schriek<\/td>\n<td width=\"90\">Nadine<\/td>\n<td width=\"86\">E, Po, Sowi<\/td>\n<\/tr>\n<tr>\n<td width=\"89\">Sieler<\/td>\n<td width=\"90\">Dr. Alexander<\/td>\n<td width=\"86\">KR, S, Mu<\/td>\n<\/tr>\n<tr>\n<td width=\"89\">Skala<\/td>\n<td width=\"90\">Marlene<\/td>\n<td width=\"86\">D, Ku<\/td>\n<\/tr>\n<tr>\n<td width=\"89\">Stahl<\/td>\n<td width=\"90\">Jennifer<\/td>\n<td width=\"86\">La, E, Sp<\/td>\n<\/tr>\n<tr>\n<td width=\"89\">Tebr\u00fcgge<\/td>\n<td width=\"90\">Christoph<\/td>\n<td width=\"86\">Sp, Bi, KR<\/td>\n<\/tr>\n<tr>\n<td width=\"89\">Th\u00f6ne<\/td>\n<td width=\"90\">Moritz<\/td>\n<td width=\"86\">Bi, Sp<\/td>\n<\/tr>\n<tr>\n<td width=\"89\">Tr\u00f6ster<\/td>\n<td width=\"90\">Markus<\/td>\n<td width=\"86\">E, Ge<\/td>\n<\/tr>\n<tr>\n<td width=\"89\">Tr\u00f6ster<\/td>\n<td width=\"90\">Teresa<\/td>\n<td width=\"86\">M, E<\/td>\n<\/tr>\n<tr>\n<td width=\"89\">Vormweg<\/td>\n<td width=\"90\">Manuel<\/td>\n<td width=\"86\">Ek, Sowi<\/td>\n<\/tr>\n<tr>\n<td width=\"89\">Vo\u00df<\/td>\n<td width=\"90\">Stefan<\/td>\n<td width=\"86\">Ch, Sowi<\/td>\n<\/tr>\n<tr>\n<td width=\"89\">Walter<\/td>\n<td width=\"90\">Matthias<\/td>\n<td width=\"86\">M, Ph, IF, TC<\/td>\n<\/tr>\n<tr>\n<td width=\"89\">Wiese<\/td>\n<td width=\"90\">Sebastian<\/td>\n<td width=\"86\">Ch, Sp<\/td>\n<\/tr>\n<tr>\n<td width=\"89\">Wirtz<\/td>\n<td width=\"90\">Miriam<\/td>\n<td width=\"86\">M, KR<\/td>\n<\/tr>\n<tr>\n<td>&nbsp;<\/td>\n<td>&nbsp;<\/td>\n<td>&nbsp;<\/td>\n<\/tr>\n<tr>\n<td width=\"89\">Referendare<\/td>\n<td width=\"90\">&nbsp;<\/td>\n<td width=\"86\">&nbsp;<\/td>\n<\/tr>\n<tr>\n<td width=\"89\">Klein<\/td>\n<td width=\"90\">Noah<\/td>\n<td width=\"86\">KR, Ge<\/td>\n<\/tr>\n<tr>\n<td width=\"89\">Paslat<\/td>\n<td width=\"90\">Bj\u00f6rn<\/td>\n<td width=\"86\">M, Sp<\/td>\n<\/tr>\n<tr>\n<td width=\"89\">Salamon<\/td>\n<td width=\"90\">Theresa<\/td>\n<td width=\"86\">E, Ku<\/td>\n<\/tr>\n<tr>\n<td width=\"89\">Skoluda<\/td>\n<td width=\"90\">Amelie<\/td>\n<td width=\"86\">D, S<\/td>\n<\/tr>\n<tr>\n<td width=\"89\">Zacker<\/td>\n<td width=\"90\">Kim<\/td>\n<td width=\"86\">D, Ge<\/td>\n<\/tr>\n<\/tbody>\n<\/table>\n<\/div>\n","protected":false},"excerpt":{"rendered":"<p>Archiv Lehrerrat &nbsp; Mitarbeitervertretung &nbsp;Markus Tr\u00f6ster (Vors.) &nbsp; &nbsp;Timo Quast (Vors.) &nbsp;Moritz Th\u00f6ne &nbsp; &nbsp;Manuel Vormweg &nbsp;Hanna Reuber &nbsp; &nbsp;Ute Fr\u00f6hlich &nbsp;Christina Schlingmann &nbsp; &nbsp;Sandra Clemens &nbsp; &nbsp; &nbsp;Peter Peil Alle Kolleginnen und Kollegen verf\u00fcgen \u00fcber eine Dienstmailadresse, die sich wie folgt zusammensetzt: Nachname@maria-koenigin.de &nbsp; Name Vorname F\u00e4cher Ameling Michael L, KR, Ge Bellinger Julia [&hellip;]<\/p>\n","protected":false},"author":1,"featured_media":0,"parent":56,"menu_order":0,"comment_status":"closed","ping_status":"closed","template":"","meta":{"ngg_post_thumbnail":0,"_mc_calendar":[],"footnotes":""},"class_list":["post-73","page","type-page","status-publish","hentry"],"_links":{"self":[{"href":"http:\/\/www.maria-koenigin.de\/index.php?rest_route=\/wp\/v2\/pages\/73","targetHints":{"allow":["GET"]}}],"collection":[{"href":"http:\/\/www.maria-koenigin.de\/index.php?rest_route=\/wp\/v2\/pages"}],"about":[{"href":"http:\/\/www.maria-koenigin.de\/index.php?rest_route=\/wp\/v2\/types\/page"}],"author":[{"embeddable":true,"href":"http:\/\/www.maria-koenigin.de\/index.php?rest_route=\/wp\/v2\/users\/1"}],"replies":[{"embeddable":true,"href":"http:\/\/www.maria-koenigin.de\/index.php?rest_route=%2Fwp%2Fv2%2Fcomments&post=73"}],"version-history":[{"count":93,"href":"http:\/\/www.maria-koenigin.de\/index.php?rest_route=\/wp\/v2\/pages\/73\/revisions"}],"predecessor-version":[{"id":17162,"href":"http:\/\/www.maria-koenigin.de\/index.php?rest_route=\/wp\/v2\/pages\/73\/revisions\/17162"}],"up":[{"embeddable":true,"href":"http:\/\/www.maria-koenigin.de\/index.php?rest_route=\/wp\/v2\/pages\/56"}],"wp:attachment":[{"href":"http:\/\/www.maria-koenigin.de\/index.php?rest_route=%2Fwp%2Fv2%2Fmedia&parent=73"}],"curies":[{"name":"wp","href":"https:\/\/api.w.org\/{rel}","templated":true}]}}