{"id":77,"date":"2014-07-29T19:27:09","date_gmt":"2014-07-29T17:27:09","guid":{"rendered":"http:\/\/mkwordpress.bertels-online.com\/?page_id=77"},"modified":"2025-10-15T01:05:38","modified_gmt":"2025-10-14T23:05:38","slug":"beratungsteam","status":"publish","type":"page","link":"http:\/\/www.maria-koenigin.de\/?page_id=77","title":{"rendered":"Beratungsteam"},"content":{"rendered":"<p>&nbsp;<\/p>\n<p><img loading=\"lazy\" decoding=\"async\" class=\"alignnone size-large wp-image-12669\" src=\"http:\/\/www.maria-koenigin.de\/wordpress\/wp-content\/uploads\/2023\/09\/Foto-Beratungsteam-1-1024x427.jpg\" alt=\"\" width=\"625\" height=\"261\" srcset=\"http:\/\/www.maria-koenigin.de\/wordpress\/wp-content\/uploads\/2023\/09\/Foto-Beratungsteam-1-1024x427.jpg 1024w, http:\/\/www.maria-koenigin.de\/wordpress\/wp-content\/uploads\/2023\/09\/Foto-Beratungsteam-1-300x125.jpg 300w, http:\/\/www.maria-koenigin.de\/wordpress\/wp-content\/uploads\/2023\/09\/Foto-Beratungsteam-1-768x320.jpg 768w, http:\/\/www.maria-koenigin.de\/wordpress\/wp-content\/uploads\/2023\/09\/Foto-Beratungsteam-1-624x260.jpg 624w, http:\/\/www.maria-koenigin.de\/wordpress\/wp-content\/uploads\/2023\/09\/Foto-Beratungsteam-1.jpg 1189w\" sizes=\"auto, (max-width: 625px) 100vw, 625px\" \/><\/p>\n<p><strong>Wir bieten Unterst\u00fctzung<\/strong><br \/>\nIm (Schul)Leben l\u00e4uft l\u00e4ngst nicht immer alles nach Plan. In schwierigen Situationen sucht ihr Rat und Unterst\u00fctzung. Eine wichtige Anlaufstelle sind dabei eure Familie und eure Freunde. &nbsp;<\/p>\n<p>In bestimmten Situationen kann es aber auch hilfreich sein, wenn ihr euch an eine Person wendet, die \u201evon au\u00dfen\u201c auf eure Situation blickt und mit euch \u00fcber sie nachdenkt.<\/p>\n<p>Das k\u00f6nnen zum Beispiel eure Fach- und Klassenlehrer sein. Dar\u00fcber hinaus steht euch an unserer Schule das MK-Beratungsteam f\u00fcr Gespr\u00e4che zur Verf\u00fcgung.<\/p>\n<p><img loading=\"lazy\" decoding=\"async\" class=\"alignnone wp-image-16662 size-full\" src=\"http:\/\/www.maria-koenigin.de\/wordpress\/wp-content\/uploads\/2025\/08\/IMG_0552-scaled.jpeg\" alt=\"\" width=\"2560\" height=\"2110\" srcset=\"http:\/\/www.maria-koenigin.de\/wordpress\/wp-content\/uploads\/2025\/08\/IMG_0552-scaled.jpeg 2560w, http:\/\/www.maria-koenigin.de\/wordpress\/wp-content\/uploads\/2025\/08\/IMG_0552-300x247.jpeg 300w, http:\/\/www.maria-koenigin.de\/wordpress\/wp-content\/uploads\/2025\/08\/IMG_0552-1024x844.jpeg 1024w, http:\/\/www.maria-koenigin.de\/wordpress\/wp-content\/uploads\/2025\/08\/IMG_0552-768x633.jpeg 768w, http:\/\/www.maria-koenigin.de\/wordpress\/wp-content\/uploads\/2025\/08\/IMG_0552-1536x1266.jpeg 1536w, http:\/\/www.maria-koenigin.de\/wordpress\/wp-content\/uploads\/2025\/08\/IMG_0552-2048x1688.jpeg 2048w, http:\/\/www.maria-koenigin.de\/wordpress\/wp-content\/uploads\/2025\/08\/IMG_0552-624x514.jpeg 624w\" sizes=\"auto, (max-width: 2560px) 100vw, 2560px\" \/><\/p>\n<p>&nbsp;<\/p>\n<p>Unser Beratungsteam ist bewusst sehr vielf\u00e4ltig aufgestellt. Jeder von uns verf\u00fcgt \u00fcber eine spezielle Ausbildung f\u00fcr die Beratung von Jugendlichen.<\/p>\n<p><strong>Unser Angebot<\/strong><br \/>\nWir bieten euch an, mit uns ins Gespr\u00e4ch zu kommen. M\u00f6gliche Anl\u00e4sse k\u00f6nnen verschiedenste Probleme sein, die euch auf der Seele liegen. Zum Beispiel<\/p>\n<ul>\n<li>schulische Probleme (Konflikte mit Mitsch\u00fclern oder Lehrern, Unsicherheit im Umgang mit Mitsch\u00fclern, Schulangst, Pr\u00fcfungs- oder Leistungsangst),<\/li>\n<li>pers\u00f6nliche Schwierigkeiten innerhalb von Familie und Freundeskreis,<\/li>\n<li>Schwierigkeiten im Umgang mit sich selbst, die in Depressivit\u00e4t, problematisches Essverhalten oder Suchtprobleme hineinf\u00fchren k\u00f6nnen,<\/li>\n<li>andere Formen individuell empfundener Belastungen.<\/li>\n<\/ul>\n<p><strong>Das solltet ihr wissen<\/strong><\/p>\n<ul>\n<li>Eine Beratung ist immer freiwillig.<\/li>\n<li>Die Gespr\u00e4che finden in einem gesch\u00fctzten Bereich, abseits des trubeligen Schulalltags statt.<\/li>\n<li>Bei allen Gespr\u00e4chen unterliegen wir der Schweigepflicht<\/li>\n<li>Hilfe zur Selbsthilfe \u2013 das ist unser Ziel! Das hei\u00dft, wir suchen gemeinsam mit euch nach L\u00f6sungen.<\/li>\n<li>Das Beratungsangebot unserer Schule ist kostenlos.<\/li>\n<\/ul>\n<p><strong>Euer Kontakt zu uns<\/strong> &nbsp;&nbsp;&nbsp;&nbsp;&nbsp;&nbsp;&nbsp;&nbsp;&nbsp;&nbsp;&nbsp;&nbsp;&nbsp;&nbsp;&nbsp;&nbsp;&nbsp;&nbsp;&nbsp;&nbsp;&nbsp;&nbsp;&nbsp;&nbsp;<br \/>\nIhr k\u00f6nnt uns pers\u00f6nlich ansprechen oder auch gern per E-mail kontaktieren.<\/p>\n<p>Au\u00dferdem bieten wir offene Sprechzeiten in den Pausen an und Termine nach Vereinbarung.<\/p>\n<p>Ihr findet uns in den Beratungsr\u00e4umen oberhalb des Schulsekretariats.<\/p>\n<p><img loading=\"lazy\" decoding=\"async\" class=\"alignnone size-full wp-image-12670\" src=\"http:\/\/www.maria-koenigin.de\/wordpress\/wp-content\/uploads\/2023\/09\/Foto-Beratungsteam-3.jpg\" alt=\"\" width=\"750\" height=\"563\" srcset=\"http:\/\/www.maria-koenigin.de\/wordpress\/wp-content\/uploads\/2023\/09\/Foto-Beratungsteam-3.jpg 750w, http:\/\/www.maria-koenigin.de\/wordpress\/wp-content\/uploads\/2023\/09\/Foto-Beratungsteam-3-300x225.jpg 300w, http:\/\/www.maria-koenigin.de\/wordpress\/wp-content\/uploads\/2023\/09\/Foto-Beratungsteam-3-624x468.jpg 624w\" sizes=\"auto, (max-width: 750px) 100vw, 750px\" \/><\/p>\n<p><img loading=\"lazy\" decoding=\"async\" class=\"wp-image-13132 aligncenter\" src=\"http:\/\/www.maria-koenigin.de\/wordpress\/wp-content\/uploads\/2023\/11\/E-Mails-Beratungsteam.jpg\" alt=\"\" width=\"398\" height=\"149\" srcset=\"http:\/\/www.maria-koenigin.de\/wordpress\/wp-content\/uploads\/2023\/11\/E-Mails-Beratungsteam.jpg 697w, http:\/\/www.maria-koenigin.de\/wordpress\/wp-content\/uploads\/2023\/11\/E-Mails-Beratungsteam-300x112.jpg 300w, http:\/\/www.maria-koenigin.de\/wordpress\/wp-content\/uploads\/2023\/11\/E-Mails-Beratungsteam-624x234.jpg 624w\" sizes=\"auto, (max-width: 398px) 100vw, 398px\" \/><\/p>\n<p><strong>Weitere hilfreiche Kontakte<\/strong><\/p>\n<ul>\n<li><strong>Nummer gegen Kummer<\/strong> \u2013 Sorgentelefon und Online-Beratung f\u00fcr Kinder und Jugendliche anonym und kostenlos<\/li>\n<\/ul>\n<p>&nbsp; &nbsp; &nbsp; &nbsp;Telefon: 116 111<\/p>\n<p>&nbsp; &nbsp; &nbsp; &nbsp;Link: <a href=\"https:\/\/www.nummergegenkummer.de\/kinder-und-jugendberatung\/\">Beratung f\u00fcr Kinder und Jugendliche | Nummer gegen Kummer<\/a><\/p>\n<p>&nbsp;<\/p>\n<ul>\n<li><strong>Caritas-AufWind<\/strong> \u2013 Beratungsangebote f\u00fcr Kinder, Jugendliche und Familien<\/li>\n<\/ul>\n<p>&nbsp; &nbsp; &nbsp; &nbsp;Standorte: Altenhundem, Kirchhundem, Finnentrop<\/p>\n<p>&nbsp; &nbsp; &nbsp; &nbsp;Telefon: 02721 \u2013 718 910<\/p>\n<p>&nbsp; &nbsp; &nbsp; &nbsp;Link:<\/p>\n<p style=\"text-align: center;\"><a href=\"https:\/\/www.caritas-olpe.de\/hilfe-beratung\/kinder-jugend-familien\">Unterst\u00fctzung f\u00fcr Kinder, Jugendliche und Familien &#8211; Caritasverband Olpe (caritas-olpe.de)<\/a><\/p>\n<p>&nbsp;<\/p>\n<ul>\n<li><strong>GFO &#8211; Kompass<\/strong> \u2013 Beratungsangebote f\u00fcr Kinder, Jugendliche und Familien<\/li>\n<\/ul>\n<p>&nbsp; &nbsp; &nbsp; &nbsp;Standort: Altenhundem<\/p>\n<p>&nbsp; &nbsp; &nbsp; &nbsp;Telefon: 0151 -501 029 03 (Frau Dr\u00f6ge)<\/p>\n<p style=\"text-align: left;\">&nbsp; &nbsp; &nbsp; &nbsp;Link:<\/p>\n<p style=\"text-align: center;\"><a href=\"https:\/\/kompass.gfo-online.de\/\">GFO Kompass: Kinder-, Jugend- &amp; Familiendienst: GFO Kompass Kinder-, Jugend- &amp; Familiendienst (gfo-online.de)<\/a><\/p>\n<p><img loading=\"lazy\" decoding=\"async\" class=\"alignnone size-large wp-image-12674\" src=\"http:\/\/www.maria-koenigin.de\/wordpress\/wp-content\/uploads\/2023\/09\/Foto-Beratungsteam-4-1024x564.jpg\" alt=\"\" width=\"625\" height=\"344\" srcset=\"http:\/\/www.maria-koenigin.de\/wordpress\/wp-content\/uploads\/2023\/09\/Foto-Beratungsteam-4-1024x564.jpg 1024w, http:\/\/www.maria-koenigin.de\/wordpress\/wp-content\/uploads\/2023\/09\/Foto-Beratungsteam-4-300x165.jpg 300w, http:\/\/www.maria-koenigin.de\/wordpress\/wp-content\/uploads\/2023\/09\/Foto-Beratungsteam-4-768x423.jpg 768w, http:\/\/www.maria-koenigin.de\/wordpress\/wp-content\/uploads\/2023\/09\/Foto-Beratungsteam-4-624x344.jpg 624w, http:\/\/www.maria-koenigin.de\/wordpress\/wp-content\/uploads\/2023\/09\/Foto-Beratungsteam-4.jpg 1189w\" sizes=\"auto, (max-width: 625px) 100vw, 625px\" \/><\/p>\n<p>&nbsp;<img loading=\"lazy\" decoding=\"async\" class=\"alignnone size-large wp-image-12676\" src=\"http:\/\/www.maria-koenigin.de\/wordpress\/wp-content\/uploads\/2023\/09\/Foto-Schulsozialarbeit-1.jpg\" alt=\"\" width=\"625\" height=\"278\" srcset=\"http:\/\/www.maria-koenigin.de\/wordpress\/wp-content\/uploads\/2023\/09\/Foto-Schulsozialarbeit-1.jpg 817w, http:\/\/www.maria-koenigin.de\/wordpress\/wp-content\/uploads\/2023\/09\/Foto-Schulsozialarbeit-1-300x134.jpg 300w, http:\/\/www.maria-koenigin.de\/wordpress\/wp-content\/uploads\/2023\/09\/Foto-Schulsozialarbeit-1-768x342.jpg 768w, http:\/\/www.maria-koenigin.de\/wordpress\/wp-content\/uploads\/2023\/09\/Foto-Schulsozialarbeit-1-624x278.jpg 624w\" sizes=\"auto, (max-width: 625px) 100vw, 625px\" \/><\/p>\n<p><img loading=\"lazy\" decoding=\"async\" class=\" wp-image-12677 aligncenter\" src=\"http:\/\/www.maria-koenigin.de\/wordpress\/wp-content\/uploads\/2023\/09\/Foto-Rump.jpg\" alt=\"\" width=\"257\" height=\"223\" srcset=\"http:\/\/www.maria-koenigin.de\/wordpress\/wp-content\/uploads\/2023\/09\/Foto-Rump.jpg 522w, http:\/\/www.maria-koenigin.de\/wordpress\/wp-content\/uploads\/2023\/09\/Foto-Rump-300x260.jpg 300w\" sizes=\"auto, (max-width: 257px) 100vw, 257px\" \/><\/p>\n<p style=\"text-align: center;\"><strong>Unsere Schulsozialarbeiterin:<br \/>\n&nbsp; Frau Rump<\/strong><\/p>\n<p><strong>Meine Aufgabenschwerpunkte sind<\/strong><\/p>\n<ul>\n<li>Konflikt- und Krisenintervention<\/li>\n<li>soziales Lernen und soziales Kompetenztraining<\/li>\n<li>Beratung und Einzelfallhilfe<\/li>\n<li>Pr\u00e4ventionsangebote f\u00fcr Klassen<\/li>\n<li>Informationsveranstaltungen f\u00fcr Eltern<\/li>\n<li>bei Bedarf Vermittlung an externe Beratungsstellen<\/li>\n<\/ul>\n<p><strong>Kontakt<\/strong><\/p>\n<p>e-mail:&nbsp; &nbsp;&nbsp;&nbsp;&nbsp;&nbsp;&nbsp;&nbsp;&nbsp;&nbsp;&nbsp;&nbsp;&nbsp; <a href=\"mailto:elena.rump@maria-koenigin.de\">elena.rump[at]maria-koenigin.de<\/a><\/p>\n<p>&nbsp;<\/p>\n","protected":false},"excerpt":{"rendered":"<p>&nbsp; Wir bieten Unterst\u00fctzung Im (Schul)Leben l\u00e4uft l\u00e4ngst nicht immer alles nach Plan. In schwierigen Situationen sucht ihr Rat und Unterst\u00fctzung. Eine wichtige Anlaufstelle sind dabei eure Familie und eure Freunde. &nbsp; In bestimmten Situationen kann es aber auch hilfreich sein, wenn ihr euch an eine Person wendet, die \u201evon au\u00dfen\u201c auf eure Situation blickt [&hellip;]<\/p>\n","protected":false},"author":1,"featured_media":0,"parent":56,"menu_order":0,"comment_status":"closed","ping_status":"closed","template":"","meta":{"ngg_post_thumbnail":0,"_mc_calendar":[],"footnotes":""},"class_list":["post-77","page","type-page","status-publish","hentry"],"_links":{"self":[{"href":"http:\/\/www.maria-koenigin.de\/index.php?rest_route=\/wp\/v2\/pages\/77","targetHints":{"allow":["GET"]}}],"collection":[{"href":"http:\/\/www.maria-koenigin.de\/index.php?rest_route=\/wp\/v2\/pages"}],"about":[{"href":"http:\/\/www.maria-koenigin.de\/index.php?rest_route=\/wp\/v2\/types\/page"}],"author":[{"embeddable":true,"href":"http:\/\/www.maria-koenigin.de\/index.php?rest_route=\/wp\/v2\/users\/1"}],"replies":[{"embeddable":true,"href":"http:\/\/www.maria-koenigin.de\/index.php?rest_route=%2Fwp%2Fv2%2Fcomments&post=77"}],"version-history":[{"count":21,"href":"http:\/\/www.maria-koenigin.de\/index.php?rest_route=\/wp\/v2\/pages\/77\/revisions"}],"predecessor-version":[{"id":17036,"href":"http:\/\/www.maria-koenigin.de\/index.php?rest_route=\/wp\/v2\/pages\/77\/revisions\/17036"}],"up":[{"embeddable":true,"href":"http:\/\/www.maria-koenigin.de\/index.php?rest_route=\/wp\/v2\/pages\/56"}],"wp:attachment":[{"href":"http:\/\/www.maria-koenigin.de\/index.php?rest_route=%2Fwp%2Fv2%2Fmedia&parent=77"}],"curies":[{"name":"wp","href":"https:\/\/api.w.org\/{rel}","templated":true}]}}