{"id":8717,"date":"2019-09-14T17:32:44","date_gmt":"2019-09-14T15:32:44","guid":{"rendered":"http:\/\/www.maria-koenigin.de\/?page_id=8717"},"modified":"2025-10-15T00:57:51","modified_gmt":"2025-10-14T22:57:51","slug":"klassenpaten","status":"publish","type":"page","link":"http:\/\/www.maria-koenigin.de\/?page_id=8717","title":{"rendered":"Klassenpaten"},"content":{"rendered":"<p>Den Klassen der Jahrgangsstufe 5 stehen in ihrem ersten Jahr an Maria K\u00f6nigin Sch\u00fclerinnen und Sch\u00fcler der Einf\u00fchrungsphase als Paten zur Seite.<\/p>\n<p>Sie nehmen mit den \u201aF\u00fcnfern\u2018 an der Wallfahrt zum Kohlhagen teil und wirken bei den Kennenlerntagen im Jugendhof und weiteren Veranstaltungen \u2013 wie zum Beispiel dem \u201eAbend f\u00fcr Servir\u201c \u2013 mit. Regelm\u00e4\u00dfig besuchen die Klassenpaten \u201eihre\u201c Klassen und helfen beispielsweise bei der Kl\u00e4rung verschiedenster Fragen, die sich im Rahmen des neuen Schulalltags ergeben. Zus\u00e4tzlich vermitteln sie auch als Streitschlichter in kleineren Konflikten. Dabei stehen sie stets in engem Austausch mit der jeweiligen Klassenleitung.<\/p>\n<p>Am Ende jedes Schuljahres werden etwa 20 Sch\u00fclerinnen und Sch\u00fcler der Jahrgangsstufe 10 in einer schulinternen Ausbildung gezielt auf diese verantwortungsvolle Aufgabe vorbereitet.<\/p>\n<p style=\"text-align: justify;\">Im Schuljahr 2025\/2026 sind folgende Sch\u00fclerinnen und Sch\u00fcler der Jahrgangsstufe EF als Klassenpaten t\u00e4tig:<\/p>\n<p>Klasse 5a<\/p>\n<div id=\"attachment_16624\" style=\"width: 1225px\" class=\"wp-caption alignnone\"><img loading=\"lazy\" decoding=\"async\" aria-describedby=\"caption-attachment-16624\" class=\"wp-image-16624 size-full\" src=\"http:\/\/www.maria-koenigin.de\/wordpress\/wp-content\/uploads\/2025\/08\/Klassenpaten-5a-e1754057376690.jpeg\" alt=\"\" width=\"1215\" height=\"1270\" srcset=\"http:\/\/www.maria-koenigin.de\/wordpress\/wp-content\/uploads\/2025\/08\/Klassenpaten-5a-e1754057376690.jpeg 1215w, http:\/\/www.maria-koenigin.de\/wordpress\/wp-content\/uploads\/2025\/08\/Klassenpaten-5a-e1754057376690-287x300.jpeg 287w, http:\/\/www.maria-koenigin.de\/wordpress\/wp-content\/uploads\/2025\/08\/Klassenpaten-5a-e1754057376690-980x1024.jpeg 980w, http:\/\/www.maria-koenigin.de\/wordpress\/wp-content\/uploads\/2025\/08\/Klassenpaten-5a-e1754057376690-768x803.jpeg 768w, http:\/\/www.maria-koenigin.de\/wordpress\/wp-content\/uploads\/2025\/08\/Klassenpaten-5a-e1754057376690-624x652.jpeg 624w\" sizes=\"auto, (max-width: 1215px) 100vw, 1215px\" \/><p id=\"caption-attachment-16624\" class=\"wp-caption-text\">Marie Steinhanses, Enya Klemm, Malia Uting, Lucie Bause, Till Milisavljevic, Bernhard Hilber, Philipp Sa\u00dfe, Sajuraam Thujendran, Elmedina Muja<\/p><\/div>\n<p>Klasse 5b<\/p>\n<div id=\"attachment_16625\" style=\"width: 1880px\" class=\"wp-caption alignnone\"><img loading=\"lazy\" decoding=\"async\" aria-describedby=\"caption-attachment-16625\" class=\"wp-image-16625 size-full\" src=\"http:\/\/www.maria-koenigin.de\/wordpress\/wp-content\/uploads\/2025\/08\/Klassenpaten-5b-scaled-e1754057507258.jpeg\" alt=\"\" width=\"1870\" height=\"1442\" srcset=\"http:\/\/www.maria-koenigin.de\/wordpress\/wp-content\/uploads\/2025\/08\/Klassenpaten-5b-scaled-e1754057507258.jpeg 1870w, http:\/\/www.maria-koenigin.de\/wordpress\/wp-content\/uploads\/2025\/08\/Klassenpaten-5b-scaled-e1754057507258-300x231.jpeg 300w, http:\/\/www.maria-koenigin.de\/wordpress\/wp-content\/uploads\/2025\/08\/Klassenpaten-5b-scaled-e1754057507258-1024x790.jpeg 1024w, http:\/\/www.maria-koenigin.de\/wordpress\/wp-content\/uploads\/2025\/08\/Klassenpaten-5b-scaled-e1754057507258-768x592.jpeg 768w, http:\/\/www.maria-koenigin.de\/wordpress\/wp-content\/uploads\/2025\/08\/Klassenpaten-5b-scaled-e1754057507258-1536x1184.jpeg 1536w, http:\/\/www.maria-koenigin.de\/wordpress\/wp-content\/uploads\/2025\/08\/Klassenpaten-5b-scaled-e1754057507258-624x481.jpeg 624w\" sizes=\"auto, (max-width: 1870px) 100vw, 1870px\" \/><p id=\"caption-attachment-16625\" class=\"wp-caption-text\">Sina Weber, Lina Epping, Ruben Stamm, Toni Picker, Lea Cordes, Greta Bankstahl, Adriana Ottmann, Amelie Fischer<\/p><\/div>\n<p>Klasse 5c<\/p>\n<div id=\"attachment_16626\" style=\"width: 2100px\" class=\"wp-caption alignnone\"><img loading=\"lazy\" decoding=\"async\" aria-describedby=\"caption-attachment-16626\" class=\"wp-image-16626 size-full\" src=\"http:\/\/www.maria-koenigin.de\/wordpress\/wp-content\/uploads\/2025\/08\/Klassenpaten-5c-scaled-e1754057628866.jpeg\" alt=\"\" width=\"2090\" height=\"1280\" srcset=\"http:\/\/www.maria-koenigin.de\/wordpress\/wp-content\/uploads\/2025\/08\/Klassenpaten-5c-scaled-e1754057628866.jpeg 2090w, http:\/\/www.maria-koenigin.de\/wordpress\/wp-content\/uploads\/2025\/08\/Klassenpaten-5c-scaled-e1754057628866-300x184.jpeg 300w, http:\/\/www.maria-koenigin.de\/wordpress\/wp-content\/uploads\/2025\/08\/Klassenpaten-5c-scaled-e1754057628866-1024x627.jpeg 1024w, http:\/\/www.maria-koenigin.de\/wordpress\/wp-content\/uploads\/2025\/08\/Klassenpaten-5c-scaled-e1754057628866-768x470.jpeg 768w, http:\/\/www.maria-koenigin.de\/wordpress\/wp-content\/uploads\/2025\/08\/Klassenpaten-5c-scaled-e1754057628866-1536x941.jpeg 1536w, http:\/\/www.maria-koenigin.de\/wordpress\/wp-content\/uploads\/2025\/08\/Klassenpaten-5c-scaled-e1754057628866-2048x1254.jpeg 2048w, http:\/\/www.maria-koenigin.de\/wordpress\/wp-content\/uploads\/2025\/08\/Klassenpaten-5c-scaled-e1754057628866-624x382.jpeg 624w\" sizes=\"auto, (max-width: 2090px) 100vw, 2090px\" \/><p id=\"caption-attachment-16626\" class=\"wp-caption-text\">(v.l.n.r.) Maja Bl\u00f6ink, Leni Brosterhus, Ida Hirschh\u00e4user, Lea Koch, Hannah Krummenerl, Emily Gerk, Maria-Sofie Lauria, Helena Schr\u00f6der, Pia Wagner<\/p><\/div>\n","protected":false},"excerpt":{"rendered":"<p>Den Klassen der Jahrgangsstufe 5 stehen in ihrem ersten Jahr an Maria K\u00f6nigin Sch\u00fclerinnen und Sch\u00fcler der Einf\u00fchrungsphase als Paten zur Seite. Sie nehmen mit den \u201aF\u00fcnfern\u2018 an der Wallfahrt zum Kohlhagen teil und wirken bei den Kennenlerntagen im Jugendhof und weiteren Veranstaltungen \u2013 wie zum Beispiel dem \u201eAbend f\u00fcr Servir\u201c \u2013 mit. Regelm\u00e4\u00dfig besuchen [&hellip;]<\/p>\n","protected":false},"author":1,"featured_media":0,"parent":0,"menu_order":0,"comment_status":"closed","ping_status":"closed","template":"","meta":{"ngg_post_thumbnail":0,"_mc_calendar":[],"footnotes":""},"class_list":["post-8717","page","type-page","status-publish","hentry"],"_links":{"self":[{"href":"http:\/\/www.maria-koenigin.de\/index.php?rest_route=\/wp\/v2\/pages\/8717","targetHints":{"allow":["GET"]}}],"collection":[{"href":"http:\/\/www.maria-koenigin.de\/index.php?rest_route=\/wp\/v2\/pages"}],"about":[{"href":"http:\/\/www.maria-koenigin.de\/index.php?rest_route=\/wp\/v2\/types\/page"}],"author":[{"embeddable":true,"href":"http:\/\/www.maria-koenigin.de\/index.php?rest_route=\/wp\/v2\/users\/1"}],"replies":[{"embeddable":true,"href":"http:\/\/www.maria-koenigin.de\/index.php?rest_route=%2Fwp%2Fv2%2Fcomments&post=8717"}],"version-history":[{"count":8,"href":"http:\/\/www.maria-koenigin.de\/index.php?rest_route=\/wp\/v2\/pages\/8717\/revisions"}],"predecessor-version":[{"id":17034,"href":"http:\/\/www.maria-koenigin.de\/index.php?rest_route=\/wp\/v2\/pages\/8717\/revisions\/17034"}],"wp:attachment":[{"href":"http:\/\/www.maria-koenigin.de\/index.php?rest_route=%2Fwp%2Fv2%2Fmedia&parent=8717"}],"curies":[{"name":"wp","href":"https:\/\/api.w.org\/{rel}","templated":true}]}}