{"id":9142,"date":"2020-03-22T14:07:30","date_gmt":"2020-03-22T13:07:30","guid":{"rendered":"http:\/\/www.maria-koenigin.de\/?page_id=9142"},"modified":"2020-03-27T08:22:57","modified_gmt":"2020-03-27T07:22:57","slug":"mk-macht-mut","status":"publish","type":"page","link":"http:\/\/www.maria-koenigin.de\/?page_id=9142","title":{"rendered":"MK macht Mut"},"content":{"rendered":"<div class=\"textLayer\">\n<p><img loading=\"lazy\" decoding=\"async\" class=\"alignnone size-large wp-image-9225\" src=\"http:\/\/www.maria-koenigin.de\/wordpress\/wp-content\/uploads\/2020\/03\/Mut-Button-1024x293.png\" alt=\"\" width=\"625\" height=\"179\" srcset=\"http:\/\/www.maria-koenigin.de\/wordpress\/wp-content\/uploads\/2020\/03\/Mut-Button-1024x293.png 1024w, http:\/\/www.maria-koenigin.de\/wordpress\/wp-content\/uploads\/2020\/03\/Mut-Button-300x86.png 300w, http:\/\/www.maria-koenigin.de\/wordpress\/wp-content\/uploads\/2020\/03\/Mut-Button-768x220.png 768w, http:\/\/www.maria-koenigin.de\/wordpress\/wp-content\/uploads\/2020\/03\/Mut-Button-1536x439.png 1536w, http:\/\/www.maria-koenigin.de\/wordpress\/wp-content\/uploads\/2020\/03\/Mut-Button-2048x585.png 2048w, http:\/\/www.maria-koenigin.de\/wordpress\/wp-content\/uploads\/2020\/03\/Mut-Button-624x178.png 624w\" sizes=\"auto, (max-width: 625px) 100vw, 625px\" \/><\/p>\n<p style=\"text-align: justify;\">Liebe Schulgemeinde,<\/p>\n<p style=\"text-align: justify;\"><strong>\u201eMK macht Mut\u201c<\/strong> &#8211; unter dieser neuen Rubrik auf unserer Homepage wollen wir Hilfen geben f\u00fcr die unfreiwillig schulfreie Zeit durch den Corona-Virus. Die Beitr\u00e4ge werden wir zum Teil auch bei Instagram und bei Facebook ver\u00f6ffentlichen.<\/p>\n<p style=\"text-align: justify;\">Wir haben <strong>Material<\/strong> zusammengestellt, Tipps, damit in der Zeit <strong><a href=\"http:\/\/www.maria-koenigin.de\/?page_id=9144\" target=\"_blank\" rel=\"noopener noreferrer\">zuhause keine Langeweile<\/a><\/strong> aufkommt, Tipps, wie man auch allein<strong><a href=\"http:\/\/www.maria-koenigin.de\/?page_id=9152\" target=\"_blank\" rel=\"noopener noreferrer\"> Sport<\/a><\/strong> machen kann und auch <a href=\"http:\/\/www.maria-koenigin.de\/?page_id=9154\" target=\"_blank\" rel=\"noopener noreferrer\"><strong>Tipps zum Lernen<\/strong><\/a>. Eine bunte Sammlung aus Links und Texten.<\/p>\n<p style=\"text-align: justify;\">Zur <a href=\"http:\/\/www.maria-koenigin.de\/?page_id=9156\" target=\"_blank\" rel=\"noopener noreferrer\"><strong>Beratung<\/strong><\/a> steht unsere Schulsozialarbeiterin Barbara Geuecke zur Verf\u00fcgung. An sie k\u00f6nnt ihr euch gern wenden, wenn ihr ein Gespr\u00e4ch sucht.<\/p>\n<p style=\"text-align: justify;\">Wir wollen aber auch <a href=\"http:\/\/www.maria-koenigin.de\/?page_id=9150\" target=\"_blank\" rel=\"noopener noreferrer\"><strong>Mut machen<\/strong><\/a>. Dazu werden unterschiedliche Personen immer mal wieder einen kleinen Beitrag mit einem Foto pr\u00e4sentieren. Sie machen Mut und erz\u00e4hlen davon, wie es ihnen gerade geht. Los geht es mit Titus Von Weichs, unserem Sch\u00fclersprecher, der zum Nichtstun auffordert.\u00a0\u00a0 Gern kannst du oder k\u00f6nnen Sie sich an dieser Aktion beteiligen. Ein Text von maximal 750 Zeichen und ein passendes Foto ver\u00f6ffentlichen wir gern.<\/p>\n<p>\u00a0<img loading=\"lazy\" decoding=\"async\" class=\"alignnone size-large wp-image-9228\" src=\"http:\/\/www.maria-koenigin.de\/wordpress\/wp-content\/uploads\/2020\/03\/MK-macht-Mut-1024x745.jpg\" alt=\"\" width=\"625\" height=\"455\" srcset=\"http:\/\/www.maria-koenigin.de\/wordpress\/wp-content\/uploads\/2020\/03\/MK-macht-Mut-1024x745.jpg 1024w, http:\/\/www.maria-koenigin.de\/wordpress\/wp-content\/uploads\/2020\/03\/MK-macht-Mut-300x218.jpg 300w, http:\/\/www.maria-koenigin.de\/wordpress\/wp-content\/uploads\/2020\/03\/MK-macht-Mut-768x559.jpg 768w, http:\/\/www.maria-koenigin.de\/wordpress\/wp-content\/uploads\/2020\/03\/MK-macht-Mut-1536x1118.jpg 1536w, http:\/\/www.maria-koenigin.de\/wordpress\/wp-content\/uploads\/2020\/03\/MK-macht-Mut-2048x1490.jpg 2048w, http:\/\/www.maria-koenigin.de\/wordpress\/wp-content\/uploads\/2020\/03\/MK-macht-Mut-624x454.jpg 624w\" sizes=\"auto, (max-width: 625px) 100vw, 625px\" \/><\/p>\n<p style=\"text-align: justify;\">Wir ver\u00f6ffentlichen auch <a href=\"http:\/\/www.maria-koenigin.de\/?page_id=9158\" target=\"_blank\" rel=\"noopener noreferrer\"><strong>Gebete und Impulse<\/strong><\/a>, die unsere Situation aufgreifen und uns helfen, die Hoffnung nicht zu verlieren. Wir sind zwar getrennt voneinander, aber alle weiter in Gottes Hand. Das k\u00f6nnen auch di verschiedenen Gebetsaktionen zeigen, die es \u00a0in den Gemeinden und auch bundesweit gibt.<\/p>\n<p style=\"text-align: justify;\">Wir laden zu <a href=\"http:\/\/www.maria-koenigin.de\/?page_id=9160\" target=\"_blank\" rel=\"noopener noreferrer\"><strong>Challenges \u2013 Wettbewerben<\/strong><\/a> ein, an denen ihr Sch\u00fcler teilnehmen k\u00f6nnt und so die freie Zeit sinnvoll gestalten k\u00f6nnt:<\/p>\n<p style=\"text-align: justify;\">Zum Schuljahresmotto \u201etogether for future\u201d laden wir euch ein, zu diesem Motto Bilder zu malen, Texte oder Lieder zu schreiben oder Ideen zu entwickeln, wie wir die Umwelt sch\u00fctzen k\u00f6nnen.\u00a0 Wir ver\u00f6ffentlichen eure Ergebnisse dann gern hier auf der Homepage.<\/p>\n<p style=\"text-align: justify;\">Wir laden aber auch dazu ein, andere kreative Arbeiten einzureichen: Texte oder Bilder zur aktuellen Situation, kurze Buchvorstellungen, &#8230;<\/p>\n<p style=\"text-align: justify;\">Schlie\u00dflich m\u00f6chten wir auch zu <a href=\"http:\/\/www.maria-koenigin.de\/?page_id=9146\" target=\"_blank\" rel=\"noopener noreferrer\"><strong>Hilfsaktionen<\/strong><\/a> einladen, zum Beispiel indem Schmetterlinge als kleine Fr\u00fchlingsboten produziert werden.<\/p>\n<p style=\"text-align: justify;\">Auf geht\u2018s. St\u00f6bert durch die Rubriken und schickt eure Ideen und Beitr\u00e4ge an <a href=\"mailto:ansgar.kaufmann@maria-koenign.de\">ansgar.kaufmann@maria-koenign.de<\/a><\/p>\n<div class=\"endOfContent\" style=\"text-align: justify;\"><\/div>\n<\/div>\n<div class=\"annotationLayer\" style=\"text-align: justify;\"><\/div>\n","protected":false},"excerpt":{"rendered":"<p>Liebe Schulgemeinde, \u201eMK macht Mut\u201c &#8211; unter dieser neuen Rubrik auf unserer Homepage wollen wir Hilfen geben f\u00fcr die unfreiwillig schulfreie Zeit durch den Corona-Virus. Die Beitr\u00e4ge werden wir zum Teil auch bei Instagram und bei Facebook ver\u00f6ffentlichen. Wir haben Material zusammengestellt, Tipps, damit in der Zeit zuhause keine Langeweile aufkommt, Tipps, wie man auch [&hellip;]<\/p>\n","protected":false},"author":1,"featured_media":0,"parent":0,"menu_order":0,"comment_status":"closed","ping_status":"closed","template":"","meta":{"ngg_post_thumbnail":0,"_mc_calendar":[],"footnotes":""},"class_list":["post-9142","page","type-page","status-publish","hentry"],"_links":{"self":[{"href":"http:\/\/www.maria-koenigin.de\/index.php?rest_route=\/wp\/v2\/pages\/9142","targetHints":{"allow":["GET"]}}],"collection":[{"href":"http:\/\/www.maria-koenigin.de\/index.php?rest_route=\/wp\/v2\/pages"}],"about":[{"href":"http:\/\/www.maria-koenigin.de\/index.php?rest_route=\/wp\/v2\/types\/page"}],"author":[{"embeddable":true,"href":"http:\/\/www.maria-koenigin.de\/index.php?rest_route=\/wp\/v2\/users\/1"}],"replies":[{"embeddable":true,"href":"http:\/\/www.maria-koenigin.de\/index.php?rest_route=%2Fwp%2Fv2%2Fcomments&post=9142"}],"version-history":[{"count":6,"href":"http:\/\/www.maria-koenigin.de\/index.php?rest_route=\/wp\/v2\/pages\/9142\/revisions"}],"predecessor-version":[{"id":9230,"href":"http:\/\/www.maria-koenigin.de\/index.php?rest_route=\/wp\/v2\/pages\/9142\/revisions\/9230"}],"wp:attachment":[{"href":"http:\/\/www.maria-koenigin.de\/index.php?rest_route=%2Fwp%2Fv2%2Fmedia&parent=9142"}],"curies":[{"name":"wp","href":"https:\/\/api.w.org\/{rel}","templated":true}]}}