{"id":9150,"date":"2020-03-23T17:37:43","date_gmt":"2020-03-23T16:37:43","guid":{"rendered":"http:\/\/www.maria-koenigin.de\/?page_id=9150"},"modified":"2020-05-22T16:42:22","modified_gmt":"2020-05-22T14:42:22","slug":"mutmacher","status":"publish","type":"page","link":"http:\/\/www.maria-koenigin.de\/?page_id=9150","title":{"rendered":"Mutmacher"},"content":{"rendered":"<p style=\"text-align: justify;\"><strong>Schmetterlinge als Mutmacher<\/strong><\/p>\n<p style=\"text-align: justify;\"><img loading=\"lazy\" decoding=\"async\" class=\"alignnone size-full wp-image-9360\" src=\"http:\/\/www.maria-koenigin.de\/wordpress\/wp-content\/uploads\/2020\/05\/Schmetterling-1.jpg\" alt=\"\" width=\"640\" height=\"480\" srcset=\"http:\/\/www.maria-koenigin.de\/wordpress\/wp-content\/uploads\/2020\/05\/Schmetterling-1.jpg 640w, http:\/\/www.maria-koenigin.de\/wordpress\/wp-content\/uploads\/2020\/05\/Schmetterling-1-300x225.jpg 300w, http:\/\/www.maria-koenigin.de\/wordpress\/wp-content\/uploads\/2020\/05\/Schmetterling-1-624x468.jpg 624w\" sizes=\"auto, (max-width: 640px) 100vw, 640px\" \/><\/p>\n<p style=\"text-align: justify;\"><em>Machen wir das Leben gemeinsam ein wenig bunter!<\/em><\/p>\n<p style=\"text-align: justify;\">Unter diesem Motto m\u00f6chten wir euch herzlich einladen, euch an folgender Aktion zu beteiligen:\u00a0Derzeit haben insbesondere viele \u00e4ltere Menschen keine M\u00f6glichkeit, ihr Haus, ihre Wohnung, ihr Zimmer zu verlassen.<\/p>\n<p style=\"text-align: justify;\"><u>Die Idee:<\/u> Wir verschenken kleine Fr\u00fchlingsboten und machen das Leben der Menschen in der jetzigen Zeit m\u00f6glicherweise ein wenig bunter!\u00a0Wie das funktionieren kann?<\/p>\n<p style=\"text-align: justify;\"><u>Ganz einfach:<\/u> Wer Lust hast, faltet oder n\u00e4ht einen Schmetterling oder gar einen ganzen Schwarm.\u00a0\u00a0Im folgenden Video werden die einzelnen Faltschritte gezeigt:<\/p>\n<p><iframe loading=\"lazy\" title=\"Basteln: Origami Schmetterling falten mit Papier. Leichte Deko selber machen \ud83e\udd8b\" width=\"625\" height=\"352\" src=\"https:\/\/www.youtube.com\/embed\/glprCZujOeY?feature=oembed\" frameborder=\"0\" allow=\"accelerometer; autoplay; clipboard-write; encrypted-media; gyroscope; picture-in-picture; web-share\" referrerpolicy=\"strict-origin-when-cross-origin\" allowfullscreen><\/iframe><\/p>\n<p style=\"text-align: justify;\">Im folgenden <a href=\"http:\/\/www.maria-koenigin.de\/wordpress\/wp-content\/uploads\/2020\/03\/DIY-Origami-Schmetterling-nach-einer-Anleitung-von-Modage-N\u00e4hblog.pdf\" target=\"_blank\" rel=\"noopener noreferrer\">Dokument <\/a>findet ihr eine simple N\u00e4hanleitung f\u00fcr einen Schmetterling.<\/p>\n<p style=\"text-align: justify;\">Die fertigen Fr\u00fchlingsboten k\u00f6nnt ihr in die Schule bringen. Ein Karton mit der Aufschrift \u201eSchmetterlinge als Mutmacher\u201c steht in der Pausenhalle gegen\u00fcber des Haupteingangs (Wichtig: Mundschutz nicht vergessen!). Oder ihr schickt sie per Post an folgende Adresse:<\/p>\n<p style=\"text-align: justify;\">Barbara Geuecke<br \/>\nKirchstrasse 8<br \/>\n57439 Attendorn<\/p>\n<p style=\"text-align: justify;\">Die Schmetterlinge werden gesammelt und geb\u00fcndelt an das ein oder andere Seniorenheim oder Krankenhaus in der Region weitergegeben. Wenn ihr selbst die M\u00f6glichkeit habt, die Schmetterlinge weiterzugeben, k\u00f6nnt ihr dies nat\u00fcrlich gerne tun!<\/p>\n<p style=\"text-align: justify;\"><em>Machen wir das Leben gemeinsam ein wenig bunter!<\/em><\/p>\n<p><strong>An den guten Erfahrungen festhalten<\/strong><\/p>\n<p><img loading=\"lazy\" decoding=\"async\" class=\"alignnone size-full wp-image-9284\" src=\"http:\/\/www.maria-koenigin.de\/wordpress\/wp-content\/uploads\/2020\/04\/Fr\u00fchlingsbild.jpg\" alt=\"\" width=\"640\" height=\"872\" srcset=\"http:\/\/www.maria-koenigin.de\/wordpress\/wp-content\/uploads\/2020\/04\/Fr\u00fchlingsbild.jpg 640w, http:\/\/www.maria-koenigin.de\/wordpress\/wp-content\/uploads\/2020\/04\/Fr\u00fchlingsbild-220x300.jpg 220w, http:\/\/www.maria-koenigin.de\/wordpress\/wp-content\/uploads\/2020\/04\/Fr\u00fchlingsbild-624x850.jpg 624w\" sizes=\"auto, (max-width: 640px) 100vw, 640px\" \/><\/p>\n<p>Wir vermissen unsere Freunde, unsere Verwandten, unsere Klassenkameraden.<br \/>\nNutzen wir die Zeit der aktuellen Entwicklungen,<br \/>\num aber auch mal \u00fcber das Gute nachzudenken:<\/p>\n<p>Die Natur erholt sich, da wir gezwungen sind,<br \/>\nuns in unserem Konsum zu m\u00e4\u00dfigen.<br \/>\nWir gehen wieder in den W\u00e4ldern spazieren.<br \/>\nWir k\u00f6nnen die Stille genie\u00dfen und dem Vogelgezwitscher lauschen.<\/p>\n<p>Wir leben leiser.<br \/>\nWir nehmen Kontakt zu Bekannten und Freunden auf<br \/>\nvia Gruppenchats und Videokonferenzen<br \/>\n\u2013 wann schafft man es schon, sieben Freunde und Freundinnen<br \/>\nterminlich unter einen Hut zu bekommen?<\/p>\n<p>Wir nehmen R\u00fccksicht auf \u00e4ltere Menschen,<br \/>\nhelfen ihnen und zeigen uns solidarisch.<br \/>\nWir haben Zeit, Gesellschaftsspiele zu spielen,<br \/>\nuns ausf\u00fchrlich beim Abendessen zu unterhalten<br \/>\noder am Wochenende ausgiebig zu grillen,<br \/>\nda kein Druck von Folgeterminen auf uns lastet.<\/p>\n<p>Wir erkennen, wer da nebenan wohnt<br \/>\nund lernen Nachbarn und Gemeindemitglieder<br \/>\ndurch Hecken oder bei Spazierg\u00e4ngen kennen.<\/p>\n<p>Wir leben bewusster und aufmerksamer:<br \/>\nMan gr\u00fc\u00dft freundlich jemanden beim Joggen, den man nicht kennt.<\/p>\n<p>Wir werden verst\u00e4ndnisvoller:<br \/>\nKaum jemand f\u00e4hrt uns ungeduldig<br \/>\nmit dem Einkaufswagen in die Hacken,<br \/>\nwenn es an der Supermarktkasse \u201ezu langsam\u201c voran geht.<\/p>\n<p>Die wenigsten Patienten beschweren sich noch,<br \/>\nwenn sie beim Arzt warten m\u00fcssen,<br \/>\nvielmehr wird solchen Berufsgruppen verdienter gezollt.<\/p>\n<p>Wir lernen, dass das Gesch\u00e4ft nebenan unsere Unterst\u00fctzung ben\u00f6tigt<br \/>\nund kaufen vermehrt regional,<br \/>\nund nicht schnell per Klick-Bestellung bei gro\u00dfen Internetriesen.<\/p>\n<p>Lasst uns nach der Epidemie an den guten Entwicklungen festhalten,<br \/>\nsoweit es uns m\u00f6glich ist.<\/p>\n<p>&nbsp;<\/p>\n<p><strong>Die Geschichte von den magischen Augentropfen<\/strong><\/p>\n<p><strong>von Marlene Schlechtriem, Klasse 5a<\/strong><\/p>\n<p>&nbsp;<\/p>\n<p>Es gab einmal eine Zeit, da lebte ein weiser, m\u00e4chtiger Zauberer namens Vladimir in einem kleinen abgeschiedenen Dorf. Seit einigen Tagen gingen merkw\u00fcrdige Dinge vor sich. Menschen verschwanden pl\u00f6tzlich, und keiner wusste, warum oder wohin.<\/p>\n<p>Vladimir stand Zauberspr\u00fcche murmelnd vor seinem Kessel und probierte schon seit Stunden neue Mischungen an Zauberzutaten f\u00fcr einen neuen Zaubertrank aus. Doch es funktionierte nicht. Wie konnte das sein? Vladimir gab schon fast auf, als ihm die rettende Idee kam: Er erinnerte sich daran, dass ihm sein Onkel Moraguss, der ebenfalls Zauberer war, ein Fl\u00e4schchen Hyalurons\u00e4ure gegeben hatte, und dachte: \u201eVielleicht sollte ich das Fl\u00e4schchen suchen und in den Kessel geben. Dann k\u00f6nnte der Trank vielleicht gelingen.\u201c <a href=\"http:\/\/www.maria-koenigin.de\/wordpress\/wp-content\/uploads\/2020\/04\/magische-Augentropfen-Geschichte.pdf\" target=\"_blank\" rel=\"noopener noreferrer\">Hier Klicken, um den kompletten Text von Marlene zu lesen!<\/a><\/p>\n<p>&nbsp;<\/p>\n<p><strong>\u201eN\u00e4chstes Jahr in Jerusalem\u201c <\/strong><\/p>\n<p><img loading=\"lazy\" decoding=\"async\" class=\"alignnone size-full wp-image-9270\" src=\"http:\/\/www.maria-koenigin.de\/wordpress\/wp-content\/uploads\/2020\/04\/N\u00e4chstes-Jahr-Bild-1.jpg\" alt=\"\" width=\"640\" height=\"446\" srcset=\"http:\/\/www.maria-koenigin.de\/wordpress\/wp-content\/uploads\/2020\/04\/N\u00e4chstes-Jahr-Bild-1.jpg 640w, http:\/\/www.maria-koenigin.de\/wordpress\/wp-content\/uploads\/2020\/04\/N\u00e4chstes-Jahr-Bild-1-300x209.jpg 300w, http:\/\/www.maria-koenigin.de\/wordpress\/wp-content\/uploads\/2020\/04\/N\u00e4chstes-Jahr-Bild-1-624x435.jpg 624w\" sizes=\"auto, (max-width: 640px) 100vw, 640px\" \/><\/p>\n<p style=\"text-align: justify;\">In diesen Tagen kommt\u00a0mir diese Formulierung oft in den Sinn, wenn Veranstaltungen, auf die ich mich gefreut habe und die auch f\u00fcr viele andere wichtig sind, abgesagt werden und v\u00f6llig ungewiss ist, wann etwas stattfinden kann.<\/p>\n<p style=\"text-align: justify;\">Zum Ritual des j\u00fcdischen Seder-Mahles geh\u00f6rt am Ende die Formulierung &#8222;N\u00e4chstes Jahr in Jerusalem&#8220;. Diese Formulierung dr\u00fcckte auch in Zeiten des Exils und der Verfolgung die Hoffnung aus, dass man sich trotz aller Ungewissheit eines Tages in Jerusalem wiedertreffen w\u00fcrde. Damit war sowohl die irdische Stadt Jerusalem als Heimat des j\u00fcdischen Volkes als auch das himmlische Jerusalem &#8211; bei Gott &#8211; gemeint.<\/p>\n<p style=\"text-align: justify;\">Eine einfache L\u00f6sung f\u00fcr unsere Lage gibt es nicht. Auch im Glauben finden wir keine einfache L\u00f6sung. Aber ein Blick auf das Osterfest kann uns Mut machen. Die zentrale Botschaft von Ostern lautet: F\u00fcrchtet euch nicht! (Mt, 28,5) Das ist Gottes Zusage an uns Menschen angesichts allen Leids und aller Verzweiflung. Vertrauen wir auch angesichts unserer heutigen Situation auf diese Worte, verstehen wir sie als Zusage Gottes an uns alle: F\u00fcrchtet euch nicht! Jesus lebt und er will, dass auch wir leben!<\/p>\n<p style=\"text-align: justify;\">Ich bin zuversichtlich, dass die Zeit kommen wird, in der wir wieder miteinander leben und feiern und uns treffen k\u00f6nnen, in der Verwandtschaft,\u00a0mit Freunden in der Kneipe oder zum Grillen, mit der Gemeinde in der Kirche, im Fu\u00dfballstadion, im Theater oder zur Urlaubsreise.<\/p>\n<p style=\"text-align: justify;\">Und bezogen auf die Schule hoffe ich, dass wir uns alle heil wiedersehen und wieder miteinander leben, lernen, helfen, glauben \u2013 und auch feiern \u2013 k\u00f6nnen, auch wenn dies unter anderen Bedingungen sein wird als vor Corona.<\/p>\n<p style=\"text-align: justify;\">Die Juden haben teilweise \u00fcber Jahrzehnte hinweg an ihrer Hoffnung festgehalten und f\u00fcr viele hat sich der Traum von einer Reise in die Stadt Jerusalem erf\u00fcllt. Und wer gl\u00e4ubige Juden einmal vor der Klagemauer in Jerusalem hat tanzen sehen, der wei\u00df, welch ein Fest es sein wird \u2013 \u201en\u00e4chstes Jahr in Jerusalem.\u201c<\/p>\n<p style=\"text-align: justify;\">(Ansgar Kaufmann)<\/p>\n<p>Mit einer Ansprache der Mutter Erde an uns m\u00f6chte Frau Koch darauf hinweisen, dass die Corona-Pandemie auch ein Weckruf f\u00fcr unseren Umgang mit der Erde und miteinander sein kann:<\/p>\n<p><strong>\u00a0<\/strong><\/p>\n<p><strong>Ansprache der Mutter Erde <\/strong><\/p>\n<p><img loading=\"lazy\" decoding=\"async\" class=\"alignnone size-full wp-image-9280\" src=\"http:\/\/www.maria-koenigin.de\/wordpress\/wp-content\/uploads\/2020\/04\/Mutter-Erde.jpg\" alt=\"\" width=\"640\" height=\"465\" srcset=\"http:\/\/www.maria-koenigin.de\/wordpress\/wp-content\/uploads\/2020\/04\/Mutter-Erde.jpg 640w, http:\/\/www.maria-koenigin.de\/wordpress\/wp-content\/uploads\/2020\/04\/Mutter-Erde-300x218.jpg 300w, http:\/\/www.maria-koenigin.de\/wordpress\/wp-content\/uploads\/2020\/04\/Mutter-Erde-624x453.jpg 624w\" sizes=\"auto, (max-width: 640px) 100vw, 640px\" \/><\/p>\n<p>Ich bin 4,6 Milliarden Jahre alt.<br \/>\nIch habe mich in diesem Zeitraum immer wieder neu strukturiert.<br \/>\nIch habe unz\u00e4hlige Male Hitze und K\u00e4lte, Ersch\u00fctterungen,<br \/>\n\u00dcberschwemmungen, das Vergehen und den Neubeginn erlebt.<br \/>\nIch bin Ursprungsort und Heimat aller bekannten Lebewesen.<br \/>\nIch bin eure Mutter. Ich bin so gewaltig und so m\u00e4chtig,<br \/>\ndass ich mich innerhalb k\u00fcrzester Zeit von euch erhole.<br \/>\nIch kann wieder atmen, mich wieder ausbreiten<br \/>\nund meinen Puls sp\u00fcren.<br \/>\nJetzt hoffe ich, dass ihr mich erh\u00f6rt,<br \/>\ndass ihr mich seht und sp\u00fcrt,<br \/>\nund bis ins Mark ersch\u00fcttert seid:<\/p>\n<p>Denn wer gab euch das Recht<br \/>\nbis hierher so achtlos mit mir umzugehen?<br \/>\nIhr seid meine Kinder,<br \/>\nich habe euch das Leben geschenkt!<br \/>\nWer gab euch das Recht, euch gegenseitig auszurotten?<br \/>\nIch habe euch die Gabe der Intuition<br \/>\nund der Empathie mit auf den Weg gegeben!<br \/>\nWer gab euch das Recht euch mit dem auf eine Stufe zu stellen,<br \/>\nvon dem ihr euch kein Bild machen sollt?<br \/>\nSolange wie ihr euch untereinander vergleicht,<br \/>\nmiteinander messt, Ich-bezogen bleibt und mich unterdr\u00fcckt,<br \/>\nden Konsum und die Achtlosigkeit weiterlebt,<br \/>\nwerde ich leiden und bluten;<br \/>\nes werden Teile von mir unwiederbringlich sterben.<\/p>\n<p>Besinnt euch, wer ihr seid!<br \/>\nSchenkt der Ruhe und Entschleunigung Aufmerksamkeit.<br \/>\nSchaut in den Himmel, auf die Meere und Kan\u00e4le,<br \/>\nachtet auf eure Familie und die engsten Kreise.<br \/>\nSeid Hilfe f\u00fcr Menschen in Not,<br \/>\n\u00f6ffnet eure Herzen, handelt menschlich.<br \/>\nGeht sorgsam miteinander um,<br \/>\nbehandelt euch mit Respekt und handelt verantwortungsbewusst!<\/p>\n<p>F\u00fcr euch, eure Kinder und f\u00fcr mich.<br \/>\nIn Liebe, eure Mutter Erde<\/p>\n<p><em>(Anke Koch) <\/em><\/p>\n<p>&nbsp;<\/p>\n<p><strong>An Oma und Opa<\/strong><\/p>\n<p><img loading=\"lazy\" decoding=\"async\" class=\"alignnone size-full wp-image-9242\" src=\"http:\/\/www.maria-koenigin.de\/wordpress\/wp-content\/uploads\/2020\/03\/H\u00e4nde.jpg\" alt=\"\" width=\"640\" height=\"425\" srcset=\"http:\/\/www.maria-koenigin.de\/wordpress\/wp-content\/uploads\/2020\/03\/H\u00e4nde.jpg 640w, http:\/\/www.maria-koenigin.de\/wordpress\/wp-content\/uploads\/2020\/03\/H\u00e4nde-300x199.jpg 300w, http:\/\/www.maria-koenigin.de\/wordpress\/wp-content\/uploads\/2020\/03\/H\u00e4nde-624x414.jpg 624w\" sizes=\"auto, (max-width: 640px) 100vw, 640px\" \/><\/p>\n<p>Wir passen auf, dass wir uns nicht infizieren. F\u00fcr uns nat\u00fcrlich, und auch f\u00fcr euch.<br \/>\nF\u00fcr euch, die besonders gef\u00e4hrdet sind. Die schon etwas \u00e4lter oder sogar krank sind.<\/p>\n<p>Jetzt ist es nicht eure Aufgabe, aufzupassen, dass wir nicht von der Schaukel fallen. Oder dass wir nicht mit dem Trampeltrecker vor die n\u00e4chste Wand sausen. Es ist jetzt nicht in eurer Verantwortung, dass wir mittags nach der Schule warmes Essen haben, wenn Mama und Papa noch arbeiten sind. Oder dass ihr uns vom Fu\u00dfballtraining oder der Musikschule abholt, damit wir sicher zuhause ankommen.<\/p>\n<p>Jetzt k\u00f6nnen wir Verantwortung \u00fcbernehmen: Wir k\u00f6nnen Abstand nehmen, um einander zu sch\u00fctzen; Besorgungen erledigen, die f\u00fcr euch gef\u00e4hrlich werden k\u00f6nnten. Verantwortung \u00fcbernehmen, damit wir bald wieder miteinander Zeit verbringen k\u00f6nnen: W\u00e4lder erkunden, Waffeln backen, Filme sehen bis die Augen viereckig werden, \u2026 uns wieder in die Arme fallen. Und vielleicht dann mit einem viel gr\u00f6\u00dferen Bewusstsein dar\u00fcber, was wir uns bedeuten.<\/p>\n<p>Wir sind stolz darauf, auf euch, Oma und Opa, achtzugeben!<\/p>\n<p>Hanna Reuber<\/p>\n<p><img loading=\"lazy\" decoding=\"async\" class=\"alignnone size-full wp-image-9190\" src=\"http:\/\/www.maria-koenigin.de\/wordpress\/wp-content\/uploads\/2020\/03\/Titus-von-Weichs-1.jpeg\" alt=\"\" width=\"640\" height=\"491\" srcset=\"http:\/\/www.maria-koenigin.de\/wordpress\/wp-content\/uploads\/2020\/03\/Titus-von-Weichs-1.jpeg 640w, http:\/\/www.maria-koenigin.de\/wordpress\/wp-content\/uploads\/2020\/03\/Titus-von-Weichs-1-300x230.jpeg 300w, http:\/\/www.maria-koenigin.de\/wordpress\/wp-content\/uploads\/2020\/03\/Titus-von-Weichs-1-624x479.jpeg 624w\" sizes=\"auto, (max-width: 640px) 100vw, 640px\" \/><\/p>\n<p><strong>Aufruf zum Nichtstun<\/strong><\/p>\n<p>\u201eWenn du etwas gegen Corona machen willst, dann mach Nichts\u201c! H\u00f6rt sich eigentlich nach<br \/>\neinem Widerspruch in sich an und nach einer au\u00dfergew\u00f6hnlichen Strategie, einen Kampf,<br \/>\nin diesem Falle gegen Corona, zu gewinnen. St\u00e4ndig werden wir Sch\u00fcler davor gewarnt,<br \/>\nnichts zu tun und jetzt warne ich davor, nicht Nichts zu tun. Wer jetzt etwas tut, tut das<br \/>\nFalsche, denn es ist nicht an der Zeit, gegen Corona aufzustehen sondern an der Zeit, gegen<br \/>\nCorona liegen zu bleiben. Deshalb m\u00f6chte ich alle dazu bewegen, alles von zuhause aus zu<br \/>\nbewegen. Denn zuhause zu bleiben und manchmal auch nichts zu tun, ist alles, was wir<br \/>\ngerade gegen Corona machen k\u00f6nnen.<\/p>\n<p>Titus von Weichs, Sch\u00fclersprecher<\/p>\n<p><img loading=\"lazy\" decoding=\"async\" class=\"alignnone size-full wp-image-9232\" src=\"http:\/\/www.maria-koenigin.de\/wordpress\/wp-content\/uploads\/2020\/03\/Fr\u00fchling-an-MK.jpg\" alt=\"\" width=\"640\" height=\"360\" srcset=\"http:\/\/www.maria-koenigin.de\/wordpress\/wp-content\/uploads\/2020\/03\/Fr\u00fchling-an-MK.jpg 640w, http:\/\/www.maria-koenigin.de\/wordpress\/wp-content\/uploads\/2020\/03\/Fr\u00fchling-an-MK-300x169.jpg 300w, http:\/\/www.maria-koenigin.de\/wordpress\/wp-content\/uploads\/2020\/03\/Fr\u00fchling-an-MK-624x351.jpg 624w\" sizes=\"auto, (max-width: 640px) 100vw, 640px\" \/><\/p>\n<p><strong>Willkommensgru\u00df an den Fr\u00fchling<\/strong><\/p>\n<p><em>Carmina<\/em> <em>Burana<\/em> (aus dem Mittelalter)<\/p>\n<table>\n<tbody>\n<tr>\n<td width=\"45\"><\/td>\n<td width=\"250\">&nbsp;<\/p>\n<p><u>la<\/u><u>teinisch<\/u><\/td>\n<td colspan=\"2\" width=\"384\">&nbsp;<\/p>\n<p><u>deutsch<\/u><\/td>\n<\/tr>\n<tr>\n<td width=\"45\">1<\/td>\n<td width=\"250\">Ecce gratum<br \/>\net optatum<br \/>\nver reducit gaudia.Purpuratum<br \/>\nfloret pratum,<br \/>\nsol serenat omnia.Iamiam cedant tristia!<br \/>\nAestas redit,<br \/>\nnunc recedit<br \/>\nhiemis saevitia.<\/td>\n<td colspan=\"2\" width=\"384\">Auf, zu gr\u00fc\u00dfen<br \/>\nLenz, den s\u00fc\u00dfen,<br \/>\nFreude hat er wiederbracht.Blumen sprie\u00dfen<br \/>\nauf den Wiesen,<br \/>\nund die liebe Sonne lacht.Nimmer sei des Leids gedacht!<br \/>\nVon dem jungen<br \/>\nLenz bezwungen,<br \/>\nweicht des Winters grimme Macht.<\/td>\n<\/tr>\n<tr>\n<td width=\"45\">2<\/td>\n<td width=\"250\">Iam liquescit<br \/>\net descrescit<br \/>\ngrando, nix et cetera;bruma fugit<br \/>\net iam sugit<br \/>\nver aestatis ubera;illi mens et misera<br \/>\nqui nec vivit<br \/>\nnec lascivit<br \/>\nsub aestatis dextera.<\/td>\n<td colspan=\"2\" width=\"384\">Von der linden<br \/>\nTauluft schwinden<br \/>\nHagel, Schnee und all der Wust;Frost entweichet<br \/>\nSommer reichet<br \/>\nschon dem Lenz die Mutterbrust;armer Mann, der jetzt in Dust<br \/>\nbleibt vergraben,<br \/>\nsich nicht laben<br \/>\nmag an sommerlicher Lust.<\/td>\n<\/tr>\n<tr>\n<td width=\"45\">3<\/td>\n<td width=\"250\">Gloriantur<br \/>\net laentantur<br \/>\nin melle dulcedinis,<br \/>\nqui conantur<br \/>\nut utantur<br \/>\npraemio Cupidinis;simus iussu Cypridis<br \/>\ngloriantes<br \/>\net laetantes<br \/>\npares esse Paridis.<\/td>\n<td width=\"257\">Wie sie springen<br \/>\nund lobsingen<br \/>\nin dem holden Zauberkreis,<br \/>\ndie da dringen,<br \/>\nwerbend ringen<br \/>\nnach Cupidos Lorbeerreis;lasst auf Cyprias Gehei\u00df<br \/>\nuns auch springen<br \/>\nund lobsingen<br \/>\nunserem Parisparadeis.<\/td>\n<td width=\"127\"><\/td>\n<\/tr>\n<\/tbody>\n<\/table>\n<p><img loading=\"lazy\" decoding=\"async\" class=\"alignnone size-full wp-image-9191\" src=\"http:\/\/www.maria-koenigin.de\/wordpress\/wp-content\/uploads\/2020\/03\/Schulgemeinde-auf-dem-Kohlhagen.jpg\" alt=\"\" width=\"640\" height=\"427\" srcset=\"http:\/\/www.maria-koenigin.de\/wordpress\/wp-content\/uploads\/2020\/03\/Schulgemeinde-auf-dem-Kohlhagen.jpg 640w, http:\/\/www.maria-koenigin.de\/wordpress\/wp-content\/uploads\/2020\/03\/Schulgemeinde-auf-dem-Kohlhagen-300x200.jpg 300w, http:\/\/www.maria-koenigin.de\/wordpress\/wp-content\/uploads\/2020\/03\/Schulgemeinde-auf-dem-Kohlhagen-624x416.jpg 624w\" sizes=\"auto, (max-width: 640px) 100vw, 640px\" \/><\/p>\n<p><strong>\u201eSchule ohne Schule\u201c <\/strong><\/p>\n<p>Als am Freitag, dem 13.03., klar war, dass der Schulunterricht in den n\u00e4chsten Wochen ausfallen w\u00fcrde, kam mir das unwirklich vor. So eine Situation hatte ich noch nicht erlebt. Ich konnte mir das nicht vorstellen. Wir geht das \u201eSchule ohne Schule\u201c zu machen, wie es Sandra Clemens formulierte?<\/p>\n<p>Nach einer Woche \u201eSchule ohne Schule\u201c blicke ich zur\u00fcck: Es hat insgesamt gut geklappt. Der Austausch \u00fcber XSchool und per Mail funktioniert. Je l\u00e4nger es dauert, umso mehr merke ich aber, was &#8211; oder besser wer &#8211; mir fehlt. Ihr Kollegen und ihr Sch\u00fcler fehlt mir.<\/p>\n<p>Der direkte soziale Kontakt, das L\u00e4cheln, die direkte Nachfrage, die Diskussion, die Begegnung auf dem Flur. All das ist unglaublich wichtig, macht f\u00fcr mich Schule aus und das \u00a0&#8211; ihr -,\u00a0 fehlt mir.<\/p>\n<p>(Ansgar Kaufmann)<\/p>\n","protected":false},"excerpt":{"rendered":"<p>Schmetterlinge als Mutmacher Machen wir das Leben gemeinsam ein wenig bunter! Unter diesem Motto m\u00f6chten wir euch herzlich einladen, euch an folgender Aktion zu beteiligen:\u00a0Derzeit haben insbesondere viele \u00e4ltere Menschen keine M\u00f6glichkeit, ihr Haus, ihre Wohnung, ihr Zimmer zu verlassen. Die Idee: Wir verschenken kleine Fr\u00fchlingsboten und machen das Leben der Menschen in der jetzigen [&hellip;]<\/p>\n","protected":false},"author":1,"featured_media":0,"parent":9142,"menu_order":0,"comment_status":"closed","ping_status":"closed","template":"","meta":{"ngg_post_thumbnail":0,"_mc_calendar":[],"footnotes":""},"class_list":["post-9150","page","type-page","status-publish","hentry"],"_links":{"self":[{"href":"http:\/\/www.maria-koenigin.de\/index.php?rest_route=\/wp\/v2\/pages\/9150","targetHints":{"allow":["GET"]}}],"collection":[{"href":"http:\/\/www.maria-koenigin.de\/index.php?rest_route=\/wp\/v2\/pages"}],"about":[{"href":"http:\/\/www.maria-koenigin.de\/index.php?rest_route=\/wp\/v2\/types\/page"}],"author":[{"embeddable":true,"href":"http:\/\/www.maria-koenigin.de\/index.php?rest_route=\/wp\/v2\/users\/1"}],"replies":[{"embeddable":true,"href":"http:\/\/www.maria-koenigin.de\/index.php?rest_route=%2Fwp%2Fv2%2Fcomments&post=9150"}],"version-history":[{"count":13,"href":"http:\/\/www.maria-koenigin.de\/index.php?rest_route=\/wp\/v2\/pages\/9150\/revisions"}],"predecessor-version":[{"id":9361,"href":"http:\/\/www.maria-koenigin.de\/index.php?rest_route=\/wp\/v2\/pages\/9150\/revisions\/9361"}],"up":[{"embeddable":true,"href":"http:\/\/www.maria-koenigin.de\/index.php?rest_route=\/wp\/v2\/pages\/9142"}],"wp:attachment":[{"href":"http:\/\/www.maria-koenigin.de\/index.php?rest_route=%2Fwp%2Fv2%2Fmedia&parent=9150"}],"curies":[{"name":"wp","href":"https:\/\/api.w.org\/{rel}","templated":true}]}}