{"id":9160,"date":"2020-03-23T17:40:05","date_gmt":"2020-03-23T16:40:05","guid":{"rendered":"http:\/\/www.maria-koenigin.de\/?page_id=9160"},"modified":"2020-03-25T19:32:15","modified_gmt":"2020-03-25T18:32:15","slug":"challenges","status":"publish","type":"page","link":"http:\/\/www.maria-koenigin.de\/?page_id=9160","title":{"rendered":"Challenges"},"content":{"rendered":"<p><strong>1)\u00a0 \u00a0Challenge Buchempfehlungen <\/strong><\/p>\n<p>Vielleicht kommt ihr gerade in dieser Zeit zum Lesen und habt ein Buch entdeckt, das ihr auch anderen empfehlen wollt.<\/p>\n<p>Schreibt doch kurz auf, welches Buch ihr empfehlen wollt und was euch daran besonders gefallen hat. Vielleicht k\u00f6nnt ihr auch eine Seite zum Buch gestalten. Wichtig sind auf jeden Fall der Name des Autors, Titel und Verlag, damit andere \u00a0sich das Buch auch besorgen k\u00f6nnen.<\/p>\n<p>Wenn ihr m\u00f6chtet, dass eure Empfehlung auf der Homepage ver\u00f6ffentlicht wird, dann sendet ihr sie an :\u00a0 <em>ansgar.kaufmann@maria-koenigin.de<\/em><\/p>\n<p><strong>2)\u00a0 \u00a0Challenge \u201etogether for future\u201c <\/strong><\/p>\n<p>Wir rufen euch dazu auf, etwas Kreatives zu unserem Schuljahresmotto \u201etogether for future\u201c zu machen.<\/p>\n<p>Malt Bilder, schreibt Texte, entwickelt Ideen zur Nachhaltigkeit. Wie stellt ihr euch die Welt in der Zukunft vor? Was m\u00fcssen wir in unserem Leben \u00e4ndern? Welche Ideen habt ihr zum Thema Klima und Nachhaltigkeit?<\/p>\n<p>Die Beitr\u00e4ger k\u00f6nnt ihr dann per Foto oder als Datei einsenden und wir werden diese dann hier und in der Schule pr\u00e4sentieren, sp\u00e4testens im Rahmen der Projektwoche. \u00a0Bitte sendet aber wegen des Urheberrechts nur von euch selbst produzierte Bilder und Texte ein.<\/p>\n<p>Wenn ihr m\u00f6chtet, dass euer Text, euer Bild oder eure Idee auf der Homepage ver\u00f6ffentlicht wird, dann sendet ihr sie an:\u00a0 <em>ansgar.kaufmann@maria-koenigin.de<\/em><\/p>\n<p><strong>3)\u00a0 \u00a0Challenge \u2013 Wie es mir geht<\/strong><\/p>\n<p>Wir leben in einer ganz besonderen Zeit und sicher besch\u00e4ftigt euch die schwierige Situation. Schreibt doch mal auf, wie es euch geht, welche Gedanken ihr habt und was euch trotz allem Mut macht. Ihr k\u00f6nnt nat\u00fcrlich auch ein Bild dazu malen.\u00a0 Wenn ihr m\u00f6chtet, k\u00f6nnt ihr Text oder Bild zusenden und wir ver\u00f6ffentlichen es auf der Homepage.\u00a0 \u00a0 \u00a0 \u00a0 \u00a0 \u00a0 \u00a0 \u00a0 \u00a0 <em>Ansgar.kaufmann@maria-koenigin.de\u00a0<\/em><\/p>\n<p><strong>4)\u00a0 \u00a0&#8222;Corona Lockdown Art Challenge&#8220;<\/strong><\/p>\n<p>Liebe Sch\u00fcler\/innen bzw. K\u00fcnstler\/Innen,<\/p>\n<p>seht die Corona-Situation bzw. Schulschlie\u00dfung als M\u00f6glichkeit sich mit Dingen zu besch\u00e4ftigen, f\u00fcr die sonst keine Zeit bleibt z.B. das Kreativsein.<\/p>\n<p>Werdet Teil der 30 Tage <em>CLDartchallenge, <\/em>indem ihr euch Tag f\u00fcr Tag mit einem neuen Gegenstand\/Motiv k\u00fcnstlerisch auseinandersetzt. <a href=\"http:\/\/www.maria-koenigin.de\/wordpress\/wp-content\/uploads\/2020\/03\/Corona-Lockdown-Art-Challenge.pdf\" target=\"_blank\" rel=\"noopener noreferrer\">Alle weiteren Infos findet ihr hier!<\/a><\/p>\n","protected":false},"excerpt":{"rendered":"<p>1)\u00a0 \u00a0Challenge Buchempfehlungen Vielleicht kommt ihr gerade in dieser Zeit zum Lesen und habt ein Buch entdeckt, das ihr auch anderen empfehlen wollt. Schreibt doch kurz auf, welches Buch ihr empfehlen wollt und was euch daran besonders gefallen hat. Vielleicht k\u00f6nnt ihr auch eine Seite zum Buch gestalten. Wichtig sind auf jeden Fall der Name [&hellip;]<\/p>\n","protected":false},"author":1,"featured_media":0,"parent":9142,"menu_order":0,"comment_status":"closed","ping_status":"closed","template":"","meta":{"ngg_post_thumbnail":0,"_mc_calendar":[],"footnotes":""},"class_list":["post-9160","page","type-page","status-publish","hentry"],"_links":{"self":[{"href":"http:\/\/www.maria-koenigin.de\/index.php?rest_route=\/wp\/v2\/pages\/9160","targetHints":{"allow":["GET"]}}],"collection":[{"href":"http:\/\/www.maria-koenigin.de\/index.php?rest_route=\/wp\/v2\/pages"}],"about":[{"href":"http:\/\/www.maria-koenigin.de\/index.php?rest_route=\/wp\/v2\/types\/page"}],"author":[{"embeddable":true,"href":"http:\/\/www.maria-koenigin.de\/index.php?rest_route=\/wp\/v2\/users\/1"}],"replies":[{"embeddable":true,"href":"http:\/\/www.maria-koenigin.de\/index.php?rest_route=%2Fwp%2Fv2%2Fcomments&post=9160"}],"version-history":[{"count":5,"href":"http:\/\/www.maria-koenigin.de\/index.php?rest_route=\/wp\/v2\/pages\/9160\/revisions"}],"predecessor-version":[{"id":9221,"href":"http:\/\/www.maria-koenigin.de\/index.php?rest_route=\/wp\/v2\/pages\/9160\/revisions\/9221"}],"up":[{"embeddable":true,"href":"http:\/\/www.maria-koenigin.de\/index.php?rest_route=\/wp\/v2\/pages\/9142"}],"wp:attachment":[{"href":"http:\/\/www.maria-koenigin.de\/index.php?rest_route=%2Fwp%2Fv2%2Fmedia&parent=9160"}],"curies":[{"name":"wp","href":"https:\/\/api.w.org\/{rel}","templated":true}]}}