{"id":9338,"date":"2020-05-14T21:40:45","date_gmt":"2020-05-14T19:40:45","guid":{"rendered":"http:\/\/www.maria-koenigin.de\/?page_id=9338"},"modified":"2025-03-24T18:57:59","modified_gmt":"2025-03-24T17:57:59","slug":"3d-druck","status":"publish","type":"page","link":"http:\/\/www.maria-koenigin.de\/?page_id=9338","title":{"rendered":"3D-Druck AG"},"content":{"rendered":"<h1 style=\"text-align: left;\">Do it yourself!<\/h1>\n<p style=\"text-align: justify;\"><img loading=\"lazy\" decoding=\"async\" class=\"alignnone wp-image-11477 size-large\" src=\"http:\/\/www.maria-koenigin.de\/wordpress\/wp-content\/uploads\/2022\/12\/20220607_135335-1024x768.jpg\" alt=\"\" width=\"625\" height=\"469\" srcset=\"http:\/\/www.maria-koenigin.de\/wordpress\/wp-content\/uploads\/2022\/12\/20220607_135335-1024x768.jpg 1024w, http:\/\/www.maria-koenigin.de\/wordpress\/wp-content\/uploads\/2022\/12\/20220607_135335-300x225.jpg 300w, http:\/\/www.maria-koenigin.de\/wordpress\/wp-content\/uploads\/2022\/12\/20220607_135335-768x576.jpg 768w, http:\/\/www.maria-koenigin.de\/wordpress\/wp-content\/uploads\/2022\/12\/20220607_135335-1536x1152.jpg 1536w, http:\/\/www.maria-koenigin.de\/wordpress\/wp-content\/uploads\/2022\/12\/20220607_135335-2048x1536.jpg 2048w, http:\/\/www.maria-koenigin.de\/wordpress\/wp-content\/uploads\/2022\/12\/20220607_135335-624x468.jpg 624w\" sizes=\"auto, (max-width: 625px) 100vw, 625px\" \/>Mal eben einen Stifthalter f\u00fcr den neuen Apple Pencil, ein Lineal f\u00fcr den Mathematikunterricht, einen Werkzeughalter f\u00fcr zuhause oder einen Pok\u00e9ball zum Spielen selbst produzieren? Kein Problem in der 3D-Druck AG! Ob n\u00fctzliche Alltagsgegenst\u00e4nde oder spielerisch kreative Ans\u00e4tze in der 3D-Druck AG bekommst du die M\u00f6glichkeit, deine eigenen Gegenst\u00e4nde herzustellen.<\/p>\n<p><img loading=\"lazy\" decoding=\"async\" class=\"alignnone wp-image-12903 size-large\" src=\"http:\/\/www.maria-koenigin.de\/wordpress\/wp-content\/uploads\/2023\/10\/20220607_135109-1024x768.jpg\" alt=\"\" width=\"625\" height=\"469\" srcset=\"http:\/\/www.maria-koenigin.de\/wordpress\/wp-content\/uploads\/2023\/10\/20220607_135109-1024x768.jpg 1024w, http:\/\/www.maria-koenigin.de\/wordpress\/wp-content\/uploads\/2023\/10\/20220607_135109-300x225.jpg 300w, http:\/\/www.maria-koenigin.de\/wordpress\/wp-content\/uploads\/2023\/10\/20220607_135109-768x576.jpg 768w, http:\/\/www.maria-koenigin.de\/wordpress\/wp-content\/uploads\/2023\/10\/20220607_135109-1536x1152.jpg 1536w, http:\/\/www.maria-koenigin.de\/wordpress\/wp-content\/uploads\/2023\/10\/20220607_135109-2048x1536.jpg 2048w, http:\/\/www.maria-koenigin.de\/wordpress\/wp-content\/uploads\/2023\/10\/20220607_135109-624x468.jpg 624w\" sizes=\"auto, (max-width: 625px) 100vw, 625px\" \/><\/p>\n<p style=\"text-align: justify;\">Hierbei lernst du zun\u00e4chst einmal, wie man einen dreidimensionalen K\u00f6rper erstellt und modelliert. In zahlreichen Tutorials kannst du dich dann mit immer anspruchsvolleren Aufgaben besch\u00e4ftigen, um schlussendlich deine eigenen Ideen umzusetzen. Zur Modellierung verwendest du dein iPad und eine professionelle Software, die viele innovative Unternehmen aus Industrie und Entwicklung auch verwenden. Du bekommst hierf\u00fcr einen freien Zugang, wenn du an der 3D-Druck AG teilnimmst. Zur Produktion deiner zuvor erstellten Modelle stehen insgesamt vier gro\u00dfe 3D-Drucker vom Typ Ultimaker 5S zur Verf\u00fcgung, die es erm\u00f6glichen zweifarbig zu drucken. Zudem ist es m\u00f6glich, deine Drucke mit Acrylfarben selbst zu gestalten.<\/p>\n<p><img loading=\"lazy\" decoding=\"async\" class=\"alignnone wp-image-11475 size-large\" src=\"http:\/\/www.maria-koenigin.de\/wordpress\/wp-content\/uploads\/2022\/12\/20221129_144356-1024x768.jpg\" alt=\"\" width=\"625\" height=\"469\" srcset=\"http:\/\/www.maria-koenigin.de\/wordpress\/wp-content\/uploads\/2022\/12\/20221129_144356-1024x768.jpg 1024w, http:\/\/www.maria-koenigin.de\/wordpress\/wp-content\/uploads\/2022\/12\/20221129_144356-300x225.jpg 300w, http:\/\/www.maria-koenigin.de\/wordpress\/wp-content\/uploads\/2022\/12\/20221129_144356-768x576.jpg 768w, http:\/\/www.maria-koenigin.de\/wordpress\/wp-content\/uploads\/2022\/12\/20221129_144356-1536x1152.jpg 1536w, http:\/\/www.maria-koenigin.de\/wordpress\/wp-content\/uploads\/2022\/12\/20221129_144356-2048x1536.jpg 2048w, http:\/\/www.maria-koenigin.de\/wordpress\/wp-content\/uploads\/2022\/12\/20221129_144356-624x468.jpg 624w\" sizes=\"auto, (max-width: 625px) 100vw, 625px\" \/><\/p>\n<p style=\"text-align: justify;\">Die 3D-Druck AG findet immer dienstags im Zweiwochentakt nach den Herbstferien statt und richtet sich vorwiegend an die Sch\u00fclerinnen und Sch\u00fcler der Klassen 8 und 9. Sollten noch Pl\u00e4tze frei sein kannst du auch teilnehmen, wenn du aus einer anderen Jahrgangsstufe kommst. Falls du Interesse hast oder mehr Infos ben\u00f6tigst, kannst du dich gerne melden!<\/p>\n<p><img loading=\"lazy\" decoding=\"async\" class=\"alignnone wp-image-15559 size-full\" src=\"http:\/\/www.maria-koenigin.de\/wordpress\/wp-content\/uploads\/2025\/03\/20220607_141914-scaled.jpg\" alt=\"\" width=\"2560\" height=\"1920\" srcset=\"http:\/\/www.maria-koenigin.de\/wordpress\/wp-content\/uploads\/2025\/03\/20220607_141914-scaled.jpg 2560w, http:\/\/www.maria-koenigin.de\/wordpress\/wp-content\/uploads\/2025\/03\/20220607_141914-300x225.jpg 300w, http:\/\/www.maria-koenigin.de\/wordpress\/wp-content\/uploads\/2025\/03\/20220607_141914-1024x768.jpg 1024w, http:\/\/www.maria-koenigin.de\/wordpress\/wp-content\/uploads\/2025\/03\/20220607_141914-768x576.jpg 768w, http:\/\/www.maria-koenigin.de\/wordpress\/wp-content\/uploads\/2025\/03\/20220607_141914-1536x1152.jpg 1536w, http:\/\/www.maria-koenigin.de\/wordpress\/wp-content\/uploads\/2025\/03\/20220607_141914-2048x1536.jpg 2048w, http:\/\/www.maria-koenigin.de\/wordpress\/wp-content\/uploads\/2025\/03\/20220607_141914-624x468.jpg 624w\" sizes=\"auto, (max-width: 2560px) 100vw, 2560px\" \/><\/p>\n<p style=\"text-align: left;\"><strong>Ansprechpartner: Matthias Walter<\/strong><\/p>\n<p><a href=\"http:\/\/www.maria-koenigin.de\/?page_id=12732\">zur\u00fcck<\/a> zur AG \u00dcbersicht<\/p>\n","protected":false},"excerpt":{"rendered":"<p>Do it yourself! Mal eben einen Stifthalter f\u00fcr den neuen Apple Pencil, ein Lineal f\u00fcr den Mathematikunterricht, einen Werkzeughalter f\u00fcr zuhause oder einen Pok\u00e9ball zum Spielen selbst produzieren? Kein Problem in der 3D-Druck AG! Ob n\u00fctzliche Alltagsgegenst\u00e4nde oder spielerisch kreative Ans\u00e4tze in der 3D-Druck AG bekommst du die M\u00f6glichkeit, deine eigenen Gegenst\u00e4nde herzustellen. Hierbei lernst [&hellip;]<\/p>\n","protected":false},"author":1,"featured_media":0,"parent":0,"menu_order":0,"comment_status":"closed","ping_status":"closed","template":"","meta":{"ngg_post_thumbnail":0,"_mc_calendar":[],"footnotes":""},"class_list":["post-9338","page","type-page","status-publish","hentry"],"_links":{"self":[{"href":"http:\/\/www.maria-koenigin.de\/index.php?rest_route=\/wp\/v2\/pages\/9338","targetHints":{"allow":["GET"]}}],"collection":[{"href":"http:\/\/www.maria-koenigin.de\/index.php?rest_route=\/wp\/v2\/pages"}],"about":[{"href":"http:\/\/www.maria-koenigin.de\/index.php?rest_route=\/wp\/v2\/types\/page"}],"author":[{"embeddable":true,"href":"http:\/\/www.maria-koenigin.de\/index.php?rest_route=\/wp\/v2\/users\/1"}],"replies":[{"embeddable":true,"href":"http:\/\/www.maria-koenigin.de\/index.php?rest_route=%2Fwp%2Fv2%2Fcomments&post=9338"}],"version-history":[{"count":17,"href":"http:\/\/www.maria-koenigin.de\/index.php?rest_route=\/wp\/v2\/pages\/9338\/revisions"}],"predecessor-version":[{"id":15691,"href":"http:\/\/www.maria-koenigin.de\/index.php?rest_route=\/wp\/v2\/pages\/9338\/revisions\/15691"}],"wp:attachment":[{"href":"http:\/\/www.maria-koenigin.de\/index.php?rest_route=%2Fwp%2Fv2%2Fmedia&parent=9338"}],"curies":[{"name":"wp","href":"https:\/\/api.w.org\/{rel}","templated":true}]}}