{"id":94,"date":"2014-07-29T19:30:46","date_gmt":"2014-07-29T17:30:46","guid":{"rendered":"http:\/\/mkwordpress.bertels-online.com\/?page_id=94"},"modified":"2024-12-13T18:22:45","modified_gmt":"2024-12-13T17:22:45","slug":"individuelle-foerderung","status":"publish","type":"page","link":"http:\/\/www.maria-koenigin.de\/?page_id=94","title":{"rendered":"Individuelle F\u00f6rderung"},"content":{"rendered":"<p>Ziel des Gymnasiums Maria K\u00f6nigin ist die bestm\u00f6gliche schulische und charakterliche F\u00f6rderung der uns anvertrauten Sch\u00fclerinnen und Sch\u00fcler.<\/p>\n<p><a href=\"https:\/\/www.maria-koenigin.de\/?attachment_id=15114\"><img loading=\"lazy\" decoding=\"async\" class=\"alignnone wp-image-15114 size-large\" src=\"http:\/\/www.maria-koenigin.de\/wordpress\/wp-content\/uploads\/2024\/12\/Individuelle-Foerderung-1-1024x934.jpg\" alt=\"\" width=\"625\" height=\"570\" srcset=\"http:\/\/www.maria-koenigin.de\/wordpress\/wp-content\/uploads\/2024\/12\/Individuelle-Foerderung-1-1024x934.jpg 1024w, http:\/\/www.maria-koenigin.de\/wordpress\/wp-content\/uploads\/2024\/12\/Individuelle-Foerderung-1-300x274.jpg 300w, http:\/\/www.maria-koenigin.de\/wordpress\/wp-content\/uploads\/2024\/12\/Individuelle-Foerderung-1-768x701.jpg 768w, http:\/\/www.maria-koenigin.de\/wordpress\/wp-content\/uploads\/2024\/12\/Individuelle-Foerderung-1-624x569.jpg 624w, http:\/\/www.maria-koenigin.de\/wordpress\/wp-content\/uploads\/2024\/12\/Individuelle-Foerderung-1.jpg 1219w\" sizes=\"auto, (max-width: 625px) 100vw, 625px\" \/><\/a><\/p>\n<p>Im Folgenden m\u00f6chten wir Ihnen die vier entscheidenden Projekte an MK vorstellen, mit denen wir versuchen, leistungsschw\u00e4cheren Sch\u00fclerinnen und Sch\u00fclern gr\u00f6\u00dfere Lernerfolge im Rahmen einer erfolgreichen Schullaufbahn zu erm\u00f6glichen.<\/p>\n<p>Diese 4 Projekte sind:<\/p>\n<ul>\n<li>Erg\u00e4nzungsstunden<\/li>\n<li>Sch\u00fclernachhilfe<\/li>\n<li>Lerncoaching<\/li>\n<li>\u00dcbermittagsbetreuung<\/li>\n<\/ul>\n<p>Im Untermen\u00fc finden Sie&nbsp;n\u00e4here Informationen zu den oben genannten Projekten.<\/p>\n<p>Klicken Sie sich einfach mal durch.<\/p>\n<p>&nbsp;<\/p>\n","protected":false},"excerpt":{"rendered":"<p>Ziel des Gymnasiums Maria K\u00f6nigin ist die bestm\u00f6gliche schulische und charakterliche F\u00f6rderung der uns anvertrauten Sch\u00fclerinnen und Sch\u00fcler. Im Folgenden m\u00f6chten wir Ihnen die vier entscheidenden Projekte an MK vorstellen, mit denen wir versuchen, leistungsschw\u00e4cheren Sch\u00fclerinnen und Sch\u00fclern gr\u00f6\u00dfere Lernerfolge im Rahmen einer erfolgreichen Schullaufbahn zu erm\u00f6glichen. Diese 4 Projekte sind: Erg\u00e4nzungsstunden Sch\u00fclernachhilfe Lerncoaching \u00dcbermittagsbetreuung [&hellip;]<\/p>\n","protected":false},"author":1,"featured_media":0,"parent":87,"menu_order":0,"comment_status":"closed","ping_status":"closed","template":"","meta":{"ngg_post_thumbnail":0,"_mc_calendar":[],"footnotes":""},"class_list":["post-94","page","type-page","status-publish","hentry"],"_links":{"self":[{"href":"http:\/\/www.maria-koenigin.de\/index.php?rest_route=\/wp\/v2\/pages\/94","targetHints":{"allow":["GET"]}}],"collection":[{"href":"http:\/\/www.maria-koenigin.de\/index.php?rest_route=\/wp\/v2\/pages"}],"about":[{"href":"http:\/\/www.maria-koenigin.de\/index.php?rest_route=\/wp\/v2\/types\/page"}],"author":[{"embeddable":true,"href":"http:\/\/www.maria-koenigin.de\/index.php?rest_route=\/wp\/v2\/users\/1"}],"replies":[{"embeddable":true,"href":"http:\/\/www.maria-koenigin.de\/index.php?rest_route=%2Fwp%2Fv2%2Fcomments&post=94"}],"version-history":[{"count":15,"href":"http:\/\/www.maria-koenigin.de\/index.php?rest_route=\/wp\/v2\/pages\/94\/revisions"}],"predecessor-version":[{"id":15116,"href":"http:\/\/www.maria-koenigin.de\/index.php?rest_route=\/wp\/v2\/pages\/94\/revisions\/15116"}],"up":[{"embeddable":true,"href":"http:\/\/www.maria-koenigin.de\/index.php?rest_route=\/wp\/v2\/pages\/87"}],"wp:attachment":[{"href":"http:\/\/www.maria-koenigin.de\/index.php?rest_route=%2Fwp%2Fv2%2Fmedia&parent=94"}],"curies":[{"name":"wp","href":"https:\/\/api.w.org\/{rel}","templated":true}]}}