{"id":1101,"date":"2014-10-10T16:53:13","date_gmt":"2014-10-10T14:53:13","guid":{"rendered":"http:\/\/mkwordpress.bertels-online.com\/?page_id=1101"},"modified":"2025-10-15T01:30:30","modified_gmt":"2025-10-14T23:30:30","slug":"schuelernachhilfe","status":"publish","type":"page","link":"https:\/\/www.maria-koenigin.de\/?page_id=1101","title":{"rendered":"Sch\u00fclernachhilfe"},"content":{"rendered":"<p>F\u00fcr interessierte Sch\u00fclerinnen und Sch\u00fcler bieten qualifizierte Oberstufensch\u00fclerinnen und Oberstufensch\u00fcler von MK individuelle Nachhilfe in den folgenden F\u00e4chern an:<\/p>\n<ul>\n<li>Mathematik, Englisch, Latein, Franz\u00f6sisch<\/li>\n<li>Kosten: 8 \u20ac Einzelstunde (45 Minuten),15 \u20ac Doppelstunde (90 Minuten)<\/li>\n<li>Die Sch\u00fclernachhilfe kann auch von zwei Sch\u00fclern aus einer gemeinsamen Klasse besucht werden.<\/li>\n<li>Die Sch\u00fclernachhilfe findet in der Regel in R\u00e4umen statt, die die Schule zur Verf\u00fcgung stellt.<\/li>\n<li>Die Vermittlung der Sch\u00fclernachhilfe erfolgt \u00fcber Herrn Ameling. (ameling[at]maria-koenigin.de)<\/li>\n<\/ul>\n<p><img loading=\"lazy\" decoding=\"async\" class=\"alignnone wp-image-15153 size-full\" src=\"http:\/\/www.maria-koenigin.de\/wordpress\/wp-content\/uploads\/2024\/12\/Schuelernachhilfe.jpg\" alt=\"\" width=\"871\" height=\"662\" srcset=\"https:\/\/www.maria-koenigin.de\/wordpress\/wp-content\/uploads\/2024\/12\/Schuelernachhilfe.jpg 871w, https:\/\/www.maria-koenigin.de\/wordpress\/wp-content\/uploads\/2024\/12\/Schuelernachhilfe-300x228.jpg 300w, https:\/\/www.maria-koenigin.de\/wordpress\/wp-content\/uploads\/2024\/12\/Schuelernachhilfe-768x584.jpg 768w, https:\/\/www.maria-koenigin.de\/wordpress\/wp-content\/uploads\/2024\/12\/Schuelernachhilfe-624x474.jpg 624w\" sizes=\"auto, (max-width: 871px) 100vw, 871px\" \/><\/p>\n","protected":false},"excerpt":{"rendered":"<p>F\u00fcr interessierte Sch\u00fclerinnen und Sch\u00fcler bieten qualifizierte Oberstufensch\u00fclerinnen und Oberstufensch\u00fcler von MK individuelle Nachhilfe in den folgenden F\u00e4chern an: Mathematik, Englisch, Latein, Franz\u00f6sisch Kosten: 8 \u20ac Einzelstunde (45 Minuten),15 \u20ac Doppelstunde (90 Minuten) Die Sch\u00fclernachhilfe kann auch von zwei Sch\u00fclern aus einer gemeinsamen Klasse besucht werden. Die Sch\u00fclernachhilfe findet in der Regel in R\u00e4umen statt, [&hellip;]<\/p>\n","protected":false},"author":1,"featured_media":0,"parent":94,"menu_order":0,"comment_status":"closed","ping_status":"closed","template":"","meta":{"ngg_post_thumbnail":0,"_mc_calendar":[],"footnotes":""},"class_list":["post-1101","page","type-page","status-publish","hentry"],"_links":{"self":[{"href":"https:\/\/www.maria-koenigin.de\/index.php?rest_route=\/wp\/v2\/pages\/1101","targetHints":{"allow":["GET"]}}],"collection":[{"href":"https:\/\/www.maria-koenigin.de\/index.php?rest_route=\/wp\/v2\/pages"}],"about":[{"href":"https:\/\/www.maria-koenigin.de\/index.php?rest_route=\/wp\/v2\/types\/page"}],"author":[{"embeddable":true,"href":"https:\/\/www.maria-koenigin.de\/index.php?rest_route=\/wp\/v2\/users\/1"}],"replies":[{"embeddable":true,"href":"https:\/\/www.maria-koenigin.de\/index.php?rest_route=%2Fwp%2Fv2%2Fcomments&post=1101"}],"version-history":[{"count":13,"href":"https:\/\/www.maria-koenigin.de\/index.php?rest_route=\/wp\/v2\/pages\/1101\/revisions"}],"predecessor-version":[{"id":17050,"href":"https:\/\/www.maria-koenigin.de\/index.php?rest_route=\/wp\/v2\/pages\/1101\/revisions\/17050"}],"up":[{"embeddable":true,"href":"https:\/\/www.maria-koenigin.de\/index.php?rest_route=\/wp\/v2\/pages\/94"}],"wp:attachment":[{"href":"https:\/\/www.maria-koenigin.de\/index.php?rest_route=%2Fwp%2Fv2%2Fmedia&parent=1101"}],"curies":[{"name":"wp","href":"https:\/\/api.w.org\/{rel}","templated":true}]}}