{"id":11432,"date":"2023-10-09T13:24:34","date_gmt":"2023-10-09T11:24:34","guid":{"rendered":"http:\/\/www.maria-koenigin.de\/?page_id=11432"},"modified":"2025-04-23T15:28:00","modified_gmt":"2025-04-23T13:28:00","slug":"die-roboter-ag","status":"publish","type":"page","link":"https:\/\/www.maria-koenigin.de\/?page_id=11432","title":{"rendered":"Die Roboter-AG"},"content":{"rendered":"<p style=\"text-align: justify;\"><em><img loading=\"lazy\" decoding=\"async\" class=\"wp-image-12397 alignnone\" src=\"http:\/\/www.maria-koenigin.de\/wordpress\/wp-content\/uploads\/2023\/07\/IMG_3860-225x300.jpg\" alt=\"\" width=\"340\" height=\"453\" srcset=\"https:\/\/www.maria-koenigin.de\/wordpress\/wp-content\/uploads\/2023\/07\/IMG_3860-225x300.jpg 225w, https:\/\/www.maria-koenigin.de\/wordpress\/wp-content\/uploads\/2023\/07\/IMG_3860-768x1024.jpg 768w, https:\/\/www.maria-koenigin.de\/wordpress\/wp-content\/uploads\/2023\/07\/IMG_3860-1152x1536.jpg 1152w, https:\/\/www.maria-koenigin.de\/wordpress\/wp-content\/uploads\/2023\/07\/IMG_3860-1536x2048.jpg 1536w, https:\/\/www.maria-koenigin.de\/wordpress\/wp-content\/uploads\/2023\/07\/IMG_3860-624x832.jpg 624w, https:\/\/www.maria-koenigin.de\/wordpress\/wp-content\/uploads\/2023\/07\/IMG_3860-scaled.jpg 1920w\" sizes=\"auto, (max-width: 340px) 100vw, 340px\" \/><\/em><\/p>\n<p style=\"text-align: center;\"><em>\u201eLass deinen Roboter solange geradeaus fahren, bis er sich zwanzig Zentimeter vor einem Hindernis befindet. Dort angekommen soll er sich drehen und wieder zu dir zur\u00fcckkommen!\u201c<\/em><\/p>\n<p style=\"text-align: justify;\">So k\u00f6nnte einer der ersten Programmierauftr\u00e4ge in der Roboter-AG lauten, welche alle zwei Wochen dienstags stattfindet. Sie richtet sich schwerpunktm\u00e4\u00dfig an Sch\u00fclerinnen und Sch\u00fcler der Klasse 6, die Interesse an Technik, Programmierung oder kreativem Arbeiten haben. Besondere Vorkenntnisse sind nicht erforderlich.<\/p>\n<p><img loading=\"lazy\" decoding=\"async\" class=\"alignnone wp-image-12400\" src=\"http:\/\/www.maria-koenigin.de\/wordpress\/wp-content\/uploads\/2023\/07\/IMG_3719-768x1024.jpg\" alt=\"\" width=\"340\" height=\"453\" srcset=\"https:\/\/www.maria-koenigin.de\/wordpress\/wp-content\/uploads\/2023\/07\/IMG_3719-768x1024.jpg 768w, https:\/\/www.maria-koenigin.de\/wordpress\/wp-content\/uploads\/2023\/07\/IMG_3719-225x300.jpg 225w, https:\/\/www.maria-koenigin.de\/wordpress\/wp-content\/uploads\/2023\/07\/IMG_3719-1152x1536.jpg 1152w, https:\/\/www.maria-koenigin.de\/wordpress\/wp-content\/uploads\/2023\/07\/IMG_3719-1536x2048.jpg 1536w, https:\/\/www.maria-koenigin.de\/wordpress\/wp-content\/uploads\/2023\/07\/IMG_3719-624x832.jpg 624w, https:\/\/www.maria-koenigin.de\/wordpress\/wp-content\/uploads\/2023\/07\/IMG_3719-scaled.jpg 1920w\" sizes=\"auto, (max-width: 340px) 100vw, 340px\" \/><\/p>\n<p style=\"text-align: justify;\">Zu Beginn bauen die Sch\u00fclerinnen und Sch\u00fcler in Kleingruppen einen Lego-Mindstorm-Roboter gem\u00e4\u00df einer Anleitung, bevor sie diesen kreativ erweitern. In enger Verzahnung mit dem Bauprozess entdecken die Sch\u00fclerinnen und Sch\u00fcler im anschaulichen Rahmen einer visuellen Programmiersprache zun\u00e4chst wichtige Grundkonzepte der Programmierung wie beispielsweise Variablen, Abfragen oder Schleifen sowie den Einsatz von Sensoren \u2013 z. B. Farb- oder Abstandssensor \u2013, bevor sie die gelernten Komponenten zur kreativen L\u00f6sung von nah an der industriellen Wirklichkeit gestalteten Problemstellungen einsetzen. Diese sind so gestaltet, dass alle Sch\u00fclerinnen und Sch\u00fcler durch einen leichten Zugang und optionale anspruchsvollere Erweiterungen gem\u00e4\u00df ihres individuellen Kenntnisstandes gefordert werden. Als Steigerung des zu Beginn genannten Arbeitsauftrages w\u00e4re es z. B. denkbar, dass der Roboter an einer abgeklebten Stra\u00dfe entlang f\u00e4hrt, bis er auf das Hindernis st\u00f6\u00dft. Auch k\u00f6nnte anschlie\u00dfend die Farbe des Hindernisses seinen R\u00fcckweg beeinflussen.<\/p>\n<p style=\"text-align: justify;\"><img loading=\"lazy\" decoding=\"async\" class=\"alignnone wp-image-12399\" src=\"http:\/\/www.maria-koenigin.de\/wordpress\/wp-content\/uploads\/2023\/07\/IMG_3720-768x1024.jpg\" alt=\"\" width=\"300\" height=\"400\" srcset=\"https:\/\/www.maria-koenigin.de\/wordpress\/wp-content\/uploads\/2023\/07\/IMG_3720-768x1024.jpg 768w, https:\/\/www.maria-koenigin.de\/wordpress\/wp-content\/uploads\/2023\/07\/IMG_3720-225x300.jpg 225w, https:\/\/www.maria-koenigin.de\/wordpress\/wp-content\/uploads\/2023\/07\/IMG_3720-1152x1536.jpg 1152w, https:\/\/www.maria-koenigin.de\/wordpress\/wp-content\/uploads\/2023\/07\/IMG_3720-1536x2048.jpg 1536w, https:\/\/www.maria-koenigin.de\/wordpress\/wp-content\/uploads\/2023\/07\/IMG_3720-624x832.jpg 624w, https:\/\/www.maria-koenigin.de\/wordpress\/wp-content\/uploads\/2023\/07\/IMG_3720-scaled.jpg 1920w\" sizes=\"auto, (max-width: 300px) 100vw, 300px\" \/><\/p>\n<p style=\"text-align: justify;\">Alles in Allem erm\u00f6glicht die Roboter-AG den Sch\u00fclerinnen und Sch\u00fclern einen niedrigschwelligen und sehr motivierenden Einstieg in die Programmierung mit vielen lustigen Momenten und Erfolgserlebnissen. Bereits der erste Arbeitsauftrag garantiert, dass ein Roboter m\u00f6glicherweise Bekanntschaft mit dem Hindernis macht, bevor er irgendwann den perfekten Zeitpunkt f\u00fcr die Bremsung und anschlie\u00dfend den Weg zur\u00fcck findet. Auf diese Weise sollen das Interesse f\u00fcr naturwissenschaftlich-technische F\u00e4cher geweckt und erste Kompetenzen hinsichtlich informatischer Denkweisen sowie Grundlagen der Programmierung angelegt werden.<\/p>\n<p style=\"text-align: justify;\">Die Roboter AG kann bei Interesse auch in den folgenden Jahrgangstufen im Rahmen des ZDI-Roboterwettbewerbs und der Roboter AG 2.0 fortgef\u00fchrt werden. <a href=\"http:\/\/www.maria-koenigin.de\/?page_id=12358&amp;preview=true\" target=\"_blank\" rel=\"noopener\">Link zum Roboterwettbewerb<\/a><\/p>\n<hr \/>\n<p style=\"text-align: justify;\">Sollten die vorherigen Zeilen Dein bzw. Ihr Interesse geweckt haben oder sollten sich Fragen ergeben haben, freuen sich folgende Ansprechpartner \u00fcber eine Nachricht und k\u00f6nnen sicher weiterhelfen:<\/p>\n<ul>\n<li>Herr Matthias Walter<\/li>\n<li>Herr Andre Bertels<\/li>\n<li>Herr Daniel Eickhoff<\/li>\n<\/ul>\n<p><a href=\"http:\/\/www.maria-koenigin.de\/?page_id=12732\">zur\u00fcck<\/a> zur AG \u00dcbersicht<\/p>\n","protected":false},"excerpt":{"rendered":"<p>\u201eLass deinen Roboter solange geradeaus fahren, bis er sich zwanzig Zentimeter vor einem Hindernis befindet. Dort angekommen soll er sich drehen und wieder zu dir zur\u00fcckkommen!\u201c So k\u00f6nnte einer der ersten Programmierauftr\u00e4ge in der Roboter-AG lauten, welche alle zwei Wochen dienstags stattfindet. Sie richtet sich schwerpunktm\u00e4\u00dfig an Sch\u00fclerinnen und Sch\u00fcler der Klasse 6, die Interesse [&hellip;]<\/p>\n","protected":false},"author":13,"featured_media":0,"parent":0,"menu_order":0,"comment_status":"closed","ping_status":"closed","template":"","meta":{"ngg_post_thumbnail":0,"_mc_calendar":[],"footnotes":""},"class_list":["post-11432","page","type-page","status-publish","hentry"],"_links":{"self":[{"href":"https:\/\/www.maria-koenigin.de\/index.php?rest_route=\/wp\/v2\/pages\/11432","targetHints":{"allow":["GET"]}}],"collection":[{"href":"https:\/\/www.maria-koenigin.de\/index.php?rest_route=\/wp\/v2\/pages"}],"about":[{"href":"https:\/\/www.maria-koenigin.de\/index.php?rest_route=\/wp\/v2\/types\/page"}],"author":[{"embeddable":true,"href":"https:\/\/www.maria-koenigin.de\/index.php?rest_route=\/wp\/v2\/users\/13"}],"replies":[{"embeddable":true,"href":"https:\/\/www.maria-koenigin.de\/index.php?rest_route=%2Fwp%2Fv2%2Fcomments&post=11432"}],"version-history":[{"count":54,"href":"https:\/\/www.maria-koenigin.de\/index.php?rest_route=\/wp\/v2\/pages\/11432\/revisions"}],"predecessor-version":[{"id":13327,"href":"https:\/\/www.maria-koenigin.de\/index.php?rest_route=\/wp\/v2\/pages\/11432\/revisions\/13327"}],"wp:attachment":[{"href":"https:\/\/www.maria-koenigin.de\/index.php?rest_route=%2Fwp%2Fv2%2Fmedia&parent=11432"}],"curies":[{"name":"wp","href":"https:\/\/api.w.org\/{rel}","templated":true}]}}