{"id":1212,"date":"2014-11-02T15:18:18","date_gmt":"2014-11-02T13:18:18","guid":{"rendered":"http:\/\/mkwordpress.bertels-online.com\/?page_id=1212"},"modified":"2025-07-30T17:12:05","modified_gmt":"2025-07-30T15:12:05","slug":"polen","status":"publish","type":"page","link":"https:\/\/www.maria-koenigin.de\/?page_id=1212","title":{"rendered":"Spanien"},"content":{"rendered":"<h3>Sch\u00fcleraustausch mit Spanien (Jahrgangsstufe Q1)<\/h3>\n<p><em><strong>Spanisch fortgef\u00fchrt<\/strong><\/em><\/p>\n<p>Ab dem Schuljahr 2023\/24 bieten wir f\u00fcr die Sch\u00fcler:innen des fortgef\u00fchrten Spanischkurses der Stufe Q1 ein Austauschprogramm mit dem Colegio Los Tilos, einer katholischen M\u00e4dchenschule in Madrid, an. Der Austausch wird vom F\u00f6rderverein unserer Schule unterst\u00fctzt.<\/p>\n<p>Unsere Sch\u00fcler:innen reisen jeweils im Februar f\u00fcr etwa eine Woche nach Spanien, um Sprache und Kultur hautnah zu erleben. Programmpunkte sind u. a. ein Besuch des K\u00f6nigspalastes, des Kunstmuseums El Prado sowie auch ein gemeinsamer Kochabend. Der Gegenbesuch in Lennestadt findet danach im Juni statt. W\u00e4hrend der Woche an MK sind St\u00e4dtetouren und andere Aktivit\u00e4ten zur Erkundung des Sauerlandes vorgesehen, au\u00dferdem Workshops. Die Programmgestaltung f\u00fcr beide Aufenthalte ist flexibel.<\/p>\n<p><strong><em>Spanisch neueinsetzend<\/em><\/strong><\/p>\n<p>F\u00fcr den in der Sekundarstufe II neueinsetzenden Spanischkurs organisieren wir bei Interesse unserer Sch\u00fcler:innen in der Jahrgangsstufe Q1 j\u00e4hrlich eine ca. viert\u00e4gige Studienfahrt zur Erkundung einer spanischen Stadt. In der Vergangenheit reisten die Teilnehmenden bereits nach Barcelona.<\/p>\n<div id=\"attachment_11871\" style=\"width: 650px\" class=\"wp-caption alignnone\"><img loading=\"lazy\" decoding=\"async\" aria-describedby=\"caption-attachment-11871\" class=\"wp-image-11871 size-full\" src=\"http:\/\/www.maria-koenigin.de\/wordpress\/wp-content\/uploads\/2023\/02\/Spanien-Exkursion-klein.jpg\" alt=\"\" width=\"640\" height=\"480\" srcset=\"https:\/\/www.maria-koenigin.de\/wordpress\/wp-content\/uploads\/2023\/02\/Spanien-Exkursion-klein.jpg 640w, https:\/\/www.maria-koenigin.de\/wordpress\/wp-content\/uploads\/2023\/02\/Spanien-Exkursion-klein-300x225.jpg 300w, https:\/\/www.maria-koenigin.de\/wordpress\/wp-content\/uploads\/2023\/02\/Spanien-Exkursion-klein-624x468.jpg 624w\" sizes=\"auto, (max-width: 640px) 100vw, 640px\" \/><p id=\"caption-attachment-11871\" class=\"wp-caption-text\">Sch\u00fclerinnen vor dem Palacio de Cibeles in Madrid<\/p><\/div>\n<p>&nbsp;<\/p>\n","protected":false},"excerpt":{"rendered":"<p>Sch\u00fcleraustausch mit Spanien (Jahrgangsstufe Q1) Spanisch fortgef\u00fchrt Ab dem Schuljahr 2023\/24 bieten wir f\u00fcr die Sch\u00fcler:innen des fortgef\u00fchrten Spanischkurses der Stufe Q1 ein Austauschprogramm mit dem Colegio Los Tilos, einer katholischen M\u00e4dchenschule in Madrid, an. Der Austausch wird vom F\u00f6rderverein unserer Schule unterst\u00fctzt. Unsere Sch\u00fcler:innen reisen jeweils im Februar f\u00fcr etwa eine Woche nach Spanien, [&hellip;]<\/p>\n","protected":false},"author":1,"featured_media":0,"parent":98,"menu_order":0,"comment_status":"closed","ping_status":"closed","template":"","meta":{"ngg_post_thumbnail":0,"_mc_calendar":[],"footnotes":""},"class_list":["post-1212","page","type-page","status-publish","hentry"],"_links":{"self":[{"href":"https:\/\/www.maria-koenigin.de\/index.php?rest_route=\/wp\/v2\/pages\/1212","targetHints":{"allow":["GET"]}}],"collection":[{"href":"https:\/\/www.maria-koenigin.de\/index.php?rest_route=\/wp\/v2\/pages"}],"about":[{"href":"https:\/\/www.maria-koenigin.de\/index.php?rest_route=\/wp\/v2\/types\/page"}],"author":[{"embeddable":true,"href":"https:\/\/www.maria-koenigin.de\/index.php?rest_route=\/wp\/v2\/users\/1"}],"replies":[{"embeddable":true,"href":"https:\/\/www.maria-koenigin.de\/index.php?rest_route=%2Fwp%2Fv2%2Fcomments&post=1212"}],"version-history":[{"count":15,"href":"https:\/\/www.maria-koenigin.de\/index.php?rest_route=\/wp\/v2\/pages\/1212\/revisions"}],"predecessor-version":[{"id":16599,"href":"https:\/\/www.maria-koenigin.de\/index.php?rest_route=\/wp\/v2\/pages\/1212\/revisions\/16599"}],"up":[{"embeddable":true,"href":"https:\/\/www.maria-koenigin.de\/index.php?rest_route=\/wp\/v2\/pages\/98"}],"wp:attachment":[{"href":"https:\/\/www.maria-koenigin.de\/index.php?rest_route=%2Fwp%2Fv2%2Fmedia&parent=1212"}],"curies":[{"name":"wp","href":"https:\/\/api.w.org\/{rel}","templated":true}]}}