{"id":1239,"date":"2014-11-02T15:29:44","date_gmt":"2014-11-02T13:29:44","guid":{"rendered":"http:\/\/mkwordpress.bertels-online.com\/?page_id=1239"},"modified":"2025-07-30T17:13:55","modified_gmt":"2025-07-30T15:13:55","slug":"irland","status":"publish","type":"page","link":"https:\/\/www.maria-koenigin.de\/?page_id=1239","title":{"rendered":"Irland"},"content":{"rendered":"<h3 style=\"text-align: justify;\"><strong>Sch\u00fcleraustausch mit Irland (Jahrgangsstufen 9 und 10)<\/strong><\/h3>\n<p>Seit 2008 f\u00fchrt unsere Schule einen Sch\u00fcleraustausch mit der St. Joseph\u2019s Secondary School in Ballybunion und seit 2013 auch mit dem St. Michael\u2019s College in Listowel durch. Beide Schulen befinden sich im County Kerry an der Westk\u00fcste der Gr\u00fcnen Insel. Unterst\u00fctzt wird die Begegnung durch Zusch\u00fcsse des F\u00f6rdervereins unserer Schule.<\/p>\n<p>Die Teilnehmerzahl bel\u00e4uft sich auf ca. 20 Sch\u00fcler:innen. Jeweils im Februar findet der Austausch f\u00fcr eine Woche an Maria K\u00f6nigin statt; der Gegenbesuch erfolgt dann im darauf folgenden Schuljahr Anfang September. Bisherige Programmpunkte waren u. a. Klettern in unserer Turnhalle, Schlittenfahren in Winterberg, die Besichtigung der Attah\u00f6hle sowie eine Tagestour nach K\u00f6ln. In Irland dagegen werden die Kleinst\u00e4dte Tralee und Listowel besucht, au\u00dferdem die Gegend um Killarney, eine beliebte Touristenregion, und als Highlight wird ein Surfkurs angeboten.<\/p>\n<p>Der Austausch f\u00f6rdert die Anwendung und Erweiterung der sprachlichen wie auch der interkulturellen Kompetenz.<\/p>\n<div id=\"attachment_1021\" style=\"width: 610px\" class=\"wp-caption aligncenter\"><img loading=\"lazy\" decoding=\"async\" aria-describedby=\"caption-attachment-1021\" class=\"wp-image-1021 size-full\" src=\"http:\/\/www.maria-koenigin.de\/wordpress\/wp-content\/uploads\/2014\/07\/austausch3.jpg\" alt=\"austausch3\" width=\"600\" height=\"400\" srcset=\"https:\/\/www.maria-koenigin.de\/wordpress\/wp-content\/uploads\/2014\/07\/austausch3.jpg 600w, https:\/\/www.maria-koenigin.de\/wordpress\/wp-content\/uploads\/2014\/07\/austausch3-300x200.jpg 300w\" sizes=\"auto, (max-width: 600px) 100vw, 600px\" \/><p id=\"caption-attachment-1021\" class=\"wp-caption-text\">Sch\u00fclerinnen und Sch\u00fcler beim Surfkurs<\/p><\/div>\n<p>&nbsp;<\/p>\n","protected":false},"excerpt":{"rendered":"<p>Sch\u00fcleraustausch mit Irland (Jahrgangsstufen 9 und 10) Seit 2008 f\u00fchrt unsere Schule einen Sch\u00fcleraustausch mit der St. Joseph\u2019s Secondary School in Ballybunion und seit 2013 auch mit dem St. Michael\u2019s College in Listowel durch. Beide Schulen befinden sich im County Kerry an der Westk\u00fcste der Gr\u00fcnen Insel. Unterst\u00fctzt wird die Begegnung durch Zusch\u00fcsse des F\u00f6rdervereins [&hellip;]<\/p>\n","protected":false},"author":1,"featured_media":0,"parent":98,"menu_order":0,"comment_status":"closed","ping_status":"closed","template":"","meta":{"ngg_post_thumbnail":0,"_mc_calendar":[],"footnotes":""},"class_list":["post-1239","page","type-page","status-publish","hentry"],"_links":{"self":[{"href":"https:\/\/www.maria-koenigin.de\/index.php?rest_route=\/wp\/v2\/pages\/1239","targetHints":{"allow":["GET"]}}],"collection":[{"href":"https:\/\/www.maria-koenigin.de\/index.php?rest_route=\/wp\/v2\/pages"}],"about":[{"href":"https:\/\/www.maria-koenigin.de\/index.php?rest_route=\/wp\/v2\/types\/page"}],"author":[{"embeddable":true,"href":"https:\/\/www.maria-koenigin.de\/index.php?rest_route=\/wp\/v2\/users\/1"}],"replies":[{"embeddable":true,"href":"https:\/\/www.maria-koenigin.de\/index.php?rest_route=%2Fwp%2Fv2%2Fcomments&post=1239"}],"version-history":[{"count":10,"href":"https:\/\/www.maria-koenigin.de\/index.php?rest_route=\/wp\/v2\/pages\/1239\/revisions"}],"predecessor-version":[{"id":16602,"href":"https:\/\/www.maria-koenigin.de\/index.php?rest_route=\/wp\/v2\/pages\/1239\/revisions\/16602"}],"up":[{"embeddable":true,"href":"https:\/\/www.maria-koenigin.de\/index.php?rest_route=\/wp\/v2\/pages\/98"}],"wp:attachment":[{"href":"https:\/\/www.maria-koenigin.de\/index.php?rest_route=%2Fwp%2Fv2%2Fmedia&parent=1239"}],"curies":[{"name":"wp","href":"https:\/\/api.w.org\/{rel}","templated":true}]}}