{"id":12726,"date":"2023-09-22T08:41:37","date_gmt":"2023-09-22T06:41:37","guid":{"rendered":"http:\/\/www.maria-koenigin.de\/?page_id=12726"},"modified":"2025-04-08T08:19:19","modified_gmt":"2025-04-08T06:19:19","slug":"mint-team","status":"publish","type":"page","link":"https:\/\/www.maria-koenigin.de\/?page_id=12726","title":{"rendered":"MINT-Team"},"content":{"rendered":"<p style=\"text-align: justify;\">Das MINT-Team des MK setzt sich aus Lehrerinnen und Lehrern der verschiedenen Fachbereiche zusammen. Bei der Zusammenstellung des Teams wurde darauf geachtet, dass alle MINT-F\u00e4cher vertreten sind und eine enge Zusammenarbeit mit den angrenzenden Arbeitsfeldern wie Digitalisierung oder allgemeine Schulentwicklung m\u00f6glich ist. In unserem MINT-Team arbeiten wir gemeinsam im Rahmen des Arbeitskreises MINT an vielf\u00e4ltigen Projekten und kommen so in einen kontinuierlichen, f\u00e4cher\u00fcbergreifenden Austausch. Wir thematisieren beispielsweise neue Wettbewerbsteilnahmen, entwickeln spannende inner- und au\u00dferunterrichtliche MINT-Formate, pflegen den MINT-Bereich der Homepage, k\u00fcmmern uns ganz allgemein um aktuelle MINT-Aktivit\u00e4ten und koordinieren Studien- und Berufsorientierungsma\u00dfnahmen. Zu den Arbeitskreissitzungen sind selbstverst\u00e4ndlich auch interessierte Eltern- und Sch\u00fclervertreter sowie Kolleginnen und Kollegen jederzeit herzlich eingeladen.<\/p>\n<h3><span style=\"color: #33cccc;\">Unser Team setzt sich wie folgt zusammen:<\/span><\/h3>\n<p><strong>MINT-Koordinator: <\/strong>Matthias Walter<br \/>\n<strong><img loading=\"lazy\" decoding=\"async\" class=\"alignright wp-image-13405 size-medium\" src=\"http:\/\/www.maria-koenigin.de\/wordpress\/wp-content\/uploads\/2024\/01\/MWalter_HD-225x300.jpg\" alt=\"\" width=\"225\" height=\"300\" srcset=\"https:\/\/www.maria-koenigin.de\/wordpress\/wp-content\/uploads\/2024\/01\/MWalter_HD-225x300.jpg 225w, https:\/\/www.maria-koenigin.de\/wordpress\/wp-content\/uploads\/2024\/01\/MWalter_HD-768x1023.jpg 768w, https:\/\/www.maria-koenigin.de\/wordpress\/wp-content\/uploads\/2024\/01\/MWalter_HD-1153x1536.jpg 1153w, https:\/\/www.maria-koenigin.de\/wordpress\/wp-content\/uploads\/2024\/01\/MWalter_HD-624x832.jpg 624w, https:\/\/www.maria-koenigin.de\/wordpress\/wp-content\/uploads\/2024\/01\/MWalter_HD.jpg 1500w\" sizes=\"auto, (max-width: 225px) 100vw, 225px\" \/>Kontakt: <\/strong>mint@maria-koenigin.de<br \/>\n<strong>verantwortlich f\u00fcr:<\/strong><\/p>\n<ul>\n<li>Weiterentwicklung und Evaluation des MINT-Profils<\/li>\n<li>Erstellung und Pflege der MINT-Jahresplanung<\/li>\n<li>Koordination au\u00dferunterrichtlicher Angebote<\/li>\n<li>Koordination von Wettbewerbsteilnahmen<\/li>\n<li>Aufbau und Pflege von Kooperationen mit Vertretern aus Wissenschaft und Wirtschaft<\/li>\n<li>F\u00f6rderung des Interesses von M\u00e4dchen in MINT<\/li>\n<li>Pflege des MINT-Boards und der Homepage<\/li>\n<li>Leitung des Arbeitskreises MINT<\/li>\n<\/ul>\n<p>&nbsp;<\/p>\n<h3><span style=\"color: #33cccc;\">Arbeitskreis MINT:<\/span><\/h3>\n<p><img loading=\"lazy\" decoding=\"async\" class=\"aligncenter wp-image-13412\" src=\"http:\/\/www.maria-koenigin.de\/wordpress\/wp-content\/uploads\/2024\/01\/IMG_8077-300x225.jpg\" alt=\"\" width=\"585\" height=\"439\" srcset=\"https:\/\/www.maria-koenigin.de\/wordpress\/wp-content\/uploads\/2024\/01\/IMG_8077-300x225.jpg 300w, https:\/\/www.maria-koenigin.de\/wordpress\/wp-content\/uploads\/2024\/01\/IMG_8077-1024x768.jpg 1024w, https:\/\/www.maria-koenigin.de\/wordpress\/wp-content\/uploads\/2024\/01\/IMG_8077-768x576.jpg 768w, https:\/\/www.maria-koenigin.de\/wordpress\/wp-content\/uploads\/2024\/01\/IMG_8077-1536x1152.jpg 1536w, https:\/\/www.maria-koenigin.de\/wordpress\/wp-content\/uploads\/2024\/01\/IMG_8077-2048x1536.jpg 2048w, https:\/\/www.maria-koenigin.de\/wordpress\/wp-content\/uploads\/2024\/01\/IMG_8077-624x468.jpg 624w\" sizes=\"auto, (max-width: 585px) 100vw, 585px\" \/><\/p>\n<p>&nbsp;<\/p>\n<table border=\"3\" width=\"100%\" cellspacing=\"1\" cellpadding=\"1\">\n<thead>\n<tr>\n<th style=\"background-color: #cfffe5; height: 40px; vertical-align: middle; width: 159px;\" scope=\"col\"><span style=\"font-size: 14px;\">\u00a0\u00a0 \u00a0 \u00a0\u00a0\u00a0\u00a0\u00a0 Lehrer\/in<\/span><\/th>\n<th style=\"background-color: #cfffe5; height: 40px; vertical-align: middle; width: 171px;\" scope=\"col\"><span style=\"font-size: 14px;\">\u00a0\u00a0\u00a0\u00a0\u00a0\u00a0\u00a0 \u00a0 Mint-F\u00e4cher<\/span><\/th>\n<th style=\"background-color: #cfffe5; height: 40px; text-align: left; vertical-align: middle; width: 254px;\" scope=\"col\"><span style=\"font-size: 14px;\">Ansprechpartner\/in &amp; Aufgaben<\/span><\/th>\n<\/tr>\n<\/thead>\n<tbody>\n<tr>\n<td style=\"vertical-align: middle; width: 30px;\">\u00a0Herr Andre Bertels<\/td>\n<td style=\"text-align: center; vertical-align: middle; width: 30px;\">Mathematik, Informatik, Technik<\/td>\n<td style=\"vertical-align: middle; width: 30px;\"><a href=\"http:\/\/www.maria-koenigin.de\/?page_id=10154\">Koordination Digitalisierung<\/a>, <a href=\"https:\/\/www.maria-koenigin.de\/?page_id=12738\">Junior Ingenieur Akademie<\/a>, <a href=\"https:\/\/www.maria-koenigin.de\/?page_id=13026\">Wahlfach Informatik<\/a>, <a href=\"http:\/\/www.maria-koenigin.de\/?page_id=13344\">Austausch \u00c7aycuma<\/a><\/td>\n<\/tr>\n<tr>\n<td style=\"background-color: #eeeeee; vertical-align: middle; width: 30px;\">\u00a0Herr Daniel Eickhoff<\/td>\n<td style=\"background-color: #eeeeee; text-align: center; vertical-align: middle; width: 30px;\">Mathematik, Informatik<\/td>\n<td style=\"background-color: #eeeeee; vertical-align: middle; width: 30px;\"><a href=\"https:\/\/www.maria-koenigin.de\/?page_id=11432\">Digital AG<\/a>, <a href=\"http:\/\/www.maria-koenigin.de\/?p=13253\">Medienscouts<\/a>, <a href=\"http:\/\/www.maria-koenigin.de\/?page_id=11522\">Informatikbiber<\/a>, <a href=\"https:\/\/www.maria-koenigin.de\/?page_id=13026\">Wahlfach Informatik<\/a>,\u00a0<a href=\"https:\/\/www.maria-koenigin.de\/?page_id=15686\">Digital AG<\/a><\/td>\n<\/tr>\n<tr>\n<td style=\"height: 40px; vertical-align: middle; width: 30px;\">\u00a0Frau Rebecca Kirchhoff<\/td>\n<td style=\"height: 40px; text-align: center; vertical-align: middle; width: 30px;\">Mathematik, Biologie<\/td>\n<td style=\"height: 40px; vertical-align: middle; width: 30px;\"><a href=\"https:\/\/www.maria-koenigin.de\/?page_id=13028\">Wahlfach Bio\/Chemie<\/a>, <a href=\"http:\/\/www.maria-koenigin.de\/?page_id=13344\">Austausch \u00c7aycuma,<\/a> <a href=\"https:\/\/www.maria-koenigin.de\/?page_id=15781\">Biologie AG<\/a>, Suchtpr\u00e4vention<\/td>\n<\/tr>\n<tr>\n<td style=\"background-color: #eeeeee; vertical-align: middle; width: 30px;\">\u00a0Herr Dennis Plett<\/td>\n<td style=\"background-color: #eeeeee; text-align: center; vertical-align: middle; width: 30px;\">Mathematik, Biologie<\/td>\n<td style=\"background-color: #eeeeee; vertical-align: middle; width: 30px;\"><a href=\"https:\/\/www.maria-koenigin.de\/?page_id=13028\">Wahlfach Bio\/Chemie<\/a>, <a href=\"http:\/\/www.maria-koenigin.de\/?page_id=13344\">Austausch \u00c7aycuma<\/a>,\u00a0 <a href=\"http:\/\/www.maria-koenigin.de\/?page_id=12054\">Exkursion Uni Marburg Bio LK Q1\/Q2<\/a>, <a href=\"http:\/\/www.maria-koenigin.de\/?page_id=12052\">\u00d6kologischer Seminartag<\/a><\/td>\n<\/tr>\n<tr>\n<td style=\"vertical-align: middle; width: 30px;\">\u00a0Herr Timo Quast<\/td>\n<td style=\"text-align: center; vertical-align: middle; width: 30px;\">Mathematik, Chemie, Physik<\/td>\n<td style=\"vertical-align: middle; width: 30px;\">Koordination Oberstufe, <a href=\"http:\/\/www.maria-koenigin.de\/?page_id=11426\">Mathematikolympiade<\/a><\/td>\n<\/tr>\n<tr>\n<td style=\"background-color: #eeeeee; vertical-align: middle; width: 30px;\">\u00a0Herr Magnus Reifenrath<\/td>\n<td style=\"background-color: #eeeeee; text-align: center; vertical-align: middle; width: 30px;\">Mathematik, Physik<\/td>\n<td style=\"background-color: #eeeeee; vertical-align: middle; width: 30px;\"><a href=\"http:\/\/www.maria-koenigin.de\/?page_id=13344\">Austausch \u00c7aycuma<\/a>, <a href=\"http:\/\/www.maria-koenigin.de\/?page_id=12643\">Konstruktionswettbewerb Uni Siegen<\/a>, Astronomie AG<\/td>\n<\/tr>\n<tr>\n<td style=\"vertical-align: middle; width: 30px;\">\u00a0Frau Christiane Schell<\/td>\n<td style=\"height: 40px; text-align: center; vertical-align: middle; width: 30px;\">Mathematik, Biologie<\/td>\n<td style=\"vertical-align: middle; width: 30px;\"><a href=\"http:\/\/www.maria-koenigin.de\/?page_id=11906\">K\u00e4nguru Wettbewerb<\/a>, <a href=\"http:\/\/www.maria-koenigin.de\/?page_id=13109\">&#8222;Es(s)&#8220; geht um mehr<\/a>, <a href=\"https:\/\/www.maria-koenigin.de\/?page_id=15810\">Gesundheit ist Leben<\/a>, Suchtpr\u00e4vention<\/td>\n<\/tr>\n<tr>\n<td style=\"background-color: #eeeeee; height: 40px; vertical-align: middle; width: 30px;\">\u00a0Herr Christoph Tebr\u00fcgge<\/td>\n<td style=\"background-color: #eeeeee; height: 40px; text-align: center; vertical-align: middle; width: 30px;\">Biologie<\/td>\n<td style=\"background-color: #eeeeee; height: 40px; vertical-align: middle; width: 30px;\">Stellv. Schulleiter, <a href=\"https:\/\/www.maria-koenigin.de\/?page_id=15781\">Biologie AG<\/a>, <a href=\"https:\/\/www.maria-koenigin.de\/?page_id=13028\">Wahlfach Bio\/Chemie,<\/a><\/td>\n<\/tr>\n<tr>\n<td style=\"vertical-align: middle; width: 30px;\">\u00a0Herr Moritz Th\u00f6ne<\/td>\n<td style=\"text-align: center; vertical-align: middle; width: 30px;\">Biologie<\/td>\n<td style=\"vertical-align: middle; width: 30px;\"><a href=\"http:\/\/www.maria-koenigin.de\/?page_id=12625\">Zoobesuch 5er<\/a>, Seh- und Reaktionstest, Tag der Sauberkeit<\/td>\n<\/tr>\n<tr>\n<td style=\"background-color: #eeeeee; vertical-align: middle; width: 30px;\">\u00a0Herr Matthias Walter<\/td>\n<td style=\"background-color: #eeeeee; text-align: center; vertical-align: middle; width: 30px;\">Mathematik, Physik, Technik, Informatik<\/td>\n<td style=\"background-color: #eeeeee; vertical-align: middle; width: 30px;\">Koordination MINT, <a href=\"https:\/\/www.maria-koenigin.de\/?page_id=12738\">Junior Ingenieur Akademie<\/a>, <a href=\"http:\/\/www.maria-koenigin.de\/?page_id=12372\">MINT on Tour<\/a>, <a href=\"http:\/\/www.maria-koenigin.de\/?page_id=12358\">ZDI Roboter Wettbewerb<\/a>, <a href=\"https:\/\/www.maria-koenigin.de\/?page_id=15686\">Digital AG<\/a>, <a href=\"http:\/\/www.maria-koenigin.de\/?page_id=11901\">MINT ins Land<\/a>, <a href=\"http:\/\/www.maria-koenigin.de\/?page_id=11912\">Technik Camp<\/a>, <a href=\"http:\/\/www.maria-koenigin.de\/?p=13157\">MINT Tag Kreis Olpe<\/a>, <a href=\"https:\/\/www.cybermentor.de\/\">Cyber Mentor<\/a>, <a href=\"http:\/\/www.maria-koenigin.de\/?page_id=13344\">Austausch \u00c7aycuma<\/a><\/td>\n<\/tr>\n<tr>\n<td style=\"height: 40px; vertical-align: middle; width: 30px;\">\u00a0Herr Sebastian Wiese<\/td>\n<td style=\"height: 40px; text-align: center; vertical-align: middle; width: 30px;\">Chemie<\/td>\n<td style=\"height: 40px; vertical-align: middle; width: 30px;\"><a href=\"https:\/\/www.maria-koenigin.de\/?page_id=15629\">Feuer und Flamme<\/a><\/td>\n<\/tr>\n<\/tbody>\n<\/table>\n","protected":false},"excerpt":{"rendered":"<p>Das MINT-Team des MK setzt sich aus Lehrerinnen und Lehrern der verschiedenen Fachbereiche zusammen. Bei der Zusammenstellung des Teams wurde darauf geachtet, dass alle MINT-F\u00e4cher vertreten sind und eine enge Zusammenarbeit mit den angrenzenden Arbeitsfeldern wie Digitalisierung oder allgemeine Schulentwicklung m\u00f6glich ist. In unserem MINT-Team arbeiten wir gemeinsam im Rahmen des Arbeitskreises MINT an vielf\u00e4ltigen [&hellip;]<\/p>\n","protected":false},"author":1,"featured_media":0,"parent":0,"menu_order":0,"comment_status":"closed","ping_status":"closed","template":"","meta":{"ngg_post_thumbnail":0,"_mc_calendar":[],"footnotes":""},"class_list":["post-12726","page","type-page","status-publish","hentry"],"_links":{"self":[{"href":"https:\/\/www.maria-koenigin.de\/index.php?rest_route=\/wp\/v2\/pages\/12726","targetHints":{"allow":["GET"]}}],"collection":[{"href":"https:\/\/www.maria-koenigin.de\/index.php?rest_route=\/wp\/v2\/pages"}],"about":[{"href":"https:\/\/www.maria-koenigin.de\/index.php?rest_route=\/wp\/v2\/types\/page"}],"author":[{"embeddable":true,"href":"https:\/\/www.maria-koenigin.de\/index.php?rest_route=\/wp\/v2\/users\/1"}],"replies":[{"embeddable":true,"href":"https:\/\/www.maria-koenigin.de\/index.php?rest_route=%2Fwp%2Fv2%2Fcomments&post=12726"}],"version-history":[{"count":43,"href":"https:\/\/www.maria-koenigin.de\/index.php?rest_route=\/wp\/v2\/pages\/12726\/revisions"}],"predecessor-version":[{"id":16016,"href":"https:\/\/www.maria-koenigin.de\/index.php?rest_route=\/wp\/v2\/pages\/12726\/revisions\/16016"}],"wp:attachment":[{"href":"https:\/\/www.maria-koenigin.de\/index.php?rest_route=%2Fwp%2Fv2%2Fmedia&parent=12726"}],"curies":[{"name":"wp","href":"https:\/\/api.w.org\/{rel}","templated":true}]}}