{"id":12738,"date":"2023-09-22T08:47:11","date_gmt":"2023-09-22T06:47:11","guid":{"rendered":"http:\/\/www.maria-koenigin.de\/?page_id=12738"},"modified":"2025-04-24T09:19:03","modified_gmt":"2025-04-24T07:19:03","slug":"konzept","status":"publish","type":"page","link":"https:\/\/www.maria-koenigin.de\/?page_id=12738","title":{"rendered":"Konzept"},"content":{"rendered":"<p style=\"text-align: justify;\"><img loading=\"lazy\" decoding=\"async\" class=\"alignnone wp-image-13376 size-full\" src=\"http:\/\/www.maria-koenigin.de\/wordpress\/wp-content\/uploads\/2024\/01\/tlekom.png\" alt=\"\" width=\"168\" height=\"167\" srcset=\"https:\/\/www.maria-koenigin.de\/wordpress\/wp-content\/uploads\/2024\/01\/tlekom.png 168w, https:\/\/www.maria-koenigin.de\/wordpress\/wp-content\/uploads\/2024\/01\/tlekom-150x150.png 150w\" sizes=\"auto, (max-width: 168px) 100vw, 168px\" \/><\/p>\n<p style=\"text-align: justify;\">Willkommen in der faszinierenden Welt der Junior Ingenieur Akademie, einem Unterrichtsfach, das die T\u00fcren zur Innovation und Kreativit\u00e4t \u00f6ffnet. Die Junior Ingenieur Akademie (JIA) ist eine Initiative der Deutsche Telekom Stiftung bei der sich Schule, regionale Betriebe und Bildungseinrichtungen eng im naturwissenschaftlich-technischen Bereich vernetzen sollen. Im Jahre 2017 hat sich das Gymnasium Maria K\u00f6nigin auf eine Junior-Ingenieur-Akademie (JIA) beworben und wird seitdem durch die Stiftung finanziell durch eine Anschubfinanzierung und fachlich durch diverse Fortbildungsm\u00f6glichkeiten insbesondere im Bereich Technikdidaktik unterst\u00fctzt. Seitdem wird das Fach JIA im Differenzierungsbereich der Mittelstufe angeboten und kann in der 9.\/10. Klasse gew\u00e4hlt werden.<\/p>\n<p style=\"text-align: justify;\"><img loading=\"lazy\" decoding=\"async\" class=\"alignnone wp-image-15479 size-full\" src=\"http:\/\/www.maria-koenigin.de\/wordpress\/wp-content\/uploads\/2025\/02\/20240228_100812-scaled.jpg\" alt=\"\" width=\"2560\" height=\"1920\" srcset=\"https:\/\/www.maria-koenigin.de\/wordpress\/wp-content\/uploads\/2025\/02\/20240228_100812-scaled.jpg 2560w, https:\/\/www.maria-koenigin.de\/wordpress\/wp-content\/uploads\/2025\/02\/20240228_100812-300x225.jpg 300w, https:\/\/www.maria-koenigin.de\/wordpress\/wp-content\/uploads\/2025\/02\/20240228_100812-1024x768.jpg 1024w, https:\/\/www.maria-koenigin.de\/wordpress\/wp-content\/uploads\/2025\/02\/20240228_100812-768x576.jpg 768w, https:\/\/www.maria-koenigin.de\/wordpress\/wp-content\/uploads\/2025\/02\/20240228_100812-1536x1152.jpg 1536w, https:\/\/www.maria-koenigin.de\/wordpress\/wp-content\/uploads\/2025\/02\/20240228_100812-2048x1536.jpg 2048w, https:\/\/www.maria-koenigin.de\/wordpress\/wp-content\/uploads\/2025\/02\/20240228_100812-624x468.jpg 624w\" sizes=\"auto, (max-width: 2560px) 100vw, 2560px\" \/><\/p>\n<p style=\"text-align: justify;\">Die Junior Ingenieur Akademie hebt sich durch ihren klaren Fokus auf praxisorientiertes Lernen hervor. Anstatt nur Theorie zu vermitteln, erm\u00f6glichen wir unseren Sch\u00fclerinnen und Sch\u00fclern, ihr Wissen durch praktische Projekte und Experimente zu vertiefen. Dieser Ansatz f\u00f6rdert nicht nur ein tieferes Verst\u00e4ndnis, sondern auch die Entwicklung kreativer Probleml\u00f6sungs-strategien. Zielsetzung des Projekts ist es den Sch\u00fclerinnen und Sch\u00fclern T\u00e4tigkeitsfelder des Ingenieurberufs n\u00e4her zu bringen und das Interesse f\u00fcr naturwissenschaftlich-technische Berufszweige\/Studien-zweige zu wecken. Hierzu werden die Sch\u00fclerinnen und Sch\u00fcler in der Akademie gezielt in den fachlichen Schwerpunkten Automatisierungstechnik\/Robotik, Fertigungstechnik und Projektmanagement in der Schule unterrichtet.<\/p>\n<p style=\"text-align: justify;\"><img loading=\"lazy\" decoding=\"async\" class=\"alignnone wp-image-15480 size-full\" src=\"http:\/\/www.maria-koenigin.de\/wordpress\/wp-content\/uploads\/2025\/02\/20240228_110249-scaled.jpg\" alt=\"\" width=\"2560\" height=\"1920\" srcset=\"https:\/\/www.maria-koenigin.de\/wordpress\/wp-content\/uploads\/2025\/02\/20240228_110249-scaled.jpg 2560w, https:\/\/www.maria-koenigin.de\/wordpress\/wp-content\/uploads\/2025\/02\/20240228_110249-300x225.jpg 300w, https:\/\/www.maria-koenigin.de\/wordpress\/wp-content\/uploads\/2025\/02\/20240228_110249-1024x768.jpg 1024w, https:\/\/www.maria-koenigin.de\/wordpress\/wp-content\/uploads\/2025\/02\/20240228_110249-768x576.jpg 768w, https:\/\/www.maria-koenigin.de\/wordpress\/wp-content\/uploads\/2025\/02\/20240228_110249-1536x1152.jpg 1536w, https:\/\/www.maria-koenigin.de\/wordpress\/wp-content\/uploads\/2025\/02\/20240228_110249-2048x1536.jpg 2048w, https:\/\/www.maria-koenigin.de\/wordpress\/wp-content\/uploads\/2025\/02\/20240228_110249-624x468.jpg 624w\" sizes=\"auto, (max-width: 2560px) 100vw, 2560px\" \/><\/p>\n<p style=\"text-align: justify;\">Dar\u00fcber hinaus wird der Regelunterricht durch Lernen an au\u00dferschulischen Lernorten durch Exkursionen zu unseren Partnern aus Wirtschaft und Wissenschaft unterst\u00fctzt. W\u00e4hrend dieser Exkursionen bearbeiten die Sch\u00fclerinnen und Sch\u00fcler kleinere oder auch gr\u00f6\u00dfere Projekte aus den jeweiligen Fachgebieten, wobei sie sowohl von einer schulischen Lehrkraft als auch Mitarbeitern des jeweiligen Lernorts betreut werden. Die Sch\u00fclerinnen und Sch\u00fcler sollen dabei die Zusammenh\u00e4nge des Schulstoffs mit den in der Realit\u00e4t gestellten Anforderungen des Ingenieurberufs sinnstiftend verkn\u00fcpfen. In unserer Akademie betonen wir die Bedeutung von Zusammenarbeit und Teamarbeit. Durch Gruppenprojekte und Teamherausforderungen lernen die Sch\u00fcler, effektiv zusammenzuarbeiten, um komplexe Probleme zu l\u00f6sen. Diese F\u00e4higkeiten sind nicht nur in der Welt der Ingenieurwissenschaften von entscheidender Bedeutung, sondern auch f\u00fcr das t\u00e4gliche Leben.<\/p>\n<p><img loading=\"lazy\" decoding=\"async\" class=\"alignnone wp-image-15481 size-full\" src=\"http:\/\/www.maria-koenigin.de\/wordpress\/wp-content\/uploads\/2025\/02\/20240612_091634-scaled.jpg\" alt=\"\" width=\"2560\" height=\"1920\" srcset=\"https:\/\/www.maria-koenigin.de\/wordpress\/wp-content\/uploads\/2025\/02\/20240612_091634-scaled.jpg 2560w, https:\/\/www.maria-koenigin.de\/wordpress\/wp-content\/uploads\/2025\/02\/20240612_091634-300x225.jpg 300w, https:\/\/www.maria-koenigin.de\/wordpress\/wp-content\/uploads\/2025\/02\/20240612_091634-1024x768.jpg 1024w, https:\/\/www.maria-koenigin.de\/wordpress\/wp-content\/uploads\/2025\/02\/20240612_091634-768x576.jpg 768w, https:\/\/www.maria-koenigin.de\/wordpress\/wp-content\/uploads\/2025\/02\/20240612_091634-1536x1152.jpg 1536w, https:\/\/www.maria-koenigin.de\/wordpress\/wp-content\/uploads\/2025\/02\/20240612_091634-2048x1536.jpg 2048w, https:\/\/www.maria-koenigin.de\/wordpress\/wp-content\/uploads\/2025\/02\/20240612_091634-624x468.jpg 624w\" sizes=\"auto, (max-width: 2560px) 100vw, 2560px\" \/><\/p>\n<p style=\"text-align: justify;\">Die JIA ist als dynamisches Unterrichtsprojekt zu sehen, das in den letzten Jahren behutsam aufgebaut wurde und stetig weiterentwickelt wird. Hierzu z\u00e4hlt insbesondere die intensive Zusammenarbeit mit unseren Partnern zur Entwicklung einer fachdidaktischen Ankn\u00fcpfung der Exkursionen an den Regelunterricht und zur zeitlichen Planung bzw. praktischen Umsetzung der Exkursionen im Schulalltag und dar\u00fcber hinaus.<\/p>\n<p><strong>weiter zu<\/strong><\/p>\n<p><a href=\"https:\/\/www.maria-koenigin.de\/?page_id=12740\">Inhalte<\/a> \u00a0 <a href=\"https:\/\/www.maria-koenigin.de\/?page_id=12742\">Partner<\/a>\u00a0\u00a0 <a href=\"https:\/\/www.maria-koenigin.de\/?page_id=12746\">Projekte<\/a><\/p>\n","protected":false},"excerpt":{"rendered":"<p>Willkommen in der faszinierenden Welt der Junior Ingenieur Akademie, einem Unterrichtsfach, das die T\u00fcren zur Innovation und Kreativit\u00e4t \u00f6ffnet. Die Junior Ingenieur Akademie (JIA) ist eine Initiative der Deutsche Telekom Stiftung bei der sich Schule, regionale Betriebe und Bildungseinrichtungen eng im naturwissenschaftlich-technischen Bereich vernetzen sollen. Im Jahre 2017 hat sich das Gymnasium Maria K\u00f6nigin auf [&hellip;]<\/p>\n","protected":false},"author":1,"featured_media":0,"parent":0,"menu_order":0,"comment_status":"closed","ping_status":"closed","template":"","meta":{"ngg_post_thumbnail":0,"_mc_calendar":[],"footnotes":""},"class_list":["post-12738","page","type-page","status-publish","hentry"],"_links":{"self":[{"href":"https:\/\/www.maria-koenigin.de\/index.php?rest_route=\/wp\/v2\/pages\/12738","targetHints":{"allow":["GET"]}}],"collection":[{"href":"https:\/\/www.maria-koenigin.de\/index.php?rest_route=\/wp\/v2\/pages"}],"about":[{"href":"https:\/\/www.maria-koenigin.de\/index.php?rest_route=\/wp\/v2\/types\/page"}],"author":[{"embeddable":true,"href":"https:\/\/www.maria-koenigin.de\/index.php?rest_route=\/wp\/v2\/users\/1"}],"replies":[{"embeddable":true,"href":"https:\/\/www.maria-koenigin.de\/index.php?rest_route=%2Fwp%2Fv2%2Fcomments&post=12738"}],"version-history":[{"count":12,"href":"https:\/\/www.maria-koenigin.de\/index.php?rest_route=\/wp\/v2\/pages\/12738\/revisions"}],"predecessor-version":[{"id":16189,"href":"https:\/\/www.maria-koenigin.de\/index.php?rest_route=\/wp\/v2\/pages\/12738\/revisions\/16189"}],"wp:attachment":[{"href":"https:\/\/www.maria-koenigin.de\/index.php?rest_route=%2Fwp%2Fv2%2Fmedia&parent=12738"}],"curies":[{"name":"wp","href":"https:\/\/api.w.org\/{rel}","templated":true}]}}