{"id":12742,"date":"2023-09-22T08:47:34","date_gmt":"2023-09-22T06:47:34","guid":{"rendered":"http:\/\/www.maria-koenigin.de\/?page_id=12742"},"modified":"2025-04-23T11:49:45","modified_gmt":"2025-04-23T09:49:45","slug":"partner","status":"publish","type":"page","link":"https:\/\/www.maria-koenigin.de\/?page_id=12742","title":{"rendered":"Partner"},"content":{"rendered":"<p><img loading=\"lazy\" decoding=\"async\" class=\"alignnone wp-image-13442 size-large\" src=\"http:\/\/www.maria-koenigin.de\/wordpress\/wp-content\/uploads\/2024\/01\/20230224_100629-1024x768.jpg\" alt=\"\" width=\"625\" height=\"469\" srcset=\"https:\/\/www.maria-koenigin.de\/wordpress\/wp-content\/uploads\/2024\/01\/20230224_100629-1024x768.jpg 1024w, https:\/\/www.maria-koenigin.de\/wordpress\/wp-content\/uploads\/2024\/01\/20230224_100629-300x225.jpg 300w, https:\/\/www.maria-koenigin.de\/wordpress\/wp-content\/uploads\/2024\/01\/20230224_100629-768x576.jpg 768w, https:\/\/www.maria-koenigin.de\/wordpress\/wp-content\/uploads\/2024\/01\/20230224_100629-1536x1152.jpg 1536w, https:\/\/www.maria-koenigin.de\/wordpress\/wp-content\/uploads\/2024\/01\/20230224_100629-2048x1536.jpg 2048w, https:\/\/www.maria-koenigin.de\/wordpress\/wp-content\/uploads\/2024\/01\/20230224_100629-624x468.jpg 624w\" sizes=\"auto, (max-width: 625px) 100vw, 625px\" \/><\/p>\n<p style=\"text-align: justify;\">Die Junior Ingenieur Akademie legt gro\u00dfen Wert auf eine enge Zusammenarbeit mit regionalen Partnern aus Wissenschaft und Wirtschaft. Unsere Kooperationen erm\u00f6glichen es den Sch\u00fclerinnen und Sch\u00fclern, praxisnahe Einblicke in die Welt von Forschung und Industrie zu erhalten. Unsere Partnerschaften sind darauf ausgerichtet, den Teilnehmenden authentische EIndr\u00fccke der Arbeitswelt von morgen zu bieten. Wir m\u00f6chten sicherstellen, dass der Unterricht nicht nur theoretisch bleibt, sondern auch praktische Anwendungen in der Realit\u00e4t aufzeigt. Durch Exkursionen, Workshops und gemeinsame Projekte haben die Sch\u00fclerinnen und Sch\u00fcler die M\u00f6glichkeit, das Gelernte unmittelbar in die Praxis umzusetzen. Unsere Partnerschaften bieten den Sch\u00fclerinnen und Sch\u00fclern die Gelegenheit, ein anderes Arbeitsumfeld kennenzulernen und erste Kontakte in der Berufswelt zu kn\u00fcpfen. Diese Erfahrungen sind entscheidend f\u00fcr eine erfolgreiche Berufsorientierung und helfen den Jugendlichen dabei, ihre Interessen und F\u00e4higkeiten besser zu verstehen. Die Junior Ingenieur Akademie ist stolz darauf, mit starken Partnern zusammenzuarbeiten, um eine praxisnahe und zukunftsorientierte Bildung zu f\u00f6rdern.<\/p>\n<p>Derzeit arbeiten wir mit den folgenden Einrichtungen und Unternehmen zusammen:<\/p>\n<h3><span style=\"color: #33cccc;\">Lehrwerkstatt Attendorn (LEWA)<\/span><\/h3>\n<p><img loading=\"lazy\" decoding=\"async\" class=\"alignnone wp-image-13453 size-large\" src=\"http:\/\/www.maria-koenigin.de\/wordpress\/wp-content\/uploads\/2024\/01\/20230224_094644-1024x768.jpg\" alt=\"\" width=\"625\" height=\"469\" srcset=\"https:\/\/www.maria-koenigin.de\/wordpress\/wp-content\/uploads\/2024\/01\/20230224_094644-1024x768.jpg 1024w, https:\/\/www.maria-koenigin.de\/wordpress\/wp-content\/uploads\/2024\/01\/20230224_094644-300x225.jpg 300w, https:\/\/www.maria-koenigin.de\/wordpress\/wp-content\/uploads\/2024\/01\/20230224_094644-768x576.jpg 768w, https:\/\/www.maria-koenigin.de\/wordpress\/wp-content\/uploads\/2024\/01\/20230224_094644-1536x1152.jpg 1536w, https:\/\/www.maria-koenigin.de\/wordpress\/wp-content\/uploads\/2024\/01\/20230224_094644-2048x1536.jpg 2048w, https:\/\/www.maria-koenigin.de\/wordpress\/wp-content\/uploads\/2024\/01\/20230224_094644-624x468.jpg 624w\" sizes=\"auto, (max-width: 625px) 100vw, 625px\" \/><\/p>\n<p style=\"text-align: justify;\">Die LEWA unterst\u00fctzt uns seit Gr\u00fcndung der JIA im Jahre 2017. Unsere Kooperation mit der Lehrwerkstatt Attendorn konzentriert sich insbesondere auf die Bereiche Robotik, Automatisierung, Steuerungstechnik und Elektrotechnik. Die Lehrwerkstatt Attendorn bietet unter anderem Workshops in den Bereichen Robotik, L\u00f6ten, Pneumatik-Steuerungen und Siemens LOGO an. Die Betriebsbesichtigung der beeindruckenden Roboterstra\u00dfen in der LEWA bietet unseren Sch\u00fclerinnen und Sch\u00fclern zudem die M\u00f6glichkeit, hochmoderne Technologien in der industriellen Produktion hautnah zu erleben.<\/p>\n<h3><span style=\"color: #33cccc;\">Sontec &#8211; Beste Sensoren<\/span><\/h3>\n<p><img loading=\"lazy\" decoding=\"async\" class=\"alignnone wp-image-13459 size-large\" src=\"http:\/\/www.maria-koenigin.de\/wordpress\/wp-content\/uploads\/2024\/01\/Bild2-1-1024x682.jpg\" alt=\"\" width=\"625\" height=\"416\" srcset=\"https:\/\/www.maria-koenigin.de\/wordpress\/wp-content\/uploads\/2024\/01\/Bild2-1-1024x682.jpg 1024w, https:\/\/www.maria-koenigin.de\/wordpress\/wp-content\/uploads\/2024\/01\/Bild2-1-300x200.jpg 300w, https:\/\/www.maria-koenigin.de\/wordpress\/wp-content\/uploads\/2024\/01\/Bild2-1-768x512.jpg 768w, https:\/\/www.maria-koenigin.de\/wordpress\/wp-content\/uploads\/2024\/01\/Bild2-1-1536x1024.jpg 1536w, https:\/\/www.maria-koenigin.de\/wordpress\/wp-content\/uploads\/2024\/01\/Bild2-1-624x416.jpg 624w, https:\/\/www.maria-koenigin.de\/wordpress\/wp-content\/uploads\/2024\/01\/Bild2-1.jpg 2000w\" sizes=\"auto, (max-width: 625px) 100vw, 625px\" \/><\/p>\n<p style=\"text-align: justify;\">Die partnerschaftliche Beziehung zwischen der Junior Ingenieur Akademie (JIA) und Sontec reicht auch bis zur Gr\u00fcndung unserer Akademie zur\u00fcck. Unsere Kooperation mit Sontec erstreckt sich \u00fcber verschiedene Bereiche, wobei die Schwerpunkte auf der Sensorik und dem Projektmanagement liegen. So f\u00fchren Mitarbeiter der Fa. Sontec traditionell einen Workshop zum Projektmanagement in Vorbereitung auf das abschlie\u00dfende Gro\u00dfprojekt durch. Im Bereich Sensorik haben in der Vergangenheit sowohl Betriebsbesichtigungen als auch Workshops zur Fertigung eines Temperatursensors stattgefunden. Seit Schuljahr 2023\/24 unterst\u00fctzt uns Sontec zudem in der Bearbeitung der individuellen Gro\u00dfprojekte, die im zweiten Halbjahr der Klasse 10 um Abschluss der JIA durchgef\u00fchrt werden.<\/p>\n<h3><span style=\"color: #33cccc;\">Viega<\/span><\/h3>\n<p><img loading=\"lazy\" decoding=\"async\" class=\"alignnone wp-image-13457 size-large\" src=\"http:\/\/www.maria-koenigin.de\/wordpress\/wp-content\/uploads\/2024\/01\/20190513_105120_Mint_Projekt_EL-1024x768.jpg\" alt=\"\" width=\"625\" height=\"469\" srcset=\"https:\/\/www.maria-koenigin.de\/wordpress\/wp-content\/uploads\/2024\/01\/20190513_105120_Mint_Projekt_EL-1024x768.jpg 1024w, https:\/\/www.maria-koenigin.de\/wordpress\/wp-content\/uploads\/2024\/01\/20190513_105120_Mint_Projekt_EL-300x225.jpg 300w, https:\/\/www.maria-koenigin.de\/wordpress\/wp-content\/uploads\/2024\/01\/20190513_105120_Mint_Projekt_EL-768x576.jpg 768w, https:\/\/www.maria-koenigin.de\/wordpress\/wp-content\/uploads\/2024\/01\/20190513_105120_Mint_Projekt_EL-1536x1152.jpg 1536w, https:\/\/www.maria-koenigin.de\/wordpress\/wp-content\/uploads\/2024\/01\/20190513_105120_Mint_Projekt_EL-2048x1536.jpg 2048w, https:\/\/www.maria-koenigin.de\/wordpress\/wp-content\/uploads\/2024\/01\/20190513_105120_Mint_Projekt_EL-624x468.jpg 624w\" sizes=\"auto, (max-width: 625px) 100vw, 625px\" \/><\/p>\n<p style=\"text-align: justify;\">Die langj\u00e4hrige Zusammenarbeit mit der Firma Viega konzentriert sich auf die Bereiche Fertigungsverfahren und Projektmanagement. Verschiedene Betriebsbesichtigung aber auch Workshops im Bereich Spritzgussverfahren und 3D-Druck geben unseren Sch\u00fclerinnen und Sch\u00fclern wertvolle Einblicke in die industrielle Praxis. Ein Meilenstein war sicherlich die intensive Zusammenarbeit w\u00e4hrend des Gro\u00dfprojekts 2019, bei dem unsere Sch\u00fclerinnen und Sch\u00fcler die Fa. Viega w\u00f6chentlich \u00fcber einen Zeitraum von mehreren Wochen besuchten, um einen 3-fach-Flaschen\u00f6ffner herzustellen.<\/p>\n<h3><span style=\"color: #33cccc;\">Universit\u00e4t Siegen<\/span><\/h3>\n<p><img loading=\"lazy\" decoding=\"async\" class=\"alignnone wp-image-13456 size-large\" src=\"http:\/\/www.maria-koenigin.de\/wordpress\/wp-content\/uploads\/2024\/01\/20180320_130016-1024x576.jpg\" alt=\"\" width=\"625\" height=\"352\" srcset=\"https:\/\/www.maria-koenigin.de\/wordpress\/wp-content\/uploads\/2024\/01\/20180320_130016-1024x576.jpg 1024w, https:\/\/www.maria-koenigin.de\/wordpress\/wp-content\/uploads\/2024\/01\/20180320_130016-300x169.jpg 300w, https:\/\/www.maria-koenigin.de\/wordpress\/wp-content\/uploads\/2024\/01\/20180320_130016-768x432.jpg 768w, https:\/\/www.maria-koenigin.de\/wordpress\/wp-content\/uploads\/2024\/01\/20180320_130016-1536x864.jpg 1536w, https:\/\/www.maria-koenigin.de\/wordpress\/wp-content\/uploads\/2024\/01\/20180320_130016-2048x1152.jpg 2048w, https:\/\/www.maria-koenigin.de\/wordpress\/wp-content\/uploads\/2024\/01\/20180320_130016-624x351.jpg 624w\" sizes=\"auto, (max-width: 625px) 100vw, 625px\" \/><\/p>\n<p style=\"text-align: justify;\">Die Junior Ingenieur Akademie (JIA) pflegt seit ihrer Gr\u00fcndung eine langj\u00e4hrige Partnerschaft mit der Universit\u00e4t Siegen. Die Zusammenarbeit konzentriert sich auf die Bereiche Steuerungstechnik, Robotik und Automatisierungstechnik. Die M\u00f6glichkeit, &#8222;Uni-Luft zu schnuppern&#8220;, wird durch regelm\u00e4\u00dfige Besuche verschiedener Fachbereiche angeboten. Hier erhalten die Sch\u00fclerinnen und Sch\u00fcler Einblicke in aktuelle Forschungsprojekte. Ein Besuch in der Mensa ist seit Jahren ein fester Bestandteil der Exkursionen. Ein Highlight der vergangenen Jahre war sicherlich der Bau einer 7-Segment-Anzeige in Kooperation mit dem Fachbereich Embedded Systems.<\/p>\n<h3><span style=\"color: #33cccc;\">Technische Hochschule K\u00f6ln \/ Anders Innovative Solutions<\/span><\/h3>\n<p><img loading=\"lazy\" decoding=\"async\" class=\"alignnone wp-image-13454 size-large\" src=\"http:\/\/www.maria-koenigin.de\/wordpress\/wp-content\/uploads\/2024\/01\/20231115_150140-1024x768.jpg\" alt=\"\" width=\"625\" height=\"469\" srcset=\"https:\/\/www.maria-koenigin.de\/wordpress\/wp-content\/uploads\/2024\/01\/20231115_150140-1024x768.jpg 1024w, https:\/\/www.maria-koenigin.de\/wordpress\/wp-content\/uploads\/2024\/01\/20231115_150140-300x225.jpg 300w, https:\/\/www.maria-koenigin.de\/wordpress\/wp-content\/uploads\/2024\/01\/20231115_150140-768x576.jpg 768w, https:\/\/www.maria-koenigin.de\/wordpress\/wp-content\/uploads\/2024\/01\/20231115_150140-1536x1152.jpg 1536w, https:\/\/www.maria-koenigin.de\/wordpress\/wp-content\/uploads\/2024\/01\/20231115_150140-2048x1536.jpg 2048w, https:\/\/www.maria-koenigin.de\/wordpress\/wp-content\/uploads\/2024\/01\/20231115_150140-624x468.jpg 624w\" sizes=\"auto, (max-width: 625px) 100vw, 625px\" \/><\/p>\n<p style=\"text-align: justify;\">Seit dem Schuljahr 2023\/2024 gib es eine neue Kooperation mit der TH K\u00f6ln im Bereich Fertigungstechnik. Im Rahmen dieser Kooperation wurde erstmals unter Leitung von Anders Innovative Solutions ein CNC Workshop durchgef\u00fchrt, bei dem mit einer Schmelzdrahtschneidemaschine (FiloCUT) verschiedene Produkte aus Styrodur hergestellt werden. Zudem wird im Rahmen des CNC Workshops ein Berufsorientierungsseminar angeboten. Es ist geplant diese Kooperation in den n\u00e4chsten Jahren weiter zu festigen und auszuweiten.<\/p>\n<h3><span style=\"color: #33cccc;\">zdi-Netzwerk Kreis Olpe \/ HSK<\/span><\/h3>\n<p style=\"text-align: justify;\">Durch das ZDI Netwerk erhalten wir wertvolle F\u00f6rdermittel z.B. f\u00fcr Workshops, Fahrten oder auch Materialien wie L\u00f6tkolben oder Drohnen. Des Weiteren nimmt die JIA seit dem Schuljahr 2022\/23 am ZDI Roboterwettbewerb teil.<\/p>\n<h3><span style=\"color: #33cccc;\">Fachhochschule S\u00fcdwestfalen<\/span><\/h3>\n<p><img loading=\"lazy\" decoding=\"async\" class=\"alignnone wp-image-15497 size-full\" src=\"http:\/\/www.maria-koenigin.de\/wordpress\/wp-content\/uploads\/2025\/02\/20240612_105827-scaled.jpg\" alt=\"\" width=\"2560\" height=\"1153\" srcset=\"https:\/\/www.maria-koenigin.de\/wordpress\/wp-content\/uploads\/2025\/02\/20240612_105827-scaled.jpg 2560w, https:\/\/www.maria-koenigin.de\/wordpress\/wp-content\/uploads\/2025\/02\/20240612_105827-300x135.jpg 300w, https:\/\/www.maria-koenigin.de\/wordpress\/wp-content\/uploads\/2025\/02\/20240612_105827-1024x461.jpg 1024w, https:\/\/www.maria-koenigin.de\/wordpress\/wp-content\/uploads\/2025\/02\/20240612_105827-768x346.jpg 768w, https:\/\/www.maria-koenigin.de\/wordpress\/wp-content\/uploads\/2025\/02\/20240612_105827-1536x692.jpg 1536w, https:\/\/www.maria-koenigin.de\/wordpress\/wp-content\/uploads\/2025\/02\/20240612_105827-2048x922.jpg 2048w, https:\/\/www.maria-koenigin.de\/wordpress\/wp-content\/uploads\/2025\/02\/20240612_105827-624x281.jpg 624w\" sizes=\"auto, (max-width: 2560px) 100vw, 2560px\" \/><\/p>\n<p>Im Rahmen einer Kooperation mit der FH S\u00fcdwestfalen und dem ZDI HSK werden Labortage zu den Themengebieten Brennstoffzelle, Elektrotechnik und dem sogenannten &#8218;Heavy Metal Workshop&#8216; zur Metallverarbeitung angeboten.<\/p>\n<p><strong>weiter zu<\/strong><\/p>\n<p><a href=\"https:\/\/www.maria-koenigin.de\/?page_id=12738\">Konzept<\/a> \u00a0 <a href=\"https:\/\/www.maria-koenigin.de\/?page_id=12740\">Inhalte<\/a> \u00a0 <a href=\"https:\/\/www.maria-koenigin.de\/?page_id=12746\">Projekte<\/a><\/p>\n","protected":false},"excerpt":{"rendered":"<p>Die Junior Ingenieur Akademie legt gro\u00dfen Wert auf eine enge Zusammenarbeit mit regionalen Partnern aus Wissenschaft und Wirtschaft. Unsere Kooperationen erm\u00f6glichen es den Sch\u00fclerinnen und Sch\u00fclern, praxisnahe Einblicke in die Welt von Forschung und Industrie zu erhalten. Unsere Partnerschaften sind darauf ausgerichtet, den Teilnehmenden authentische EIndr\u00fccke der Arbeitswelt von morgen zu bieten. Wir m\u00f6chten sicherstellen, [&hellip;]<\/p>\n","protected":false},"author":1,"featured_media":0,"parent":0,"menu_order":0,"comment_status":"closed","ping_status":"closed","template":"","meta":{"ngg_post_thumbnail":0,"_mc_calendar":[],"footnotes":""},"class_list":["post-12742","page","type-page","status-publish","hentry"],"_links":{"self":[{"href":"https:\/\/www.maria-koenigin.de\/index.php?rest_route=\/wp\/v2\/pages\/12742","targetHints":{"allow":["GET"]}}],"collection":[{"href":"https:\/\/www.maria-koenigin.de\/index.php?rest_route=\/wp\/v2\/pages"}],"about":[{"href":"https:\/\/www.maria-koenigin.de\/index.php?rest_route=\/wp\/v2\/types\/page"}],"author":[{"embeddable":true,"href":"https:\/\/www.maria-koenigin.de\/index.php?rest_route=\/wp\/v2\/users\/1"}],"replies":[{"embeddable":true,"href":"https:\/\/www.maria-koenigin.de\/index.php?rest_route=%2Fwp%2Fv2%2Fcomments&post=12742"}],"version-history":[{"count":21,"href":"https:\/\/www.maria-koenigin.de\/index.php?rest_route=\/wp\/v2\/pages\/12742\/revisions"}],"predecessor-version":[{"id":16118,"href":"https:\/\/www.maria-koenigin.de\/index.php?rest_route=\/wp\/v2\/pages\/12742\/revisions\/16118"}],"wp:attachment":[{"href":"https:\/\/www.maria-koenigin.de\/index.php?rest_route=%2Fwp%2Fv2%2Fmedia&parent=12742"}],"curies":[{"name":"wp","href":"https:\/\/api.w.org\/{rel}","templated":true}]}}