{"id":12746,"date":"2023-09-22T08:47:56","date_gmt":"2023-09-22T06:47:56","guid":{"rendered":"http:\/\/www.maria-koenigin.de\/?page_id=12746"},"modified":"2025-07-08T20:11:13","modified_gmt":"2025-07-08T18:11:13","slug":"grossprojekte","status":"publish","type":"page","link":"https:\/\/www.maria-koenigin.de\/?page_id=12746","title":{"rendered":"Projekte"},"content":{"rendered":"<p style=\"text-align: justify;\">Das Herzst\u00fcck unserer Junior-Ingenieur-Akademie sind unsere Abschlussprojekte, die traditionell im zweiten Halbjahr des zweiten Akademiejahres stattfinden. Hier sollen die Sch\u00fclerinnen und Sch\u00fcler alle ihre zuvor erlernten Fertigkeiten anwenden und kombinieren, um ein praxisorientiertes Problem zu l\u00f6sen und ein Produkt herzustellen. Dabei k\u00f6nnen sie auf Fertigungstechniken wie z.B. L\u00f6ten, 3D-Druck, Lasercutting und CNC-Werkzeugmaschinen zur\u00fcckgreifen und programmierorientierte Systeme wie die Lego-Roboter oder Arduinos einsetzen. Ein wichtiger Aspekt hierbei ist, dass die Sch\u00fclerinnen und Sch\u00fcler auch im Abschluss-Halbjahr von unseren Partnern aus Wissenschaft und Wirtschaft unterst\u00fctzt werden, sodass beispielsweise auch eine Teilfertigung des Produkts oder auch direkter theoretischen Input vor Ort in den Firmen oder an der Universit\u00e4t\/TH stattfinden kann.<\/p>\n<p><img loading=\"lazy\" decoding=\"async\" class=\"alignnone wp-image-15508 size-full\" src=\"http:\/\/www.maria-koenigin.de\/wordpress\/wp-content\/uploads\/2025\/03\/JIA_Abschluss2024_0085-scaled.jpg\" alt=\"\" width=\"2560\" height=\"1706\" srcset=\"https:\/\/www.maria-koenigin.de\/wordpress\/wp-content\/uploads\/2025\/03\/JIA_Abschluss2024_0085-scaled.jpg 2560w, https:\/\/www.maria-koenigin.de\/wordpress\/wp-content\/uploads\/2025\/03\/JIA_Abschluss2024_0085-300x200.jpg 300w, https:\/\/www.maria-koenigin.de\/wordpress\/wp-content\/uploads\/2025\/03\/JIA_Abschluss2024_0085-1024x683.jpg 1024w, https:\/\/www.maria-koenigin.de\/wordpress\/wp-content\/uploads\/2025\/03\/JIA_Abschluss2024_0085-768x512.jpg 768w, https:\/\/www.maria-koenigin.de\/wordpress\/wp-content\/uploads\/2025\/03\/JIA_Abschluss2024_0085-1536x1024.jpg 1536w, https:\/\/www.maria-koenigin.de\/wordpress\/wp-content\/uploads\/2025\/03\/JIA_Abschluss2024_0085-2048x1365.jpg 2048w, https:\/\/www.maria-koenigin.de\/wordpress\/wp-content\/uploads\/2025\/03\/JIA_Abschluss2024_0085-624x416.jpg 624w\" sizes=\"auto, (max-width: 2560px) 100vw, 2560px\" \/><\/p>\n<p style=\"text-align: justify;\">Im Rahmen einer Abschlusspr\u00e4sentation, zu der traditionell Eltern, die Teilnehmenden der Akademie des zuk\u00fcnftigen Jahrgangs sowie Vertreter der Partnerfirmen und der Telekomstiftung eingeladen sind, werden die gefertigten Produkte vor- und ausgestellt. Von der Telekomstiftung erhalten alle Teilnehmenden zum Abschluss des Gro\u00dfprojekts ein Abschlusszertifikat.<\/p>\n<p><img loading=\"lazy\" decoding=\"async\" class=\"alignnone wp-image-15509 size-full\" src=\"http:\/\/www.maria-koenigin.de\/wordpress\/wp-content\/uploads\/2025\/03\/JIA_Abschluss2024_0062-scaled.jpg\" alt=\"\" width=\"2560\" height=\"1706\" srcset=\"https:\/\/www.maria-koenigin.de\/wordpress\/wp-content\/uploads\/2025\/03\/JIA_Abschluss2024_0062-scaled.jpg 2560w, https:\/\/www.maria-koenigin.de\/wordpress\/wp-content\/uploads\/2025\/03\/JIA_Abschluss2024_0062-300x200.jpg 300w, https:\/\/www.maria-koenigin.de\/wordpress\/wp-content\/uploads\/2025\/03\/JIA_Abschluss2024_0062-1024x683.jpg 1024w, https:\/\/www.maria-koenigin.de\/wordpress\/wp-content\/uploads\/2025\/03\/JIA_Abschluss2024_0062-768x512.jpg 768w, https:\/\/www.maria-koenigin.de\/wordpress\/wp-content\/uploads\/2025\/03\/JIA_Abschluss2024_0062-1536x1024.jpg 1536w, https:\/\/www.maria-koenigin.de\/wordpress\/wp-content\/uploads\/2025\/03\/JIA_Abschluss2024_0062-2048x1365.jpg 2048w, https:\/\/www.maria-koenigin.de\/wordpress\/wp-content\/uploads\/2025\/03\/JIA_Abschluss2024_0062-624x416.jpg 624w\" sizes=\"auto, (max-width: 2560px) 100vw, 2560px\" \/><\/p>\n<p style=\"text-align: justufy;\">Die Junior-Ingenieur-Akademie ist ein Unterrichtsprojekt, das sich stetig weiterentwickelt hat und durch neue Einfl\u00fcsse, Ideen und Kooperationen gepr\u00e4gt ist. In den letzten 7 Jahren hat sie sich stark ver\u00e4ndert, und genau das macht unsere Akademie aus! In diesem Jahr wurde den Sch\u00fclern beispielsweise kein spezielles Thema vorgegeben, sondern sie konnten sich frei entfalten und eine eigene Problemstellung suchen. Ein \u00dcberblick \u00fcber die Gro\u00dfprojekte ist im Folgenden dargestellt. In den Jahren 2020 bzw. 2023 fanden aufgrund der Corona-Pandemie bzw. der Umstellung von G8 auf G9 keine Abschlussprojekte statt.<\/p>\n<p><a href=\"https:\/\/www.maria-koenigin.de\/?page_id=13820\"><img loading=\"lazy\" decoding=\"async\" class=\"alignnone wp-image-16502 size-medium\" src=\"http:\/\/www.maria-koenigin.de\/wordpress\/wp-content\/uploads\/2025\/07\/2025-300x220.png\" alt=\"\" width=\"300\" height=\"220\" srcset=\"https:\/\/www.maria-koenigin.de\/wordpress\/wp-content\/uploads\/2025\/07\/2025-300x220.png 300w, https:\/\/www.maria-koenigin.de\/wordpress\/wp-content\/uploads\/2025\/07\/2025-1024x750.png 1024w, https:\/\/www.maria-koenigin.de\/wordpress\/wp-content\/uploads\/2025\/07\/2025-768x563.png 768w, https:\/\/www.maria-koenigin.de\/wordpress\/wp-content\/uploads\/2025\/07\/2025-624x457.png 624w, https:\/\/www.maria-koenigin.de\/wordpress\/wp-content\/uploads\/2025\/07\/2025.png 1535w\" sizes=\"auto, (max-width: 300px) 100vw, 300px\" \/><\/a><a href=\"https:\/\/www.maria-koenigin.de\/?page_id=14534\"><img loading=\"lazy\" decoding=\"async\" class=\"alignnone wp-image-16501 size-medium\" src=\"http:\/\/www.maria-koenigin.de\/wordpress\/wp-content\/uploads\/2025\/07\/projekt-2024-300x220.png\" alt=\"\" width=\"300\" height=\"220\" srcset=\"https:\/\/www.maria-koenigin.de\/wordpress\/wp-content\/uploads\/2025\/07\/projekt-2024-300x220.png 300w, https:\/\/www.maria-koenigin.de\/wordpress\/wp-content\/uploads\/2025\/07\/projekt-2024-1024x750.png 1024w, https:\/\/www.maria-koenigin.de\/wordpress\/wp-content\/uploads\/2025\/07\/projekt-2024-768x563.png 768w, https:\/\/www.maria-koenigin.de\/wordpress\/wp-content\/uploads\/2025\/07\/projekt-2024-624x457.png 624w, https:\/\/www.maria-koenigin.de\/wordpress\/wp-content\/uploads\/2025\/07\/projekt-2024.png 1535w\" sizes=\"auto, (max-width: 300px) 100vw, 300px\" \/><\/a>\u00a0<a href=\"https:\/\/www.maria-koenigin.de\/?page_id=13826\"><img loading=\"lazy\" decoding=\"async\" class=\"alignnone wp-image-15884 size-medium\" src=\"http:\/\/www.maria-koenigin.de\/wordpress\/wp-content\/uploads\/2025\/03\/2022-300x220.png\" alt=\"\" width=\"300\" height=\"220\" srcset=\"https:\/\/www.maria-koenigin.de\/wordpress\/wp-content\/uploads\/2025\/03\/2022-300x220.png 300w, https:\/\/www.maria-koenigin.de\/wordpress\/wp-content\/uploads\/2025\/03\/2022-1024x750.png 1024w, https:\/\/www.maria-koenigin.de\/wordpress\/wp-content\/uploads\/2025\/03\/2022-768x563.png 768w, https:\/\/www.maria-koenigin.de\/wordpress\/wp-content\/uploads\/2025\/03\/2022-624x457.png 624w, https:\/\/www.maria-koenigin.de\/wordpress\/wp-content\/uploads\/2025\/03\/2022.png 1535w\" sizes=\"auto, (max-width: 300px) 100vw, 300px\" \/><\/a><a href=\"https:\/\/www.maria-koenigin.de\/?page_id=13845\"><img loading=\"lazy\" decoding=\"async\" class=\"alignnone wp-image-15886 size-medium\" src=\"http:\/\/www.maria-koenigin.de\/wordpress\/wp-content\/uploads\/2025\/03\/2021-300x220.png\" alt=\"\" width=\"300\" height=\"220\" srcset=\"https:\/\/www.maria-koenigin.de\/wordpress\/wp-content\/uploads\/2025\/03\/2021-300x220.png 300w, https:\/\/www.maria-koenigin.de\/wordpress\/wp-content\/uploads\/2025\/03\/2021-1024x750.png 1024w, https:\/\/www.maria-koenigin.de\/wordpress\/wp-content\/uploads\/2025\/03\/2021-768x563.png 768w, https:\/\/www.maria-koenigin.de\/wordpress\/wp-content\/uploads\/2025\/03\/2021-624x457.png 624w, https:\/\/www.maria-koenigin.de\/wordpress\/wp-content\/uploads\/2025\/03\/2021.png 1535w\" sizes=\"auto, (max-width: 300px) 100vw, 300px\" \/><\/a><a href=\"https:\/\/www.maria-koenigin.de\/?page_id=13856\"><img loading=\"lazy\" decoding=\"async\" class=\"alignnone wp-image-15887 size-medium\" src=\"http:\/\/www.maria-koenigin.de\/wordpress\/wp-content\/uploads\/2025\/03\/2019-300x220.png\" alt=\"\" width=\"300\" height=\"220\" srcset=\"https:\/\/www.maria-koenigin.de\/wordpress\/wp-content\/uploads\/2025\/03\/2019-300x220.png 300w, https:\/\/www.maria-koenigin.de\/wordpress\/wp-content\/uploads\/2025\/03\/2019-1024x750.png 1024w, https:\/\/www.maria-koenigin.de\/wordpress\/wp-content\/uploads\/2025\/03\/2019-768x563.png 768w, https:\/\/www.maria-koenigin.de\/wordpress\/wp-content\/uploads\/2025\/03\/2019-624x457.png 624w, https:\/\/www.maria-koenigin.de\/wordpress\/wp-content\/uploads\/2025\/03\/2019.png 1535w\" sizes=\"auto, (max-width: 300px) 100vw, 300px\" \/><\/a><a href=\"https:\/\/www.maria-koenigin.de\/?page_id=13869\"><img loading=\"lazy\" decoding=\"async\" class=\"alignnone wp-image-15889 size-medium\" src=\"http:\/\/www.maria-koenigin.de\/wordpress\/wp-content\/uploads\/2025\/03\/2018-300x220.png\" alt=\"\" width=\"300\" height=\"220\" srcset=\"https:\/\/www.maria-koenigin.de\/wordpress\/wp-content\/uploads\/2025\/03\/2018-300x220.png 300w, https:\/\/www.maria-koenigin.de\/wordpress\/wp-content\/uploads\/2025\/03\/2018-1024x750.png 1024w, https:\/\/www.maria-koenigin.de\/wordpress\/wp-content\/uploads\/2025\/03\/2018-768x563.png 768w, https:\/\/www.maria-koenigin.de\/wordpress\/wp-content\/uploads\/2025\/03\/2018-624x457.png 624w, https:\/\/www.maria-koenigin.de\/wordpress\/wp-content\/uploads\/2025\/03\/2018.png 1535w\" sizes=\"auto, (max-width: 300px) 100vw, 300px\" \/><\/a><\/p>\n<p><strong>weiter zu<\/strong><\/p>\n<p><a href=\"https:\/\/www.maria-koenigin.de\/?page_id=12738\">Konzept<\/a> \u00a0 <a href=\"https:\/\/www.maria-koenigin.de\/?page_id=12740\">Inhalte<\/a>\u00a0 \u00a0<a href=\"https:\/\/www.maria-koenigin.de\/?page_id=12742\">Partner<\/a><\/p>\n<p>&nbsp;<\/p>\n","protected":false},"excerpt":{"rendered":"<p>Das Herzst\u00fcck unserer Junior-Ingenieur-Akademie sind unsere Abschlussprojekte, die traditionell im zweiten Halbjahr des zweiten Akademiejahres stattfinden. Hier sollen die Sch\u00fclerinnen und Sch\u00fcler alle ihre zuvor erlernten Fertigkeiten anwenden und kombinieren, um ein praxisorientiertes Problem zu l\u00f6sen und ein Produkt herzustellen. Dabei k\u00f6nnen sie auf Fertigungstechniken wie z.B. L\u00f6ten, 3D-Druck, Lasercutting und CNC-Werkzeugmaschinen zur\u00fcckgreifen und programmierorientierte [&hellip;]<\/p>\n","protected":false},"author":1,"featured_media":0,"parent":0,"menu_order":0,"comment_status":"closed","ping_status":"closed","template":"","meta":{"ngg_post_thumbnail":0,"_mc_calendar":[],"footnotes":""},"class_list":["post-12746","page","type-page","status-publish","hentry"],"_links":{"self":[{"href":"https:\/\/www.maria-koenigin.de\/index.php?rest_route=\/wp\/v2\/pages\/12746","targetHints":{"allow":["GET"]}}],"collection":[{"href":"https:\/\/www.maria-koenigin.de\/index.php?rest_route=\/wp\/v2\/pages"}],"about":[{"href":"https:\/\/www.maria-koenigin.de\/index.php?rest_route=\/wp\/v2\/types\/page"}],"author":[{"embeddable":true,"href":"https:\/\/www.maria-koenigin.de\/index.php?rest_route=\/wp\/v2\/users\/1"}],"replies":[{"embeddable":true,"href":"https:\/\/www.maria-koenigin.de\/index.php?rest_route=%2Fwp%2Fv2%2Fcomments&post=12746"}],"version-history":[{"count":26,"href":"https:\/\/www.maria-koenigin.de\/index.php?rest_route=\/wp\/v2\/pages\/12746\/revisions"}],"predecessor-version":[{"id":13804,"href":"https:\/\/www.maria-koenigin.de\/index.php?rest_route=\/wp\/v2\/pages\/12746\/revisions\/13804"}],"wp:attachment":[{"href":"https:\/\/www.maria-koenigin.de\/index.php?rest_route=%2Fwp%2Fv2%2Fmedia&parent=12746"}],"curies":[{"name":"wp","href":"https:\/\/api.w.org\/{rel}","templated":true}]}}