{"id":13123,"date":"2023-11-02T14:03:09","date_gmt":"2023-11-02T13:03:09","guid":{"rendered":"http:\/\/www.maria-koenigin.de\/?page_id=13123"},"modified":"2025-10-15T01:15:58","modified_gmt":"2025-10-14T23:15:58","slug":"beratungslehrer","status":"publish","type":"page","link":"https:\/\/www.maria-koenigin.de\/?page_id=13123","title":{"rendered":"Beratung und Begleitung in der Oberstufe"},"content":{"rendered":"<p>Die gymnasiale Oberstufe umfasst insgesamt drei Jahre und beginnt mit der einj\u00e4hrigen Einf\u00fchrungsphase (EF), in der die Sch\u00fclerinnen und Sch\u00fcler inhaltlich und methodisch auf die Anforderungen der Oberstufe vorbereitet werden. Hieran schlie\u00dft sich die zweij\u00e4hrige Qualifikationsphase an (Q1 und Q2), an deren Ende die Abiturpr\u00fcfung steht.<\/p>\n<p>Die Organisation der gymnasialen Oberstufe ist komplex und die einzelne Sch\u00fclerlaufbahn aufgrund der Wahlm\u00f6glichkeiten individuell planbar. Ein Oberstufenteam, bestehend aus dem Oberstufenkoordinator und einem Jahrgangsstufenleiterteam (Beratungslehrer), begleitet die Sch\u00fclerinnen und Sch\u00fcler bereits ab dem Ende der 10. Klasse, um den \u00dcbergang in die Einf\u00fchrungsphase reibungslos zu gestalten. Die Beratungslehrer beraten bei der Wahl der Schullaufbahn und pr\u00fcfen zu Beginn eines jeden Schulhalbjahres, ob die Wahl- und Belegungsbedingungen erf\u00fcllt sind. Auch in allen anderen Fragen und Anliegen werden die Sch\u00fclerinnen und Sch\u00fcler w\u00e4hrend der gesamten Zeit bis hin zum Abitur kontinuierlich und verl\u00e4sslich durch den Koordinator und sein Beratungslehrerteam begleitet.<\/p>\n<p>Als Koordinator steht Herr Quast jederzeit per E-Mail (quast[at]maria-koenigin.de) oder \u00fcber das Sekretariat (Tel.: 02723-68780) zur Verf\u00fcgung. Auf diesem Weg k\u00f6nnen auch telefonische oder pers\u00f6nliche Beratungsgespr\u00e4che vereinbart werden.<\/p>\n<p>&nbsp;<\/p>\n<div id=\"attachment_17038\" style=\"width: 190px\" class=\"wp-caption alignnone\"><img loading=\"lazy\" decoding=\"async\" aria-describedby=\"caption-attachment-17038\" class=\"wp-image-17038\" src=\"http:\/\/www.maria-koenigin.de\/wordpress\/wp-content\/uploads\/2025\/10\/Timo-Quast-1-240x300.jpg\" alt=\"\" width=\"180\" height=\"225\" srcset=\"https:\/\/www.maria-koenigin.de\/wordpress\/wp-content\/uploads\/2025\/10\/Timo-Quast-1-240x300.jpg 240w, https:\/\/www.maria-koenigin.de\/wordpress\/wp-content\/uploads\/2025\/10\/Timo-Quast-1.jpg 283w\" sizes=\"auto, (max-width: 180px) 100vw, 180px\" \/><p id=\"caption-attachment-17038\" class=\"wp-caption-text\">Timo Quast<\/p><\/div>\n<p>&nbsp;<\/p>\n<p><strong>Das Beratungslehrerteam der im Schuljahr 2025\/26 beginnenden Einf\u00fchrungsphase<\/strong><\/p>\n<div id=\"attachment_16743\" style=\"width: 1930px\" class=\"wp-caption alignnone\"><img loading=\"lazy\" decoding=\"async\" aria-describedby=\"caption-attachment-16743\" class=\"wp-image-16743 size-full\" src=\"http:\/\/www.maria-koenigin.de\/wordpress\/wp-content\/uploads\/2025\/08\/R7TH0075-Stufenleitung-11.jpg\" alt=\"\" width=\"1920\" height=\"1920\" srcset=\"https:\/\/www.maria-koenigin.de\/wordpress\/wp-content\/uploads\/2025\/08\/R7TH0075-Stufenleitung-11.jpg 1920w, https:\/\/www.maria-koenigin.de\/wordpress\/wp-content\/uploads\/2025\/08\/R7TH0075-Stufenleitung-11-300x300.jpg 300w, https:\/\/www.maria-koenigin.de\/wordpress\/wp-content\/uploads\/2025\/08\/R7TH0075-Stufenleitung-11-1024x1024.jpg 1024w, https:\/\/www.maria-koenigin.de\/wordpress\/wp-content\/uploads\/2025\/08\/R7TH0075-Stufenleitung-11-150x150.jpg 150w, https:\/\/www.maria-koenigin.de\/wordpress\/wp-content\/uploads\/2025\/08\/R7TH0075-Stufenleitung-11-768x768.jpg 768w, https:\/\/www.maria-koenigin.de\/wordpress\/wp-content\/uploads\/2025\/08\/R7TH0075-Stufenleitung-11-1536x1536.jpg 1536w, https:\/\/www.maria-koenigin.de\/wordpress\/wp-content\/uploads\/2025\/08\/R7TH0075-Stufenleitung-11-624x624.jpg 624w\" sizes=\"auto, (max-width: 1920px) 100vw, 1920px\" \/><p id=\"caption-attachment-16743\" class=\"wp-caption-text\">v.l.n.r.: Peter Peil, Manuel Vormweg<\/p><\/div>\n<p><strong>Ein Angebot f\u00fcr k\u00fcnftige Seiteneinsteiger<\/strong><\/p>\n<p>F\u00fcr interessierte Seiteneinsteiger aus der Realschule Grevenbr\u00fcck und der Sekundarschule Hundem-Lenne wird ein fr\u00fches Kennenlernen unserer Schule erm\u00f6glicht. In einem sechs Doppelstunden umfassenden Kurs im ersten Halbjahr des letzten Jahres der Mittelstufe werden die Struktur der gymnasialen Oberstufe, Besonderheiten im Schulleben an Maria K\u00f6nigin, der Stand der Digitalisierung, die Arbeitsweise im Unterricht der Oberstufe und das neue Fach Technik vorgestellt. Dies erm\u00f6glicht eine fundierte Entscheidung bez\u00fcglich der weiteren Schullaufbahn.<\/p>\n","protected":false},"excerpt":{"rendered":"<p>Die gymnasiale Oberstufe umfasst insgesamt drei Jahre und beginnt mit der einj\u00e4hrigen Einf\u00fchrungsphase (EF), in der die Sch\u00fclerinnen und Sch\u00fcler inhaltlich und methodisch auf die Anforderungen der Oberstufe vorbereitet werden. Hieran schlie\u00dft sich die zweij\u00e4hrige Qualifikationsphase an (Q1 und Q2), an deren Ende die Abiturpr\u00fcfung steht. Die Organisation der gymnasialen Oberstufe ist komplex und die [&hellip;]<\/p>\n","protected":false},"author":1,"featured_media":0,"parent":0,"menu_order":0,"comment_status":"closed","ping_status":"closed","template":"","meta":{"ngg_post_thumbnail":0,"_mc_calendar":[],"footnotes":""},"class_list":["post-13123","page","type-page","status-publish","hentry"],"_links":{"self":[{"href":"https:\/\/www.maria-koenigin.de\/index.php?rest_route=\/wp\/v2\/pages\/13123","targetHints":{"allow":["GET"]}}],"collection":[{"href":"https:\/\/www.maria-koenigin.de\/index.php?rest_route=\/wp\/v2\/pages"}],"about":[{"href":"https:\/\/www.maria-koenigin.de\/index.php?rest_route=\/wp\/v2\/types\/page"}],"author":[{"embeddable":true,"href":"https:\/\/www.maria-koenigin.de\/index.php?rest_route=\/wp\/v2\/users\/1"}],"replies":[{"embeddable":true,"href":"https:\/\/www.maria-koenigin.de\/index.php?rest_route=%2Fwp%2Fv2%2Fcomments&post=13123"}],"version-history":[{"count":13,"href":"https:\/\/www.maria-koenigin.de\/index.php?rest_route=\/wp\/v2\/pages\/13123\/revisions"}],"predecessor-version":[{"id":17039,"href":"https:\/\/www.maria-koenigin.de\/index.php?rest_route=\/wp\/v2\/pages\/13123\/revisions\/17039"}],"wp:attachment":[{"href":"https:\/\/www.maria-koenigin.de\/index.php?rest_route=%2Fwp%2Fv2%2Fmedia&parent=13123"}],"curies":[{"name":"wp","href":"https:\/\/api.w.org\/{rel}","templated":true}]}}