{"id":13711,"date":"2024-02-11T14:14:26","date_gmt":"2024-02-11T13:14:26","guid":{"rendered":"https:\/\/www.maria-koenigin.de\/?page_id=13711"},"modified":"2025-10-15T01:33:19","modified_gmt":"2025-10-14T23:33:19","slug":"polen-2","status":"publish","type":"page","link":"https:\/\/www.maria-koenigin.de\/?page_id=13711","title":{"rendered":"Polen"},"content":{"rendered":"<h3>Austauschbegegnung mit Polen (Jahrgangsstufen 8 und 9)<\/h3>\n<p>Mit unserer polnischen Partnerschule in Otwock, der Partnerstadt von Lennestadt, bieten wir seit dem Schuljahr 2024\/25 eine Drittortbegegnung auf \u201ehalber Strecke\u201c in der N\u00e4he von Berlin an. Das Gymnasium Nr. 96 wurde \u2013 wie unsere Schule \u2013 vom Orden der Missionare von der Heiligen Familie gegr\u00fcndet. Auf diesem Wege ist im Jahr 2000 auch der Kontakt zustande gekommen.<\/p>\n<p>An der f\u00fcnft\u00e4gigen Begegnung, die vom Deutsch-Polnischen Jugendwerk gro\u00dfz\u00fcgig unterst\u00fctzt wird, beteiligt sich die Abschlussklasse der einz\u00fcgigen Partnerschule (ca. 15 Sch\u00fcler:innen) und eine vergleichbar gro\u00dfe Sch\u00fclergruppe unserer Jahrgangsstufe 9. Das Projekt findet im ersten Schulhalbjahr statt.&nbsp;<\/p>\n<p>Ort des Austausches ist Brandenburg, wo verschiedene Bildungseinrichtungen flexible Programme anbieten. Es gibt ein Thema, an dem die deutschen und polnischen Sch\u00fcler:innen zusammen mit Referenten und \u00dcbersetzern gemeinsam arbeiten, wobei zur Verst\u00e4ndigung \u00fcberwiegend die englische Sprache eingesetzt wird. Da die Unterk\u00fcnfte meist in der Natur liegen, umgeben von Seen, Fl\u00fcssen und W\u00e4ldern, bietet sich als Themenschwerpunkt \u201eNaturerkundung\u201c an. Das Freizeitprogramm umfasst einen Ausflug nach Berlin, gemeinsames Kochen sowie Abendveranstaltungen zum gegenseitigen Kennenlernen und auch eine Disco.<\/p>\n<p>Mit dem Angebot wollen wir unseren Sch\u00fcler:innen erm\u00f6glichen, im zusammenwachsenden Europa Kontakte zu kn\u00fcpfen, um Vorurteile abzubauen und ihren Horizont zu erweitern. Die Orientierung nach Osten, in unser Nachbarland Polen, ist uns wichtig, weil die Reisewege in den Ferien noch selten dorthin f\u00fchren. Auch wenn wir uns nicht in Polen aufhalten, erfahren wir im Programm viel \u00fcber das Land.<\/p>\n<p><img loading=\"lazy\" decoding=\"async\" class=\"alignnone wp-image-13716 size-large\" src=\"http:\/\/www.maria-koenigin.de\/wordpress\/wp-content\/uploads\/2024\/02\/Unbenannte-Anlage-00064-1024x768.jpg\" alt=\"\" width=\"625\" height=\"469\" srcset=\"https:\/\/www.maria-koenigin.de\/wordpress\/wp-content\/uploads\/2024\/02\/Unbenannte-Anlage-00064-1024x768.jpg 1024w, https:\/\/www.maria-koenigin.de\/wordpress\/wp-content\/uploads\/2024\/02\/Unbenannte-Anlage-00064-300x225.jpg 300w, https:\/\/www.maria-koenigin.de\/wordpress\/wp-content\/uploads\/2024\/02\/Unbenannte-Anlage-00064-768x576.jpg 768w, https:\/\/www.maria-koenigin.de\/wordpress\/wp-content\/uploads\/2024\/02\/Unbenannte-Anlage-00064-1536x1152.jpg 1536w, https:\/\/www.maria-koenigin.de\/wordpress\/wp-content\/uploads\/2024\/02\/Unbenannte-Anlage-00064-2048x1536.jpg 2048w, https:\/\/www.maria-koenigin.de\/wordpress\/wp-content\/uploads\/2024\/02\/Unbenannte-Anlage-00064-624x468.jpg 624w\" sizes=\"auto, (max-width: 625px) 100vw, 625px\" \/><\/p>\n","protected":false},"excerpt":{"rendered":"<p>Austauschbegegnung mit Polen (Jahrgangsstufen 8 und 9) Mit unserer polnischen Partnerschule in Otwock, der Partnerstadt von Lennestadt, bieten wir seit dem Schuljahr 2024\/25 eine Drittortbegegnung auf \u201ehalber Strecke\u201c in der N\u00e4he von Berlin an. Das Gymnasium Nr. 96 wurde \u2013 wie unsere Schule \u2013 vom Orden der Missionare von der Heiligen Familie gegr\u00fcndet. Auf diesem [&hellip;]<\/p>\n","protected":false},"author":15,"featured_media":0,"parent":98,"menu_order":0,"comment_status":"closed","ping_status":"closed","template":"","meta":{"ngg_post_thumbnail":0,"_mc_calendar":[],"footnotes":""},"class_list":["post-13711","page","type-page","status-publish","hentry"],"_links":{"self":[{"href":"https:\/\/www.maria-koenigin.de\/index.php?rest_route=\/wp\/v2\/pages\/13711","targetHints":{"allow":["GET"]}}],"collection":[{"href":"https:\/\/www.maria-koenigin.de\/index.php?rest_route=\/wp\/v2\/pages"}],"about":[{"href":"https:\/\/www.maria-koenigin.de\/index.php?rest_route=\/wp\/v2\/types\/page"}],"author":[{"embeddable":true,"href":"https:\/\/www.maria-koenigin.de\/index.php?rest_route=\/wp\/v2\/users\/15"}],"replies":[{"embeddable":true,"href":"https:\/\/www.maria-koenigin.de\/index.php?rest_route=%2Fwp%2Fv2%2Fcomments&post=13711"}],"version-history":[{"count":7,"href":"https:\/\/www.maria-koenigin.de\/index.php?rest_route=\/wp\/v2\/pages\/13711\/revisions"}],"predecessor-version":[{"id":17054,"href":"https:\/\/www.maria-koenigin.de\/index.php?rest_route=\/wp\/v2\/pages\/13711\/revisions\/17054"}],"up":[{"embeddable":true,"href":"https:\/\/www.maria-koenigin.de\/index.php?rest_route=\/wp\/v2\/pages\/98"}],"wp:attachment":[{"href":"https:\/\/www.maria-koenigin.de\/index.php?rest_route=%2Fwp%2Fv2%2Fmedia&parent=13711"}],"curies":[{"name":"wp","href":"https:\/\/api.w.org\/{rel}","templated":true}]}}