{"id":13760,"date":"2024-02-18T10:45:52","date_gmt":"2024-02-18T09:45:52","guid":{"rendered":"http:\/\/www.maria-koenigin.de\/?page_id=13760"},"modified":"2026-04-13T15:15:44","modified_gmt":"2026-04-13T13:15:44","slug":"aktuelles-im-mint-bereich","status":"publish","type":"page","link":"https:\/\/www.maria-koenigin.de\/?page_id=13760","title":{"rendered":"Aktuelles im MINT-Bereich"},"content":{"rendered":"<ul>\n<li>\n<h1>Aktuelle Termine<\/h1>\n<\/li>\n<\/ul>\n<p><span style=\"font-size: 14px;\"> Wann?<\/span><span style=\"font-size: 14px;\"> Was?<\/span><span style=\"font-size: 14px;\">Ansprechpartner<\/span><\/p>\n<table border=\"3\" width=\"100%\" cellspacing=\"1\" cellpadding=\"1\">\n<thead>\n<tr>\n<td style=\"background-color: #eeeeee; vertical-align: middle; width: 30px;\">16+23.04.2026<\/td>\n<td style=\"background-color: #eeeeee; vertical-align: middle; width: 30px;\">Projekt \u201eGesundheit ist Leben\u201c (6er)<\/td>\n<td style=\"background-color: #eeeeee; vertical-align: middle; width: 30px;\">Frau Schell<\/td>\n<\/tr>\n<tr>\n<td style=\"height: 40px; vertical-align: middle; width: 30px;\">18.4.2026<\/td>\n<td style=\"height: 40px; vertical-align: middle; width: 30px;\">Tage der Sauberkeit<\/td>\n<td style=\"height: 40px; vertical-align: middle; width: 30px;\">Herr Th\u00f6ne<\/td>\n<\/tr>\n<tr>\n<td style=\"background-color: #eeeeee; vertical-align: middle; width: 30px;\">20.04.2026<\/td>\n<td style=\"background-color: #eeeeee; vertical-align: middle; width: 30px;\">Feuer und Flamme<\/td>\n<td style=\"background-color: #eeeeee; vertical-align: middle; width: 30px;\">Herr Wiese<\/td>\n<\/tr>\n<tr>\n<td style=\"height: 40px; vertical-align: middle; width: 30px;\">28.4.2026<\/td>\n<td style=\"height: 40px; vertical-align: middle; width: 30px;\">zdi Roboterwettbewerb Lokalrunde<\/td>\n<td style=\"height: 40px; vertical-align: middle; width: 30px;\">Herr Walter<\/td>\n<\/tr>\n<\/thead>\n<\/table>\n<ul>\n<li>\n<h1>Eine vollst\u00e4ndige \u00dcbersicht der MINT Termine mit weiteren Informationen befinden sich in unserem:<\/h1>\n<\/li>\n<\/ul>\n<h1>\u00a0 \u00a0 \u00a0 \u00a0 \u00a0 \u00a0 \u00a0 \u00a0 \u00a0 \u00a0 \u00a0 \u00a0 \u00a0 \u00a0 \u00a0 \u00a0 \u00a0 \u00a0 <a href=\"http:\/\/www.maria-koenigin.de\/wordpress\/wp-content\/uploads\/2026\/03\/jahresplan-MINT_25_26.pdf\">Jahresplan-MINT<\/a><\/h1>\n<ul>\n<li>\n<h1>Berichte von vergangenen MINT-Veranstaltungen gibt es <a href=\"http:\/\/www.maria-koenigin.de\/?cat=19\" target=\"_blank\" rel=\"noopener\">hier<\/a>.<\/h1>\n<\/li>\n<li>\n<h1><strong>Exkursion JIA 9 zur LEWA Attendorn<\/strong><\/h1>\n<\/li>\n<\/ul>\n<p><img loading=\"lazy\" decoding=\"async\" class=\"alignnone wp-image-17675 size-full\" src=\"http:\/\/www.maria-koenigin.de\/wordpress\/wp-content\/uploads\/2026\/04\/20260326_101229-scaled.jpg\" alt=\"\" width=\"2560\" height=\"1920\" srcset=\"https:\/\/www.maria-koenigin.de\/wordpress\/wp-content\/uploads\/2026\/04\/20260326_101229-scaled.jpg 2560w, https:\/\/www.maria-koenigin.de\/wordpress\/wp-content\/uploads\/2026\/04\/20260326_101229-300x225.jpg 300w, https:\/\/www.maria-koenigin.de\/wordpress\/wp-content\/uploads\/2026\/04\/20260326_101229-1024x768.jpg 1024w, https:\/\/www.maria-koenigin.de\/wordpress\/wp-content\/uploads\/2026\/04\/20260326_101229-768x576.jpg 768w, https:\/\/www.maria-koenigin.de\/wordpress\/wp-content\/uploads\/2026\/04\/20260326_101229-1536x1152.jpg 1536w, https:\/\/www.maria-koenigin.de\/wordpress\/wp-content\/uploads\/2026\/04\/20260326_101229-2048x1536.jpg 2048w, https:\/\/www.maria-koenigin.de\/wordpress\/wp-content\/uploads\/2026\/04\/20260326_101229-624x468.jpg 624w\" sizes=\"auto, (max-width: 2560px) 100vw, 2560px\" \/><\/p>\n<p>Knobeln, programmieren, l\u00f6ten \u2013 bei unserer Exkursion zur Lehrwerkstatt wurde schnell klar: Hier ist eigenes Denken und Ausprobieren gefragt &#x1f527;&#x26a1;<br \/>\nIm Robotik-Workshop konnten unsere Sch\u00fcler der Junior Ingenieur Akademie selbst aktiv werden und einen Roboterarm steuern. Die Aufgabe: eine Route von der LEVA bis zum Gymnasium Maria K\u00f6nigin programmieren &#x1f5fa;&#xfe0f;<br \/>\nDabei ging es nicht nur darum, den richtigen Weg zu finden, sondern auch strategisch zu planen:<br \/>\n&#x1f697; unterschiedliche Geschwindigkeiten ber\u00fccksichtigen<br \/>\n&#x1f6e3;&#xfe0f; zwischen Bundes- und Landstra\u00dfe unterscheiden<br \/>\n&#x1f3c1; und im kleinen Wettbewerb die beste L\u00f6sung entwickeln<br \/>\nParallel dazu wurde im L\u00f6tworkshop hochkonzentriert gearbeitet &#x1f525;<br \/>\nHier vertieften die Sch\u00fcler ihre bereits im Dezember erworbenen Kenntnisse und fertigten eigene Sch\u00fcttelw\u00fcrfel an \u2013 nat\u00fcrlich zum Mitnehmen &#x1f4a1;<br \/>\nDie Exkursion ist Teil einer langj\u00e4hrigen und bew\u00e4hrten Kooperation mit der Lehrwerkstatt, die wir auch in diesem Jahr erfolgreich fortf\u00fchren konnten.<br \/>\nAls MINT-Exzellenzschule ist es f\u00fcr uns ein zentraler Anspruch, technische Inhalte nicht nur im Unterricht zu behandeln, sondern sie f\u00fcr die Sch\u00fcler konkret erfahrbar und anwendbar zu machen. Genau solche Projekte leisten dazu einen wichtigen Beitrag und f\u00f6rdern nachhaltiges Verst\u00e4ndnis sowie echtes Interesse an technischen Fragestellungen &#x1f680;<\/p>\n<p><img loading=\"lazy\" decoding=\"async\" class=\"alignnone wp-image-17674 size-full\" src=\"http:\/\/www.maria-koenigin.de\/wordpress\/wp-content\/uploads\/2026\/04\/20260326_093716-scaled.jpg\" alt=\"\" width=\"2560\" height=\"1920\" srcset=\"https:\/\/www.maria-koenigin.de\/wordpress\/wp-content\/uploads\/2026\/04\/20260326_093716-scaled.jpg 2560w, https:\/\/www.maria-koenigin.de\/wordpress\/wp-content\/uploads\/2026\/04\/20260326_093716-300x225.jpg 300w, https:\/\/www.maria-koenigin.de\/wordpress\/wp-content\/uploads\/2026\/04\/20260326_093716-1024x768.jpg 1024w, https:\/\/www.maria-koenigin.de\/wordpress\/wp-content\/uploads\/2026\/04\/20260326_093716-768x576.jpg 768w, https:\/\/www.maria-koenigin.de\/wordpress\/wp-content\/uploads\/2026\/04\/20260326_093716-1536x1152.jpg 1536w, https:\/\/www.maria-koenigin.de\/wordpress\/wp-content\/uploads\/2026\/04\/20260326_093716-2048x1536.jpg 2048w, https:\/\/www.maria-koenigin.de\/wordpress\/wp-content\/uploads\/2026\/04\/20260326_093716-624x468.jpg 624w\" sizes=\"auto, (max-width: 2560px) 100vw, 2560px\" \/> \u00a0<img loading=\"lazy\" decoding=\"async\" class=\"alignnone wp-image-17676 size-full\" src=\"http:\/\/www.maria-koenigin.de\/wordpress\/wp-content\/uploads\/2026\/04\/20260326_102818-scaled.jpg\" alt=\"\" width=\"2560\" height=\"1920\" srcset=\"https:\/\/www.maria-koenigin.de\/wordpress\/wp-content\/uploads\/2026\/04\/20260326_102818-scaled.jpg 2560w, https:\/\/www.maria-koenigin.de\/wordpress\/wp-content\/uploads\/2026\/04\/20260326_102818-300x225.jpg 300w, https:\/\/www.maria-koenigin.de\/wordpress\/wp-content\/uploads\/2026\/04\/20260326_102818-1024x768.jpg 1024w, https:\/\/www.maria-koenigin.de\/wordpress\/wp-content\/uploads\/2026\/04\/20260326_102818-768x576.jpg 768w, https:\/\/www.maria-koenigin.de\/wordpress\/wp-content\/uploads\/2026\/04\/20260326_102818-1536x1152.jpg 1536w, https:\/\/www.maria-koenigin.de\/wordpress\/wp-content\/uploads\/2026\/04\/20260326_102818-2048x1536.jpg 2048w, https:\/\/www.maria-koenigin.de\/wordpress\/wp-content\/uploads\/2026\/04\/20260326_102818-624x468.jpg 624w\" sizes=\"auto, (max-width: 2560px) 100vw, 2560px\" \/> <img loading=\"lazy\" decoding=\"async\" class=\"alignnone wp-image-17677 size-full\" src=\"http:\/\/www.maria-koenigin.de\/wordpress\/wp-content\/uploads\/2026\/04\/20260326_093742-scaled.jpg\" alt=\"\" width=\"2560\" height=\"1920\" srcset=\"https:\/\/www.maria-koenigin.de\/wordpress\/wp-content\/uploads\/2026\/04\/20260326_093742-scaled.jpg 2560w, https:\/\/www.maria-koenigin.de\/wordpress\/wp-content\/uploads\/2026\/04\/20260326_093742-300x225.jpg 300w, https:\/\/www.maria-koenigin.de\/wordpress\/wp-content\/uploads\/2026\/04\/20260326_093742-1024x768.jpg 1024w, https:\/\/www.maria-koenigin.de\/wordpress\/wp-content\/uploads\/2026\/04\/20260326_093742-768x576.jpg 768w, https:\/\/www.maria-koenigin.de\/wordpress\/wp-content\/uploads\/2026\/04\/20260326_093742-1536x1152.jpg 1536w, https:\/\/www.maria-koenigin.de\/wordpress\/wp-content\/uploads\/2026\/04\/20260326_093742-2048x1536.jpg 2048w, https:\/\/www.maria-koenigin.de\/wordpress\/wp-content\/uploads\/2026\/04\/20260326_093742-624x468.jpg 624w\" sizes=\"auto, (max-width: 2560px) 100vw, 2560px\" \/> <img loading=\"lazy\" decoding=\"async\" class=\"alignnone wp-image-17678 size-full\" src=\"http:\/\/www.maria-koenigin.de\/wordpress\/wp-content\/uploads\/2026\/04\/20260326_094343-scaled.jpg\" alt=\"\" width=\"2560\" height=\"1920\" srcset=\"https:\/\/www.maria-koenigin.de\/wordpress\/wp-content\/uploads\/2026\/04\/20260326_094343-scaled.jpg 2560w, https:\/\/www.maria-koenigin.de\/wordpress\/wp-content\/uploads\/2026\/04\/20260326_094343-300x225.jpg 300w, https:\/\/www.maria-koenigin.de\/wordpress\/wp-content\/uploads\/2026\/04\/20260326_094343-1024x768.jpg 1024w, https:\/\/www.maria-koenigin.de\/wordpress\/wp-content\/uploads\/2026\/04\/20260326_094343-768x576.jpg 768w, https:\/\/www.maria-koenigin.de\/wordpress\/wp-content\/uploads\/2026\/04\/20260326_094343-1536x1152.jpg 1536w, https:\/\/www.maria-koenigin.de\/wordpress\/wp-content\/uploads\/2026\/04\/20260326_094343-2048x1536.jpg 2048w, https:\/\/www.maria-koenigin.de\/wordpress\/wp-content\/uploads\/2026\/04\/20260326_094343-624x468.jpg 624w\" sizes=\"auto, (max-width: 2560px) 100vw, 2560px\" \/> \u00a0<img loading=\"lazy\" decoding=\"async\" class=\"alignnone wp-image-17680 size-full\" src=\"http:\/\/www.maria-koenigin.de\/wordpress\/wp-content\/uploads\/2026\/04\/20260326_1114530-scaled.jpg\" alt=\"\" width=\"2560\" height=\"1920\" srcset=\"https:\/\/www.maria-koenigin.de\/wordpress\/wp-content\/uploads\/2026\/04\/20260326_1114530-scaled.jpg 2560w, https:\/\/www.maria-koenigin.de\/wordpress\/wp-content\/uploads\/2026\/04\/20260326_1114530-300x225.jpg 300w, https:\/\/www.maria-koenigin.de\/wordpress\/wp-content\/uploads\/2026\/04\/20260326_1114530-1024x768.jpg 1024w, https:\/\/www.maria-koenigin.de\/wordpress\/wp-content\/uploads\/2026\/04\/20260326_1114530-768x576.jpg 768w, https:\/\/www.maria-koenigin.de\/wordpress\/wp-content\/uploads\/2026\/04\/20260326_1114530-1536x1152.jpg 1536w, https:\/\/www.maria-koenigin.de\/wordpress\/wp-content\/uploads\/2026\/04\/20260326_1114530-2048x1536.jpg 2048w, https:\/\/www.maria-koenigin.de\/wordpress\/wp-content\/uploads\/2026\/04\/20260326_1114530-624x468.jpg 624w\" sizes=\"auto, (max-width: 2560px) 100vw, 2560px\" \/> \u00a0<img loading=\"lazy\" decoding=\"async\" class=\"alignnone wp-image-17682 size-full\" src=\"http:\/\/www.maria-koenigin.de\/wordpress\/wp-content\/uploads\/2026\/04\/20260326_095951-scaled.jpg\" alt=\"\" width=\"2560\" height=\"1920\" srcset=\"https:\/\/www.maria-koenigin.de\/wordpress\/wp-content\/uploads\/2026\/04\/20260326_095951-scaled.jpg 2560w, https:\/\/www.maria-koenigin.de\/wordpress\/wp-content\/uploads\/2026\/04\/20260326_095951-300x225.jpg 300w, https:\/\/www.maria-koenigin.de\/wordpress\/wp-content\/uploads\/2026\/04\/20260326_095951-1024x768.jpg 1024w, https:\/\/www.maria-koenigin.de\/wordpress\/wp-content\/uploads\/2026\/04\/20260326_095951-768x576.jpg 768w, https:\/\/www.maria-koenigin.de\/wordpress\/wp-content\/uploads\/2026\/04\/20260326_095951-1536x1152.jpg 1536w, https:\/\/www.maria-koenigin.de\/wordpress\/wp-content\/uploads\/2026\/04\/20260326_095951-2048x1536.jpg 2048w, https:\/\/www.maria-koenigin.de\/wordpress\/wp-content\/uploads\/2026\/04\/20260326_095951-624x468.jpg 624w\" sizes=\"auto, (max-width: 2560px) 100vw, 2560px\" \/> <img loading=\"lazy\" decoding=\"async\" class=\"alignnone wp-image-17683 size-full\" src=\"http:\/\/www.maria-koenigin.de\/wordpress\/wp-content\/uploads\/2026\/04\/20260326_103557-scaled.jpg\" alt=\"\" width=\"2560\" height=\"1920\" srcset=\"https:\/\/www.maria-koenigin.de\/wordpress\/wp-content\/uploads\/2026\/04\/20260326_103557-scaled.jpg 2560w, https:\/\/www.maria-koenigin.de\/wordpress\/wp-content\/uploads\/2026\/04\/20260326_103557-300x225.jpg 300w, https:\/\/www.maria-koenigin.de\/wordpress\/wp-content\/uploads\/2026\/04\/20260326_103557-1024x768.jpg 1024w, https:\/\/www.maria-koenigin.de\/wordpress\/wp-content\/uploads\/2026\/04\/20260326_103557-768x576.jpg 768w, https:\/\/www.maria-koenigin.de\/wordpress\/wp-content\/uploads\/2026\/04\/20260326_103557-1536x1152.jpg 1536w, https:\/\/www.maria-koenigin.de\/wordpress\/wp-content\/uploads\/2026\/04\/20260326_103557-2048x1536.jpg 2048w, https:\/\/www.maria-koenigin.de\/wordpress\/wp-content\/uploads\/2026\/04\/20260326_103557-624x468.jpg 624w\" sizes=\"auto, (max-width: 2560px) 100vw, 2560px\" \/><\/p>\n<ul>\n<li>\n<h1><strong>Impressionen Pr\u00e4ventionsprojekt Es(s) geht um mehr<\/strong><\/h1>\n<\/li>\n<\/ul>\n<p><a href=\"http:\/\/www.maria-koenigin.de\/wordpress\/wp-content\/uploads\/2026\/03\/20260225_124623-scaled.jpg\"><img loading=\"lazy\" decoding=\"async\" class=\"alignnone wp-image-17582 size-full\" src=\"http:\/\/www.maria-koenigin.de\/wordpress\/wp-content\/uploads\/2026\/03\/20260225_122115-scaled.jpg\" alt=\"\" width=\"2560\" height=\"1920\" srcset=\"https:\/\/www.maria-koenigin.de\/wordpress\/wp-content\/uploads\/2026\/03\/20260225_122115-scaled.jpg 2560w, https:\/\/www.maria-koenigin.de\/wordpress\/wp-content\/uploads\/2026\/03\/20260225_122115-300x225.jpg 300w, https:\/\/www.maria-koenigin.de\/wordpress\/wp-content\/uploads\/2026\/03\/20260225_122115-1024x768.jpg 1024w, https:\/\/www.maria-koenigin.de\/wordpress\/wp-content\/uploads\/2026\/03\/20260225_122115-768x576.jpg 768w, https:\/\/www.maria-koenigin.de\/wordpress\/wp-content\/uploads\/2026\/03\/20260225_122115-1536x1152.jpg 1536w, https:\/\/www.maria-koenigin.de\/wordpress\/wp-content\/uploads\/2026\/03\/20260225_122115-2048x1536.jpg 2048w, https:\/\/www.maria-koenigin.de\/wordpress\/wp-content\/uploads\/2026\/03\/20260225_122115-624x468.jpg 624w\" sizes=\"auto, (max-width: 2560px) 100vw, 2560px\" \/><\/a><\/p>\n<p style=\"text-align: justify;\">Dritte Runde f\u00fcr \u201eEs(s) geht um mehr \u2013 Essen ist Leben\u201c &#x1f34e;<\/p>\n<p style=\"text-align: justify;\">Unser Pr\u00e4ventionsprojekt f\u00fcr die Jahrgangsstufe 9, angebunden an das Fach Biologie, geht in die n\u00e4chste Runde \u2013 und wurde in diesem Jahr sogar ins Rampenlicht ger\u00fcckt.<\/p>\n<p style=\"text-align: justify;\">Die AOK NordWest erm\u00f6glicht seit vielen Jahren das erfolgreiche Pr\u00e4ventionstheater \u201eP\u00fcppchen\u201c an Schulen \u2013 in diesem Jahr erstmals auch bei uns am MK. Das St\u00fcck greift die Lebens- und Erfahrungswelt der Jugendlichen auf und zeigt eindr\u00fccklich, wie Probleme mit dem Essen entstehen k\u00f6nnen \u2013 und vor allem, welche Wege es daraus gibt. Im Anschluss wurden die Inhalte klassenweise gemeinsam mit den Theaterp\u00e4dagoginnen sowie Frau Rump und Frau Schell reflektiert und vertieft.<\/p>\n<p style=\"text-align: justify;\">Ein zweiter Baustein war ein Koch-Workshop im benachbarten Jugendhof. Gemeinsam mit Diplom-\u00d6kotrophologin Eva Hennes stand hier die positive Beziehung zum Essen im Mittelpunkt: Lebensmittel neu entdecken, gemeinsam kochen, ausprobieren \u2013 und die Ergebnisse nat\u00fcrlich auch zusammen genie\u00dfen. Dabei wurde so manches Kochtalent sichtbar.<\/p>\n<p style=\"text-align: justify;\">Ein herzliches Dankesch\u00f6n an unsere 9er-Klassen f\u00fcr ihre Offenheit und ihr engagiertes Mitwirken. &#x1f44f;<\/p>\n<p><img loading=\"lazy\" decoding=\"async\" class=\"alignnone wp-image-17585 size-full\" src=\"http:\/\/www.maria-koenigin.de\/wordpress\/wp-content\/uploads\/2026\/03\/20260225_123542-scaled.jpg\" alt=\"\" width=\"2560\" height=\"1920\" srcset=\"https:\/\/www.maria-koenigin.de\/wordpress\/wp-content\/uploads\/2026\/03\/20260225_123542-scaled.jpg 2560w, https:\/\/www.maria-koenigin.de\/wordpress\/wp-content\/uploads\/2026\/03\/20260225_123542-300x225.jpg 300w, https:\/\/www.maria-koenigin.de\/wordpress\/wp-content\/uploads\/2026\/03\/20260225_123542-1024x768.jpg 1024w, https:\/\/www.maria-koenigin.de\/wordpress\/wp-content\/uploads\/2026\/03\/20260225_123542-768x576.jpg 768w, https:\/\/www.maria-koenigin.de\/wordpress\/wp-content\/uploads\/2026\/03\/20260225_123542-1536x1152.jpg 1536w, https:\/\/www.maria-koenigin.de\/wordpress\/wp-content\/uploads\/2026\/03\/20260225_123542-2048x1536.jpg 2048w, https:\/\/www.maria-koenigin.de\/wordpress\/wp-content\/uploads\/2026\/03\/20260225_123542-624x468.jpg 624w\" sizes=\"auto, (max-width: 2560px) 100vw, 2560px\" \/><img loading=\"lazy\" decoding=\"async\" class=\"alignnone wp-image-17580 size-full\" src=\"http:\/\/www.maria-koenigin.de\/wordpress\/wp-content\/uploads\/2026\/03\/20260225_124623-scaled.jpg\" alt=\"\" width=\"2560\" height=\"1920\" srcset=\"https:\/\/www.maria-koenigin.de\/wordpress\/wp-content\/uploads\/2026\/03\/20260225_124623-scaled.jpg 2560w, https:\/\/www.maria-koenigin.de\/wordpress\/wp-content\/uploads\/2026\/03\/20260225_124623-300x225.jpg 300w, https:\/\/www.maria-koenigin.de\/wordpress\/wp-content\/uploads\/2026\/03\/20260225_124623-1024x768.jpg 1024w, https:\/\/www.maria-koenigin.de\/wordpress\/wp-content\/uploads\/2026\/03\/20260225_124623-768x576.jpg 768w, https:\/\/www.maria-koenigin.de\/wordpress\/wp-content\/uploads\/2026\/03\/20260225_124623-1536x1152.jpg 1536w, https:\/\/www.maria-koenigin.de\/wordpress\/wp-content\/uploads\/2026\/03\/20260225_124623-2048x1536.jpg 2048w, https:\/\/www.maria-koenigin.de\/wordpress\/wp-content\/uploads\/2026\/03\/20260225_124623-624x468.jpg 624w\" sizes=\"auto, (max-width: 2560px) 100vw, 2560px\" \/> <img loading=\"lazy\" decoding=\"async\" class=\"alignnone wp-image-17584 size-full\" src=\"http:\/\/www.maria-koenigin.de\/wordpress\/wp-content\/uploads\/2026\/03\/20260225_123243-scaled.jpg\" alt=\"\" width=\"2560\" height=\"1920\" srcset=\"https:\/\/www.maria-koenigin.de\/wordpress\/wp-content\/uploads\/2026\/03\/20260225_123243-scaled.jpg 2560w, https:\/\/www.maria-koenigin.de\/wordpress\/wp-content\/uploads\/2026\/03\/20260225_123243-300x225.jpg 300w, https:\/\/www.maria-koenigin.de\/wordpress\/wp-content\/uploads\/2026\/03\/20260225_123243-1024x768.jpg 1024w, https:\/\/www.maria-koenigin.de\/wordpress\/wp-content\/uploads\/2026\/03\/20260225_123243-768x576.jpg 768w, https:\/\/www.maria-koenigin.de\/wordpress\/wp-content\/uploads\/2026\/03\/20260225_123243-1536x1152.jpg 1536w, https:\/\/www.maria-koenigin.de\/wordpress\/wp-content\/uploads\/2026\/03\/20260225_123243-2048x1536.jpg 2048w, https:\/\/www.maria-koenigin.de\/wordpress\/wp-content\/uploads\/2026\/03\/20260225_123243-624x468.jpg 624w\" sizes=\"auto, (max-width: 2560px) 100vw, 2560px\" \/>\u00a0\u00a0<img loading=\"lazy\" decoding=\"async\" class=\"alignnone wp-image-17583 size-full\" src=\"http:\/\/www.maria-koenigin.de\/wordpress\/wp-content\/uploads\/2026\/03\/20260225_122201-scaled.jpg\" alt=\"\" width=\"2560\" height=\"1920\" srcset=\"https:\/\/www.maria-koenigin.de\/wordpress\/wp-content\/uploads\/2026\/03\/20260225_122201-scaled.jpg 2560w, https:\/\/www.maria-koenigin.de\/wordpress\/wp-content\/uploads\/2026\/03\/20260225_122201-300x225.jpg 300w, https:\/\/www.maria-koenigin.de\/wordpress\/wp-content\/uploads\/2026\/03\/20260225_122201-1024x768.jpg 1024w, https:\/\/www.maria-koenigin.de\/wordpress\/wp-content\/uploads\/2026\/03\/20260225_122201-768x576.jpg 768w, https:\/\/www.maria-koenigin.de\/wordpress\/wp-content\/uploads\/2026\/03\/20260225_122201-1536x1152.jpg 1536w, https:\/\/www.maria-koenigin.de\/wordpress\/wp-content\/uploads\/2026\/03\/20260225_122201-2048x1536.jpg 2048w, https:\/\/www.maria-koenigin.de\/wordpress\/wp-content\/uploads\/2026\/03\/20260225_122201-624x468.jpg 624w\" sizes=\"auto, (max-width: 2560px) 100vw, 2560px\" \/> \u00a0\u00a0<img loading=\"lazy\" decoding=\"async\" class=\"alignnone wp-image-17586 size-full\" src=\"http:\/\/www.maria-koenigin.de\/wordpress\/wp-content\/uploads\/2026\/03\/20260225_123955-scaled.jpg\" alt=\"\" width=\"2560\" height=\"1920\" srcset=\"https:\/\/www.maria-koenigin.de\/wordpress\/wp-content\/uploads\/2026\/03\/20260225_123955-scaled.jpg 2560w, https:\/\/www.maria-koenigin.de\/wordpress\/wp-content\/uploads\/2026\/03\/20260225_123955-300x225.jpg 300w, https:\/\/www.maria-koenigin.de\/wordpress\/wp-content\/uploads\/2026\/03\/20260225_123955-1024x768.jpg 1024w, https:\/\/www.maria-koenigin.de\/wordpress\/wp-content\/uploads\/2026\/03\/20260225_123955-768x576.jpg 768w, https:\/\/www.maria-koenigin.de\/wordpress\/wp-content\/uploads\/2026\/03\/20260225_123955-1536x1152.jpg 1536w, https:\/\/www.maria-koenigin.de\/wordpress\/wp-content\/uploads\/2026\/03\/20260225_123955-2048x1536.jpg 2048w, https:\/\/www.maria-koenigin.de\/wordpress\/wp-content\/uploads\/2026\/03\/20260225_123955-624x468.jpg 624w\" sizes=\"auto, (max-width: 2560px) 100vw, 2560px\" \/><img loading=\"lazy\" decoding=\"async\" class=\"alignnone wp-image-17581 size-full\" src=\"http:\/\/www.maria-koenigin.de\/wordpress\/wp-content\/uploads\/2026\/03\/20260225_124706-scaled.jpg\" alt=\"\" width=\"1920\" height=\"2560\" srcset=\"https:\/\/www.maria-koenigin.de\/wordpress\/wp-content\/uploads\/2026\/03\/20260225_124706-scaled.jpg 1920w, https:\/\/www.maria-koenigin.de\/wordpress\/wp-content\/uploads\/2026\/03\/20260225_124706-225x300.jpg 225w, https:\/\/www.maria-koenigin.de\/wordpress\/wp-content\/uploads\/2026\/03\/20260225_124706-768x1024.jpg 768w, https:\/\/www.maria-koenigin.de\/wordpress\/wp-content\/uploads\/2026\/03\/20260225_124706-1152x1536.jpg 1152w, https:\/\/www.maria-koenigin.de\/wordpress\/wp-content\/uploads\/2026\/03\/20260225_124706-1536x2048.jpg 1536w, https:\/\/www.maria-koenigin.de\/wordpress\/wp-content\/uploads\/2026\/03\/20260225_124706-624x832.jpg 624w\" sizes=\"auto, (max-width: 1920px) 100vw, 1920px\" \/><\/p>\n<p>&nbsp;<\/p>\n<p>&nbsp;<\/p>\n","protected":false},"excerpt":{"rendered":"<p>Aktuelle Termine Wann? Was?Ansprechpartner 16+23.04.2026 Projekt \u201eGesundheit ist Leben\u201c (6er) Frau Schell 18.4.2026 Tage der Sauberkeit Herr Th\u00f6ne 20.04.2026 Feuer und Flamme Herr Wiese 28.4.2026 zdi Roboterwettbewerb Lokalrunde Herr Walter Eine vollst\u00e4ndige \u00dcbersicht der MINT Termine mit weiteren Informationen befinden sich in unserem: \u00a0 \u00a0 \u00a0 \u00a0 \u00a0 \u00a0 \u00a0 \u00a0 \u00a0 \u00a0 \u00a0 \u00a0 [&hellip;]<\/p>\n","protected":false},"author":1,"featured_media":0,"parent":0,"menu_order":0,"comment_status":"closed","ping_status":"closed","template":"","meta":{"ngg_post_thumbnail":0,"_mc_calendar":[],"footnotes":""},"class_list":["post-13760","page","type-page","status-publish","hentry"],"_links":{"self":[{"href":"https:\/\/www.maria-koenigin.de\/index.php?rest_route=\/wp\/v2\/pages\/13760","targetHints":{"allow":["GET"]}}],"collection":[{"href":"https:\/\/www.maria-koenigin.de\/index.php?rest_route=\/wp\/v2\/pages"}],"about":[{"href":"https:\/\/www.maria-koenigin.de\/index.php?rest_route=\/wp\/v2\/types\/page"}],"author":[{"embeddable":true,"href":"https:\/\/www.maria-koenigin.de\/index.php?rest_route=\/wp\/v2\/users\/1"}],"replies":[{"embeddable":true,"href":"https:\/\/www.maria-koenigin.de\/index.php?rest_route=%2Fwp%2Fv2%2Fcomments&post=13760"}],"version-history":[{"count":206,"href":"https:\/\/www.maria-koenigin.de\/index.php?rest_route=\/wp\/v2\/pages\/13760\/revisions"}],"predecessor-version":[{"id":17684,"href":"https:\/\/www.maria-koenigin.de\/index.php?rest_route=\/wp\/v2\/pages\/13760\/revisions\/17684"}],"wp:attachment":[{"href":"https:\/\/www.maria-koenigin.de\/index.php?rest_route=%2Fwp%2Fv2%2Fmedia&parent=13760"}],"curies":[{"name":"wp","href":"https:\/\/api.w.org\/{rel}","templated":true}]}}