{"id":138,"date":"2014-07-29T19:41:28","date_gmt":"2014-07-29T17:41:28","guid":{"rendered":"http:\/\/mkwordpress.bertels-online.com\/?page_id=138"},"modified":"2025-10-15T12:36:08","modified_gmt":"2025-10-15T10:36:08","slug":"deutsch","status":"publish","type":"page","link":"https:\/\/www.maria-koenigin.de\/?page_id=138","title":{"rendered":"Deutsch"},"content":{"rendered":"<p>\u200b<\/p>\n<table border=\"0\">\n<tbody>\n<tr>\n<td><img loading=\"lazy\" decoding=\"async\" class=\"alignnone wp-image-16682 size-full\" src=\"http:\/\/www.maria-koenigin.de\/wordpress\/wp-content\/uploads\/2025\/08\/R7TH9981-Deutsch.jpg\" alt=\"\" width=\"1920\" height=\"1536\" srcset=\"https:\/\/www.maria-koenigin.de\/wordpress\/wp-content\/uploads\/2025\/08\/R7TH9981-Deutsch.jpg 1920w, https:\/\/www.maria-koenigin.de\/wordpress\/wp-content\/uploads\/2025\/08\/R7TH9981-Deutsch-300x240.jpg 300w, https:\/\/www.maria-koenigin.de\/wordpress\/wp-content\/uploads\/2025\/08\/R7TH9981-Deutsch-1024x819.jpg 1024w, https:\/\/www.maria-koenigin.de\/wordpress\/wp-content\/uploads\/2025\/08\/R7TH9981-Deutsch-768x614.jpg 768w, https:\/\/www.maria-koenigin.de\/wordpress\/wp-content\/uploads\/2025\/08\/R7TH9981-Deutsch-1536x1229.jpg 1536w, https:\/\/www.maria-koenigin.de\/wordpress\/wp-content\/uploads\/2025\/08\/R7TH9981-Deutsch-624x499.jpg 624w\" sizes=\"auto, (max-width: 1920px) 100vw, 1920px\" \/><\/td>\n<\/tr>\n<tr>\n<td><strong>Mitglieder der Fachschaft<\/strong><\/td>\n<\/tr>\n<tr>\n<td>Lisa Braune, Katharina Eisen, Ute Fr\u00f6hlich, Thomas Hilger, Ansgar Kaufmann, Anke Koch, Sonja Ramos Garcia (fehlt), Hanna Reuber, Simone Reuter (fehlt), Julian Scherer, Christina Schlingmann, Regina Schmidt, Hendrik Sch\u00f6rmann, Marlene Skala, Manuel Vormweg, Mara Br\u00fcggemann (Referendarin), Silas Klein (Referendar)&nbsp;<\/td>\n<\/tr>\n<\/tbody>\n<\/table>\n<p><strong>Downloads<\/strong><\/p>\n<p><a title=\"KLP S1 (G9)\" href=\"http:\/\/www.maria-koenigin.de\/wordpress\/wp-content\/uploads\/2024\/05\/Curriculum_Deutsch_G9_5-10-Stand-Mai-2024.pdf\" target=\"_blank\" rel=\"noopener noreferrer\">Kernlehrplan S I (G9)<\/a><\/p>\n<p><a title=\"KLP Q-Phase\" href=\"http:\/\/www.maria-koenigin.de\/wordpress\/wp-content\/uploads\/2025\/06\/Lehrplan-schulintern-Deutsch-Sek-II.pdf\" target=\"_blank\" rel=\"noopener noreferrer\">Kernlehrplan Sek II<\/a><\/p>\n<p><a href=\"http:\/\/www.maria-koenigin.de\/wordpress\/wp-content\/uploads\/2019\/06\/lrs_konzept.pdf\" target=\"_blank\" rel=\"noopener noreferrer\">F\u00f6rderkonzept LRS<\/a><\/p>\n","protected":false},"excerpt":{"rendered":"<p>\u200b Mitglieder der Fachschaft Lisa Braune, Katharina Eisen, Ute Fr\u00f6hlich, Thomas Hilger, Ansgar Kaufmann, Anke Koch, Sonja Ramos Garcia (fehlt), Hanna Reuber, Simone Reuter (fehlt), Julian Scherer, Christina Schlingmann, Regina Schmidt, Hendrik Sch\u00f6rmann, Marlene Skala, Manuel Vormweg, Mara Br\u00fcggemann (Referendarin), Silas Klein (Referendar)&nbsp; Downloads Kernlehrplan S I (G9) Kernlehrplan Sek II F\u00f6rderkonzept LRS<\/p>\n","protected":false},"author":1,"featured_media":0,"parent":90,"menu_order":0,"comment_status":"closed","ping_status":"closed","template":"","meta":{"ngg_post_thumbnail":0,"_mc_calendar":[],"footnotes":""},"class_list":["post-138","page","type-page","status-publish","hentry"],"_links":{"self":[{"href":"https:\/\/www.maria-koenigin.de\/index.php?rest_route=\/wp\/v2\/pages\/138","targetHints":{"allow":["GET"]}}],"collection":[{"href":"https:\/\/www.maria-koenigin.de\/index.php?rest_route=\/wp\/v2\/pages"}],"about":[{"href":"https:\/\/www.maria-koenigin.de\/index.php?rest_route=\/wp\/v2\/types\/page"}],"author":[{"embeddable":true,"href":"https:\/\/www.maria-koenigin.de\/index.php?rest_route=\/wp\/v2\/users\/1"}],"replies":[{"embeddable":true,"href":"https:\/\/www.maria-koenigin.de\/index.php?rest_route=%2Fwp%2Fv2%2Fcomments&post=138"}],"version-history":[{"count":53,"href":"https:\/\/www.maria-koenigin.de\/index.php?rest_route=\/wp\/v2\/pages\/138\/revisions"}],"predecessor-version":[{"id":17060,"href":"https:\/\/www.maria-koenigin.de\/index.php?rest_route=\/wp\/v2\/pages\/138\/revisions\/17060"}],"up":[{"embeddable":true,"href":"https:\/\/www.maria-koenigin.de\/index.php?rest_route=\/wp\/v2\/pages\/90"}],"wp:attachment":[{"href":"https:\/\/www.maria-koenigin.de\/index.php?rest_route=%2Fwp%2Fv2%2Fmedia&parent=138"}],"curies":[{"name":"wp","href":"https:\/\/api.w.org\/{rel}","templated":true}]}}