{"id":13820,"date":"2024-02-20T15:42:08","date_gmt":"2024-02-20T14:42:08","guid":{"rendered":"http:\/\/www.maria-koenigin.de\/?page_id=13820"},"modified":"2025-07-09T07:54:55","modified_gmt":"2025-07-09T05:54:55","slug":"grossprojekt-2024","status":"publish","type":"page","link":"https:\/\/www.maria-koenigin.de\/?page_id=13820","title":{"rendered":"Abschlussprojekte 2025"},"content":{"rendered":"<p>&nbsp;<\/p>\n<h1><strong><span style=\"color: #33cccc;\">M\u00fcllsortierer<\/span><\/strong><\/h1>\n<p><strong>Projektidee:<\/strong> Unterst\u00fctzung f\u00fcr die Aluscheune, Trennung von Papier und Aluminium<\/p>\n<p><strong>Umsetzung<\/strong>: 3D-Druck, Lego-Mindstorms Sensoren und Aktoren, Holzkonstruktion mit Seilzug<\/p>\n<p>F\u00fcr eine detaillierte Dokumentation <a href=\"http:\/\/www.maria-koenigin.de\/wordpress\/wp-content\/uploads\/2025\/07\/doku_muell.pdf\" target=\"_blank\" rel=\"noopener\">hier<\/a> klicken!<\/p>\n<p><img loading=\"lazy\" decoding=\"async\" class=\"alignnone wp-image-16482 size-large\" src=\"http:\/\/www.maria-koenigin.de\/wordpress\/wp-content\/uploads\/2025\/07\/Foto-06.06.25-11-15-54-1024x683.jpg\" alt=\"\" width=\"625\" height=\"417\" srcset=\"https:\/\/www.maria-koenigin.de\/wordpress\/wp-content\/uploads\/2025\/07\/Foto-06.06.25-11-15-54-1024x683.jpg 1024w, https:\/\/www.maria-koenigin.de\/wordpress\/wp-content\/uploads\/2025\/07\/Foto-06.06.25-11-15-54-300x200.jpg 300w, https:\/\/www.maria-koenigin.de\/wordpress\/wp-content\/uploads\/2025\/07\/Foto-06.06.25-11-15-54-768x512.jpg 768w, https:\/\/www.maria-koenigin.de\/wordpress\/wp-content\/uploads\/2025\/07\/Foto-06.06.25-11-15-54-1536x1024.jpg 1536w, https:\/\/www.maria-koenigin.de\/wordpress\/wp-content\/uploads\/2025\/07\/Foto-06.06.25-11-15-54-2048x1365.jpg 2048w, https:\/\/www.maria-koenigin.de\/wordpress\/wp-content\/uploads\/2025\/07\/Foto-06.06.25-11-15-54-624x416.jpg 624w\" sizes=\"auto, (max-width: 625px) 100vw, 625px\" \/><\/p>\n<p>&nbsp;<\/p>\n<h1><strong><span style=\"color: #33cccc;\">Garagenmodell<\/span><\/strong><\/h1>\n<p><strong>Projektidee:<\/strong> Entwicklung einer Miniaturgarage mit Lamellentor, dass nur einem bestimmten\u00a0Auto Einlass gew\u00e4hrt, au\u00dferdem Steuerung \u00fcber Druckknopf m\u00f6glich<\/p>\n<p><strong>Umsetzung<\/strong>: 3D-Druck, LEGO Mindstorms Sensoren + Aktoren, 2 verschiedene Autos<\/p>\n<p>F\u00fcr eine detaillierte Dokumentation <a href=\"http:\/\/www.maria-koenigin.de\/wordpress\/wp-content\/uploads\/2025\/07\/doku_garage.pdf\" target=\"_blank\" rel=\"noopener\">hier<\/a> klicken!<\/p>\n<p><img loading=\"lazy\" decoding=\"async\" class=\"alignnone wp-image-16485 size-large\" src=\"http:\/\/www.maria-koenigin.de\/wordpress\/wp-content\/uploads\/2025\/07\/Foto-06.06.25-11-15-35-1024x683.jpg\" alt=\"\" width=\"625\" height=\"417\" srcset=\"https:\/\/www.maria-koenigin.de\/wordpress\/wp-content\/uploads\/2025\/07\/Foto-06.06.25-11-15-35-1024x683.jpg 1024w, https:\/\/www.maria-koenigin.de\/wordpress\/wp-content\/uploads\/2025\/07\/Foto-06.06.25-11-15-35-300x200.jpg 300w, https:\/\/www.maria-koenigin.de\/wordpress\/wp-content\/uploads\/2025\/07\/Foto-06.06.25-11-15-35-768x512.jpg 768w, https:\/\/www.maria-koenigin.de\/wordpress\/wp-content\/uploads\/2025\/07\/Foto-06.06.25-11-15-35-1536x1024.jpg 1536w, https:\/\/www.maria-koenigin.de\/wordpress\/wp-content\/uploads\/2025\/07\/Foto-06.06.25-11-15-35-2048x1365.jpg 2048w, https:\/\/www.maria-koenigin.de\/wordpress\/wp-content\/uploads\/2025\/07\/Foto-06.06.25-11-15-35-624x416.jpg 624w\" sizes=\"auto, (max-width: 625px) 100vw, 625px\" \/><\/p>\n<p>&nbsp;<\/p>\n<h1><strong><span style=\"color: #33cccc;\">Holzsortierungsanlage<br \/>\n<\/span><\/strong><\/h1>\n<p><strong>Projektidee:<\/strong> Automatische Sortierung von Holzst\u00fccken verschiedener Gr\u00f6\u00dfe mit Notausschalter<\/p>\n<p><strong>Umsetzung<\/strong>: LEGO Mindstorms Sensoren und Aktoren, tiefergehende Programmierung mit der LEGO Mindstorms Programmieroberfl\u00e4che.<\/p>\n<p>F\u00fcr eine detaillierte Dokumentation <a href=\"http:\/\/www.maria-koenigin.de\/wordpress\/wp-content\/uploads\/2025\/07\/doku_holz.pdf\" target=\"_blank\" rel=\"noopener\">hier<\/a> klicken!<\/p>\n<p><img loading=\"lazy\" decoding=\"async\" class=\"alignnone wp-image-16487 size-large\" src=\"http:\/\/www.maria-koenigin.de\/wordpress\/wp-content\/uploads\/2025\/07\/Foto-06.06.25-11-16-28-1024x683.jpg\" alt=\"\" width=\"625\" height=\"417\" srcset=\"https:\/\/www.maria-koenigin.de\/wordpress\/wp-content\/uploads\/2025\/07\/Foto-06.06.25-11-16-28-1024x683.jpg 1024w, https:\/\/www.maria-koenigin.de\/wordpress\/wp-content\/uploads\/2025\/07\/Foto-06.06.25-11-16-28-300x200.jpg 300w, https:\/\/www.maria-koenigin.de\/wordpress\/wp-content\/uploads\/2025\/07\/Foto-06.06.25-11-16-28-768x512.jpg 768w, https:\/\/www.maria-koenigin.de\/wordpress\/wp-content\/uploads\/2025\/07\/Foto-06.06.25-11-16-28-1536x1024.jpg 1536w, https:\/\/www.maria-koenigin.de\/wordpress\/wp-content\/uploads\/2025\/07\/Foto-06.06.25-11-16-28-2048x1365.jpg 2048w, https:\/\/www.maria-koenigin.de\/wordpress\/wp-content\/uploads\/2025\/07\/Foto-06.06.25-11-16-28-624x416.jpg 624w\" sizes=\"auto, (max-width: 625px) 100vw, 625px\" \/><\/p>\n<p>&nbsp;<\/p>\n<h1><strong><span style=\"color: #33cccc;\">Miniaturschule (Au\u00dfengeb\u00e4ude)<br \/>\n<\/span><\/strong><\/h1>\n<p><strong>Projektidee:<\/strong> Weiterentwicklung der Fertigung eines ma\u00dfstabsgetreuen Miniaturmodells unserer Schule<\/p>\n<p><strong>Umsetzung<\/strong>: 3D-Druck<\/p>\n<p>F\u00fcr eine detaillierte Dokumentation <a href=\"http:\/\/www.maria-koenigin.de\/wordpress\/wp-content\/uploads\/2025\/07\/doku_schule.pdf\" target=\"_blank\" rel=\"noopener\">hier<\/a> klicken!<\/p>\n<p><img loading=\"lazy\" decoding=\"async\" class=\"alignnone wp-image-16489 size-large\" src=\"http:\/\/www.maria-koenigin.de\/wordpress\/wp-content\/uploads\/2025\/07\/Foto-06.06.25-11-14-26-1024x683.jpg\" alt=\"\" width=\"625\" height=\"417\" srcset=\"https:\/\/www.maria-koenigin.de\/wordpress\/wp-content\/uploads\/2025\/07\/Foto-06.06.25-11-14-26-1024x683.jpg 1024w, https:\/\/www.maria-koenigin.de\/wordpress\/wp-content\/uploads\/2025\/07\/Foto-06.06.25-11-14-26-300x200.jpg 300w, https:\/\/www.maria-koenigin.de\/wordpress\/wp-content\/uploads\/2025\/07\/Foto-06.06.25-11-14-26-768x512.jpg 768w, https:\/\/www.maria-koenigin.de\/wordpress\/wp-content\/uploads\/2025\/07\/Foto-06.06.25-11-14-26-1536x1024.jpg 1536w, https:\/\/www.maria-koenigin.de\/wordpress\/wp-content\/uploads\/2025\/07\/Foto-06.06.25-11-14-26-2048x1365.jpg 2048w, https:\/\/www.maria-koenigin.de\/wordpress\/wp-content\/uploads\/2025\/07\/Foto-06.06.25-11-14-26-624x416.jpg 624w\" sizes=\"auto, (max-width: 625px) 100vw, 625px\" \/><\/p>\n<p>&nbsp;<\/p>\n<h1><strong><span style=\"color: #33cccc;\">Miniaturschule (Spiegelsaal)<br \/>\n<\/span><\/strong><\/h1>\n<p><strong>Projektidee:<\/strong> Fertigung und Weiterentwicklung unseres Spiegelsaals (Turnhalle) als 3D-Modell<\/p>\n<p><strong>Umsetzung<\/strong>: 3D-Druck<\/p>\n<p>F\u00fcr eine detaillierte Dokumentation <a href=\"http:\/\/www.maria-koenigin.de\/wordpress\/wp-content\/uploads\/2025\/07\/Dokumentation-Ina-Greta-Lena.pdf\" target=\"_blank\" rel=\"noopener\">hier<\/a> klicken!<\/p>\n<p><img loading=\"lazy\" decoding=\"async\" class=\"alignnone wp-image-16491 size-large\" src=\"http:\/\/www.maria-koenigin.de\/wordpress\/wp-content\/uploads\/2025\/07\/Foto-06.06.25-11-24-21-1024x683.jpg\" alt=\"\" width=\"625\" height=\"417\" srcset=\"https:\/\/www.maria-koenigin.de\/wordpress\/wp-content\/uploads\/2025\/07\/Foto-06.06.25-11-24-21-1024x683.jpg 1024w, https:\/\/www.maria-koenigin.de\/wordpress\/wp-content\/uploads\/2025\/07\/Foto-06.06.25-11-24-21-300x200.jpg 300w, https:\/\/www.maria-koenigin.de\/wordpress\/wp-content\/uploads\/2025\/07\/Foto-06.06.25-11-24-21-768x512.jpg 768w, https:\/\/www.maria-koenigin.de\/wordpress\/wp-content\/uploads\/2025\/07\/Foto-06.06.25-11-24-21-1536x1024.jpg 1536w, https:\/\/www.maria-koenigin.de\/wordpress\/wp-content\/uploads\/2025\/07\/Foto-06.06.25-11-24-21-2048x1365.jpg 2048w, https:\/\/www.maria-koenigin.de\/wordpress\/wp-content\/uploads\/2025\/07\/Foto-06.06.25-11-24-21-624x416.jpg 624w\" sizes=\"auto, (max-width: 625px) 100vw, 625px\" \/><\/p>\n<p>&nbsp;<\/p>\n<h1><strong><span style=\"color: #33cccc;\">Scoreboard<br \/>\n<\/span><\/strong><\/h1>\n<p><strong>Projektidee:<\/strong> Stadion mit Torlinientechnologie und automatischer Anzeige<\/p>\n<p><strong>Umsetzung<\/strong>: 3D-Druck, LEGO Mindstorms Sensoren und Aktoren, Holzbearbeitung<\/p>\n<p>F\u00fcr eine detaillierte Dokumentation <a href=\"http:\/\/www.maria-koenigin.de\/wordpress\/wp-content\/uploads\/2025\/07\/doku_stadion.pdf\" target=\"_blank\" rel=\"noopener\">hier<\/a> klicken!<\/p>\n<p><img loading=\"lazy\" decoding=\"async\" class=\"alignnone wp-image-16493 size-large\" src=\"http:\/\/www.maria-koenigin.de\/wordpress\/wp-content\/uploads\/2025\/07\/Foto-06.06.25-11-20-12-1024x683.jpg\" alt=\"\" width=\"625\" height=\"417\" srcset=\"https:\/\/www.maria-koenigin.de\/wordpress\/wp-content\/uploads\/2025\/07\/Foto-06.06.25-11-20-12-1024x683.jpg 1024w, https:\/\/www.maria-koenigin.de\/wordpress\/wp-content\/uploads\/2025\/07\/Foto-06.06.25-11-20-12-300x200.jpg 300w, https:\/\/www.maria-koenigin.de\/wordpress\/wp-content\/uploads\/2025\/07\/Foto-06.06.25-11-20-12-768x512.jpg 768w, https:\/\/www.maria-koenigin.de\/wordpress\/wp-content\/uploads\/2025\/07\/Foto-06.06.25-11-20-12-1536x1024.jpg 1536w, https:\/\/www.maria-koenigin.de\/wordpress\/wp-content\/uploads\/2025\/07\/Foto-06.06.25-11-20-12-2048x1365.jpg 2048w, https:\/\/www.maria-koenigin.de\/wordpress\/wp-content\/uploads\/2025\/07\/Foto-06.06.25-11-20-12-624x416.jpg 624w\" sizes=\"auto, (max-width: 625px) 100vw, 625px\" \/><\/p>\n<p>&nbsp;<\/p>\n<h1><strong><span style=\"color: #33cccc;\">Apple Pencil Ladestation<br \/>\n<\/span><\/strong><\/h1>\n<p><strong>Projektidee:<\/strong> Fertigung einer Ladestation zum simultanen Laden von 16 Apple Pencils f\u00fcr den Technikraum<\/p>\n<p><strong>Umsetzung<\/strong>: 3D-Druck<\/p>\n<p>F\u00fcr eine detaillierte Dokumentation <a href=\"http:\/\/www.maria-koenigin.de\/wordpress\/wp-content\/uploads\/2025\/07\/Dokumentation-Toni-und-Mika2.pdf\" target=\"_blank\" rel=\"noopener\">hier<\/a> klicken!<\/p>\n<p><img loading=\"lazy\" decoding=\"async\" class=\"alignnone wp-image-16495 size-large\" src=\"http:\/\/www.maria-koenigin.de\/wordpress\/wp-content\/uploads\/2025\/07\/Foto-06.06.25-11-14-07-1024x683.jpg\" alt=\"\" width=\"625\" height=\"417\" srcset=\"https:\/\/www.maria-koenigin.de\/wordpress\/wp-content\/uploads\/2025\/07\/Foto-06.06.25-11-14-07-1024x683.jpg 1024w, https:\/\/www.maria-koenigin.de\/wordpress\/wp-content\/uploads\/2025\/07\/Foto-06.06.25-11-14-07-300x200.jpg 300w, https:\/\/www.maria-koenigin.de\/wordpress\/wp-content\/uploads\/2025\/07\/Foto-06.06.25-11-14-07-768x512.jpg 768w, https:\/\/www.maria-koenigin.de\/wordpress\/wp-content\/uploads\/2025\/07\/Foto-06.06.25-11-14-07-1536x1024.jpg 1536w, https:\/\/www.maria-koenigin.de\/wordpress\/wp-content\/uploads\/2025\/07\/Foto-06.06.25-11-14-07-2048x1365.jpg 2048w, https:\/\/www.maria-koenigin.de\/wordpress\/wp-content\/uploads\/2025\/07\/Foto-06.06.25-11-14-07-624x416.jpg 624w\" sizes=\"auto, (max-width: 625px) 100vw, 625px\" \/><\/p>\n<p>&nbsp;<\/p>\n<h1><strong><span style=\"color: #33cccc;\">Wettkampfteam<br \/>\n<\/span><\/strong><\/h1>\n<p><strong>Projekt:<\/strong> Zweimalige Teilnahme am zdi-Roboterwettbewerb (2 mal Landesfinale, 7. und 8. Platz), Teilnahme am Konstruktionswettbewerb der Universit\u00e4t Siegen (&#8222;Pasta Lift-off&#8220;, 8. Platz)<\/p>\n<p>&nbsp;<\/p>\n<p><img loading=\"lazy\" decoding=\"async\" class=\"alignnone wp-image-16506 size-large\" src=\"http:\/\/www.maria-koenigin.de\/wordpress\/wp-content\/uploads\/2025\/07\/IMG-20250527-WA0013-1024x768.jpg\" alt=\"\" width=\"625\" height=\"469\" srcset=\"https:\/\/www.maria-koenigin.de\/wordpress\/wp-content\/uploads\/2025\/07\/IMG-20250527-WA0013-1024x768.jpg 1024w, https:\/\/www.maria-koenigin.de\/wordpress\/wp-content\/uploads\/2025\/07\/IMG-20250527-WA0013-300x225.jpg 300w, https:\/\/www.maria-koenigin.de\/wordpress\/wp-content\/uploads\/2025\/07\/IMG-20250527-WA0013-768x576.jpg 768w, https:\/\/www.maria-koenigin.de\/wordpress\/wp-content\/uploads\/2025\/07\/IMG-20250527-WA0013-1536x1152.jpg 1536w, https:\/\/www.maria-koenigin.de\/wordpress\/wp-content\/uploads\/2025\/07\/IMG-20250527-WA0013-624x468.jpg 624w, https:\/\/www.maria-koenigin.de\/wordpress\/wp-content\/uploads\/2025\/07\/IMG-20250527-WA0013.jpg 1600w\" sizes=\"auto, (max-width: 625px) 100vw, 625px\" \/><img loading=\"lazy\" decoding=\"async\" class=\"alignnone wp-image-16507 size-large\" src=\"http:\/\/www.maria-koenigin.de\/wordpress\/wp-content\/uploads\/2025\/07\/20250221_124347-1024x768.jpg\" alt=\"\" width=\"625\" height=\"469\" srcset=\"https:\/\/www.maria-koenigin.de\/wordpress\/wp-content\/uploads\/2025\/07\/20250221_124347-1024x768.jpg 1024w, https:\/\/www.maria-koenigin.de\/wordpress\/wp-content\/uploads\/2025\/07\/20250221_124347-300x225.jpg 300w, https:\/\/www.maria-koenigin.de\/wordpress\/wp-content\/uploads\/2025\/07\/20250221_124347-768x576.jpg 768w, https:\/\/www.maria-koenigin.de\/wordpress\/wp-content\/uploads\/2025\/07\/20250221_124347-1536x1152.jpg 1536w, https:\/\/www.maria-koenigin.de\/wordpress\/wp-content\/uploads\/2025\/07\/20250221_124347-2048x1536.jpg 2048w, https:\/\/www.maria-koenigin.de\/wordpress\/wp-content\/uploads\/2025\/07\/20250221_124347-624x468.jpg 624w\" sizes=\"auto, (max-width: 625px) 100vw, 625px\" \/><\/p>\n<p>F\u00fcr eine detaillierte Infos auf die folgenden Links klicken!<\/p>\n<blockquote class=\"wp-embedded-content\" data-secret=\"jxPxcbBE5o\"><p><a href=\"https:\/\/www.maria-koenigin.de\/?p=16314\">zdi-roboterwettbewerb &#8211; Wir sind im Finale!<\/a><\/p><\/blockquote>\n<p><iframe loading=\"lazy\" class=\"wp-embedded-content\" sandbox=\"allow-scripts\" security=\"restricted\" style=\"position: absolute; visibility: hidden;\" title=\"&#8222;zdi-roboterwettbewerb &#8211; Wir sind im Finale!&#8220; &#8212; Gymnasium Maria K\u00f6nigin\" src=\"https:\/\/www.maria-koenigin.de\/?p=16314&#038;embed=true#?secret=Sk6dGqZ3od#?secret=jxPxcbBE5o\" data-secret=\"jxPxcbBE5o\" width=\"600\" height=\"338\" frameborder=\"0\" marginwidth=\"0\" marginheight=\"0\" scrolling=\"no\"><\/iframe><\/p>\n<blockquote class=\"wp-embedded-content\" data-secret=\"epYVso8mU5\"><p><a href=\"https:\/\/www.maria-koenigin.de\/?p=16072\">JIA Robotics siegen beim zdi-Roboterwettbewerb!<\/a><\/p><\/blockquote>\n<p><iframe loading=\"lazy\" class=\"wp-embedded-content\" sandbox=\"allow-scripts\" security=\"restricted\" style=\"position: absolute; visibility: hidden;\" title=\"&#8222;JIA Robotics siegen beim zdi-Roboterwettbewerb!&#8220; &#8212; Gymnasium Maria K\u00f6nigin\" src=\"https:\/\/www.maria-koenigin.de\/?p=16072&#038;embed=true#?secret=CNZP89i0JN#?secret=epYVso8mU5\" data-secret=\"epYVso8mU5\" width=\"600\" height=\"338\" frameborder=\"0\" marginwidth=\"0\" marginheight=\"0\" scrolling=\"no\"><\/iframe><\/p>\n<blockquote class=\"wp-embedded-content\" data-secret=\"JxEdN3RTnC\"><p><a href=\"https:\/\/www.maria-koenigin.de\/?p=15470\">Nudeln, Kleber und K\u00f6pfchen!<\/a><\/p><\/blockquote>\n<p><iframe loading=\"lazy\" class=\"wp-embedded-content\" sandbox=\"allow-scripts\" security=\"restricted\" style=\"position: absolute; visibility: hidden;\" title=\"&#8222;Nudeln, Kleber und K\u00f6pfchen!&#8220; &#8212; Gymnasium Maria K\u00f6nigin\" src=\"https:\/\/www.maria-koenigin.de\/?p=15470&#038;embed=true#?secret=grcq4xB52x#?secret=JxEdN3RTnC\" data-secret=\"JxEdN3RTnC\" width=\"600\" height=\"338\" frameborder=\"0\" marginwidth=\"0\" marginheight=\"0\" scrolling=\"no\"><\/iframe><\/p>\n<p>&nbsp;<\/p>\n<p>&nbsp;<\/p>\n<p><a href=\"https:\/\/www.maria-koenigin.de\/?page_id=12746\">zur\u00fcck zur Projekt\u00fcbersicht<\/a><\/p>\n","protected":false},"excerpt":{"rendered":"<p>&nbsp; M\u00fcllsortierer Projektidee: Unterst\u00fctzung f\u00fcr die Aluscheune, Trennung von Papier und Aluminium Umsetzung: 3D-Druck, Lego-Mindstorms Sensoren und Aktoren, Holzkonstruktion mit Seilzug F\u00fcr eine detaillierte Dokumentation hier klicken! &nbsp; Garagenmodell Projektidee: Entwicklung einer Miniaturgarage mit Lamellentor, dass nur einem bestimmten\u00a0Auto Einlass gew\u00e4hrt, au\u00dferdem Steuerung \u00fcber Druckknopf m\u00f6glich Umsetzung: 3D-Druck, LEGO Mindstorms Sensoren + Aktoren, 2 verschiedene [&hellip;]<\/p>\n","protected":false},"author":14,"featured_media":0,"parent":0,"menu_order":0,"comment_status":"closed","ping_status":"closed","template":"","meta":{"ngg_post_thumbnail":0,"_mc_calendar":[],"footnotes":""},"class_list":["post-13820","page","type-page","status-publish","hentry"],"_links":{"self":[{"href":"https:\/\/www.maria-koenigin.de\/index.php?rest_route=\/wp\/v2\/pages\/13820","targetHints":{"allow":["GET"]}}],"collection":[{"href":"https:\/\/www.maria-koenigin.de\/index.php?rest_route=\/wp\/v2\/pages"}],"about":[{"href":"https:\/\/www.maria-koenigin.de\/index.php?rest_route=\/wp\/v2\/types\/page"}],"author":[{"embeddable":true,"href":"https:\/\/www.maria-koenigin.de\/index.php?rest_route=\/wp\/v2\/users\/14"}],"replies":[{"embeddable":true,"href":"https:\/\/www.maria-koenigin.de\/index.php?rest_route=%2Fwp%2Fv2%2Fcomments&post=13820"}],"version-history":[{"count":9,"href":"https:\/\/www.maria-koenigin.de\/index.php?rest_route=\/wp\/v2\/pages\/13820\/revisions"}],"predecessor-version":[{"id":16509,"href":"https:\/\/www.maria-koenigin.de\/index.php?rest_route=\/wp\/v2\/pages\/13820\/revisions\/16509"}],"wp:attachment":[{"href":"https:\/\/www.maria-koenigin.de\/index.php?rest_route=%2Fwp%2Fv2%2Fmedia&parent=13820"}],"curies":[{"name":"wp","href":"https:\/\/api.w.org\/{rel}","templated":true}]}}