{"id":13826,"date":"2024-02-20T15:49:15","date_gmt":"2024-02-20T14:49:15","guid":{"rendered":"http:\/\/www.maria-koenigin.de\/?page_id=13826"},"modified":"2025-04-23T11:54:18","modified_gmt":"2025-04-23T09:54:18","slug":"grossprojekt-2023","status":"publish","type":"page","link":"https:\/\/www.maria-koenigin.de\/?page_id=13826","title":{"rendered":"Abschlussprojekt 2022: Ladekabelsystem"},"content":{"rendered":"<p style=\"text-align: justify;\">Die 20 Laptops, die im Schrank des Fachraums Physik gelagert wurden, waren allt\u00e4gliche Arbeitsmittel der Junior-Ingenieur-Akademie. Es gab jedoch ein gro\u00dfes Problem: Am Ende jeder Stunde mussten die Laptops schnell verstaut und aufgeladen werden. \u00dcber das Schuljahr hinweg entstand so immer ein absoluter Kabelsalat, wodurch es zunehmend schwieriger wurde, einen passenden Stecker zu finden. Die Aufgabe der Ingenieure bestand nun darin, ein Ordnungssystem f\u00fcr die Ladekabel im Laptopschrank zu entwickeln. Dazu wurden insgesamt vier Firmen gegr\u00fcndet, die jeweils eine L\u00f6sung erarbeiteten. Innerhalb der Firmen wurde eine Struktur aus Bauingenieuren, Softwareingenieuren, Verantwortlichen f\u00fcr die Dokumentation und Projektleitern eingerichtet. Alle Produkte wurden mit dem 3D-Drucker hergestellt und zuvor mit einer Software auf den iPads modelliert. Impressionen des Projekts sind im Folgenden dargestellt:<\/p>\n<p><img loading=\"lazy\" decoding=\"async\" class=\"alignnone wp-image-13840 size-large\" src=\"http:\/\/www.maria-koenigin.de\/wordpress\/wp-content\/uploads\/2024\/02\/JIA-365-1024x768.jpg\" alt=\"\" width=\"625\" height=\"469\" srcset=\"https:\/\/www.maria-koenigin.de\/wordpress\/wp-content\/uploads\/2024\/02\/JIA-365-1024x768.jpg 1024w, https:\/\/www.maria-koenigin.de\/wordpress\/wp-content\/uploads\/2024\/02\/JIA-365-300x225.jpg 300w, https:\/\/www.maria-koenigin.de\/wordpress\/wp-content\/uploads\/2024\/02\/JIA-365-768x576.jpg 768w, https:\/\/www.maria-koenigin.de\/wordpress\/wp-content\/uploads\/2024\/02\/JIA-365-1536x1152.jpg 1536w, https:\/\/www.maria-koenigin.de\/wordpress\/wp-content\/uploads\/2024\/02\/JIA-365-624x468.jpg 624w, https:\/\/www.maria-koenigin.de\/wordpress\/wp-content\/uploads\/2024\/02\/JIA-365.jpg 1668w\" sizes=\"auto, (max-width: 625px) 100vw, 625px\" \/><img loading=\"lazy\" decoding=\"async\" class=\"alignnone wp-image-13829 size-large\" src=\"http:\/\/www.maria-koenigin.de\/wordpress\/wp-content\/uploads\/2024\/02\/20220513_122311-1024x768.jpg\" alt=\"\" width=\"625\" height=\"469\" srcset=\"https:\/\/www.maria-koenigin.de\/wordpress\/wp-content\/uploads\/2024\/02\/20220513_122311-1024x768.jpg 1024w, https:\/\/www.maria-koenigin.de\/wordpress\/wp-content\/uploads\/2024\/02\/20220513_122311-300x225.jpg 300w, https:\/\/www.maria-koenigin.de\/wordpress\/wp-content\/uploads\/2024\/02\/20220513_122311-768x576.jpg 768w, https:\/\/www.maria-koenigin.de\/wordpress\/wp-content\/uploads\/2024\/02\/20220513_122311-1536x1152.jpg 1536w, https:\/\/www.maria-koenigin.de\/wordpress\/wp-content\/uploads\/2024\/02\/20220513_122311-2048x1536.jpg 2048w, https:\/\/www.maria-koenigin.de\/wordpress\/wp-content\/uploads\/2024\/02\/20220513_122311-624x468.jpg 624w\" sizes=\"auto, (max-width: 625px) 100vw, 625px\" \/><img loading=\"lazy\" decoding=\"async\" class=\"alignnone wp-image-13831 size-large\" src=\"http:\/\/www.maria-koenigin.de\/wordpress\/wp-content\/uploads\/2024\/02\/20220603_122038-768x1024.jpg\" alt=\"\" width=\"625\" height=\"833\" srcset=\"https:\/\/www.maria-koenigin.de\/wordpress\/wp-content\/uploads\/2024\/02\/20220603_122038-768x1024.jpg 768w, https:\/\/www.maria-koenigin.de\/wordpress\/wp-content\/uploads\/2024\/02\/20220603_122038-225x300.jpg 225w, https:\/\/www.maria-koenigin.de\/wordpress\/wp-content\/uploads\/2024\/02\/20220603_122038-1152x1536.jpg 1152w, https:\/\/www.maria-koenigin.de\/wordpress\/wp-content\/uploads\/2024\/02\/20220603_122038-1536x2048.jpg 1536w, https:\/\/www.maria-koenigin.de\/wordpress\/wp-content\/uploads\/2024\/02\/20220603_122038-624x832.jpg 624w, https:\/\/www.maria-koenigin.de\/wordpress\/wp-content\/uploads\/2024\/02\/20220603_122038-scaled.jpg 1920w\" sizes=\"auto, (max-width: 625px) 100vw, 625px\" \/> <img loading=\"lazy\" decoding=\"async\" class=\"alignnone wp-image-13833 size-large\" src=\"http:\/\/www.maria-koenigin.de\/wordpress\/wp-content\/uploads\/2024\/02\/20220513_115711-1024x768.jpg\" alt=\"\" width=\"625\" height=\"469\" srcset=\"https:\/\/www.maria-koenigin.de\/wordpress\/wp-content\/uploads\/2024\/02\/20220513_115711-1024x768.jpg 1024w, https:\/\/www.maria-koenigin.de\/wordpress\/wp-content\/uploads\/2024\/02\/20220513_115711-300x225.jpg 300w, https:\/\/www.maria-koenigin.de\/wordpress\/wp-content\/uploads\/2024\/02\/20220513_115711-768x576.jpg 768w, https:\/\/www.maria-koenigin.de\/wordpress\/wp-content\/uploads\/2024\/02\/20220513_115711-1536x1152.jpg 1536w, https:\/\/www.maria-koenigin.de\/wordpress\/wp-content\/uploads\/2024\/02\/20220513_115711-2048x1536.jpg 2048w, https:\/\/www.maria-koenigin.de\/wordpress\/wp-content\/uploads\/2024\/02\/20220513_115711-624x468.jpg 624w\" sizes=\"auto, (max-width: 625px) 100vw, 625px\" \/> <img loading=\"lazy\" decoding=\"async\" class=\"alignnone wp-image-13834 size-large\" src=\"http:\/\/www.maria-koenigin.de\/wordpress\/wp-content\/uploads\/2024\/02\/20220513_115729-1024x768.jpg\" alt=\"\" width=\"625\" height=\"469\" srcset=\"https:\/\/www.maria-koenigin.de\/wordpress\/wp-content\/uploads\/2024\/02\/20220513_115729-1024x768.jpg 1024w, https:\/\/www.maria-koenigin.de\/wordpress\/wp-content\/uploads\/2024\/02\/20220513_115729-300x225.jpg 300w, https:\/\/www.maria-koenigin.de\/wordpress\/wp-content\/uploads\/2024\/02\/20220513_115729-768x576.jpg 768w, https:\/\/www.maria-koenigin.de\/wordpress\/wp-content\/uploads\/2024\/02\/20220513_115729-1536x1152.jpg 1536w, https:\/\/www.maria-koenigin.de\/wordpress\/wp-content\/uploads\/2024\/02\/20220513_115729-2048x1536.jpg 2048w, https:\/\/www.maria-koenigin.de\/wordpress\/wp-content\/uploads\/2024\/02\/20220513_115729-624x468.jpg 624w\" sizes=\"auto, (max-width: 625px) 100vw, 625px\" \/> <img loading=\"lazy\" decoding=\"async\" class=\"alignnone wp-image-13835 size-large\" src=\"http:\/\/www.maria-koenigin.de\/wordpress\/wp-content\/uploads\/2024\/02\/20220513_115811-768x1024.jpg\" alt=\"\" width=\"625\" height=\"833\" srcset=\"https:\/\/www.maria-koenigin.de\/wordpress\/wp-content\/uploads\/2024\/02\/20220513_115811-768x1024.jpg 768w, https:\/\/www.maria-koenigin.de\/wordpress\/wp-content\/uploads\/2024\/02\/20220513_115811-225x300.jpg 225w, https:\/\/www.maria-koenigin.de\/wordpress\/wp-content\/uploads\/2024\/02\/20220513_115811-1152x1536.jpg 1152w, https:\/\/www.maria-koenigin.de\/wordpress\/wp-content\/uploads\/2024\/02\/20220513_115811-1536x2048.jpg 1536w, https:\/\/www.maria-koenigin.de\/wordpress\/wp-content\/uploads\/2024\/02\/20220513_115811-624x832.jpg 624w, https:\/\/www.maria-koenigin.de\/wordpress\/wp-content\/uploads\/2024\/02\/20220513_115811-scaled.jpg 1920w\" sizes=\"auto, (max-width: 625px) 100vw, 625px\" \/> <img loading=\"lazy\" decoding=\"async\" class=\"alignnone wp-image-13836 size-large\" src=\"http:\/\/www.maria-koenigin.de\/wordpress\/wp-content\/uploads\/2024\/02\/20220513_115829-768x1024.jpg\" alt=\"\" width=\"625\" height=\"833\" srcset=\"https:\/\/www.maria-koenigin.de\/wordpress\/wp-content\/uploads\/2024\/02\/20220513_115829-768x1024.jpg 768w, https:\/\/www.maria-koenigin.de\/wordpress\/wp-content\/uploads\/2024\/02\/20220513_115829-225x300.jpg 225w, https:\/\/www.maria-koenigin.de\/wordpress\/wp-content\/uploads\/2024\/02\/20220513_115829-1152x1536.jpg 1152w, https:\/\/www.maria-koenigin.de\/wordpress\/wp-content\/uploads\/2024\/02\/20220513_115829-1536x2048.jpg 1536w, https:\/\/www.maria-koenigin.de\/wordpress\/wp-content\/uploads\/2024\/02\/20220513_115829-624x832.jpg 624w, https:\/\/www.maria-koenigin.de\/wordpress\/wp-content\/uploads\/2024\/02\/20220513_115829-scaled.jpg 1920w\" sizes=\"auto, (max-width: 625px) 100vw, 625px\" \/><\/p>\n<p><a href=\"https:\/\/www.maria-koenigin.de\/?page_id=12746\">zur\u00fcck zur Projekt\u00fcbersicht<\/a><\/p>\n","protected":false},"excerpt":{"rendered":"<p>Die 20 Laptops, die im Schrank des Fachraums Physik gelagert wurden, waren allt\u00e4gliche Arbeitsmittel der Junior-Ingenieur-Akademie. Es gab jedoch ein gro\u00dfes Problem: Am Ende jeder Stunde mussten die Laptops schnell verstaut und aufgeladen werden. \u00dcber das Schuljahr hinweg entstand so immer ein absoluter Kabelsalat, wodurch es zunehmend schwieriger wurde, einen passenden Stecker zu finden. Die [&hellip;]<\/p>\n","protected":false},"author":14,"featured_media":0,"parent":0,"menu_order":0,"comment_status":"closed","ping_status":"closed","template":"","meta":{"ngg_post_thumbnail":0,"_mc_calendar":[],"footnotes":""},"class_list":["post-13826","page","type-page","status-publish","hentry"],"_links":{"self":[{"href":"https:\/\/www.maria-koenigin.de\/index.php?rest_route=\/wp\/v2\/pages\/13826","targetHints":{"allow":["GET"]}}],"collection":[{"href":"https:\/\/www.maria-koenigin.de\/index.php?rest_route=\/wp\/v2\/pages"}],"about":[{"href":"https:\/\/www.maria-koenigin.de\/index.php?rest_route=\/wp\/v2\/types\/page"}],"author":[{"embeddable":true,"href":"https:\/\/www.maria-koenigin.de\/index.php?rest_route=\/wp\/v2\/users\/14"}],"replies":[{"embeddable":true,"href":"https:\/\/www.maria-koenigin.de\/index.php?rest_route=%2Fwp%2Fv2%2Fcomments&post=13826"}],"version-history":[{"count":8,"href":"https:\/\/www.maria-koenigin.de\/index.php?rest_route=\/wp\/v2\/pages\/13826\/revisions"}],"predecessor-version":[{"id":16119,"href":"https:\/\/www.maria-koenigin.de\/index.php?rest_route=\/wp\/v2\/pages\/13826\/revisions\/16119"}],"wp:attachment":[{"href":"https:\/\/www.maria-koenigin.de\/index.php?rest_route=%2Fwp%2Fv2%2Fmedia&parent=13826"}],"curies":[{"name":"wp","href":"https:\/\/api.w.org\/{rel}","templated":true}]}}