{"id":13856,"date":"2024-02-20T19:42:56","date_gmt":"2024-02-20T18:42:56","guid":{"rendered":"http:\/\/www.maria-koenigin.de\/?page_id=13856"},"modified":"2025-04-23T11:56:19","modified_gmt":"2025-04-23T09:56:19","slug":"grossprojekt-2019-dreifach-flaschenoeffner","status":"publish","type":"page","link":"https:\/\/www.maria-koenigin.de\/?page_id=13856","title":{"rendered":"Abschlussprojekt 2019: Dreifach Flaschen\u00f6ffner"},"content":{"rendered":"<p style=\"text-align: justify;\">Das Besondere an diesem Projekt war, dass ein Gro\u00dfteil des Unterrichts au\u00dferhalb der Schule in den R\u00e4umlichkeiten der Firma Viega stattfand. Neben einer vorbereitenden Phase mit einer Betriebsf\u00fchrung und einer Einf\u00fchrung in das Spritzgussverfahren lernten die Sch\u00fclerinnen und Sch\u00fcler die Grundz\u00fcge des Projektmanagements anhand. Ziel des Projekts war es ein Produkt herzustellen, welches f\u00fcr den Alltagsgebrauch n\u00fctzlich ist. Im Prozess der Produktentwicklung entschied sich die Gruppe nach Ausschluss verschiedener Ideen letztendlich f\u00fcr die Fertigung eines 3-fach-Flaschen\u00f6ffners. Daf\u00fcr wurden zun\u00e4chst technische Zeichnungen angefertigt, Druckberechnungen f\u00fcr die Spritzgussmaschine durchgef\u00fchrt und schlie\u00dflich wurde der Flaschen\u00f6ffner produziert. Impressionen des Projekts sind im Folgenden dargestellt:<\/p>\n<p style=\"text-align: justify;\"><img loading=\"lazy\" decoding=\"async\" class=\"alignnone wp-image-13858 size-large\" src=\"http:\/\/www.maria-koenigin.de\/wordpress\/wp-content\/uploads\/2024\/02\/20190513_105110_Mint_Projekt_EL-1024x768.jpg\" alt=\"\" width=\"625\" height=\"469\" srcset=\"https:\/\/www.maria-koenigin.de\/wordpress\/wp-content\/uploads\/2024\/02\/20190513_105110_Mint_Projekt_EL-1024x768.jpg 1024w, https:\/\/www.maria-koenigin.de\/wordpress\/wp-content\/uploads\/2024\/02\/20190513_105110_Mint_Projekt_EL-300x225.jpg 300w, https:\/\/www.maria-koenigin.de\/wordpress\/wp-content\/uploads\/2024\/02\/20190513_105110_Mint_Projekt_EL-768x576.jpg 768w, https:\/\/www.maria-koenigin.de\/wordpress\/wp-content\/uploads\/2024\/02\/20190513_105110_Mint_Projekt_EL-1536x1152.jpg 1536w, https:\/\/www.maria-koenigin.de\/wordpress\/wp-content\/uploads\/2024\/02\/20190513_105110_Mint_Projekt_EL-2048x1536.jpg 2048w, https:\/\/www.maria-koenigin.de\/wordpress\/wp-content\/uploads\/2024\/02\/20190513_105110_Mint_Projekt_EL-624x468.jpg 624w\" sizes=\"auto, (max-width: 625px) 100vw, 625px\" \/> <img loading=\"lazy\" decoding=\"async\" class=\"alignnone wp-image-13859 size-large\" src=\"http:\/\/www.maria-koenigin.de\/wordpress\/wp-content\/uploads\/2024\/02\/20190513_105120_Mint_Projekt_EL-1024x768.jpg\" alt=\"\" width=\"625\" height=\"469\" srcset=\"https:\/\/www.maria-koenigin.de\/wordpress\/wp-content\/uploads\/2024\/02\/20190513_105120_Mint_Projekt_EL-1024x768.jpg 1024w, https:\/\/www.maria-koenigin.de\/wordpress\/wp-content\/uploads\/2024\/02\/20190513_105120_Mint_Projekt_EL-300x225.jpg 300w, https:\/\/www.maria-koenigin.de\/wordpress\/wp-content\/uploads\/2024\/02\/20190513_105120_Mint_Projekt_EL-768x576.jpg 768w, https:\/\/www.maria-koenigin.de\/wordpress\/wp-content\/uploads\/2024\/02\/20190513_105120_Mint_Projekt_EL-1536x1152.jpg 1536w, https:\/\/www.maria-koenigin.de\/wordpress\/wp-content\/uploads\/2024\/02\/20190513_105120_Mint_Projekt_EL-2048x1536.jpg 2048w, https:\/\/www.maria-koenigin.de\/wordpress\/wp-content\/uploads\/2024\/02\/20190513_105120_Mint_Projekt_EL-624x468.jpg 624w\" sizes=\"auto, (max-width: 625px) 100vw, 625px\" \/><img loading=\"lazy\" decoding=\"async\" class=\"alignnone wp-image-13860 size-medium\" src=\"http:\/\/www.maria-koenigin.de\/wordpress\/wp-content\/uploads\/2024\/02\/Bild1-221x300.png\" alt=\"\" width=\"221\" height=\"300\" srcset=\"https:\/\/www.maria-koenigin.de\/wordpress\/wp-content\/uploads\/2024\/02\/Bild1-221x300.png 221w, https:\/\/www.maria-koenigin.de\/wordpress\/wp-content\/uploads\/2024\/02\/Bild1-624x848.png 624w, https:\/\/www.maria-koenigin.de\/wordpress\/wp-content\/uploads\/2024\/02\/Bild1.png 676w\" sizes=\"auto, (max-width: 221px) 100vw, 221px\" \/> <img loading=\"lazy\" decoding=\"async\" class=\"alignnone wp-image-13862 size-medium\" src=\"http:\/\/www.maria-koenigin.de\/wordpress\/wp-content\/uploads\/2024\/02\/oeffner-300x292.jpg\" alt=\"\" width=\"300\" height=\"292\" srcset=\"https:\/\/www.maria-koenigin.de\/wordpress\/wp-content\/uploads\/2024\/02\/oeffner-300x292.jpg 300w, https:\/\/www.maria-koenigin.de\/wordpress\/wp-content\/uploads\/2024\/02\/oeffner-768x747.jpg 768w, https:\/\/www.maria-koenigin.de\/wordpress\/wp-content\/uploads\/2024\/02\/oeffner-624x607.jpg 624w, https:\/\/www.maria-koenigin.de\/wordpress\/wp-content\/uploads\/2024\/02\/oeffner.jpg 909w\" sizes=\"auto, (max-width: 300px) 100vw, 300px\" \/><\/p>\n<p style=\"text-align: justify;\"><img loading=\"lazy\" decoding=\"async\" class=\"alignnone wp-image-13863 size-medium\" src=\"http:\/\/www.maria-koenigin.de\/wordpress\/wp-content\/uploads\/2024\/02\/Bild11-300x225.png\" alt=\"\" width=\"300\" height=\"225\" srcset=\"https:\/\/www.maria-koenigin.de\/wordpress\/wp-content\/uploads\/2024\/02\/Bild11-300x225.png 300w, https:\/\/www.maria-koenigin.de\/wordpress\/wp-content\/uploads\/2024\/02\/Bild11-768x576.png 768w, https:\/\/www.maria-koenigin.de\/wordpress\/wp-content\/uploads\/2024\/02\/Bild11-624x468.png 624w, https:\/\/www.maria-koenigin.de\/wordpress\/wp-content\/uploads\/2024\/02\/Bild11.png 974w\" sizes=\"auto, (max-width: 300px) 100vw, 300px\" \/><\/p>\n<p>&nbsp;<\/p>\n<p><a href=\"http:\/\/www.maria-koenigin.de\/?page_id=12746\">zur\u00fcck zur Projekt\u00fcbersicht<\/a><\/p>\n<p>&nbsp;<\/p>\n<p>&nbsp;<\/p>\n","protected":false},"excerpt":{"rendered":"<p>Das Besondere an diesem Projekt war, dass ein Gro\u00dfteil des Unterrichts au\u00dferhalb der Schule in den R\u00e4umlichkeiten der Firma Viega stattfand. Neben einer vorbereitenden Phase mit einer Betriebsf\u00fchrung und einer Einf\u00fchrung in das Spritzgussverfahren lernten die Sch\u00fclerinnen und Sch\u00fcler die Grundz\u00fcge des Projektmanagements anhand. Ziel des Projekts war es ein Produkt herzustellen, welches f\u00fcr den [&hellip;]<\/p>\n","protected":false},"author":14,"featured_media":0,"parent":0,"menu_order":0,"comment_status":"closed","ping_status":"closed","template":"","meta":{"ngg_post_thumbnail":0,"_mc_calendar":[],"footnotes":""},"class_list":["post-13856","page","type-page","status-publish","hentry"],"_links":{"self":[{"href":"https:\/\/www.maria-koenigin.de\/index.php?rest_route=\/wp\/v2\/pages\/13856","targetHints":{"allow":["GET"]}}],"collection":[{"href":"https:\/\/www.maria-koenigin.de\/index.php?rest_route=\/wp\/v2\/pages"}],"about":[{"href":"https:\/\/www.maria-koenigin.de\/index.php?rest_route=\/wp\/v2\/types\/page"}],"author":[{"embeddable":true,"href":"https:\/\/www.maria-koenigin.de\/index.php?rest_route=\/wp\/v2\/users\/14"}],"replies":[{"embeddable":true,"href":"https:\/\/www.maria-koenigin.de\/index.php?rest_route=%2Fwp%2Fv2%2Fcomments&post=13856"}],"version-history":[{"count":7,"href":"https:\/\/www.maria-koenigin.de\/index.php?rest_route=\/wp\/v2\/pages\/13856\/revisions"}],"predecessor-version":[{"id":16121,"href":"https:\/\/www.maria-koenigin.de\/index.php?rest_route=\/wp\/v2\/pages\/13856\/revisions\/16121"}],"wp:attachment":[{"href":"https:\/\/www.maria-koenigin.de\/index.php?rest_route=%2Fwp%2Fv2%2Fmedia&parent=13856"}],"curies":[{"name":"wp","href":"https:\/\/api.w.org\/{rel}","templated":true}]}}